{"id":10164,"date":"2025-04-04T18:49:54","date_gmt":"2025-04-04T10:49:54","guid":{"rendered":"https:\/\/zojopackaging.com\/?post_type=product&#038;p=10164"},"modified":"2025-04-04T18:59:45","modified_gmt":"2025-04-04T10:59:45","slug":"customizable-luxury-perfume-watch-boxes-with-handle","status":"publish","type":"product","link":"https:\/\/zojopackaging.com\/it\/product\/customizable-luxury-perfume-watch-boxes-with-handle\/","title":{"rendered":"Scatole di orologi profumati di lusso personalizzabili con manico"},"content":{"rendered":"<h2 id=\"-i-core-features-of-the-product-\"><strong>1. Caratteristiche principali del prodotto<\/strong><\/h2>\n<ol>\n<li><strong>Combinazione innovativa di materiali, che unisce arte e praticit\u00e0<\/strong>\u00a0Lo strato superficiale \u00e8 costituito da carta patinata C2S da 157 g e da cartone rigido da 1200 g. Il processo composito consente di ottenere una resistenza alla compressione e agli urti (forza di compressione superiore a 50 kg), conferendo alla scatola un tocco delicato e una consistenza opaca. La superficie della carta artistica pu\u00f2 essere personalizzata con una texture in rilievo o con un motivo serigrafico, combinata con il supporto rigido del cartone per garantire che non si deformi durante il trasporto e che la presentazione visiva sia artistica di alto livello.<\/li>\n<li><strong>Progettazione del miglioramento visivo del marchio<\/strong><\/li>\n<li><strong>Colore principale<\/strong>: Basato sul sistema cromatico del blu macaron, il colore \u00e8 accuratamente regolato attraverso la scheda colore Pantone per presentare una sensazione morbida e di alto livello.<\/li>\n<li><strong>Processo LOGO<\/strong>: La stampa a caldo dell'alluminio elettrochimico a specchio \u00e8 completata dall'unit\u00e0 di stampa a caldo tedesca Heidelberg. L'indice di rifrazione della luce \u00e8 superiore a 85% e, in presenza di luci e ombre dinamiche, si forma una fluida lucentezza metallica che migliora notevolmente il riconoscimento del marchio.<\/li>\n<\/ol>\n<h2 id=\"-ii-lining-and-structural-optimization-\"><strong>2. Ottimizzazione del rivestimento e della struttura<\/strong><\/h2>\n<ol>\n<li><strong>Soluzione di rivestimento personalizzata<\/strong><\/li>\n<li><strong>Selezione del materiale<\/strong>: \u00c8 previsto un rivestimento in EVA (antiurto, antistatico) o in spugna (morbida imbottitura) e lo stampo pu\u00f2 essere aperto con precisione in base alle dimensioni del flacone di profumo\/orologio per proteggere il prodotto dagli urti.<\/li>\n<li><strong>Sistema di abbinamento dei colori<\/strong>: Il rivestimento supporta il sistema di colori Morandi (come il grigio polvere, il blu foschia) e il colore a bassa saturazione \u00e8 ottenuto attraverso il processo di rivestimento UV opaco, che forma un contrasto armonioso con il colore principale dell'esterno.<\/li>\n<li><strong>Struttura brevettata del box cielo e terra<\/strong><\/li>\n<li><strong>Convenienza dell'apertura<\/strong>: \u00c8 stato adottato il design diviso \"cielo-terra\" e l'angolo di apertura e chiusura \u00e8 \u226590\u00b0, che pu\u00f2 essere facilmente preso e messo con una sola mano.<\/li>\n<li><strong>Prestazioni di tenuta<\/strong>: Dopo la chiusura, il corpo della scatola \u00e8 chiuso a doppia mandata con aspirazione magnetica e fibbia, a prova di polvere e umidit\u00e0, e soddisfa gli standard internazionali di trasporto (test ISTA 3A superato).<\/li>\n<\/ol>\n<h2 id=\"-iii-personalized-customization-service-\"><strong>3. Servizio di personalizzazione personalizzato<\/strong><\/h2>\n<ol>\n<li><strong>Compatibilit\u00e0 con i flaconi di profumo<\/strong>\u00a0Supporta la personalizzazione di flaconi di profumo di varie specifiche da 10ml a 100ml, comprese esigenze particolari come bottiglie di vetro di forma speciale e beccucci in metallo. La fessura di rivestimento pu\u00f2 essere adattata a forme di taglio cilindriche, quadrate o personalizzate.<\/li>\n<li><strong>Opzioni di espansione del processo<\/strong><\/li>\n<li><strong>Trattamento della superficie<\/strong>: Goffratura opzionale, UV locale, serigrafia e altri processi, come il rivestimento UV con effetto cielo stellato o il rilievo stereo 3D.<\/li>\n<li><strong>Design della maniglia<\/strong>: La maniglia \u00e8 realizzata in pelle PU ecologica avvolta da uno scheletro in PP rigido, comodo da impugnare e in grado di sopportare un carico di 5 kg, e supporta la stampa a caldo dei loghi del marchio.<\/li>\n<\/ol>\n<h2 id=\"-iv-production-and-quality-control-guarantee-\"><strong>4. Garanzia di produzione e controllo qualit\u00e0<\/strong><\/h2>\n<ol>\n<li><strong>Sistema di produzione intelligente<\/strong><\/li>\n<li><strong>Attrezzatura<\/strong>: Dotata della macchina da stampa tedesca Heidelberg CX 102 a sei colori, supporta la stampa di punti di precisione di 0,1 mm; la linea di fustellatura completamente automatica raggiunge un errore di taglio di \u00b10,3 mm.<\/li>\n<li><strong>Controllo qualit\u00e0<\/strong>Il sistema di certificazione ISO 9001 \u00e8 stato superato, l'ispezione di qualit\u00e0 dell'intero processo (materie prime in entrata nel magazzino \u2192 prodotti finiti in uscita dalla fabbrica) copre 12 processi e il tasso di qualificazione del prodotto \u00e8 del 99,98%.<\/li>\n<li><strong>Velocit\u00e0 di risposta del progetto<\/strong>\u00a0I progettisti utilizzano software di modellazione parametrica (come Rhino+Grasshopper) per fornire rendering 3D e prove fisiche entro 48 ore, supportare la visualizzazione virtuale AR e accelerare il processo decisionale dei clienti.<\/li>\n<\/ol>\n<h2 id=\"-v-application-scenarios-and-added-value-\"><strong>5. Scenari di applicazione e valore aggiunto<\/strong><\/h2>\n<ul>\n<li><strong>Campi applicabili<\/strong>: confezioni regalo di profumi di lusso, confezioni di orologi di alta gamma, personalizzazione congiunta di edizioni limitate.<\/li>\n<li><strong>Certificazione ambientale<\/strong>: Il materiale \u00e8 conforme agli standard FSC, il tasso di riciclabilit\u00e0 \u00e8 di 95% e supporta la tracciabilit\u00e0 dell'impronta di carbonio.<\/li>\n<\/ul>\n<p><strong>Processo di personalizzazione<\/strong>: comunicazione della domanda \u2192 modellazione 3D \u2192 conferma delle bozze \u2192 produzione in serie (quantit\u00e0 minima d'ordine 500 pezzi, supporto agli ordini accelerati).<\/p>","protected":false},"excerpt":{"rendered":"<p>\u2705<strong>L'attrattiva del lusso.<\/strong>Aumentate il valore percepito con un design minimalista e di marca.<br \/>\n\u2705<strong>Efficienza di massa.<\/strong>Ottimizzato per un assemblaggio rapido e una spedizione economica.<br \/>\n\u2705<strong>Personalizzazione su misura.<\/strong>Aggiungete loghi, testi o accenti di colore unici.<br \/>\n\u2705<strong>Protezione.<\/strong>I bordi rinforzati proteggono dai danni da trasporto.<br \/>\n\u2705<strong>Versatilit\u00e0.<\/strong>Ideale per profumi, orologi o set regalo di lusso.<\/p>","protected":false},"featured_media":10170,"template":"","meta":[],"product_brand":[],"product_cat":[30,413,417,425,31],"product_tag":[1357,1356,1358],"class_list":{"0":"post-10164","1":"product","2":"type-product","3":"status-publish","4":"has-post-thumbnail","6":"product_cat-by-industry","7":"product_cat-consumer-electronics-boxes","8":"product_cat-custom-perfume-boxes-by-industry","9":"product_cat-lid-and-base-gift-box","10":"product_cat-paper-box-style","11":"product_tag-customizable-watch-boxes","12":"product_tag-luxury-perfume-boxes","13":"product_tag-watch-boxes-with-handle","15":"first","16":"instock","17":"shipping-taxable","18":"product-type-grouped"},"_links":{"self":[{"href":"https:\/\/zojopackaging.com\/it\/wp-json\/wp\/v2\/product\/10164","targetHints":{"allow":["GET"]}}],"collection":[{"href":"https:\/\/zojopackaging.com\/it\/wp-json\/wp\/v2\/product"}],"about":[{"href":"https:\/\/zojopackaging.com\/it\/wp-json\/wp\/v2\/types\/product"}],"version-history":[{"count":1,"href":"https:\/\/zojopackaging.com\/it\/wp-json\/wp\/v2\/product\/10164\/revisions"}],"predecessor-version":[{"id":10171,"href":"https:\/\/zojopackaging.com\/it\/wp-json\/wp\/v2\/product\/10164\/revisions\/10171"}],"wp:featuredmedia":[{"embeddable":true,"href":"https:\/\/zojopackaging.com\/it\/wp-json\/wp\/v2\/media\/10170"}],"wp:attachment":[{"href":"https:\/\/zojopackaging.com\/it\/wp-json\/wp\/v2\/media?parent=10164"}],"wp:term":[{"taxonomy":"product_brand","embeddable":true,"href":"https:\/\/zojopackaging.com\/it\/wp-json\/wp\/v2\/product_brand?post=10164"},{"taxonomy":"product_cat","embeddable":true,"href":"https:\/\/zojopackaging.com\/it\/wp-json\/wp\/v2\/product_cat?post=10164"},{"taxonomy":"product_tag","embeddable":true,"href":"https:\/\/zojopackaging.com\/it\/wp-json\/wp\/v2\/product_tag?post=10164"}],"curies":[{"name":"wp","href":"https:\/\/api.w.org\/{rel}","templated":true}]}}