{"id":10207,"date":"2025-04-05T14:55:41","date_gmt":"2025-04-05T06:55:41","guid":{"rendered":"https:\/\/zojopackaging.com\/?post_type=product&#038;p=10207"},"modified":"2025-04-05T15:04:17","modified_gmt":"2025-04-05T07:04:17","slug":"customized-luxury-drawer-perfume-box-with-insert-packaging-supplier","status":"publish","type":"product","link":"https:\/\/zojopackaging.com\/it\/product\/customized-luxury-drawer-perfume-box-with-insert-packaging-supplier\/","title":{"rendered":"Scatola di profumo su misura del cassetto di lusso con il fornitore d'imballaggio dell'inserto"},"content":{"rendered":"<h3 id=\"-1-material-innovation-the-perfect-balance-between-environmental-protection-and-protection-\"><strong>1. Innovazione dei materiali: l'equilibrio perfetto tra protezione dell'ambiente e tutela della salute.<\/strong><\/h3>\n<p>Adottando una struttura composita di\u00a0<strong>Carta patinata ad alta grammatura da 157 g<\/strong>\u00a0(rugosit\u00e0 superficiale Ra\u22640,6\u03bcm) e\u00a0<strong>Cartone grigio da 1200 g<\/strong>La sfumatura di colore di 0,1 mm \u00e8 ottenuta grazie all'unit\u00e0 di stampa tedesca Heidelberg a sei colori e la resistenza alla lacerazione \u00e8 aumentata a 50N (standard di riferimento ISO 1924) con\u00a0<strong>rivestimento nano-idrofobico<\/strong>. Il rivestimento in cartone grigio adotta un design a nido d'ape e le sue prestazioni sismiche hanno superato la certificazione ISTA 3A e il tasso di danni da trasporto \u00e8 inferiore a 0,3% (fonte dei dati: 2024 packaging material laboratory report).<\/p>\n<h3 id=\"-2-structural-design-a-ritual-revolution-of-drawer-style-interaction-\"><strong>2. Il design strutturale: una rivoluzione rituale dell'interazione tra cassetto e stile<\/strong><\/h3>\n<p>-\u00a0<strong>Garanzia di tenuta<\/strong>Doppia protezione: fibbia magnetica + striscia di tenuta in silicone, tasso di tenuta &lt;0,02mL\/min, in linea con gli standard del trasporto aereo;<\/p>\n<p>-\u00a0<strong>Design brevettato<\/strong>: originale \"strato tampone sospeso\", che attiva automaticamente la struttura antiurto dell'airbag durante il processo di trazione, riducendo il tasso di perdita del trasporto di 40% (caso: dati di spedizione di un marchio di lusso di alto livello nel 2024).<\/p>\n<h3 id=\"-3-visual-narrative-minimalist-aesthetics-and-brand-empowerment-\"><strong>3. Narrazione visiva: Estetica minimalista e responsabilizzazione del marchio<\/strong><\/h3>\n<p>-\u00a0<strong>Sistema colore<\/strong>: -\u00a0<strong>Bianco puro<\/strong>\u00a0(Pantone 11-0601 TCX) viene utilizzato come base per trasmettere un senso di purezza e di alto livello;<\/p>\n<p>-\u00a0<strong>Striscia verde scuro<\/strong>\u00a0(Pantone 18-5938 TCX) simboleggia la natura e la professionalit\u00e0, in abbinamento a\u00a0<strong>goffratura in oro rosa<\/strong>con una lucentezza tattile di 90GU;<\/p>\n<p>- <strong>Livello visivo<\/strong>: Stampa in quadricromia + processo UV parziale, i punti vendita funzionali sono presentati in rilievo tridimensionale e l'efficienza di trasmissione delle informazioni \u00e8 aumentata da 50%.<\/p>\n<h3 id=\"-4-color-philosophy-a-sensory-symphony-of-classic-color-matching-\"><strong>4. Filosofia del colore: una sinfonia sensoriale di abbinamenti cromatici classici<\/strong><\/h3>\n<p>-\u00a0<strong>Contrasto bianco-oro<\/strong>Attraverso la scheda colore Pantone + la stampa a tinte piatte, la differenza di colore \u0394E\u22641,2, la larghezza della linea d'oro \u00e8 precisa a 0,3 mm, formando un focus visivo;<\/p>\n<p>-\u00a0<strong>Potenziamento verde scuro<\/strong>Utilizzando il cartone grigio per alimenti e la tecnologia di floccatura, il tocco \u00e8 come la seta, che si adatta al posizionamento di fascia alta della\u00a0<strong>\"Regno eterno\"<\/strong>\u00a0(caso di riferimento: una confezione regalo del marchio ha vinto il Red Dot Design Award nel 2024).<\/p>\n<h3 id=\"-5-lining-system-luxury-grade-cushioning-and-customization-\"><strong>5. Sistema di fodere: ammortizzazione e personalizzazione di alto livello.<\/strong><\/h3>\n<p>-\u00a0<strong>Fodera bianca<\/strong>: 300 g di peluche corto ultra morbido, densit\u00e0 superficiale \u22655000 fili\/cm\u00b2, coefficiente di attrito \u22640,15, prestazioni antigraffio superate nel test ISO 4649;<\/p>\n<p>-\u00a0<strong>Espansione EVA<\/strong>Supporta 3-5 strati di scomparti in EVA regolabili (spessore 1-2 mm), adatti al fissaggio di bottiglie di profumo di forma speciale (consultare i risultati della ricerca);<\/p>\n<p>-\u00a0<strong>Aggiornamento della funzione<\/strong>Etichetta di rilevamento della temperatura e dell'umidit\u00e0 integrata (precisione \u00b10,5\u2103), tracciabilit\u00e0 tramite scansione del chip NFC (compatibile con lo standard ISO 18000-63).<\/p>\n<h3 id=\"-6-full-process-customization-agile-implementation-from-concept-to-mass-production-\"><strong>6. Personalizzazione dell'intero processo: Implementazione agile dall'idea alla produzione di massa<\/strong><\/h3>\n<p>-\u00a0<strong>Servizi creativi<\/strong>: Fornire modellazione 3D e anteprima virtuale AR e produrre rendering parametrici entro 48 ore (caso: 100.000 pezzi di ordini urgenti per un determinato marchio sono stati consegnati entro 36 ore);<\/p>\n<p>-\u00a0<strong>Combinazione di processi<\/strong>8 processi di trattamento superficiale come UV locale, serigrafia e stampa a caldo sono opzionali;<\/p>\n<p>-\u00a0<strong>Conformit\u00e0 globale<\/strong>: Il team \u00e8 competente in materia di UE EN 71-3, US ASTM D4169 e altri standard per garantire la sicurezza degli imballaggi.<\/p>\n<h3 id=\"-7-smart-manufacturing-foundation-16-years-of-industry-experience-\"><strong>7. Fondazione per la produzione intelligente: 16 anni di esperienza nel settore<\/strong><\/h3>\n<p>-\u00a0<strong>Matrice delle attrezzature<\/strong>: Dotata di unit\u00e0 di stampa tedesca Heidelberg a sei colori (differenza di colore \u0394E\u22640,5), linea di produzione di fustellatura completamente automatica (precisione \u00b10,05 mm), capacit\u00e0 produttiva giornaliera di 150.000 pezzi;<\/p>\n<p>-\u00a0<strong>Sistema di controllo della qualit\u00e0<\/strong>: Ha superato la certificazione ISO 9001\/BRCGS, ogni lotto di prodotti \u00e8 sottoposto a 18 ispezioni di qualit\u00e0 (tra cui test di caduta\/test di solidit\u00e0 del colore\/test di attenuazione magnetica) e il tasso qualificato \u00e8 99,99%;<\/p>\n<p>-\u00a0<strong>Risposta agile<\/strong>Consegna in 24 ore di ordini urgenti (caso: 100.000 ordini urgenti per un marchio di lusso nel 2024), supporto alla personalizzazione di piccoli lotti (ordine minimo di 300 pezzi).<\/p>\n<p><strong>Fate in modo che l'apertura di ogni cassetto diventi un'espressione rituale del valore del marchio.<\/strong><\/p>","protected":false},"excerpt":{"rendered":"<p><strong>ZOJO Print | Scatola di profumo a cassetto di lusso personalizzata e confezione con inserto - interpretando l'estetica di lusso del profumo con un design elegante<\/strong><\/p>\n<p>Nel campo delle confezioni di profumi di alta gamma, le scatole regalo a cassetto sono diventate il vettore principale per i marchi per migliorare i premi dei prodotti con la loro esperienza interattiva unica e la tensione visiva. ZOJO Print \u00e8 impegnata da 16 anni in questo settore, concentrandosi sulla fornitura di soluzioni per scatole regalo a cassetto di lusso con funzionalit\u00e0, arte e valore commerciale per i marchi di profumi di lusso.<\/p>","protected":false},"featured_media":10209,"template":"","meta":[],"product_brand":[],"product_cat":[30,417,31,426],"product_tag":[1369,1366,1370],"class_list":{"0":"post-10207","1":"product","2":"type-product","3":"status-publish","4":"has-post-thumbnail","6":"product_cat-by-industry","7":"product_cat-custom-perfume-boxes-by-industry","8":"product_cat-paper-box-style","9":"product_cat-paper-drawer-boxes","10":"product_tag-custom-drawer-box","11":"product_tag-packaging-supplier","12":"product_tag-perfume-box-with-insert","14":"first","15":"instock","16":"shipping-taxable","17":"product-type-grouped"},"_links":{"self":[{"href":"https:\/\/zojopackaging.com\/it\/wp-json\/wp\/v2\/product\/10207","targetHints":{"allow":["GET"]}}],"collection":[{"href":"https:\/\/zojopackaging.com\/it\/wp-json\/wp\/v2\/product"}],"about":[{"href":"https:\/\/zojopackaging.com\/it\/wp-json\/wp\/v2\/types\/product"}],"version-history":[{"count":1,"href":"https:\/\/zojopackaging.com\/it\/wp-json\/wp\/v2\/product\/10207\/revisions"}],"predecessor-version":[{"id":10214,"href":"https:\/\/zojopackaging.com\/it\/wp-json\/wp\/v2\/product\/10207\/revisions\/10214"}],"wp:featuredmedia":[{"embeddable":true,"href":"https:\/\/zojopackaging.com\/it\/wp-json\/wp\/v2\/media\/10209"}],"wp:attachment":[{"href":"https:\/\/zojopackaging.com\/it\/wp-json\/wp\/v2\/media?parent=10207"}],"wp:term":[{"taxonomy":"product_brand","embeddable":true,"href":"https:\/\/zojopackaging.com\/it\/wp-json\/wp\/v2\/product_brand?post=10207"},{"taxonomy":"product_cat","embeddable":true,"href":"https:\/\/zojopackaging.com\/it\/wp-json\/wp\/v2\/product_cat?post=10207"},{"taxonomy":"product_tag","embeddable":true,"href":"https:\/\/zojopackaging.com\/it\/wp-json\/wp\/v2\/product_tag?post=10207"}],"curies":[{"name":"wp","href":"https:\/\/api.w.org\/{rel}","templated":true}]}}