{"id":10223,"date":"2025-04-05T15:17:39","date_gmt":"2025-04-05T07:17:39","guid":{"rendered":"https:\/\/zojopackaging.com\/?post_type=product&#038;p=10223"},"modified":"2025-04-05T15:29:17","modified_gmt":"2025-04-05T07:29:17","slug":"custom-vape-pods-packaging-cardboard-box-wholesale-rates-maker","status":"publish","type":"product","link":"https:\/\/zojopackaging.com\/it\/product\/custom-vape-pods-packaging-cardboard-box-wholesale-rates-maker\/","title":{"rendered":"Personalizzato Vape Pods imballaggio scatola di cartone all'ingrosso Tariffe Maker"},"content":{"rendered":"<h3 id=\"-1-material-innovation-industrial-grade-protection-of-350g-white-cardboard-\"><strong>1. Innovazione del materiale: protezione di livello industriale in cartone bianco da 350 g.<\/strong><\/h3>\n<p>Adottare\u00a0<strong>Cartone bianco da 350 g certificato FSC<\/strong>\u00a0(errore di peso \u2264\u00b15g\/m\u00b2), superano il test di compressione standard tedesco DIN 53357, carico della singola scatola \u226515kg, tasso di deformazione &lt;0,3%. La quantit\u00e0 di colla applicata sulla superficie del cartone raggiunge gli 8g\/m\u00b2 e le prestazioni di resistenza all&#039;umidit\u00e0 sono migliorate di 60% (si veda il risultato della ricerca degli standard di imballaggio ecologici), il che soddisfa i severi requisiti del regolamento REACH dell&#039;UE sui materiali di imballaggio.<\/p>\n<h3 id=\"-2-minimalist-design-visual-expression-of-industrial-aesthetics-\"><strong>2. Design minimalista: espressione visiva dell'estetica industriale.<\/strong><\/h3>\n<p>-\u00a0<strong>Progettazione strutturale<\/strong>Stampato con stampo in lamiera d'acciaio laminata a freddo di spessore 0,8 mm, l'errore di uniformit\u00e0 dello spessore della parete della scatola \u2264 0,1 mm.\u00a0<strong>Sistema visivo<\/strong>: -\u00a0<strong>Controllo del colore<\/strong>: Pantone 11-0601 TCX (bianco puro) come colore principale, con linea di stampa a caldo larga 0,3 mm (differenza di colore \u0394E\u22641,5).\u00a0<strong>Livello di informazione<\/strong>Stampa in quadricromia + processo di goffratura UV locale, rugosit\u00e0 al tatto del LOGO del marchio Ra\u22653,0\u03bcm, riconoscimento Braille aumentato di 40%.<\/p>\n<h3 id=\"-3-printing-technology-accurate-delivery-of-brand-value-\"><strong>3. Tecnologia di stampa: consegna accurata del valore del marchio<\/strong><\/h3>\n<p>-\u00a0<strong>Stampa ad alta precisione<\/strong>: Unit\u00e0 di stampa tedesca Heidelberg a sei colori, che raggiunge un'accuratezza di sovrastampa di 0,05 mm (media del settore 0,15 mm), riproduzione del colore \u0394E\u22641,2\u00a0<strong>Tecnologia anticontraffazione<\/strong>Microtesto integrato (larghezza di riga 0,02 mm) e codice QR a dati variabili, supporto del chip binding NFC (conforme allo standard ISO 14443).<\/p>\n<h3 id=\"-4-human-computer-interaction-minimal-opening-and-efficient-production-\"><strong>4. Interazione uomo-macchina: apertura minima e produzione efficiente<\/strong><\/h3>\n<p>-\u00a0<strong>Sistema di apertura<\/strong>Serratura magnetica + guida di scorrimento a doppia assicurazione, forza di apertura \u22641,5N (conforme alle norme ISO 13857 per la sicurezza dei bambini), tasso di successo dell'operazione con una sola mano \uff1e98%.\u00a0<strong>Efficienza produttiva<\/strong>Utilizzando una linea di fustellatura completamente automatica (velocit\u00e0 \u22653000 fogli\/ora), ciclo di stampaggio delle scatole &lt;8 secondi, la capacit\u00e0 produttiva giornaliera supera i 50.000 pezzi.<\/p>\n<h3 id=\"-5-smart-manufacturing-system-hard-core-support-for-large-scale-production-\"><strong>5. Sistema di produzione intelligente: supporto fondamentale per la produzione su larga scala<\/strong><\/h3>\n<p>-\u00a0<strong>Scala base<\/strong>: Uno stabilimento intelligente che si estende su una superficie di 5.360 metri quadrati, dotato di una linea di cartone tedesco BHS a cinque strati (velocit\u00e0 \u2265 200m\/min); - Una fabbrica intelligente che si estende su una superficie di 5.360 metri quadrati.\u00a0<strong>Risposta agile<\/strong>: Supporto per la personalizzazione di piccoli lotti (ordine minimo di 500 pezzi), prova rapida di 72 ore e consegna di ordini urgenti in 48 ore.<\/p>\n<h3 id=\"-6-quality-control-full-link-quality-control-guarantee-\"><strong>6. Controllo di qualit\u00e0: garanzia di controllo di qualit\u00e0 full-link<\/strong><\/h3>\n<p>-\u00a0<strong>Ispezione a tre livelli<\/strong>: - Fine delle materie prime: Ogni lotto di cartone viene testato per peso in grammi\/resistenza alla compressione\/agente fluorescente (fare riferimento al processo di ispezione della qualit\u00e0 dei risultati della ricerca); - Fine della produzione: Il sistema di ispezione visiva online esamina i difetti di stampa in tempo reale (tasso di rilevamento \uff1e99,9%); - Fine del prodotto finito: Ispezione di qualit\u00e0 notarile da parte di terzi (compreso il test di caduta\/vibrazione\/goccia). -\u00a0<strong>Sistema di certificazione<\/strong>: Ha superato la certificazione ISO 9001\/BRCGS\/FSC e il rapporto di ispezione della qualit\u00e0 pu\u00f2 essere ricondotto al lotto della materia prima.<\/p>\n<h3 id=\"-7-design-empowerment-in-depth-insight-into-industry-trends-\"><strong>7. Potenziamento del design: visione approfondita delle tendenze del settore<\/strong><\/h3>\n<p>Il \"Laboratorio di confezionamento delle sigarette elettroniche\", composto da 8 ingegneri esperti di packaging, fornisce tre importanti servizi innovativi: -\u00a0<strong>Previsione delle tendenze<\/strong>: Rilasciare ogni trimestre il \"Libro bianco sulla tecnologia di confezionamento delle sigarette elettroniche\", che copre le direzioni pi\u00f9 avanzate come la struttura di aspirazione magnetica e i materiali degradabili.\u00a0<strong>Riserva di brevetti<\/strong>: Detiene 18 brevetti sulla struttura dell'imballaggio (compresi 5 PCT internazionali) e la chiusura magnetica ad aspirazione ha una durata di 10.000 aperture e chiusure.\u00a0<strong>Soluzione personalizzata<\/strong>: Supporta progetti integrati come il display per il controllo intelligente della temperatura e la spia della cartuccia di sigarette rimanente (fare riferimento ai casi premiati nei risultati della ricerca).<\/p>\n<p><strong>Lasciate che ogni confezione diventi una dichiarazione visiva della forza tecnica del marchio.<\/strong><\/p>","protected":false},"excerpt":{"rendered":"<p><strong>ZOJO Print | Scatola di cartone per l'imballaggio di cartucce di sigarette elettroniche su misura - Utilizzando l'estetica industriale e la produzione intelligente per consentire al valore del marchio di fare un balzo in avanti<\/strong><\/p>\n<p>Nell'attuale iterazione ad alta velocit\u00e0 del settore delle sigarette elettroniche, l'imballaggio non \u00e8 solo il contenitore del prodotto, ma anche il vettore principale dell'immagine e della conformit\u00e0 del marchio. ZOJO Print si \u00e8 impegnata a fondo nel settore degli imballaggi per sigarette elettroniche e ha sviluppato una soluzione di scatole di cartone che combina sicurezza, protezione ambientale e senso del design in base alle caratteristiche delle cartucce.<\/p>","protected":false},"featured_media":10224,"template":"","meta":[],"product_brand":[],"product_cat":[30,420,430,31],"product_tag":[1375,1126,1374],"class_list":{"0":"post-10223","1":"product","2":"type-product","3":"status-publish","4":"has-post-thumbnail","6":"product_cat-by-industry","7":"product_cat-custom-cannabis-boxes","8":"product_cat-folding-cartons","9":"product_cat-paper-box-style","10":"product_tag-box-wholesale-rates-maker","11":"product_tag-cardboard-box-wholesale","12":"product_tag-custom-vape-pods-packaging","14":"first","15":"instock","16":"shipping-taxable","17":"product-type-grouped"},"_links":{"self":[{"href":"https:\/\/zojopackaging.com\/it\/wp-json\/wp\/v2\/product\/10223","targetHints":{"allow":["GET"]}}],"collection":[{"href":"https:\/\/zojopackaging.com\/it\/wp-json\/wp\/v2\/product"}],"about":[{"href":"https:\/\/zojopackaging.com\/it\/wp-json\/wp\/v2\/types\/product"}],"version-history":[{"count":1,"href":"https:\/\/zojopackaging.com\/it\/wp-json\/wp\/v2\/product\/10223\/revisions"}],"predecessor-version":[{"id":10230,"href":"https:\/\/zojopackaging.com\/it\/wp-json\/wp\/v2\/product\/10223\/revisions\/10230"}],"wp:featuredmedia":[{"embeddable":true,"href":"https:\/\/zojopackaging.com\/it\/wp-json\/wp\/v2\/media\/10224"}],"wp:attachment":[{"href":"https:\/\/zojopackaging.com\/it\/wp-json\/wp\/v2\/media?parent=10223"}],"wp:term":[{"taxonomy":"product_brand","embeddable":true,"href":"https:\/\/zojopackaging.com\/it\/wp-json\/wp\/v2\/product_brand?post=10223"},{"taxonomy":"product_cat","embeddable":true,"href":"https:\/\/zojopackaging.com\/it\/wp-json\/wp\/v2\/product_cat?post=10223"},{"taxonomy":"product_tag","embeddable":true,"href":"https:\/\/zojopackaging.com\/it\/wp-json\/wp\/v2\/product_tag?post=10223"}],"curies":[{"name":"wp","href":"https:\/\/api.w.org\/{rel}","templated":true}]}}