{"id":10446,"date":"2025-06-04T15:03:01","date_gmt":"2025-06-04T07:03:01","guid":{"rendered":"https:\/\/zojopackaging.com\/?post_type=product&#038;p=10446"},"modified":"2025-06-04T16:22:11","modified_gmt":"2025-06-04T08:22:11","slug":"empty-luxury-magnetic-closure-eyeshadow-blusher-palettes-box","status":"publish","type":"product","link":"https:\/\/zojopackaging.com\/it\/product\/empty-luxury-magnetic-closure-eyeshadow-blusher-palettes-box\/","title":{"rendered":"Vuoto di lusso chiusura magnetica ombretto Palette Blusher Box"},"content":{"rendered":"<p><strong>Fantastico e stravagante astuccio magnetico per il trucco vacante\u00a0<\/strong>\u00e8 progettato per i marchi di fascino che perseguono un'esperienza di trucco eccellente e un aspetto di imballaggio di alto livello. Non \u00e8 solo un contenitore, ma anche un palcoscenico eccezionale per i vostri prodotti di make-up di alta qualit\u00e0, che integra caratteristiche funzionali con un aspetto sontuoso per produrre un'esperienza di unboxing e di utilizzo notevole per i clienti.<\/p>\n<h2 id=\"1-classic-form-functional-design-\">1.\u00a0<strong>Forma classica, design funzionale:\u00a0<\/strong>.<\/h2>\n<ul>\n<li>Adottare\u00a0<strong>tradizionale scatola rettangolare con apertura a ribalta\u00a0<\/strong>. Le linee sono lisce e ordinarie, i lati sono chiari e l'aspetto complessivo \u00e8 climatico e stabile, in grado di soddisfare gli standard visivi delle confezioni di prodotti estetici mainstream di fascia alta.<\/li>\n<li>La struttura \u00e8 sicura e durevole, comoda per i normali schermi di vendita al dettaglio per sfruttare al meglio l'impatto dello schermo. Il suo corpo di dimensioni ridotte \u00e8 inoltre molto semplice da trasportare, da acquistare e da riporre quotidianamente, e consente di ritoccare rapidamente il make-up in qualsiasi momento e in qualsiasi luogo.<\/li>\n<\/ul>\n<h2 id=\"2-magnificent-opening-box-mirror-reflection-\">2.\u00a0<strong>Magnifica scatola che si apre, specchio riflesso:\u00a0<\/strong>.<\/h2>\n<ul>\n<li>Nel momento in cui il coperchio viene aperto,\u00a0<strong>un'enorme area di specchio incorporato ad alta definizione\u00a0<\/strong>appare subito, occupando la posizione centrale del coperchio. Lo specchio ha un'elevata nitidezza e una splendida lavorazione laterale, che offre un'esperienza d'uso eccellente, simile a quella di uno specchio da trucco specializzato.<\/li>\n<li>Questo stile aumenta notevolmente la facilit\u00e0 e la soddisfazione degli utenti nel ritoccare il trucco e nel controllare il colore, integrando perfettamente le funzioni utili (controllo rapido del trucco, colorazione accurata) con il piacere visivo (spazio aperto, qualit\u00e0 degli articoli).<\/li>\n<\/ul>\n<h2 id=\"3-difficult-substrate-impressive-structure-\">3.\u00a0<strong>Substrato difficile, struttura imponente:\u00a0<\/strong>.<\/h2>\n<ul>\n<li>Il testo del prodotto \u00e8 composto da\u00a0<strong>cartone difficile di alta qualit\u00e0 selezionato\u00a0<\/strong>. Ha un'eccellente\u00a0<strong>tenuta e prestazioni di supporto\u00a0<\/strong>che offre una forte protezione strutturale.<\/li>\n<li>\u00c8 in grado di resistere adeguatamente alle vibrazioni, all'estrusione durante il trasporto e agli urti nell'uso quotidiano, garantendo la protezione di prodotti delicati per il trucco, come i fondotinta per gli occhi e il flush interno.<\/li>\n<li>Allo stesso tempo, il cartone ad alta densit\u00e0 \u00e8\u00a0<strong>un substrato adatto per\u00a0<\/strong>fornire sofisticati effetti di superficie (come la marcatura a caldo, la laminazione lucida, l'UV locale, il touch movie, ecc.\u00a0<strong>aspetto superiore\u00a0<\/strong>, tocco solido e costante, e visivamente sontuoso.<\/li>\n<\/ul>\n<h2 id=\"4-captivating-shade-emotional-resonance-\">4.\u00a0<strong>Tonalit\u00e0 accattivante, risonanza emotiva:\u00a0<\/strong>.<\/h2>\n<ul>\n<li>La tonalit\u00e0 primaria del corpo del pacchetto adotta\u00a0<strong>una tonalit\u00e0 di rosa vivace e brillante\u00a0<\/strong>. Questa opzione di tonalit\u00e0 ha un forte\u00a0<strong>impatto estetico e riconoscimento del marchio\u00a0<\/strong>che possono attirare rapidamente l'attenzione sullo scaffale e catturare l'interesse dei consumatori.<\/li>\n<li>Corrisponde esattamente alle scelte estetiche delle donne target per amore, dolcezza e vitalit\u00e0, stimola la vibrazione psicologica e stabilisce un profondo impatto del marchio.<\/li>\n<\/ul>\n<h2 id=\"5-versatile-modification-unique-satisfaction-\">5.\u00a0<strong>Modifica versatile, soddisfazione unica:\u00a0<\/strong>.<\/h2>\n<ul>\n<li>Diamo\u00a0<strong>servizi personalizzati molto versatili\u00a0<\/strong>Che si tratti della dimensione della scatola (adattata alle specifiche e al numero di occhi scuri e a filo), del layout di divisione interna (aspirazione magnetica\/vassoio di plastica o divisori specifici), o dello stile di chiusura magnetica (resistenza magnetica, terapia di superficie), le informazioni sulla struttura del pacchetto (come il rivestimento, la posizione di fissaggio), possono essere specificamente personalizzate in base alle vostre esigenze.\u00a0<strong>dettagli sulle esigenze del prodotto e sul tono del marchio\u00a0<\/strong>.<\/li>\n<li>Design unico, per esaltare al meglio il valore del vostro prodotto.<\/li>\n<\/ul>\n<h2 id=\"6-speed-wins-one-action-faster-\">6.\u00a0<strong>La velocit\u00e0 vince, un'azione pi\u00f9 veloce:\u00a0<\/strong>.<\/h2>\n<ul>\n<li>Lanciato appositamente\u00a0<strong>\"Servizio \"esempio veloce di 1 ora\u00a0<\/strong>. Dopo aver ricevuto i vostri documenti di stile o le vostre esigenze, assicuriamo di\u00a0<strong>offrire esempi di imballaggio entro 1 ora\u00a0<\/strong>.<\/li>\n<li>Questa soluzione intende\u00a0<strong>confermare rapidamente l'effetto del design (colore, materiale, processo, struttura)\u00a0<\/strong>Il sistema di controllo e verifica dei prodotti \u00e8 in grado di abbreviare notevolmente il ciclo di prova, regolazione e verifica dei prodotti e di offrire una solida garanzia di esecuzione per le richieste di lavoro immediate o per le strategie di mercato che richiedono un rapido processo decisionale,\u00a0<strong>migliorare significativamente la velocit\u00e0 di lancio di nuovi prodotti e la reattivit\u00e0 del mercato\u00a0<\/strong>.<\/li>\n<\/ul>\n<h2 id=\"7-craftsmanship-inheritance-quality-control-\">7.\u00a0<strong>Eredit\u00e0 artigianale, controllo di qualit\u00e0:\u00a0<\/strong>.<\/h2>\n<ul>\n<li>In base alla profonda esperienza accumulata dalla fabbrica nel corso della\u00a0<strong>da molti anni nel settore dell'imballaggio e della stampa di prodotti\u00a0<\/strong>e\u00a0<strong>sistema di produzione maturo e stabile\u00a0<\/strong>.<\/li>\n<li>Comprendiamo a fondo e siamo in grado di capire con precisione tutte le vostre esigenze di\u00a0<strong>confezioni di charme di alta gamma\u00a0<\/strong>- dalla rigorosa selezione dei materiali, all'affascinante lavorazione artigianale, fino al rigoroso controllo della qualit\u00e0.<\/li>\n<li><strong>Le eccellenti capacit\u00e0 di produzione sono la base fondamentale per lo sviluppo della migliore qualit\u00e0 di YaoSe - High-end Empty Box.\u00a0<\/strong>Ogni articolo incarna la nostra continua ricerca di competenza e qualit\u00e0.<\/li>\n<\/ul>\n<p><strong>YaoSe - Piatto vuoto di alta gamma Scatola per il trucco con fissaggio magnetico\u00a0<\/strong>con la sua bella fattura, lo stile umanizzato, l'aspetto accattivante e gli efficienti servizi di modifica, si dedica a diventare il vostro forte sostegno per la produzione di prodotti di appeal premium. Scegliete noi, scegliete l'eccellente unione di velocit\u00e0, alta qualit\u00e0 e fascia alta.<\/p>\n<h2 id=\"product-core-advantage-summary-table-\">Tabella riassuntiva dei vantaggi fondamentali del prodotto.<\/h2>\n<table>\n<thead>\n<tr>\n<th>Misura della funzione<\/th>\n<th>Punti di vantaggio fondamentali<\/th>\n<th>Incarnazione degna di nota<\/th>\n<\/tr>\n<\/thead>\n<tbody>\n<tr>\n<td><strong>Caratteristiche e stile<\/strong><\/td>\n<td><strong>1. Scatola rettangolare a conchiglia classica<\/strong><\/td>\n<td>Estetica mainstream, generosa e sensibile; facile da esporre, portare e conservare.<\/td>\n<\/tr>\n<tr>\n<td><\/td>\n<td><strong>2. Specchio incorporato ad alta definizione in posizione enorme<\/strong><\/td>\n<td>Migliorare l'esperienza del cliente, l'esame del trucco e delle tinte \u00e8 eccezionalmente facile, sensato e splendido.<\/td>\n<\/tr>\n<tr>\n<td><strong>Materiale e struttura<\/strong><\/td>\n<td><strong>3. Corpo di cartone difficile da scegliere<\/strong><\/td>\n<td>Tenuta e sostegno eccezionali, contorsione anti-estrusione; protegge la sicurezza degli oggetti interni.<\/td>\n<\/tr>\n<tr>\n<td><\/td>\n<td><\/td>\n<td>La superficie sofisticata, la tecnologia moderna, la consistenza impressionante e il tocco glamour.<\/td>\n<\/tr>\n<tr>\n<td><strong>Sguardo e riconoscimento<\/strong><\/td>\n<td><strong>4. Applicazione del rosa intenso<\/strong><\/td>\n<td>Solido effetto estetico; alto riconoscimento; in linea con le scelte del target femminile.<\/td>\n<\/tr>\n<tr>\n<td><strong>Soluzione e assistenza<\/strong><\/td>\n<td><strong>5. Rimedi molto personalizzati<\/strong><\/td>\n<td>Dimensioni, struttura, formato interno, fibbia magnetica e lavorazione possono essere personalizzati per soddisfare esigenze specifiche.<\/td>\n<\/tr>\n<tr>\n<td><\/td>\n<td><strong>6. Soluzione di campionamento rapido di 1 ora<\/strong><\/td>\n<td>Confermare rapidamente l'impatto del layout; ridurre il ciclo di avanzamento; supportare progetti in situazioni di emergenza; aumentare il tasso di azione del mercato.<\/td>\n<\/tr>\n<tr>\n<td><strong>Produzione e qualit\u00e0<\/strong><\/td>\n<td><strong>7. Anni di esperienza nel settore e tecnologia moderna completamente sviluppata e stabile<\/strong><\/td>\n<td>Comprendiamo con precisione le esigenze di confezionamento di prodotti di grande richiamo; la tecnologia moderna di produzione interamente coltivata garantisce un'alta qualit\u00e0 e una distribuzione eccezionali.<\/td>\n<\/tr>\n<\/tbody>\n<\/table>","protected":false},"excerpt":{"rendered":"<p>La scatola adotta una classica e pratica forma cuboide a conchiglia. Il design \u00e8 pulito ed elegante, in linea con l'estetica tradizionale del packaging cosmetico, ed \u00e8 facile da esporre, trasportare e conservare. Una volta aperta, la scatola \u00e8 dotata di un grande specchio che migliora notevolmente l'esperienza d'uso e facilita l'utente nel ritoccare il trucco e provare i colori. \u00c8 una perfetta combinazione di praticit\u00e0 e bellezza. Il corpo della scatola adotta un colore rosa brillante. Questa scelta cromatica \u00e8 di grande impatto visivo e riconoscibile e soddisfa le preferenze estetiche del target femminile.<\/p>","protected":false},"featured_media":10447,"template":"","meta":[],"product_brand":[],"product_cat":[30,390,424,31],"product_tag":[1388,1389,1387],"class_list":{"0":"post-10446","1":"product","2":"type-product","3":"status-publish","4":"has-post-thumbnail","6":"product_cat-by-industry","7":"product_cat-custom-cosmetics-boxes","8":"product_cat-magnetic-closure-boxes","9":"product_cat-paper-box-style","10":"product_tag-blusher-palettes-boxes","11":"product_tag-custom-eyeshadow-blusher-palettes-boxes","12":"product_tag-empty-magnetic-eyeshadow-palette","14":"first","15":"instock","16":"shipping-taxable","17":"product-type-simple"},"_links":{"self":[{"href":"https:\/\/zojopackaging.com\/it\/wp-json\/wp\/v2\/product\/10446","targetHints":{"allow":["GET"]}}],"collection":[{"href":"https:\/\/zojopackaging.com\/it\/wp-json\/wp\/v2\/product"}],"about":[{"href":"https:\/\/zojopackaging.com\/it\/wp-json\/wp\/v2\/types\/product"}],"version-history":[{"count":1,"href":"https:\/\/zojopackaging.com\/it\/wp-json\/wp\/v2\/product\/10446\/revisions"}],"predecessor-version":[{"id":10452,"href":"https:\/\/zojopackaging.com\/it\/wp-json\/wp\/v2\/product\/10446\/revisions\/10452"}],"wp:featuredmedia":[{"embeddable":true,"href":"https:\/\/zojopackaging.com\/it\/wp-json\/wp\/v2\/media\/10447"}],"wp:attachment":[{"href":"https:\/\/zojopackaging.com\/it\/wp-json\/wp\/v2\/media?parent=10446"}],"wp:term":[{"taxonomy":"product_brand","embeddable":true,"href":"https:\/\/zojopackaging.com\/it\/wp-json\/wp\/v2\/product_brand?post=10446"},{"taxonomy":"product_cat","embeddable":true,"href":"https:\/\/zojopackaging.com\/it\/wp-json\/wp\/v2\/product_cat?post=10446"},{"taxonomy":"product_tag","embeddable":true,"href":"https:\/\/zojopackaging.com\/it\/wp-json\/wp\/v2\/product_tag?post=10446"}],"curies":[{"name":"wp","href":"https:\/\/api.w.org\/{rel}","templated":true}]}}