{"id":2434,"date":"2024-03-12T10:15:11","date_gmt":"2024-03-12T02:15:11","guid":{"rendered":"https:\/\/zojopackaging.com\/?post_type=product&#038;p=2434"},"modified":"2025-03-27T21:12:25","modified_gmt":"2025-03-27T13:12:25","slug":"personalized-cigarette-boxes","status":"publish","type":"product","link":"https:\/\/zojopackaging.com\/it\/product\/personalized-cigarette-boxes\/","title":{"rendered":"Cannabis vuota 510 Vape cartuccia imballaggio all'ingrosso"},"content":{"rendered":"<h1>Cannabis vuota 510 Vape cartuccia imballaggio all'ingrosso<\/h1>\n<p>I nostri produttori sono sempre alla ricerca di scatole per vape personalizzate che siano uniche, progettate su misura e con standard di qualit\u00e0 di alto livello. Ci siamo resi conto della necessit\u00e0 di tabacco nella societ\u00e0 e della tendenza di scatole personalizzate alla moda. I fumatori sono molto attenti alla qualit\u00e0 delle scatole per sigarette, in modo da esibire stile e rafforzare la loro personalit\u00e0. Conosciamo l'importanza dello stile oltre alla qualit\u00e0 delle scatole, ed \u00e8 per questo che progettiamo scatole per sigarette alla moda che i vostri clienti ameranno.<\/p>\n<h1>Stampiamo le scatole per voi<\/h1>\n<p>Non ci limitiamo a creare le scatole e a venderle; lavoriamo sul design, realizziamo un mock-up in 3D e realizziamo le scatole utilizzando cartone o Kraft di alta qualit\u00e0. Nell'era attuale, ogni azienda produttrice di tabacco lavora giorno e notte per differenziare il marchio utilizzando elementi di design personalizzati, colori di stampa, logo o infografiche. Con noi \u00e8 semplice! Inviateci i vostri requisiti di design o lasciateci creare qualcosa di convincente per voi. Sappiamo come creare scatole di sigarette personalizzate leader di mercato e stampate in modo tale da far aumentare le vendite in pochi giorni.<\/p>\n<p>Inoltre, le nostre avanzate macchine da stampa digitale sono gestite da tecnici esperti, che non lasciano spazio a errori quando si tratta di stampare scatole di sigarette di carta personalizzate. Siamo orgogliosi di stabilire un nuovo standard di scatole di sigarette personalizzate, abbastanza competente da aiutare il marchio a sbloccare le nuove dimensioni del successo.<\/p>\n<h1>Disponibile in tutte le taglie<\/h1>\n<p>L'esperienza diretta e le ricerche di mercato ci hanno reso capaci di progettare scatole di ogni struttura, stile e dimensione. Ecco perch\u00e9 sosteniamo che le nostre scatole personalizzate stampate per il confezionamento di sigarette sono allineate con le strategie di marketing aziendale di alto livello, le aiutano a crescere e, infine, il vostro marchio otterr\u00e0 un fattore wow. Basta inviarci i formati e le dimensioni esatte, in modo che possiamo realizzare le scatole di conseguenza. Siamo certi che non noterete alcuna differenza tra le nostre scatole, considerandole due cloni e copie perfette l'una dell'altra.<\/p>\n<h1>Realizziamo scatole in tutti i materiali<\/h1>\n<p>Uno degli aspetti pi\u00f9 importanti dell'imballaggio \u00e8 il materiale e uno dei nostri vantaggi competitivi \u00e8 quello di creare scatole in tutti i materiali: Kraft, Cartone o altri. Le scatole di cartone personalizzate per sigarette sono resistenti e dure e vengono utilizzate soprattutto per confezionare molte sigarette. D'altro canto, le scatole per sigarette stampate e personalizzate in Kraft sono leggere, pi\u00f9 ricche di elementi di branding e colori e anche biodegradabili.<\/p>\n<h1><strong>Specifiche<\/strong><\/h1>\n<table width=\"1153\">\n<tbody>\n<tr>\n<td width=\"373\">Dimensioni<\/td>\n<td width=\"373\">Tutte le dimensioni e le forme personalizzate<\/td>\n<\/tr>\n<tr>\n<td width=\"373\">Stampa<\/td>\n<td width=\"373\">CMYK, PMS, Senza stampa<\/td>\n<\/tr>\n<tr>\n<td width=\"373\">Carta da giornale<\/td>\n<td width=\"373\">Da 10pt a 28pt (da 60lb a 400lb) Kraft ecologico, ondulato E-flute, Bux Board, cartoncino<\/td>\n<\/tr>\n<tr>\n<td width=\"373\">Quantit\u00e0<\/td>\n<td width=\"373\">500- 500,000<\/td>\n<\/tr>\n<tr>\n<td width=\"373\">Rivestimento<\/td>\n<td width=\"373\">Lucido, opaco, spot UV<\/td>\n<\/tr>\n<tr>\n<td width=\"373\">Processo predefinito<\/td>\n<td width=\"373\">Fustellatura, incollaggio, incisione, perforazione<\/td>\n<\/tr>\n<tr>\n<td width=\"373\">Opzioni<\/td>\n<td width=\"373\">Ritaglio di finestra personalizzato, smerigliatura oro\/argento, goffratura, inchiostro a rilievo, foglio in PVC.<\/td>\n<\/tr>\n<tr>\n<td width=\"373\">Prova<\/td>\n<td width=\"373\">Vista piana, Mock-up 3D, Campionatura fisica (su richiesta)<\/td>\n<\/tr>\n<tr>\n<td width=\"373\">Tempo di risposta<\/td>\n<td width=\"373\">7-14 giorni lavorativi, Rush<\/td>\n<\/tr>\n<tr>\n<td width=\"373\">MOQ<\/td>\n<td width=\"373\">500<\/td>\n<\/tr>\n<tr>\n<td width=\"373\">Tempo di campionamento<\/td>\n<td width=\"373\">\u00a05 giorni<\/td>\n<\/tr>\n<tr>\n<td width=\"373\">Termine di pagamento<\/td>\n<td width=\"373\">T\/T, Western Union, Paypal, 30% deposito e 70% equilibrio prima della spedizione.<\/td>\n<\/tr>\n<\/tbody>\n<\/table>\n<div class=\"widget block block-static-block\">\n<div class=\"landing-page-section option-bottom\">\n<div class=\"custom-materials-tabs-content container container-adjustment\">\n<div class=\"custom-materials-tab-content active\">\n<div class=\"widget block block-static-block\">\n<div class=\"options-items\">\n<div class=\"flex-grid-row-option\">\n<div class=\"flex-grid-item-option\">\n<div class=\"material-box\">\n<p>&nbsp;<\/p>\n<\/div>\n<\/div>\n<\/div>\n<\/div>\n<p><!---end of option item--><\/p>\n<\/div>\n<\/div>\n<\/div>\n<\/div>\n<\/div>","protected":false},"excerpt":{"rendered":"<p>1. scatola di chiusura magnetica, design con magnete incorporato per evitare l'usura esterna, semplicit\u00e0 visiva, apertura e chiusura pi\u00f9 fluide, alto tasso di riutilizzo della scatola<br \/>\n2. La combinazione di colori Macaron riduce l'affaticamento visivo e crea un'atmosfera rilassante e curativa.<br \/>\n3. Pu\u00f2 essere completamente personalizzato in base alle esigenze per adattarsi alla confezione della sigaretta elettronica di cannabis.<\/p>","protected":false},"featured_media":2445,"template":"","meta":[],"product_brand":[],"product_cat":[30,420,424,31],"product_tag":[716,715,593],"class_list":{"0":"post-2434","1":"product","2":"type-product","3":"status-publish","4":"has-post-thumbnail","6":"product_cat-by-industry","7":"product_cat-custom-cannabis-boxes","8":"product_cat-magnetic-closure-boxes","9":"product_cat-paper-box-style","10":"product_tag-cartridge-packaging-wholesale","11":"product_tag-empty-vape-packaging","12":"product_tag-vape-cartridge-packaging","14":"first","15":"instock","16":"shipping-taxable","17":"product-type-grouped"},"_links":{"self":[{"href":"https:\/\/zojopackaging.com\/it\/wp-json\/wp\/v2\/product\/2434","targetHints":{"allow":["GET"]}}],"collection":[{"href":"https:\/\/zojopackaging.com\/it\/wp-json\/wp\/v2\/product"}],"about":[{"href":"https:\/\/zojopackaging.com\/it\/wp-json\/wp\/v2\/types\/product"}],"version-history":[{"count":2,"href":"https:\/\/zojopackaging.com\/it\/wp-json\/wp\/v2\/product\/2434\/revisions"}],"predecessor-version":[{"id":8424,"href":"https:\/\/zojopackaging.com\/it\/wp-json\/wp\/v2\/product\/2434\/revisions\/8424"}],"wp:featuredmedia":[{"embeddable":true,"href":"https:\/\/zojopackaging.com\/it\/wp-json\/wp\/v2\/media\/2445"}],"wp:attachment":[{"href":"https:\/\/zojopackaging.com\/it\/wp-json\/wp\/v2\/media?parent=2434"}],"wp:term":[{"taxonomy":"product_brand","embeddable":true,"href":"https:\/\/zojopackaging.com\/it\/wp-json\/wp\/v2\/product_brand?post=2434"},{"taxonomy":"product_cat","embeddable":true,"href":"https:\/\/zojopackaging.com\/it\/wp-json\/wp\/v2\/product_cat?post=2434"},{"taxonomy":"product_tag","embeddable":true,"href":"https:\/\/zojopackaging.com\/it\/wp-json\/wp\/v2\/product_tag?post=2434"}],"curies":[{"name":"wp","href":"https:\/\/api.w.org\/{rel}","templated":true}]}}