{"id":2469,"date":"2024-03-12T10:57:56","date_gmt":"2024-03-12T02:57:56","guid":{"rendered":"https:\/\/zojopackaging.com\/?post_type=product&#038;p=2469"},"modified":"2025-03-28T16:22:24","modified_gmt":"2025-03-28T08:22:24","slug":"wholesale-e-cigarette-packaging-box","status":"publish","type":"product","link":"https:\/\/zojopackaging.com\/it\/product\/wholesale-e-cigarette-packaging-box\/","title":{"rendered":"Scatola d'imballaggio di marijuana con marchio personalizzato Cannabis all'ingrosso"},"content":{"rendered":"<h1>Scatola d'imballaggio di marijuana con marchio personalizzato Cannabis all'ingrosso<\/h1>\n<p>Le nostre confezioni personalizzate di cannabis e marijuana all'ingrosso sono realizzate con precisione e qualit\u00e0. Realizzate con materiali di alta qualit\u00e0, offrono durata e un aspetto elegante che cattura l'attenzione.<\/p>\n<p>Le confezioni di marijuana con marchio personalizzato all'ingrosso non sono solo funzionali, ma anche personalizzabili. \u00c8 possibile scegliere tra una variet\u00e0 di colori, modelli e opzioni di branding per creare un look unico e distintivo che rifletta l'identit\u00e0 del vostro marchio. In questo modo i vostri prodotti di sigarette elettroniche si distinguono sugli scaffali e attirano l'attenzione dei potenziali clienti.<\/p>\n<p>Oltre all'estetica, la nostra scatola da imballaggio \u00e8 stata progettata pensando alla comodit\u00e0 dell'utente. \u00c8 dotata di meccanismi di facile apertura e di scomparti per organizzare gli accessori, offrendo un'esperienza senza soluzione di continuit\u00e0 sia ai rivenditori che ai consumatori.<\/p>\n<p>Quando scegliete il nostro<\/p>\n<p>Con le confezioni di cannabis e marijuana personalizzate all'ingrosso non si ottiene solo un contenitore, ma si investe in uno strumento di marketing che aiuta a promuovere il proprio marchio e ad aumentare il valore percepito dei propri prodotti. Che si tratti di una piccola azienda o di un grande distributore, i nostri prezzi all'ingrosso rendono conveniente confezionare le sigarette elettroniche con stile e professionalit\u00e0.<\/p>\n<p>Migliorate la vostra attivit\u00e0 nel settore delle sigarette elettroniche con la nostra scatola di imballaggio per sigarette elettroniche all'ingrosso di alta qualit\u00e0 e date ai vostri prodotti la presentazione che meritano.<\/p>\n<h1><strong>Specifiche<\/strong><\/h1>\n<table style=\"height: 456px;\" width=\"1153\">\n<tbody>\n<tr>\n<td width=\"373\">Dimensioni<\/td>\n<td width=\"373\">Tutte le dimensioni e le forme personalizzate<\/td>\n<\/tr>\n<tr>\n<td width=\"373\">Stampa<\/td>\n<td width=\"373\">CMYK, PMS, Senza stampa<\/td>\n<\/tr>\n<tr>\n<td width=\"373\">Carta da giornale<\/td>\n<td width=\"373\">Da 10pt a 28pt (da 60lb a 400lb) Kraft ecologico, ondulato E-flute, Bux Board, cartoncino<\/td>\n<\/tr>\n<tr>\n<td width=\"373\">Quantit\u00e0<\/td>\n<td width=\"373\">500- 500,000<\/td>\n<\/tr>\n<tr>\n<td width=\"373\">Rivestimento<\/td>\n<td width=\"373\">Lucido, opaco, spot UV<\/td>\n<\/tr>\n<tr>\n<td width=\"373\">Processo predefinito<\/td>\n<td width=\"373\">Fustellatura, incollaggio, incisione, perforazione<\/td>\n<\/tr>\n<tr>\n<td width=\"373\">Opzioni<\/td>\n<td width=\"373\">Ritaglio di finestra personalizzato, smerigliatura oro\/argento, goffratura, inchiostro a rilievo, foglio in PVC.<\/td>\n<\/tr>\n<tr>\n<td width=\"373\">Prova<\/td>\n<td width=\"373\">Vista piana, Mock-up 3D, Campionatura fisica (su richiesta)<\/td>\n<\/tr>\n<tr>\n<td width=\"373\">Tempo di risposta<\/td>\n<td width=\"373\">7-14 giorni lavorativi, Rush<\/td>\n<\/tr>\n<tr>\n<td width=\"373\">MOQ<\/td>\n<td width=\"373\">500<\/td>\n<\/tr>\n<tr>\n<td width=\"373\">Tempo di campionamento<\/td>\n<td width=\"373\">\u00a05 giorni<\/td>\n<\/tr>\n<tr>\n<td width=\"373\">Termine di pagamento<\/td>\n<td width=\"373\">T\/T, Western Union, Paypal, 30% deposito e 70% equilibrio prima della spedizione.<\/td>\n<\/tr>\n<\/tbody>\n<\/table>\n<div class=\"widget block block-static-block\">\n<div class=\"landing-page-section option-bottom\">\n<div class=\"custom-materials-tabs-content container container-adjustment\">\n<div class=\"custom-materials-tab-content active\">\n<div class=\"widget block block-static-block\">\n<div class=\"options-items\">\n<div class=\"flex-grid-row-option\">\n<div class=\"flex-grid-item-option\">\n<div class=\"material-box\">\n<div class=\"material-des\">\n<p>&nbsp;<\/p>\n<\/div>\n<p>&nbsp;<\/p>\n<\/div>\n<\/div>\n<\/div>\n<\/div>\n<p><!---end of option item--><\/p>\n<\/div>\n<\/div>\n<\/div>\n<\/div>\n<\/div>","protected":false},"excerpt":{"rendered":"<p>1. Il design della cassettiera e l'apertura scorrevole facilitano l'apertura e la chiusura, migliorando l'esperienza dell'unboxing.<br \/>\n2. La combinazione di colori macaron riduce l'affaticamento visivo e crea un'atmosfera rilassante e curativa.<br \/>\n3. La superficie della scatola \u00e8 stampata chiaramente senza differenze di colore. Pu\u00f2 migliorare l'esperienza dell'utente<\/p>","protected":false},"featured_media":2474,"template":"","meta":[],"product_brand":[],"product_cat":[30,420,31],"product_tag":[824,826,825],"class_list":{"0":"post-2469","1":"product","2":"type-product","3":"status-publish","4":"has-post-thumbnail","6":"product_cat-by-industry","7":"product_cat-custom-cannabis-boxes","8":"product_cat-paper-box-style","9":"product_tag-cannabis-packaging-box","10":"product_tag-custom-cannabis-packaging-box","11":"product_tag-marijuana-packaging-wholesale","13":"first","14":"instock","15":"shipping-taxable","16":"product-type-grouped"},"_links":{"self":[{"href":"https:\/\/zojopackaging.com\/it\/wp-json\/wp\/v2\/product\/2469","targetHints":{"allow":["GET"]}}],"collection":[{"href":"https:\/\/zojopackaging.com\/it\/wp-json\/wp\/v2\/product"}],"about":[{"href":"https:\/\/zojopackaging.com\/it\/wp-json\/wp\/v2\/types\/product"}],"version-history":[{"count":2,"href":"https:\/\/zojopackaging.com\/it\/wp-json\/wp\/v2\/product\/2469\/revisions"}],"predecessor-version":[{"id":8471,"href":"https:\/\/zojopackaging.com\/it\/wp-json\/wp\/v2\/product\/2469\/revisions\/8471"}],"wp:featuredmedia":[{"embeddable":true,"href":"https:\/\/zojopackaging.com\/it\/wp-json\/wp\/v2\/media\/2474"}],"wp:attachment":[{"href":"https:\/\/zojopackaging.com\/it\/wp-json\/wp\/v2\/media?parent=2469"}],"wp:term":[{"taxonomy":"product_brand","embeddable":true,"href":"https:\/\/zojopackaging.com\/it\/wp-json\/wp\/v2\/product_brand?post=2469"},{"taxonomy":"product_cat","embeddable":true,"href":"https:\/\/zojopackaging.com\/it\/wp-json\/wp\/v2\/product_cat?post=2469"},{"taxonomy":"product_tag","embeddable":true,"href":"https:\/\/zojopackaging.com\/it\/wp-json\/wp\/v2\/product_tag?post=2469"}],"curies":[{"name":"wp","href":"https:\/\/api.w.org\/{rel}","templated":true}]}}