{"id":2526,"date":"2024-03-12T11:46:02","date_gmt":"2024-03-12T03:46:02","guid":{"rendered":"https:\/\/zojopackaging.com\/?post_type=product&#038;p=2526"},"modified":"2025-03-27T21:23:20","modified_gmt":"2025-03-27T13:23:20","slug":"customized-e-cigarette-box","status":"publish","type":"product","link":"https:\/\/zojopackaging.com\/it\/product\/customized-e-cigarette-box\/","title":{"rendered":"Personalizzato monouso Dank Vape Pen imballaggio scatole all'ingrosso"},"content":{"rendered":"<h1>Personalizzato monouso Dank Vape Pen imballaggio scatole all'ingrosso<\/h1>\n<p><strong>Design unico<\/strong><br \/>\nLa nostra scatola per sigarette elettroniche personalizzata presenta un design elegante e moderno che cattura l'attenzione. Il meccanismo scorrevole aggiunge un tocco di raffinatezza, rendendo facile l'accesso alla sigaretta elettronica con stile. Le opzioni personalizzabili consentono di personalizzare la scatola con il logo, i colori e i motivi del vostro marchio, assicurando che si distingua sullo scaffale.<br \/>\n<strong>Materiali pregiati<\/strong><br \/>\nUtilizziamo solo materiali di altissima qualit\u00e0 per garantire durata e protezione. La scatola \u00e8 realizzata in robusto cartone o plastica, che protegge la sigaretta elettronica da eventuali danni durante il trasporto e la conservazione. Il rivestimento interno \u00e8 stato accuratamente progettato per tenere il dispositivo saldamente in posizione, impedendo qualsiasi movimento o graffio.<br \/>\n<strong>Comodo e compatto<\/strong><br \/>\nLe dimensioni compatte del Flip Box personalizzato per sigarette elettroniche lo rendono estremamente portatile. Si pu\u00f2 facilmente infilare in tasca o in borsa, per portare con s\u00e9 gli elementi essenziali del vaping ovunque si vada. Il design a ribalta consente inoltre un accesso rapido e senza problemi alla sigaretta elettronica, permettendo di svapare senza problemi anche in movimento.<br \/>\n<strong>Promozione del marchio<\/strong><br \/>\nQuesto flip box non \u00e8 solo una soluzione di packaging, ma anche un potente strumento di marketing. Personalizzatela con l'identit\u00e0 del vostro marchio per aumentarne la visibilit\u00e0 e il riconoscimento. Il design unico e il tocco personalizzato lasceranno un'impressione duratura sui vostri clienti, aiutandovi a costruire una base di clienti fedeli.<br \/>\n<strong>Opzioni versatili<\/strong><br \/>\nChe si tratti di una piccola startup o di un marchio affermato, offriamo un'ampia gamma di opzioni di personalizzazione per soddisfare le vostre esigenze specifiche. Scegliete tra diverse dimensioni, forme e finiture per creare un flip box che rappresenti perfettamente il vostro prodotto per sigarette elettroniche.<\/p>\n<p>Aggiornate il packaging delle vostre sigarette elettroniche con il Flip Box personalizzato per sigarette elettroniche e fate una dichiarazione audace sul mercato. Contattateci oggi stesso per iniziare a creare la vostra soluzione di packaging unica!<\/p>\n<h1><strong>Specifiche<\/strong><\/h1>\n<div class=\"widget block block-static-block\">\n<div class=\"landing-page-section option-bottom\">\n<div class=\"custom-materials-tabs-content container container-adjustment\">\n<div class=\"custom-materials-tab-content active\">\n<div class=\"widget block block-static-block\">\n<div class=\"options-items\">\n<div class=\"flex-grid-row-option\">\n<div class=\"flex-grid-item-option\">\n<div class=\"material-box\">\n<div class=\"material-des\">\n<table class=\"table table-striped\" width=\"1140\">\n<tbody>\n<tr class=\"firstRow\">\n<td>Dimensioni<\/td>\n<td>Tutte le dimensioni e le forme personalizzate<\/td>\n<\/tr>\n<tr>\n<td>Stampa<\/td>\n<td>CMYK, PMS, Senza stampa<\/td>\n<\/tr>\n<tr>\n<td>Carta da giornale<\/td>\n<td>Da 10pt a 28pt (da 60lb a 400lb) Kraft ecologico, ondulato E-flute, Bux Board, cartoncino<\/td>\n<\/tr>\n<tr>\n<td>Quantit\u00e0<\/td>\n<td>500 - 500,000<\/td>\n<\/tr>\n<tr>\n<td>Rivestimento<\/td>\n<td>Lucido, opaco, spot UV<\/td>\n<\/tr>\n<tr>\n<td>Processo predefinito<\/td>\n<td>Fustellatura, incollaggio, incisione, perforazione<\/td>\n<\/tr>\n<tr>\n<td>Opzioni<\/td>\n<td>Ritaglio di finestra personalizzato, smerigliatura oro\/argento, goffratura, inchiostro a rilievo, foglio in PVC.<\/td>\n<\/tr>\n<tr>\n<td>Prova<\/td>\n<td>Vista piana, Mock-up 3D, Campionatura fisica (su richiesta)<\/td>\n<\/tr>\n<tr>\n<td>Tempo di risposta<\/td>\n<td>7-14 giorni lavorativi, Rush<\/td>\n<\/tr>\n<tr>\n<td>MOQ<\/td>\n<td>500<\/td>\n<\/tr>\n<\/tbody>\n<\/table>\n<\/div>\n<p>&nbsp;<\/p>\n<\/div>\n<\/div>\n<\/div>\n<\/div>\n<p><!---end of option item--><\/p>\n<\/div>\n<\/div>\n<\/div>\n<\/div>\n<\/div>","protected":false},"excerpt":{"rendered":"<p>1. Design a prova di bambino per evitare che i bambini lo ingeriscano accidentalmente, ma gli adulti possono aprirlo facilmente<br \/>\n2. Varie dimensioni possono essere personalizzate in base ai vostri prodotti, adatte all'imballaggio di vari tipi di cannabis vape.<br \/>\n3. Fabbrica di personalizzazione dell'imballaggio della cannabis, campioni gratuiti, in grado di fornire il prezzo pi\u00f9 basso e il tempo di consegna pi\u00f9 veloce<\/p>","protected":false},"featured_media":6464,"template":"","meta":[],"product_brand":[],"product_cat":[30,431,420,31],"product_tag":[719,717,718],"class_list":{"0":"post-2526","1":"product","2":"type-product","3":"status-publish","4":"has-post-thumbnail","6":"product_cat-by-industry","7":"product_cat-child-resistant-packaging","8":"product_cat-custom-cannabis-boxes","9":"product_cat-paper-box-style","10":"product_tag-dank-vape-packaging-boxes","11":"product_tag-disposable-vape-packaging","12":"product_tag-vape-pen-packaging","14":"first","15":"instock","16":"shipping-taxable","17":"product-type-grouped"},"_links":{"self":[{"href":"https:\/\/zojopackaging.com\/it\/wp-json\/wp\/v2\/product\/2526","targetHints":{"allow":["GET"]}}],"collection":[{"href":"https:\/\/zojopackaging.com\/it\/wp-json\/wp\/v2\/product"}],"about":[{"href":"https:\/\/zojopackaging.com\/it\/wp-json\/wp\/v2\/types\/product"}],"version-history":[{"count":2,"href":"https:\/\/zojopackaging.com\/it\/wp-json\/wp\/v2\/product\/2526\/revisions"}],"predecessor-version":[{"id":8425,"href":"https:\/\/zojopackaging.com\/it\/wp-json\/wp\/v2\/product\/2526\/revisions\/8425"}],"wp:featuredmedia":[{"embeddable":true,"href":"https:\/\/zojopackaging.com\/it\/wp-json\/wp\/v2\/media\/6464"}],"wp:attachment":[{"href":"https:\/\/zojopackaging.com\/it\/wp-json\/wp\/v2\/media?parent=2526"}],"wp:term":[{"taxonomy":"product_brand","embeddable":true,"href":"https:\/\/zojopackaging.com\/it\/wp-json\/wp\/v2\/product_brand?post=2526"},{"taxonomy":"product_cat","embeddable":true,"href":"https:\/\/zojopackaging.com\/it\/wp-json\/wp\/v2\/product_cat?post=2526"},{"taxonomy":"product_tag","embeddable":true,"href":"https:\/\/zojopackaging.com\/it\/wp-json\/wp\/v2\/product_tag?post=2526"}],"curies":[{"name":"wp","href":"https:\/\/api.w.org\/{rel}","templated":true}]}}