{"id":2571,"date":"2024-03-12T13:47:23","date_gmt":"2024-03-12T05:47:23","guid":{"rendered":"https:\/\/zojopackaging.com\/?post_type=product&#038;p=2571"},"modified":"2025-03-24T18:34:31","modified_gmt":"2025-03-24T10:34:31","slug":"custom-pre-roll-packaging","status":"publish","type":"product","link":"https:\/\/zojopackaging.com\/it\/product\/custom-pre-roll-packaging\/","title":{"rendered":"Scatole d'imballaggio personalizzate per la cannabis"},"content":{"rendered":"<h1>Cannabis personalizzata Pre Roll Joints Imballaggio scatole FornitureImballaggio personalizzato Pre Roll<\/h1>\n<p><a href=\"https:\/\/zojopackaging.com\/it\/categoria-prodotto\/cannabis-boxes\/\">Imballaggio personalizzato in pre-rotolo<\/a> \u00e8 un metodo di confezionamento specifico per i prodotti pre-rollati <a href=\"https:\/\/zojoprint.en.alibaba.com\/productgrouplist-941131925\/Child_Resistant_Packaging_Box.html\" target=\"_blank\" rel=\"noopener\">prodotti a base di cannabis<\/a>.man mano che l'industria della cannabis viene legalizzata e commercializzata, il settore sta vivendo un rapido cambiamento e innovazione.<a href=\"https:\/\/zojopackaging.com\/it\/categoria-prodotto\/cannabis-boxes\/\">imballaggio in pre-rotolo<\/a> hanno un'ampia gamma di opzioni personalizzate, tra cui una variet\u00e0 di forme, design, dimensioni, colori, protezione per i bambini e fustellatura, ecc.<\/p>\n<h3><a href=\"https:\/\/zojopackaging.com\/it\/categoria-prodotto\/cannabis-boxes\/\">Imballaggio personalizzato in pre-rotolo<\/a> \u00e8 al passo con le tendenze del mercato<\/h3>\n<p>L'industria della cannabis \u00e8 un mercato dinamico e in continua evoluzione, con preferenze dei consumatori e paesaggi normativi che cambiano a un ritmo rapido.Pertanto, in un mercato affollato, il design unico del packaging \u00e8 essenziale. la confezione \u00e8 spesso la prima interazione che un consumatore ha con un prodotto. Una confezione ben progettata pu\u00f2 migliorare l'esperienza dell'utente, il packaging personalizzato aiuta i marchi di cannabis a stabilire un'identit\u00e0 unica e a fidelizzare i clienti. <a href=\"https:\/\/zojopackaging.com\/it\/categoria-prodotto\/cannabis-boxes\/\">confezioni pre-roll personalizzate<\/a> soluzioni basate sulle specifiche dei vostri prodotti e sulle esigenze del mercato, consentendo al vostro marchio di ottenere un posizionamento unico sul mercato, garantendo al contempo la qualit\u00e0 e la sicurezza dei prodotti, con l'obiettivo di aiutarvi a distinguervi in un mercato altamente competitivo.<\/p>\n<h3>Imballaggio\/stampa di scatole di pre rotoli personalizzati<\/h3>\n<p>Disponiamo di un team di professionisti che conducono regolarmente ricerche di mercato per analizzare i cambiamenti nel comportamento e nelle preferenze dei consumatori e che hanno una profonda comprensione e intuizione in tempo reale delle tendenze pi\u00f9 diffuse nel settore della stampa di imballaggi.Assicuriamo che i nostri clienti possano utilizzare i design e le tecnologie pi\u00f9 recenti per migliorare l'imballaggio dei loro prodotti.Utilizziamo la tecnologia di stampa pi\u00f9 recente per garantire che la qualit\u00e0 di stampa degli imballaggi sia di altissimo livello, come le scatole di pre rotolo Il design dell'imballaggio pu\u00f2 essere personalizzato in base alle vostre esigenze, compresi il colore, il modello, il logo del marchio e l'etichetta informativa. Pu\u00f2 aiutare il vostro marchio a distinguersi sul mercato.<\/p>\n<p>&nbsp;<\/p>\n<p><strong>Specifiche<\/strong><\/p>\n<table style=\"height: 456px;\" width=\"1153\">\n<tbody>\n<tr>\n<td width=\"373\">Dimensioni<\/td>\n<td width=\"373\">Tutte le dimensioni e le forme personalizzate<\/td>\n<\/tr>\n<tr>\n<td width=\"373\">Stampa<\/td>\n<td width=\"373\">CMYK, PMS, Senza stampa<\/td>\n<\/tr>\n<tr>\n<td width=\"373\">Carta da giornale<\/td>\n<td width=\"373\">Da 10pt a 28pt (da 60lb a 400lb) Kraft ecologico, ondulato E-flute, Bux Board, cartoncino<\/td>\n<\/tr>\n<tr>\n<td width=\"373\">Quantit\u00e0<\/td>\n<td width=\"373\">500- 500,000<\/td>\n<\/tr>\n<tr>\n<td width=\"373\">Rivestimento<\/td>\n<td width=\"373\">Lucido, opaco, spot UV<\/td>\n<\/tr>\n<tr>\n<td width=\"373\">Processo predefinito<\/td>\n<td width=\"373\">Fustellatura, incollaggio, incisione, perforazione<\/td>\n<\/tr>\n<tr>\n<td width=\"373\">Opzioni<\/td>\n<td width=\"373\">Ritaglio di finestra personalizzato, smerigliatura oro\/argento, goffratura, inchiostro a rilievo, foglio in PVC.<\/td>\n<\/tr>\n<tr>\n<td width=\"373\">Prova<\/td>\n<td width=\"373\">Vista piana, Mock-up 3D, Campionatura fisica (su richiesta)<\/td>\n<\/tr>\n<tr>\n<td width=\"373\">Tempo di risposta<\/td>\n<td width=\"373\">7-14 giorni lavorativi, Rush<\/td>\n<\/tr>\n<tr>\n<td width=\"373\">MOQ<\/td>\n<td width=\"373\">500<\/td>\n<\/tr>\n<tr>\n<td width=\"373\">Tempo di campionamento<\/td>\n<td width=\"373\">\u00a05 giorni<\/td>\n<\/tr>\n<tr>\n<td width=\"373\">Termine di pagamento<\/td>\n<td width=\"373\">T\/T, Western Union, Paypal, 30% deposito e 70% equilibrio prima della spedizione.<\/td>\n<\/tr>\n<\/tbody>\n<\/table>\n<div class=\"widget block block-static-block\">\n<div class=\"landing-page-section option-bottom\">\n<div class=\"custom-materials-tabs-content container container-adjustment\">\n<div class=\"custom-materials-tab-content active\">\n<div class=\"widget block block-static-block\">\n<div class=\"options-items\">\n<div class=\"flex-grid-row-option\">\n<div class=\"flex-grid-item-option\">\n<div class=\"material-box\">\n<div class=\"material-des\">\n<p>&nbsp;<\/p>\n<\/div>\n<p>&nbsp;<\/p>\n<\/div>\n<\/div>\n<\/div>\n<\/div>\n<p><!---end of option item--><\/p>\n<\/div>\n<\/div>\n<\/div>\n<\/div>\n<\/div>","protected":false},"excerpt":{"rendered":"<ul>\n<li>MOQ: 500 pezzi<\/li>\n<li>Termine di consegna: 7-14 giorni lavorativi, Rush<\/li>\n<li>Dimensioni su misura (diametro x altezza)<\/li>\n<li>Stampa personalizzata<\/li>\n<li>Ecologico, riciclabile e senza plastica<\/li>\n<li>Prezzo: Il prezzo finale sar\u00e0 adattato al prodotto e alla quantit\u00e0 richiesta.<\/li>\n<\/ul>","protected":false},"featured_media":6462,"template":"","meta":[],"product_brand":[],"product_cat":[30,431,420,31,426],"product_tag":[584,585,586],"class_list":{"0":"post-2571","1":"product","2":"type-product","3":"status-publish","4":"has-post-thumbnail","6":"product_cat-by-industry","7":"product_cat-child-resistant-packaging","8":"product_cat-custom-cannabis-boxes","9":"product_cat-paper-box-style","10":"product_cat-paper-drawer-boxes","11":"product_tag-cannabis-pre-roll-packaging","12":"product_tag-pre-roll-boxes","13":"product_tag-pre-roll-packaging-supplies","15":"first","16":"instock","17":"shipping-taxable","18":"product-type-grouped"},"_links":{"self":[{"href":"https:\/\/zojopackaging.com\/it\/wp-json\/wp\/v2\/product\/2571","targetHints":{"allow":["GET"]}}],"collection":[{"href":"https:\/\/zojopackaging.com\/it\/wp-json\/wp\/v2\/product"}],"about":[{"href":"https:\/\/zojopackaging.com\/it\/wp-json\/wp\/v2\/types\/product"}],"version-history":[{"count":2,"href":"https:\/\/zojopackaging.com\/it\/wp-json\/wp\/v2\/product\/2571\/revisions"}],"predecessor-version":[{"id":8115,"href":"https:\/\/zojopackaging.com\/it\/wp-json\/wp\/v2\/product\/2571\/revisions\/8115"}],"wp:featuredmedia":[{"embeddable":true,"href":"https:\/\/zojopackaging.com\/it\/wp-json\/wp\/v2\/media\/6462"}],"wp:attachment":[{"href":"https:\/\/zojopackaging.com\/it\/wp-json\/wp\/v2\/media?parent=2571"}],"wp:term":[{"taxonomy":"product_brand","embeddable":true,"href":"https:\/\/zojopackaging.com\/it\/wp-json\/wp\/v2\/product_brand?post=2571"},{"taxonomy":"product_cat","embeddable":true,"href":"https:\/\/zojopackaging.com\/it\/wp-json\/wp\/v2\/product_cat?post=2571"},{"taxonomy":"product_tag","embeddable":true,"href":"https:\/\/zojopackaging.com\/it\/wp-json\/wp\/v2\/product_tag?post=2571"}],"curies":[{"name":"wp","href":"https:\/\/api.w.org\/{rel}","templated":true}]}}