{"id":2624,"date":"2024-03-12T14:59:23","date_gmt":"2024-03-12T06:59:23","guid":{"rendered":"https:\/\/zojopackaging.com\/?post_type=product&#038;p=2624"},"modified":"2025-03-28T16:51:07","modified_gmt":"2025-03-28T08:51:07","slug":"custom-printed-e-cigarette-boxes","status":"publish","type":"product","link":"https:\/\/zojopackaging.com\/it\/product\/custom-printed-e-cigarette-boxes\/","title":{"rendered":"Scatola di olio di canapa al cioccolato CBD stampata su misura per la cannabis all'ingrosso"},"content":{"rendered":"<h1 class=\"LC20lb MBeuO DKV0Md\">Scatola di olio di canapa al cioccolato CBD stampata su misura per la cannabis all'ingrosso<\/h1>\n<p>Utilizzano una batteria contenente una soluzione di sostanze chimiche e aromi diversi e nicotina. Sebbene alcune sostanze possano essere pericolose, sono molto meno dannose di una sigaretta tradizionale. Con l'aumento della domanda di sigarette elettroniche e di altri prodotti di vaping, le aziende stanno cercando di trovare modi pi\u00f9 creativi per confezionare i loro prodotti. A questo scopo, i nostri grafici professionisti propongono idee e design di scatole per sigarette elettroniche. Queste idee danno un'immagine professionale ai vostri prodotti e contribuiscono a preservarne la qualit\u00e0. <em>Le scatole personalizzate<\/em>\u00a0vi offre personalizzazioni uniche per creare\u00a0<strong>Design delle confezioni di sigarette elettroniche<\/strong>\u00a0che creano un rapporto di fiducia tra il vostro marchio e i consumatori. Inoltre, i materiali della migliore qualit\u00e0 proteggono i vostri prodotti da contaminazioni e danni. La tendenza all'uso delle sigarette elettroniche \u00e8 aumentata nel tempo. Oltre alla personalizzazione illimitata, siamo anche la prima scelta dei consumatori grazie ai nostri servizi eccezionali.<\/p>\n<h3><strong>Acquista <\/strong>Scatola di olio di canapa al cioccolato CBD stampata su misura per la cannabis <strong>A tariffe all'ingrosso<\/strong><\/h3>\n<p>Nel mondo delle sigarette elettroniche, ci sono molti marchi sul mercato con cui competere. Ecco perch\u00e9 un look di classe \u00e8 diventato obbligatorio per sopravvivere alla concorrenza. Personalizzato\u00a0<strong>Soluzioni per il confezionamento di sigarette elettroniche<\/strong>\u00a0svolgono un ruolo significativo a questo proposito. Queste scatole aumentano la visibilit\u00e0 dei prodotti, mettendo in evidenza il vostro marchio sul mercato. Le scatole di cartone per sigarette elettroniche personalizzate sono il modo migliore per preservarne la qualit\u00e0. Sono progettate per soddisfare le aspettative dei clienti e le attuali tendenze del mercato.\u00a0<em>Le scatole personalizzate<\/em>\u00a0\u00e8 uno dei maggiori produttori all'ingrosso a fornirvi scatole di alta qualit\u00e0 a prezzi convenienti.<\/p>\n<h3><strong>Materiale resistente per la protezione 100%<\/strong><\/h3>\n<p>Produciamo scatole di stoccaggio per sigarette elettroniche della migliore qualit\u00e0.\u00a0<a href=\"https:\/\/zojopackaging.com\/it\/categoria-prodotto\/custom-e-cigarette-box\/\">scatole di cartone<\/a>\u00a0o stock di scatole Kraft. Il materiale \u00e8 abbastanza resistente e robusto da garantire la massima protezione dei prodotti. Li mantiene al sicuro durante il passaggio, lo stoccaggio e l'esposizione. \u00c8 possibile personalizzare lo spessore della scatola in base alla delicatezza dei vostri preziosi prodotti. Un aspetto cos\u00ec esuberante delle scatole per sigarette elettroniche personalizzate all'ingrosso fa risaltare i vostri prodotti sugli scaffali dei negozi.<\/p>\n<p>Non \u00e8 sorprendente poter ottenere qualit\u00e0 eccellente e prezzi minimi sotto lo stesso tetto? S\u00ec, state pensando bene: da noi avrete una combinazione perfetta di qualit\u00e0 e prezzo, per superare le aspettative dei clienti. Offriamo prodotti di buona qualit\u00e0<strong>\u00a0<\/strong><strong>scatole di sigarette elettroniche stampate su misura<\/strong>\u00a0a prezzi convenienti. I nostri prezzi sono altamente competitivi rispetto al mercato.<\/p>\n<h3><strong>Stampa di qualit\u00e0 superiore<\/strong><\/h3>\n<p>Siamo la scelta migliore dei consumatori perch\u00e9 forniamo servizi di stampa di alta qualit\u00e0 ai nostri stimati clienti. Abbiamo installato grandi macchine da stampa digitali, serigrafiche e offset che utilizzano tecniche all'avanguardia. Inchiostri e macchinari di stampa di qualit\u00e0 eccellente rendono i nostri prodotti i pi\u00f9 quotati.<strong>\u00a0<\/strong>scatole per sigarette elettroniche in carta stampata personalizzate. Alla fine vengono applicate speciali laminazioni e finiture per esaltarne la grazia. Offriamo 100% pratiche eco-compatibili per\u00a0<strong>Stampa del design della sigaretta elettronica<\/strong>. Questo garantisce la consegna di un prodotto di alto valore a domicilio. L'uso di stampe di alta qualit\u00e0 e di stili accattivanti conferisce un aspetto straordinario ai vostri prodotti.<\/p>\n<p>Inoltre, non vengono applicati costi di fustellatura o placcatura a nessuno dei nostri prodotti.<strong>\u00a0<\/strong>Offriamo una soluzione di personalizzazione completa per quanto riguarda il layout e il design. I clienti sono liberi di scegliere le specifiche di<strong>\u00a0<\/strong><strong>scatole di imballaggio per sigarette elettroniche personalizzate\u00a0<\/strong>in base alle loro esigenze. La nostra massima priorit\u00e0 \u00e8 fornire ai nostri clienti le scatole da imballaggio dei loro sogni.<\/p>\n<h3><strong>Scatole per sigarette elettroniche fustellate<\/strong><\/h3>\n<p>\u00c8 possibile progettare scatole per sigarette elettroniche fustellate personalizzate in un'ampia combinazione di forme e stili, a seconda delle esigenze di branding. Per aumentare la visibilit\u00e0 del prodotto \u00e8 necessaria una soluzione di packaging innovativa. Le scatole da esposizione personalizzate per sigarette elettroniche sono perfette per far risaltare il vostro marchio rispetto alla concorrenza. Stampate queste scatole con motivi interessanti o con immagini personalizzate per renderle pi\u00f9 accattivanti. \u00c8 una buona opzione per le aziende che vogliono creare un'identit\u00e0 di marca distinta. Le nostre migliori scatole con fustellatura consentono ai clienti di vedere il prodotto reale prima dell'acquisto. Questo aumenta la soddisfazione del cliente e permette ai produttori di esporre i loro prodotti in modo attraente. Le scatole sono inoltre dotate di inserti speciali che forniscono un'imbottitura supplementare per evitare rotture durante la spedizione e il trasporto.<\/p>\n<h3><strong>Spedizione gratuita e supporto alla progettazione gratuito<\/strong><\/h3>\n<p>La spedizione gratuita e il supporto alla progettazione sono alcune delle pratiche fondamentali della nostra azienda. Disponiamo di un team di designer professionisti e di esperti tecnici per assistervi nella realizzazione di\u00a0<strong>scatole per sigarette elettroniche personalizzate con logo.<\/strong>\u00a0Informano i clienti sulle specifiche, sulle caratteristiche e sulla relativa grafica. I designer preparano un modello in base alle disposizioni del cliente. Tutto il processo viene eseguito gratuitamente. Inoltre, offriamo la spedizione gratuita in tutti gli Stati Uniti e in Canada. Tuttavia, per i clienti che vivono all'estero, le nostre spese di spedizione sono minime rispetto alla concorrenza.<\/p>\n<p>Inoltre, rispetto ad altri produttori di imballaggi personalizzati, abbiamo tempi di consegna rapidi. I nostri esperti di packaging si assicurano sempre che tutte le scadenze vengano rispettate in tempo. Oltre a questo, \u00e8 possibile contattare il nostro servizio di assistenza clienti, disponibile 24 ore su 24, 7 giorni su 7. Abbiamo diversi abili rappresentanti di vendita. Sono a vostra disposizione 24 ore su 24 per rispondere alle vostre domande e alle vostre preoccupazioni in merito a\u00a0<strong>scatole di sigarette elettroniche personalizzate\u00a0<\/strong>in modo rapido ed efficiente.<\/p>\n<p>La sostenibilit\u00e0 ambientale \u00e8 diventata un tema importante su cui lavorare. Abbiamo iniziato a implementare pratiche ecologiche per progettare scatole Kraft stampate per sigarette elettroniche. Tutti i prodotti, comprese le scatole per sigarette elettroniche personalizzate all'ingrosso, sono realizzati con materiale riciclabile 100%. Ci\u00f2 va a vantaggio del pianeta e della reputazione del vostro marchio. Non perdete quindi questa straordinaria opportunit\u00e0 e richiedete subito un preventivo gratuito!<\/p>\n<h1><strong>Specifiche<\/strong><\/h1>\n<table style=\"height: 456px;\" width=\"1153\">\n<tbody>\n<tr>\n<td width=\"373\">Dimensioni<\/td>\n<td width=\"373\">Tutte le dimensioni e le forme personalizzate<\/td>\n<\/tr>\n<tr>\n<td width=\"373\">Stampa<\/td>\n<td width=\"373\">CMYK, PMS, Senza stampa<\/td>\n<\/tr>\n<tr>\n<td width=\"373\">Carta da giornale<\/td>\n<td width=\"373\">Da 10pt a 28pt (da 60lb a 400lb) Kraft ecologico, ondulato E-flute, Bux Board, cartoncino<\/td>\n<\/tr>\n<tr>\n<td width=\"373\">Quantit\u00e0<\/td>\n<td width=\"373\">500- 500,000<\/td>\n<\/tr>\n<tr>\n<td width=\"373\">Rivestimento<\/td>\n<td width=\"373\">Lucido, opaco, spot UV<\/td>\n<\/tr>\n<tr>\n<td width=\"373\">Processo predefinito<\/td>\n<td width=\"373\">Fustellatura, incollaggio, incisione, perforazione<\/td>\n<\/tr>\n<tr>\n<td width=\"373\">Opzioni<\/td>\n<td width=\"373\">Ritaglio di finestra personalizzato, smerigliatura oro\/argento, goffratura, inchiostro a rilievo, foglio in PVC.<\/td>\n<\/tr>\n<tr>\n<td width=\"373\">Prova<\/td>\n<td width=\"373\">Vista piana, Mock-up 3D, Campionatura fisica (su richiesta)<\/td>\n<\/tr>\n<tr>\n<td width=\"373\">Tempo di risposta<\/td>\n<td width=\"373\">7-14 giorni lavorativi, Rush<\/td>\n<\/tr>\n<tr>\n<td width=\"373\">MOQ<\/td>\n<td width=\"373\">500<\/td>\n<\/tr>\n<tr>\n<td width=\"373\">Tempo di campionamento<\/td>\n<td width=\"373\">\u00a05 giorni<\/td>\n<\/tr>\n<tr>\n<td width=\"373\">Termine di pagamento<\/td>\n<td width=\"373\">T\/T, Western Union, Paypal, 30% deposito e 70% equilibrio prima della spedizione.<\/td>\n<\/tr>\n<\/tbody>\n<\/table>\n<div class=\"widget block block-static-block\">\n<div class=\"landing-page-section option-bottom\">\n<div class=\"custom-materials-tabs-content container container-adjustment\">\n<div class=\"custom-materials-tab-content active\">\n<div class=\"widget block block-static-block\">\n<div class=\"options-items\">\n<div class=\"flex-grid-row-option\">\n<div class=\"flex-grid-item-option\">\n<div class=\"material-box\">\n<div class=\"material-des\">\n<p>&nbsp;<\/p>\n<\/div>\n<p>&nbsp;<\/p>\n<\/div>\n<\/div>\n<\/div>\n<\/div>\n<p><!---end of option item--><\/p>\n<\/div>\n<\/div>\n<\/div>\n<\/div>\n<\/div>","protected":false},"excerpt":{"rendered":"<p>1. Il design della scatola di carta a cassetti e l'apertura scorrevole facilitano l'apertura e la chiusura, migliorando l'esperienza dell'unboxing.<br \/>\n2. Varie dimensioni possono essere personalizzate in base ai vostri prodotti, adatte all'imballaggio di vari cioccolatini alla canapa CBD.<br \/>\n3. La stampa sulla superficie della scatola \u00e8 chiara e non presenta differenze di colore, che possono migliorare l'esperienza dell'utente.<\/p>","protected":false},"featured_media":2627,"template":"","meta":[],"product_brand":[],"product_cat":[30,418,31,426],"product_tag":[832,833,834],"class_list":{"0":"post-2624","1":"product","2":"type-product","3":"status-publish","4":"has-post-thumbnail","6":"product_cat-by-industry","7":"product_cat-custom-cbd-boxes","8":"product_cat-paper-box-style","9":"product_cat-paper-drawer-boxes","10":"product_tag-cbd-chocolate-box-wholesale","11":"product_tag-custom-cannabis-box","12":"product_tag-hemp-oil-box-wholesale","14":"first","15":"instock","16":"shipping-taxable","17":"product-type-grouped"},"_links":{"self":[{"href":"https:\/\/zojopackaging.com\/it\/wp-json\/wp\/v2\/product\/2624","targetHints":{"allow":["GET"]}}],"collection":[{"href":"https:\/\/zojopackaging.com\/it\/wp-json\/wp\/v2\/product"}],"about":[{"href":"https:\/\/zojopackaging.com\/it\/wp-json\/wp\/v2\/types\/product"}],"version-history":[{"count":2,"href":"https:\/\/zojopackaging.com\/it\/wp-json\/wp\/v2\/product\/2624\/revisions"}],"predecessor-version":[{"id":8474,"href":"https:\/\/zojopackaging.com\/it\/wp-json\/wp\/v2\/product\/2624\/revisions\/8474"}],"wp:featuredmedia":[{"embeddable":true,"href":"https:\/\/zojopackaging.com\/it\/wp-json\/wp\/v2\/media\/2627"}],"wp:attachment":[{"href":"https:\/\/zojopackaging.com\/it\/wp-json\/wp\/v2\/media?parent=2624"}],"wp:term":[{"taxonomy":"product_brand","embeddable":true,"href":"https:\/\/zojopackaging.com\/it\/wp-json\/wp\/v2\/product_brand?post=2624"},{"taxonomy":"product_cat","embeddable":true,"href":"https:\/\/zojopackaging.com\/it\/wp-json\/wp\/v2\/product_cat?post=2624"},{"taxonomy":"product_tag","embeddable":true,"href":"https:\/\/zojopackaging.com\/it\/wp-json\/wp\/v2\/product_tag?post=2624"}],"curies":[{"name":"wp","href":"https:\/\/api.w.org\/{rel}","templated":true}]}}