{"id":2645,"date":"2024-03-12T15:16:34","date_gmt":"2024-03-12T07:16:34","guid":{"rendered":"https:\/\/zojopackaging.com\/?post_type=product&#038;p=2645"},"modified":"2025-03-28T15:15:39","modified_gmt":"2025-03-28T07:15:39","slug":"customization-e-cigarette-packaging-box","status":"publish","type":"product","link":"https:\/\/zojopackaging.com\/it\/product\/customization-e-cigarette-packaging-box\/","title":{"rendered":"Scatole di compresse di sonno dissolvibili CBD personalizzate all'ingrosso"},"content":{"rendered":"<h1>Scatole di compresse di sonno dissolvibili CBD personalizzate all'ingrosso<\/h1>\n<p>Le scatole personalizzate di compresse di sonno dissolvibili cbd all'ingrosso sono una soluzione di imballaggio versatile e personalizzata che consente ai marchi di creare una presentazione unica e su misura per le loro compresse di sonno dissolvibili cbd. Questa confezione offre un'ampia gamma di opzioni di personalizzazione, tra cui design, dimensioni, forma, colore e rifiniture, per soddisfare le specifiche esigenze di branding e marketing di ogni azienda.<\/p>\n<p>I marchi possono scegliere di incorporare il loro logo, i colori del marchio e la messaggistica nella scatola di imballaggio per creare un look coeso e di marca che risuoni con il loro pubblico di riferimento. Le possibilit\u00e0 di design sono infinite e consentono ai marchi di mostrare la loro creativit\u00e0 e individualit\u00e0 attraverso la scatola di imballaggio.<\/p>\n<p>Oltre alla personalizzazione del design, i marchi possono anche scegliere la dimensione e la forma della scatola di imballaggio per adattarsi al meglio ai loro prodotti a base di cbd dissolvable sleep tablets. Sia che preferiscano una scatola compatta e minimalista o un design pi\u00f9 grande ed elaborato, le opzioni di personalizzazione consentono ai marchi di adattare la confezione alle specifiche del prodotto.<\/p>\n<p>Inoltre, i marchi possono scegliere tra una variet\u00e0 di opzioni di finitura, come finiture opache o lucide, goffratura, sventagliatura o rivestimento UV a punti, per aggiungere un tocco premium e lussuoso alla confezione. Questi tocchi di finitura elevano l'aspetto e la sensazione complessiva della confezione, aumentando il valore percepito delle compresse di cbd dissolvibili per il sonno.<\/p>\n<h1><strong>Specifiche<\/strong><\/h1>\n<table style=\"height: 456px;\" width=\"1153\">\n<tbody>\n<tr>\n<td width=\"373\">Dimensioni<\/td>\n<td width=\"373\">Tutte le dimensioni e le forme personalizzate<\/td>\n<\/tr>\n<tr>\n<td width=\"373\">Stampa<\/td>\n<td width=\"373\">CMYK, PMS, Senza stampa<\/td>\n<\/tr>\n<tr>\n<td width=\"373\">Carta da giornale<\/td>\n<td width=\"373\">Da 10pt a 28pt (da 60lb a 400lb) Kraft ecologico, ondulato E-flute, Bux Board, cartoncino<\/td>\n<\/tr>\n<tr>\n<td width=\"373\">Quantit\u00e0<\/td>\n<td width=\"373\">500- 500,000<\/td>\n<\/tr>\n<tr>\n<td width=\"373\">Rivestimento<\/td>\n<td width=\"373\">Lucido, opaco, spot UV<\/td>\n<\/tr>\n<tr>\n<td width=\"373\">Processo predefinito<\/td>\n<td width=\"373\">Fustellatura, incollaggio, incisione, perforazione<\/td>\n<\/tr>\n<tr>\n<td width=\"373\">Opzioni<\/td>\n<td width=\"373\">Ritaglio di finestra personalizzato, smerigliatura oro\/argento, goffratura, inchiostro a rilievo, foglio in PVC.<\/td>\n<\/tr>\n<tr>\n<td width=\"373\">Prova<\/td>\n<td width=\"373\">Vista piana, Mock-up 3D, Campionatura fisica (su richiesta)<\/td>\n<\/tr>\n<tr>\n<td width=\"373\">Tempo di risposta<\/td>\n<td width=\"373\">7-14 giorni lavorativi, Rush<\/td>\n<\/tr>\n<tr>\n<td width=\"373\">MOQ<\/td>\n<td width=\"373\">500<\/td>\n<\/tr>\n<tr>\n<td width=\"373\">Tempo di campionamento<\/td>\n<td width=\"373\">3-5 giorni<\/td>\n<\/tr>\n<tr>\n<td width=\"373\">Termine di pagamento<\/td>\n<td width=\"373\">T\/T, Western Union, Paypal, 30% deposito e 70% equilibrio prima della spedizione.<\/td>\n<\/tr>\n<\/tbody>\n<\/table>\n<div class=\"widget block block-static-block\">\n<div class=\"landing-page-section option-bottom\">\n<div class=\"custom-materials-tabs-content container container-adjustment\">\n<div class=\"custom-materials-tab-content active\">\n<div class=\"widget block block-static-block\">\n<div class=\"options-items\">\n<div class=\"flex-grid-row-option\">\n<div class=\"flex-grid-item-option\">\n<div class=\"material-box\">\n<p>&nbsp;<\/p>\n<\/div>\n<\/div>\n<\/div>\n<\/div>\n<p><!---end of option item--><\/p>\n<\/div>\n<\/div>\n<\/div>\n<\/div>\n<\/div>","protected":false},"excerpt":{"rendered":"<p>1. Varie dimensioni possono essere personalizzate in base al prodotto, adatte a tutti i tipi di confezioni di sonniferi solubili CBD.<br \/>\n2. Le scatole pieghevoli di cardbaord possono essere appiattite per lo stoccaggio, riducendo lo spazio di stoccaggio; elevata efficienza di impilamento durante il trasporto, riducendo i costi logistici.<br \/>\n3. materiale di supporto in cartone bianco, superficie liscia e delicata, stampa ecologica<\/p>","protected":false},"featured_media":6424,"template":"","meta":[],"product_brand":[],"product_cat":[30,418,430,31],"product_tag":[808,807,356],"class_list":{"0":"post-2645","1":"product","2":"type-product","3":"status-publish","4":"has-post-thumbnail","6":"product_cat-by-industry","7":"product_cat-custom-cbd-boxes","8":"product_cat-folding-cartons","9":"product_cat-paper-box-style","10":"product_tag-cbd-boxes-wholesale","11":"product_tag-cbd-dissolvable-sleep-tablets-boxes","12":"product_tag-custom-cbd-boxes","14":"first","15":"instock","16":"shipping-taxable","17":"product-type-grouped"},"_links":{"self":[{"href":"https:\/\/zojopackaging.com\/it\/wp-json\/wp\/v2\/product\/2645","targetHints":{"allow":["GET"]}}],"collection":[{"href":"https:\/\/zojopackaging.com\/it\/wp-json\/wp\/v2\/product"}],"about":[{"href":"https:\/\/zojopackaging.com\/it\/wp-json\/wp\/v2\/types\/product"}],"version-history":[{"count":2,"href":"https:\/\/zojopackaging.com\/it\/wp-json\/wp\/v2\/product\/2645\/revisions"}],"predecessor-version":[{"id":8464,"href":"https:\/\/zojopackaging.com\/it\/wp-json\/wp\/v2\/product\/2645\/revisions\/8464"}],"wp:featuredmedia":[{"embeddable":true,"href":"https:\/\/zojopackaging.com\/it\/wp-json\/wp\/v2\/media\/6424"}],"wp:attachment":[{"href":"https:\/\/zojopackaging.com\/it\/wp-json\/wp\/v2\/media?parent=2645"}],"wp:term":[{"taxonomy":"product_brand","embeddable":true,"href":"https:\/\/zojopackaging.com\/it\/wp-json\/wp\/v2\/product_brand?post=2645"},{"taxonomy":"product_cat","embeddable":true,"href":"https:\/\/zojopackaging.com\/it\/wp-json\/wp\/v2\/product_cat?post=2645"},{"taxonomy":"product_tag","embeddable":true,"href":"https:\/\/zojopackaging.com\/it\/wp-json\/wp\/v2\/product_tag?post=2645"}],"curies":[{"name":"wp","href":"https:\/\/api.w.org\/{rel}","templated":true}]}}