{"id":2687,"date":"2024-03-12T17:01:17","date_gmt":"2024-03-12T09:01:17","guid":{"rendered":"https:\/\/zojopackaging.com\/?post_type=product&#038;p=2687"},"modified":"2025-03-28T19:30:44","modified_gmt":"2025-03-28T11:30:44","slug":"custom-vape-pen-packaging-box","status":"publish","type":"product","link":"https:\/\/zojopackaging.com\/it\/product\/custom-vape-pen-packaging-box\/","title":{"rendered":"Cartone pieghevole della penna di Vape su ordinazione con la scatola del gancio Fornitore"},"content":{"rendered":"<h1>Cartone pieghevole della penna di Vape su ordinazione con la scatola del gancio Fornitore<\/h1>\n<div class=\"auto-hide-last-sibling-br paragraph-ae1685 br-paragraph-space\">\n<p>Scatola da imballaggio per penne da svapo personalizzata: la soluzione perfetta per esporre e proteggere i prodotti delle penne da svapo!<\/p>\n<p>Progettate tenendo conto sia dello stile che della funzionalit\u00e0, le nostre scatole da imballaggio personalizzate sono fatte su misura per soddisfare le vostre esigenze specifiche e l'identit\u00e0 del vostro marchio.<\/p>\n<p>Ci\u00f2 che contraddistingue la nostra scatola di imballaggio per penne da svapo \u00e8 la possibilit\u00e0 di personalizzazione. Avete la libert\u00e0 di scegliere le dimensioni, la forma, il colore e la stampa che si allineano all'estetica del vostro marchio. Che preferiate un design audace e moderno o un look pi\u00f9 classico e sofisticato, possiamo dare vita alla vostra visione.<\/p>\n<p>La confezione personalizzata non solo migliora l'aspetto visivo delle penne da svapo, ma funge anche da potente strumento di marketing. Con il logo del vostro marchio e il messaggio unico in evidenza, contribuisce ad aumentare il riconoscimento del marchio e la fedelt\u00e0 dei clienti.<\/p>\n<h1><strong>Specifiche<\/strong><\/h1>\n<table width=\"1153\">\n<tbody>\n<tr>\n<td width=\"373\">Dimensioni<\/td>\n<td width=\"373\">Tutte le dimensioni e le forme personalizzate<\/td>\n<\/tr>\n<tr>\n<td width=\"373\">Stampa<\/td>\n<td width=\"373\">CMYK, PMS, Senza stampa<\/td>\n<\/tr>\n<tr>\n<td width=\"373\">Carta da giornale<\/td>\n<td width=\"373\">Da 10pt a 28pt (da 60lb a 400lb) Kraft ecologico, ondulato E-flute, Bux Board, cartoncino<\/td>\n<\/tr>\n<tr>\n<td width=\"373\">Quantit\u00e0<\/td>\n<td width=\"373\">500- 500,000<\/td>\n<\/tr>\n<tr>\n<td width=\"373\">Rivestimento<\/td>\n<td width=\"373\">Lucido, opaco, spot UV<\/td>\n<\/tr>\n<tr>\n<td width=\"373\">Processo predefinito<\/td>\n<td width=\"373\">Fustellatura, incollaggio, incisione, perforazione<\/td>\n<\/tr>\n<tr>\n<td width=\"373\">Opzioni<\/td>\n<td width=\"373\">Ritaglio di finestra personalizzato, smerigliatura oro\/argento, goffratura, inchiostro a rilievo, foglio in PVC.<\/td>\n<\/tr>\n<tr>\n<td width=\"373\">Prova<\/td>\n<td width=\"373\">Vista piana, Mock-up 3D, Campionatura fisica (su richiesta)<\/td>\n<\/tr>\n<tr>\n<td width=\"373\">Tempo di risposta<\/td>\n<td width=\"373\">7-14 giorni lavorativi, Rush<\/td>\n<\/tr>\n<tr>\n<td width=\"373\">MOQ<\/td>\n<td width=\"373\">500<\/td>\n<\/tr>\n<tr>\n<td width=\"373\">Tempo di campionamento<\/td>\n<td width=\"373\">3-5 giorni<\/td>\n<\/tr>\n<tr>\n<td width=\"373\">Termine di pagamento<\/td>\n<td width=\"373\">T\/T, Western Union, Paypal, 30% deposito e 70% equilibrio prima della spedizione.<\/td>\n<\/tr>\n<\/tbody>\n<\/table>\n<\/div>\n<h1 class=\"auto-hide-last-sibling-br paragraph-ae1685 br-paragraph-space\">Cosa offriamo in imballaggi per penne da svapo all'ingrosso<\/h1>\n<div class=\"auto-hide-last-sibling-br paragraph-ae1685 br-paragraph-space\">Siamo un team di professionisti e abbiamo gi\u00e0 lavorato a numerosi prodotti stampati all'ingrosso, come scatole per cartucce e imballaggi per vape. Abbiamo caricato i disegni sul nostro sito web e vi offriamo assistenza gratuita per la progettazione. Tutto ci\u00f2 che dovete fare \u00e8 presentare la vostra idea e noi ci occuperemo anche delle dimensioni e del dimensionamento, presentandovi un prodotto finale di altissima qualit\u00e0.<\/div>\n<div><\/div>\n<h1 class=\"auto-hide-last-sibling-br paragraph-ae1685 br-paragraph-space\">Cosa cercate nella vostra confezione da svapo?<\/h1>\n<div class=\"auto-hide-last-sibling-br paragraph-ae1685 br-paragraph-space\">Se siete uomini d'affari, cercate senza dubbio due cose: la qualit\u00e0 e il basso costo. Tuttavia, \u00e8 difficile identificare l'azienda che offre scatole di qualit\u00e0 a prezzi bassi, nonostante le numerose dichiarazioni. In realt\u00e0, ogni azienda di packaging mira a incrementare gli affari. Ma quando si parla di qualit\u00e0 e di costi, We Custom Boxes \u00e8 estremamente onesta. Il nostro obiettivo \u00e8 quello di agevolare il cliente in ogni aspetto. Stiamo sviluppando scatole per vape per soddisfare tutte le vostre esigenze.<\/div>\n<div><\/div>\n<div class=\"auto-hide-last-sibling-br paragraph-ae1685 br-paragraph-space\">Sul nostro sito web \u00e8 possibile acquistare un'ampia gamma di scatole da svapo. Potete confermare il loro prezzo e la loro qualit\u00e0 richiedendo un campione, che pu\u00f2 essere consegnato a casa vostra entro un periodo di tempo limitato. Se siete soddisfatti del prezzo e della qualit\u00e0, potete effettuare un ordine pi\u00f9 consistente.<\/div>\n<h1 class=\"auto-hide-last-sibling-br paragraph-ae1685 br-paragraph-space\">Come le nostre scatole personalizzate vi offrono una maggiore scelta<\/h1>\n<div class=\"auto-hide-last-sibling-br paragraph-ae1685 br-paragraph-space\">Noi di Custom Boxes vi permettiamo di scegliere tra una serie di stili, forme, disegni e colori per le scatole. Avete due modi per procedere. O potete sottoporci tutti i vostri desideri specifici, ad esempio studiando i prodotti del vostro marchio e chiedendoci di sviluppare le scatole con un colore, un design o una forma particolari. Oppure potete chiedere ai nostri esperti di consigliarvi su ci\u00f2 che \u00e8 pi\u00f9 adatto.<\/div>\n<h1 class=\"auto-hide-last-sibling-br paragraph-ae1685 br-paragraph-space\">Richiesta di preventivo<\/h1>\n<div class=\"auto-hide-last-sibling-br paragraph-ae1685 br-paragraph-space\">Contattateci ora via e-mail all'indirizzo <span style=\"color: #ff0000;\"><strong>info@zojoprint.com <\/strong><span style=\"color: #000000;\">o<\/span><strong> vickio@zojopackaging.com<\/strong><\/span>. Potete anche chiamarci al numero di telefono fornito in qualsiasi momento. Il nostro servizio clienti \u00e8 disponibile 24 ore su 24. Inoltre, \u00e8 possibile ottenere una risposta immediata alle proprie domande attraverso la nostra chat dal vivo.<\/div>\n<div class=\"widget block block-static-block\">\n<div class=\"landing-page-section option-bottom\">\n<div class=\"custom-materials-tabs-content container container-adjustment\">\n<div class=\"custom-materials-tab-content active\">\n<div class=\"widget block block-static-block\">\n<p><!---end of option item--><\/p>\n<\/div>\n<\/div>\n<\/div>\n<\/div>\n<\/div>","protected":false},"excerpt":{"rendered":"<p>Le scatole per penne da svapo personalizzate sono il modo migliore per presentare le vostre penne da svapo in modo elegante. Acquistate le scatole per l'imballaggio delle penne da svapo a prezzi all'ingrosso. Supporto gratuito per il design\uff01<\/p>\n<p>Personalizzazione: Pu\u00f2 personalizzare dimensioni\/stampa\/materiale\/finitura\/forma ecc.<br \/>\nTipo di materiale: Eco-compatibile, con certificazione FSC\/ISO\/BSCI<br \/>\nTempo di produzione: Campione 1-3 giorni; rinfusa 7-9 giorni<br \/>\nTempi di spedizione: Espresso 3-7 giorni; Aria 12-16 giorni; Barca 25-30 giorni (i paesi hanno tempi diversi).<\/p>\n<p>Prezzo: Contattateci per inviare una richiesta!<\/p>\n<p>&nbsp;<\/p>","protected":false},"featured_media":2692,"template":"","meta":[],"product_brand":[],"product_cat":[30,418,430,31],"product_tag":[817,849,848],"class_list":{"0":"post-2687","1":"product","2":"type-product","3":"status-publish","4":"has-post-thumbnail","6":"product_cat-by-industry","7":"product_cat-custom-cbd-boxes","8":"product_cat-folding-cartons","9":"product_cat-paper-box-style","10":"product_tag-custom-box","11":"product_tag-hanger-box-manufacturer","12":"product_tag-vape-pen-folding-carton","14":"first","15":"instock","16":"shipping-taxable","17":"product-type-grouped"},"_links":{"self":[{"href":"https:\/\/zojopackaging.com\/it\/wp-json\/wp\/v2\/product\/2687","targetHints":{"allow":["GET"]}}],"collection":[{"href":"https:\/\/zojopackaging.com\/it\/wp-json\/wp\/v2\/product"}],"about":[{"href":"https:\/\/zojopackaging.com\/it\/wp-json\/wp\/v2\/types\/product"}],"version-history":[{"count":2,"href":"https:\/\/zojopackaging.com\/it\/wp-json\/wp\/v2\/product\/2687\/revisions"}],"predecessor-version":[{"id":8504,"href":"https:\/\/zojopackaging.com\/it\/wp-json\/wp\/v2\/product\/2687\/revisions\/8504"}],"wp:featuredmedia":[{"embeddable":true,"href":"https:\/\/zojopackaging.com\/it\/wp-json\/wp\/v2\/media\/2692"}],"wp:attachment":[{"href":"https:\/\/zojopackaging.com\/it\/wp-json\/wp\/v2\/media?parent=2687"}],"wp:term":[{"taxonomy":"product_brand","embeddable":true,"href":"https:\/\/zojopackaging.com\/it\/wp-json\/wp\/v2\/product_brand?post=2687"},{"taxonomy":"product_cat","embeddable":true,"href":"https:\/\/zojopackaging.com\/it\/wp-json\/wp\/v2\/product_cat?post=2687"},{"taxonomy":"product_tag","embeddable":true,"href":"https:\/\/zojopackaging.com\/it\/wp-json\/wp\/v2\/product_tag?post=2687"}],"curies":[{"name":"wp","href":"https:\/\/api.w.org\/{rel}","templated":true}]}}