{"id":2703,"date":"2024-03-12T17:08:41","date_gmt":"2024-03-12T09:08:41","guid":{"rendered":"https:\/\/zojopackaging.com\/?post_type=product&#038;p=2703"},"modified":"2025-03-28T20:06:21","modified_gmt":"2025-03-28T12:06:21","slug":"custom-e-cigarette-cardboard-box","status":"publish","type":"product","link":"https:\/\/zojopackaging.com\/it\/product\/custom-e-cigarette-cardboard-box\/","title":{"rendered":"Scatola di cartone per sigarette elettroniche personalizzata Produttori"},"content":{"rendered":"<h1>Scatola di cartone per sigarette elettroniche personalizzata Produttori<\/h1>\n<p>Vi presentiamo la nostra scatola di cartone per sigarette elettroniche personalizzata: la soluzione di imballaggio perfetta per valorizzare il vostro marchio di sigarette elettroniche.<\/p>\n<p>Il materiale di cartone di alta qualit\u00e0 garantisce la durata nel tempo, salvaguardando le sigarette elettroniche da eventuali danni durante il trasporto e la conservazione. La personalizzazione di queste scatole \u00e8 ci\u00f2 che le distingue. \u00c8 possibile scegliere tra un'ampia gamma di colori, finiture e opzioni di stampa per creare una scatola in linea con l'identit\u00e0 unica del proprio marchio.<br \/>\nChe preferiate un look elegante e moderno o un design pi\u00f9 elaborato, il nostro team di esperti lavorer\u00e0 a stretto contatto con voi per dare vita alla vostra visione. Aggiungete il logo del vostro marchio, le informazioni sul prodotto e una grafica accattivante per far risaltare le vostre sigarette elettroniche sugli scaffali.<\/p>\n<p>La scatola di cartone personalizzata per sigarette elettroniche non solo protegge il vostro prodotto, ma funge anche da strumento di marketing. Il suo design accattivante attira gli sguardi dei consumatori, aumentando la consapevolezza del marchio e promuovendo le vendite.<\/p>\n<p>Siamo consapevoli dell'importanza della qualit\u00e0 e dell'attenzione ai dettagli. Ogni scatola \u00e8 realizzata con precisione per garantire una perfetta vestibilit\u00e0 dei dispositivi e degli accessori per sigarette elettroniche.<\/p>\n<h1><strong>Specifiche<\/strong><\/h1>\n<table style=\"height: 456px;\" width=\"1153\">\n<tbody>\n<tr>\n<td width=\"373\">Dimensioni<\/td>\n<td width=\"373\">Tutte le dimensioni e le forme personalizzate<\/td>\n<\/tr>\n<tr>\n<td width=\"373\">Stampa<\/td>\n<td width=\"373\">CMYK, PMS, Senza stampa<\/td>\n<\/tr>\n<tr>\n<td width=\"373\">Carta da giornale<\/td>\n<td width=\"373\">Da 10pt a 28pt (da 60lb a 400lb) Kraft ecologico, ondulato E-flute, Bux Board, cartoncino<\/td>\n<\/tr>\n<tr>\n<td width=\"373\">Quantit\u00e0<\/td>\n<td width=\"373\">500- 500,000<\/td>\n<\/tr>\n<tr>\n<td width=\"373\">Rivestimento<\/td>\n<td width=\"373\">Lucido, opaco, spot UV<\/td>\n<\/tr>\n<tr>\n<td width=\"373\">Processo predefinito<\/td>\n<td width=\"373\">Fustellatura, incollaggio, incisione, perforazione<\/td>\n<\/tr>\n<tr>\n<td width=\"373\">Opzioni<\/td>\n<td width=\"373\">Ritaglio di finestra personalizzato, smerigliatura oro\/argento, goffratura, inchiostro a rilievo, foglio in PVC.<\/td>\n<\/tr>\n<tr>\n<td width=\"373\">Prova<\/td>\n<td width=\"373\">Vista piana, Mock-up 3D, Campionatura fisica (su richiesta)<\/td>\n<\/tr>\n<tr>\n<td width=\"373\">Tempo di risposta<\/td>\n<td width=\"373\">7-14 giorni lavorativi, Rush<\/td>\n<\/tr>\n<tr>\n<td width=\"373\">MOQ<\/td>\n<td width=\"373\">500<\/td>\n<\/tr>\n<tr>\n<td width=\"373\">Tempo di campionamento<\/td>\n<td width=\"373\">3-5 giorni<\/td>\n<\/tr>\n<tr>\n<td width=\"373\">Termine di pagamento<\/td>\n<td width=\"373\">T\/T, Western Union, Paypal, 30% deposito e 70% equilibrio prima della spedizione.<\/td>\n<\/tr>\n<\/tbody>\n<\/table>\n<div class=\"widget block block-static-block\">\n<div class=\"landing-page-section option-bottom\">\n<div class=\"custom-materials-tabs-content container container-adjustment\">\n<div class=\"custom-materials-tab-content active\">\n<div class=\"widget block block-static-block\">\n<div class=\"options-items\">\n<div class=\"flex-grid-row-option\">\n<div class=\"flex-grid-item-option\">\n<div class=\"material-box\">\n<div class=\"material-des\">\n<p>&nbsp;<\/p>\n<\/div>\n<p>&nbsp;<\/p>\n<\/div>\n<\/div>\n<\/div>\n<\/div>\n<p><!---end of option item--><\/p>\n<\/div>\n<\/div>\n<\/div>\n<\/div>\n<\/div>","protected":false},"excerpt":{"rendered":"<p>Sia che stiate confezionando penne da svapo, sigarette elettroniche monouso o dispositivi ricaricabili, le nostre scatole offrono una conservazione sicura e un imballaggio resistente per mantenere i vostri prodotti in forma.<\/p>\n<p>Tipo di materiale: Eco-compatibile, con certificazione FSC\/ISO\/BSCI<br \/>\nTempo di produzione: Campione 1-3 giorni; rinfusa 7-9 giorni<br \/>\nTempi di spedizione: Espresso 3-7 giorni; Aria 12-16 giorni; Barca 25-30 giorni (i paesi hanno tempi diversi).<\/p>\n<p>Prezzo: Contattateci per inviare una richiesta!<\/p>","protected":false},"featured_media":2709,"template":"","meta":[],"product_brand":[],"product_cat":[30,420,430],"product_tag":[853,817,332],"class_list":{"0":"post-2703","1":"product","2":"type-product","3":"status-publish","4":"has-post-thumbnail","6":"product_cat-by-industry","7":"product_cat-custom-cannabis-boxes","8":"product_cat-folding-cartons","9":"product_tag-box-supplier","10":"product_tag-custom-box","11":"product_tag-e-cigarette-cardboard-box","13":"first","14":"instock","15":"shipping-taxable","16":"product-type-grouped"},"_links":{"self":[{"href":"https:\/\/zojopackaging.com\/it\/wp-json\/wp\/v2\/product\/2703","targetHints":{"allow":["GET"]}}],"collection":[{"href":"https:\/\/zojopackaging.com\/it\/wp-json\/wp\/v2\/product"}],"about":[{"href":"https:\/\/zojopackaging.com\/it\/wp-json\/wp\/v2\/types\/product"}],"version-history":[{"count":2,"href":"https:\/\/zojopackaging.com\/it\/wp-json\/wp\/v2\/product\/2703\/revisions"}],"predecessor-version":[{"id":8506,"href":"https:\/\/zojopackaging.com\/it\/wp-json\/wp\/v2\/product\/2703\/revisions\/8506"}],"wp:featuredmedia":[{"embeddable":true,"href":"https:\/\/zojopackaging.com\/it\/wp-json\/wp\/v2\/media\/2709"}],"wp:attachment":[{"href":"https:\/\/zojopackaging.com\/it\/wp-json\/wp\/v2\/media?parent=2703"}],"wp:term":[{"taxonomy":"product_brand","embeddable":true,"href":"https:\/\/zojopackaging.com\/it\/wp-json\/wp\/v2\/product_brand?post=2703"},{"taxonomy":"product_cat","embeddable":true,"href":"https:\/\/zojopackaging.com\/it\/wp-json\/wp\/v2\/product_cat?post=2703"},{"taxonomy":"product_tag","embeddable":true,"href":"https:\/\/zojopackaging.com\/it\/wp-json\/wp\/v2\/product_tag?post=2703"}],"curies":[{"name":"wp","href":"https:\/\/api.w.org\/{rel}","templated":true}]}}