{"id":2794,"date":"2024-03-13T13:45:24","date_gmt":"2024-03-13T05:45:24","guid":{"rendered":"https:\/\/zojopackaging.com\/?post_type=product&#038;p=2794"},"modified":"2025-03-28T10:49:06","modified_gmt":"2025-03-28T02:49:06","slug":"custom-printed-e-cigarette-packaging-boxes","status":"publish","type":"product","link":"https:\/\/zojopackaging.com\/it\/product\/custom-printed-e-cigarette-packaging-boxes\/","title":{"rendered":"Scatola d'imballaggio per concentrati di cannabis con marchio personalizzato all'ingrosso"},"content":{"rendered":"<h1 class=\"LC20lb MBeuO DKV0Md\">Scatola d'imballaggio per concentrati di cannabis con marchio personalizzato all'ingrosso<\/h1>\n<p>Scatole per il confezionamento di concentrati di cannabis con marchio personalizzato all'ingrosso a prezzi convenienti. Ottenete le vostre scatole per sigarette elettroniche stampate con spedizione gratuita in tutti gli Stati Uniti.<\/p>\n<p><strong>Su misura per la perfezione<\/strong><br \/>\nIl nostro packaging \u00e8 completamente personalizzabile per soddisfare le esigenze del vostro marchio. Avete la libert\u00e0 di scegliere tra un'ampia gamma di colori, motivi e finiture per creare una confezione che rifletta veramente l'identit\u00e0 del vostro marchio e catturi gli sguardi dei consumatori.<br \/>\n<strong>Protezione superiore<\/strong><br \/>\nCostruito con materiali di alta qualit\u00e0, l'imballaggio del tubo da svapo garantisce la sicurezza delle vostre sigarette elettroniche. Proteggono da danni, umidit\u00e0 ed elementi esterni, mantenendo i vostri prodotti in condizioni perfette fino a quando non arrivano nelle mani dei vostri clienti.<br \/>\n<strong>Compatto e portatile<\/strong><br \/>\nIl design elegante e tubolare della confezione la rende estremamente comoda e portatile. Si adatta facilmente a tasche, borse o borsette, consentendo ai vapers di portare con s\u00e9 le loro sigarette elettroniche preferite ovunque vadano.<br \/>\n<strong>Esperienza utente migliorata<\/strong><br \/>\nIl meccanismo di apertura e chiusura del tubo consente di accedere senza problemi al dispositivo di svapo. Non si tratta solo di confezionare, ma di aggiungere valore all'esperienza complessiva dell'utente.<br \/>\n<strong>Opzioni versatili<\/strong><br \/>\nChe si tratti di una singola sigaretta elettronica o di un kit completo da confezionare, le nostre confezioni personalizzate per tubi da svapo offrono soluzioni versatili per soddisfare la vostra gamma di prodotti.<\/p>\n<h1><strong>Specifiche<\/strong><\/h1>\n<div class=\"widget block block-static-block\">\n<div class=\"landing-page-section option-bottom\">\n<div class=\"custom-materials-tabs-content container container-adjustment\">\n<div class=\"custom-materials-tab-content active\">\n<div class=\"widget block block-static-block\">\n<div class=\"options-items\">\n<div class=\"flex-grid-row-option\">\n<div class=\"flex-grid-item-option\">\n<div class=\"material-box\">\n<div class=\"material-des\">\n<table class=\"table table-striped\" width=\"1140\">\n<tbody>\n<tr class=\"firstRow\">\n<td>Dimensioni<\/td>\n<td>Tutte le dimensioni e le forme personalizzate<\/td>\n<\/tr>\n<tr>\n<td>Stampa<\/td>\n<td>CMYK, PMS, Senza stampa<\/td>\n<\/tr>\n<tr>\n<td>Carta da giornale<\/td>\n<td>Da 10pt a 28pt (da 60lb a 400lb) Kraft ecologico, ondulato E-flute, Bux Board, cartoncino<\/td>\n<\/tr>\n<tr>\n<td>Quantit\u00e0<\/td>\n<td>500 - 500,000<\/td>\n<\/tr>\n<tr>\n<td>Rivestimento<\/td>\n<td>Lucido, opaco, spot UV<\/td>\n<\/tr>\n<tr>\n<td>Processo predefinito<\/td>\n<td>Fustellatura, incollaggio, incisione, perforazione<\/td>\n<\/tr>\n<tr>\n<td>Opzioni<\/td>\n<td>Ritaglio di finestra personalizzato, smerigliatura oro\/argento, goffratura, inchiostro a rilievo, foglio in PVC.<\/td>\n<\/tr>\n<tr>\n<td>Prova<\/td>\n<td>Vista piana, Mock-up 3D, Campionatura fisica (su richiesta)<\/td>\n<\/tr>\n<tr>\n<td>Tempo di risposta<\/td>\n<td>7-14 giorni lavorativi, Rush<\/td>\n<\/tr>\n<tr>\n<td>MOQ<\/td>\n<td>500<\/td>\n<\/tr>\n<\/tbody>\n<\/table>\n<\/div>\n<p>&nbsp;<\/p>\n<\/div>\n<\/div>\n<\/div>\n<\/div>\n<\/div>\n<\/div>\n<\/div>\n<\/div>\n<\/div>","protected":false},"excerpt":{"rendered":"<p>1. Scatola con chiusura magnetica, design con magnete incorporato per evitare l'usura esterna, visivamente pi\u00f9 semplice, in grado di evidenziare maggiormente le caratteristiche del prodotto.<br \/>\n2. Varie dimensioni possono essere personalizzate in base al prodotto, adatte all'imballaggio di vari concentrati di cannabis.<br \/>\n3. tecnologia della lamina d'oro a caldo, che conferisce all'imballaggio un senso di lusso e una presentazione visiva di alta qualit\u00e0<\/p>","protected":false},"featured_media":6397,"template":"","meta":[],"product_brand":[],"product_cat":[30,420,424,31],"product_tag":[750,751,752],"class_list":{"0":"post-2794","1":"product","2":"type-product","3":"status-publish","4":"has-post-thumbnail","6":"product_cat-by-industry","7":"product_cat-custom-cannabis-boxes","8":"product_cat-magnetic-closure-boxes","9":"product_cat-paper-box-style","10":"product_tag-concentrate-packaging","11":"product_tag-concentrate-packaging-box","12":"product_tag-concentrate-packaging-box-wholesale","14":"first","15":"instock","16":"shipping-taxable","17":"product-type-grouped"},"_links":{"self":[{"href":"https:\/\/zojopackaging.com\/it\/wp-json\/wp\/v2\/product\/2794","targetHints":{"allow":["GET"]}}],"collection":[{"href":"https:\/\/zojopackaging.com\/it\/wp-json\/wp\/v2\/product"}],"about":[{"href":"https:\/\/zojopackaging.com\/it\/wp-json\/wp\/v2\/types\/product"}],"version-history":[{"count":2,"href":"https:\/\/zojopackaging.com\/it\/wp-json\/wp\/v2\/product\/2794\/revisions"}],"predecessor-version":[{"id":8438,"href":"https:\/\/zojopackaging.com\/it\/wp-json\/wp\/v2\/product\/2794\/revisions\/8438"}],"wp:featuredmedia":[{"embeddable":true,"href":"https:\/\/zojopackaging.com\/it\/wp-json\/wp\/v2\/media\/6397"}],"wp:attachment":[{"href":"https:\/\/zojopackaging.com\/it\/wp-json\/wp\/v2\/media?parent=2794"}],"wp:term":[{"taxonomy":"product_brand","embeddable":true,"href":"https:\/\/zojopackaging.com\/it\/wp-json\/wp\/v2\/product_brand?post=2794"},{"taxonomy":"product_cat","embeddable":true,"href":"https:\/\/zojopackaging.com\/it\/wp-json\/wp\/v2\/product_cat?post=2794"},{"taxonomy":"product_tag","embeddable":true,"href":"https:\/\/zojopackaging.com\/it\/wp-json\/wp\/v2\/product_tag?post=2794"}],"curies":[{"name":"wp","href":"https:\/\/api.w.org\/{rel}","templated":true}]}}