{"id":2804,"date":"2024-03-13T13:50:29","date_gmt":"2024-03-13T05:50:29","guid":{"rendered":"https:\/\/zojopackaging.com\/?post_type=product&#038;p=2804"},"modified":"2025-03-24T19:11:58","modified_gmt":"2025-03-24T11:11:58","slug":"custom-vape-cartridge-packaging","status":"publish","type":"product","link":"https:\/\/zojopackaging.com\/it\/product\/custom-vape-cartridge-packaging\/","title":{"rendered":"Premium Custom Vape Vaporizer Cartuccia Packaging all'ingrosso"},"content":{"rendered":"<h1>Imballaggio personalizzato per cartucce da svapo<\/h1>\n<p>Con la crescente necessit\u00e0 della popolazione mondiale, molte aziende sono state fondate per soddisfare la domanda, e tra queste la produzione di vape \u00e8 un nome importante. Con cos\u00ec tante aziende che producono lo stesso prodotto, diventa difficile attirare l'attenzione e competere con i concorrenti. Con noi non dovrete pi\u00f9 preoccuparvi di questo problema. Siamo un'azienda composta da dipendenti qualificati e siamo specializzati nella produzione di imballaggi personalizzati. Tutto ci\u00f2 che dovete fare \u00e8 presentarci la vostra idea e noi ci occuperemo del resto.<\/p>\n<h1>Cosa offriamo nel confezionamento di cartucce da svapo personalizzate:<\/h1>\n<p>Da anni forniamo i nostri servizi ai nostri stimati clienti e abbiamo gi\u00e0 lavorato su molti imballaggi personalizzati come imballaggi in cartone per cartucce da svapo, cartucce da svapo stampate su misura, imballaggi per olio da svapo e imballaggi per svapo. Ma non ci fermiamo qui: continuiamo a fornire servizi a molti dei nostri clienti. Offriamo anche un supporto gratuito alla progettazione a tutti i nostri clienti. Abbiamo una grande esperienza nel nostro campo: presentateci la vostra idea e ci occuperemo anche delle dimensioni e del dimensionamento.<\/p>\n<h1>Scatola d'imballaggio personalizzata per sigarette elettroniche<\/h1>\n<p>Nel mondo delle sigarette elettroniche, ci sono molti marchi sul mercato con cui competere. Ecco perch\u00e9 un look di classe \u00e8 diventato obbligatorio per sopravvivere alla concorrenza. Le soluzioni di confezionamento personalizzate per sigarette elettroniche svolgono un ruolo significativo a questo proposito. Queste scatole aumentano la visibilit\u00e0 dei prodotti, mettendo in evidenza il vostro marchio sul mercato. Le scatole di cartone per sigarette elettroniche personalizzate sono il modo migliore per preservarne la qualit\u00e0. Sono progettate per soddisfare le aspettative dei clienti e le attuali tendenze del mercato. Custom Boxes \u00e8 uno dei maggiori produttori all'ingrosso in grado di fornire scatole di alta qualit\u00e0 a prezzi convenienti.<\/p>\n<h1>Materiale resistente per la protezione 100%<\/h1>\n<p>Produciamo scatole per la conservazione delle sigarette elettroniche a partire da scatole di cartone o Kraft della migliore qualit\u00e0. Il materiale \u00e8 abbastanza resistente e robusto da garantire la massima protezione del prodotto. Li mantiene al sicuro durante il passaggio, lo stoccaggio e l'esposizione. \u00c8 possibile personalizzare lo spessore della scatola in base alla delicatezza dei vostri preziosi prodotti. Un aspetto cos\u00ec esuberante delle scatole per sigarette elettroniche personalizzate all'ingrosso fa risaltare i vostri prodotti sugli scaffali dei negozi.<\/p>\n<h1>Il materiale che usiamo per gli imballaggi<\/h1>\n<p>La scelta del materiale che utilizziamo per i nostri imballaggi personalizzati \u00e8 totalmente a vostra discrezione, sia che vogliate utilizzare materiale cartaceo pesante o semplice cartone. Il nostro obiettivo \u00e8 quello di presentarvi un prodotto finale della migliore qualit\u00e0.<\/p>\n<h1><strong>Specifiche<\/strong><\/h1>\n<table style=\"height: 456px;\" width=\"1153\">\n<tbody>\n<tr>\n<td width=\"373\">Dimensioni<\/td>\n<td width=\"373\">Tutte le dimensioni e le forme personalizzate<\/td>\n<\/tr>\n<tr>\n<td width=\"373\">Stampa<\/td>\n<td width=\"373\">CMYK, PMS, Senza stampa<\/td>\n<\/tr>\n<tr>\n<td width=\"373\">Carta da giornale<\/td>\n<td width=\"373\">Da 10pt a 28pt (da 60lb a 400lb) Kraft ecologico, ondulato E-flute, Bux Board, cartoncino<\/td>\n<\/tr>\n<tr>\n<td width=\"373\">Quantit\u00e0<\/td>\n<td width=\"373\">500- 500,000<\/td>\n<\/tr>\n<tr>\n<td width=\"373\">Rivestimento<\/td>\n<td width=\"373\">Lucido, opaco, spot UV<\/td>\n<\/tr>\n<tr>\n<td width=\"373\">Processo predefinito<\/td>\n<td width=\"373\">Fustellatura, incollaggio, incisione, perforazione<\/td>\n<\/tr>\n<tr>\n<td width=\"373\">Opzioni<\/td>\n<td width=\"373\">Ritaglio di finestra personalizzato, smerigliatura oro\/argento, goffratura, inchiostro a rilievo, foglio in PVC.<\/td>\n<\/tr>\n<tr>\n<td width=\"373\">Prova<\/td>\n<td width=\"373\">Vista piana, Mock-up 3D, Campionatura fisica (su richiesta)<\/td>\n<\/tr>\n<tr>\n<td width=\"373\">Tempo di risposta<\/td>\n<td width=\"373\">7-14 giorni lavorativi, Rush<\/td>\n<\/tr>\n<tr>\n<td width=\"373\">MOQ<\/td>\n<td width=\"373\">500<\/td>\n<\/tr>\n<tr>\n<td width=\"373\">Tempo di campionamento<\/td>\n<td width=\"373\">\u00a05 giorni<\/td>\n<\/tr>\n<tr>\n<td width=\"373\">Termine di pagamento<\/td>\n<td width=\"373\">T\/T, Western Union, Paypal, 30% deposito e 70% equilibrio prima della spedizione.<\/td>\n<\/tr>\n<\/tbody>\n<\/table>\n<div class=\"widget block block-static-block\">\n<div class=\"landing-page-section option-bottom\">\n<div class=\"custom-materials-tabs-content container container-adjustment\">\n<div class=\"custom-materials-tab-content active\">\n<div class=\"widget block block-static-block\">\n<p><!---end of option item--><\/p>\n<\/div>\n<\/div>\n<\/div>\n<\/div>\n<\/div>","protected":false},"excerpt":{"rendered":"<ul>\n<li>MOQ: 500 pezzi<\/li>\n<li>Termine di consegna: 7-14 giorni lavorativi, Rush<\/li>\n<li>Dimensioni su misura (diametro x altezza)<\/li>\n<li>Stampa personalizzata<\/li>\n<li>Ecologico, riciclabile e senza plastica<\/li>\n<li>Prezzo: Il prezzo finale sar\u00e0 adattato al prodotto e alla quantit\u00e0 richiesta.<\/li>\n<\/ul>","protected":false},"featured_media":2814,"template":"","meta":[],"product_brand":[],"product_cat":[30,431,420,31],"product_tag":[594,593,595],"class_list":{"0":"post-2804","1":"product","2":"type-product","3":"status-publish","4":"has-post-thumbnail","6":"product_cat-by-industry","7":"product_cat-child-resistant-packaging","8":"product_cat-custom-cannabis-boxes","9":"product_cat-paper-box-style","10":"product_tag-custom-vape-packaging","11":"product_tag-vape-cartridge-packaging","12":"product_tag-vape-packaging-wholesale","14":"first","15":"instock","16":"shipping-taxable","17":"product-type-grouped"},"_links":{"self":[{"href":"https:\/\/zojopackaging.com\/it\/wp-json\/wp\/v2\/product\/2804","targetHints":{"allow":["GET"]}}],"collection":[{"href":"https:\/\/zojopackaging.com\/it\/wp-json\/wp\/v2\/product"}],"about":[{"href":"https:\/\/zojopackaging.com\/it\/wp-json\/wp\/v2\/types\/product"}],"version-history":[{"count":2,"href":"https:\/\/zojopackaging.com\/it\/wp-json\/wp\/v2\/product\/2804\/revisions"}],"predecessor-version":[{"id":8119,"href":"https:\/\/zojopackaging.com\/it\/wp-json\/wp\/v2\/product\/2804\/revisions\/8119"}],"wp:featuredmedia":[{"embeddable":true,"href":"https:\/\/zojopackaging.com\/it\/wp-json\/wp\/v2\/media\/2814"}],"wp:attachment":[{"href":"https:\/\/zojopackaging.com\/it\/wp-json\/wp\/v2\/media?parent=2804"}],"wp:term":[{"taxonomy":"product_brand","embeddable":true,"href":"https:\/\/zojopackaging.com\/it\/wp-json\/wp\/v2\/product_brand?post=2804"},{"taxonomy":"product_cat","embeddable":true,"href":"https:\/\/zojopackaging.com\/it\/wp-json\/wp\/v2\/product_cat?post=2804"},{"taxonomy":"product_tag","embeddable":true,"href":"https:\/\/zojopackaging.com\/it\/wp-json\/wp\/v2\/product_tag?post=2804"}],"curies":[{"name":"wp","href":"https:\/\/api.w.org\/{rel}","templated":true}]}}