{"id":2978,"date":"2024-03-14T11:11:44","date_gmt":"2024-03-14T03:11:44","guid":{"rendered":"https:\/\/zojopackaging.com\/?post_type=product&#038;p=2978"},"modified":"2025-04-03T17:07:53","modified_gmt":"2025-04-03T09:07:53","slug":"customized-perfume-card-box","status":"publish","type":"product","link":"https:\/\/zojopackaging.com\/it\/product\/customized-perfume-card-box\/","title":{"rendered":"Personalizzato Parfum scatola di cartone Fornitore in Cina"},"content":{"rendered":"<h1>Personalizzato Parfum scatola di cartone Fornitore in Cina<\/h1>\n<p>Vi presentiamo la nostra lussuosa Perfume Card Box, un modo unico ed elegante per conservare e mostrare le vostre fragranze preferite. Questa raffinata scatola \u00e8 progettata per contenere fino a 6 carte profumo, consentendovi di portare con voi i vostri profumi preferiti ovunque andiate.<\/p>\n<p>Realizzata con materiali di alta qualit\u00e0, la nostra Perfume Card Box presenta un design elegante e sofisticato che emana lusso. L'interno \u00e8 rivestito di morbido velluto per proteggere le carte dei profumi da graffi e danni, mentre l'esterno \u00e8 ornato da un bellissimo motivo che aggiunge un tocco di glamour alla vostra collezione.<\/p>\n<p>Sia che siate in viaggio o che vogliate semplicemente tenere organizzati i vostri profumi a casa, la nostra Perfume Card Box \u00e8 l'accessorio perfetto per ogni appassionato di fragranze. Regalatevi o sorprendete una persona cara con questo elegante e pratico cofanetto che unisce funzionalit\u00e0 ed eleganza.<\/p>\n<p>Sperimentate il massimo del lusso nella conservazione dei profumi con la nostra Perfume Card Box, perch\u00e9 i vostri profumi preferiti meritano di essere messi in mostra con stile.<\/p>\n<h1><strong>Specifiche<\/strong><\/h1>\n<div class=\"widget block block-static-block\">\n<div class=\"landing-page-section option-bottom\">\n<div class=\"custom-materials-tabs-content container container-adjustment\">\n<div class=\"custom-materials-tab-content active\">\n<div class=\"widget block block-static-block\">\n<div class=\"options-items\">\n<div class=\"flex-grid-row-option\">\n<div class=\"flex-grid-item-option\">\n<div class=\"material-box\">\n<div class=\"material-des\">\n<table width=\"1070\">\n<tbody>\n<tr>\n<td width=\"373\">Dimensioni<\/td>\n<td width=\"373\">Tutte le dimensioni e le forme personalizzate<\/td>\n<\/tr>\n<tr>\n<td width=\"373\">MOQ<\/td>\n<td width=\"373\">500 pezzi<\/td>\n<\/tr>\n<tr>\n<td width=\"373\">Tempo di campionamento<\/td>\n<td width=\"373\">3-5 giorni<\/td>\n<\/tr>\n<tr>\n<td width=\"373\">Processo predefinito<\/td>\n<td width=\"373\">Fustellatura, incollaggio, incisione, perforazione<\/td>\n<\/tr>\n<tr>\n<td width=\"373\">Stampa<\/td>\n<td width=\"373\">Cmyk, pms, nessuna stampa<\/td>\n<\/tr>\n<tr>\n<td width=\"373\">Opzione materiale<\/td>\n<td width=\"373\">Carta di cartone bianca, carta patinata, carta patinata, carta kraft, cartone avorio, cartone duplex, carta speciale, ecc.<\/td>\n<\/tr>\n<tr>\n<td width=\"373\">Finitura delle superfici<\/td>\n<td width=\"373\">Laminazione opaca\/lucida, goffratura UV Spot, goffratura, stampaggio a lamina ecc.<\/td>\n<\/tr>\n<tr>\n<td width=\"373\">Uso industriale<\/td>\n<td width=\"373\">cosmetici, profumi, indumenti, gioielli, tabacco, alimenti, prodotti di consumo quotidiano,<\/td>\n<\/tr>\n<tr>\n<td width=\"373\">Controllo qualit\u00e0<\/td>\n<td width=\"373\">L'attrezzatura avanzata e il team esperto del controllo di qualit\u00e0 controlleranno il materiale, i semilavorati e i prodotti finiti rigorosamente in ogni fase prima di<\/td>\n<\/tr>\n<tr>\n<td width=\"373\">Prezzo<\/td>\n<td width=\"373\">Il prezzo finale sar\u00e0 personalizzato in base al prodotto e alla quantit\u00e0 richiesta.<\/td>\n<\/tr>\n<tr>\n<td width=\"373\">Tempo di rotazione<\/td>\n<td width=\"373\">7-14 giorni lavorativi, urgente<\/td>\n<\/tr>\n<tr>\n<td width=\"373\">Carta da giornale<\/td>\n<td width=\"373\">Da 10pt a 28pt (da 60lb a 400lb) Kraft ecologico, ondulato e-flute, bux board, cartoncino<\/td>\n<\/tr>\n<tr>\n<td width=\"373\">Formato dell'opera d'arte<\/td>\n<td width=\"373\">JPG, PDF, AI, CDR, EPS, GIF....<\/td>\n<\/tr>\n<tr>\n<td width=\"373\">Accessori<\/td>\n<td width=\"373\">Magnete, nastro, forma EVA, vassoio di plastica, spugna, finestra in PVC\/PET\/PP,...<\/td>\n<\/tr>\n<tr>\n<td width=\"373\">Termine di pagamento<\/td>\n<td width=\"373\">T\/T, Western Union, Paypal, 30% deposito e 70% equilibrio prima della spedizione.<\/td>\n<\/tr>\n<\/tbody>\n<\/table>\n<\/div>\n<\/div>\n<\/div>\n<\/div>\n<\/div>\n<\/div>\n<\/div>\n<\/div>\n<\/div>\n<\/div>\n<div class=\"widget block block-static-block\">\n<div class=\"landing-page-section option-bottom\">\n<div class=\"custom-materials-tabs-content container container-adjustment\">\n<div class=\"custom-materials-tab-content active\">\n<div class=\"widget block block-static-block\">\n<div class=\"options-items\">\n<div class=\"flex-grid-row-option\">\n<div class=\"flex-grid-item-option\">\n<div class=\"material-box\">\n<p>&nbsp;<\/p>\n<\/div>\n<\/div>\n<\/div>\n<\/div>\n<p><!---end of option item--><\/p>\n<\/div>\n<\/div>\n<\/div>\n<\/div>\n<\/div>","protected":false},"excerpt":{"rendered":"<p>ZOJO Print \u00e8 un produttore di scatole per profumi personalizzate in Cina, leader nel settore per la fornitura di confezioni per profumi di classe mondiale a prezzi accessibili.<\/p>\n<p>Tipo di materiale: Eco-compatibile, con certificazione FSC\/ISO\/BSCI<br \/>\nTempo di produzione: Campione 1-3 giorni; rinfusa 7-9 giorni<br \/>\nTempi di spedizione: Espresso 3-7 giorni; Aria 12-16 giorni; Barca 25-30 giorni (i paesi hanno tempi diversi).<\/p>\n<p>Prezzo: Contattateci per inviare una richiesta!<\/p>","protected":false},"featured_media":2983,"template":"","meta":[],"product_brand":[],"product_cat":[30,417,430,31],"product_tag":[243,330,230],"class_list":{"0":"post-2978","1":"product","2":"type-product","3":"status-publish","4":"has-post-thumbnail","6":"product_cat-by-industry","7":"product_cat-custom-perfume-boxes-by-industry","8":"product_cat-folding-cartons","9":"product_cat-paper-box-style","10":"product_tag-paper-box-manufacturer","11":"product_tag-perfume-card-box","12":"product_tag-wholesale-packaging-box","14":"first","15":"instock","16":"shipping-taxable","17":"product-type-grouped"},"_links":{"self":[{"href":"https:\/\/zojopackaging.com\/it\/wp-json\/wp\/v2\/product\/2978","targetHints":{"allow":["GET"]}}],"collection":[{"href":"https:\/\/zojopackaging.com\/it\/wp-json\/wp\/v2\/product"}],"about":[{"href":"https:\/\/zojopackaging.com\/it\/wp-json\/wp\/v2\/types\/product"}],"version-history":[{"count":2,"href":"https:\/\/zojopackaging.com\/it\/wp-json\/wp\/v2\/product\/2978\/revisions"}],"predecessor-version":[{"id":8635,"href":"https:\/\/zojopackaging.com\/it\/wp-json\/wp\/v2\/product\/2978\/revisions\/8635"}],"wp:featuredmedia":[{"embeddable":true,"href":"https:\/\/zojopackaging.com\/it\/wp-json\/wp\/v2\/media\/2983"}],"wp:attachment":[{"href":"https:\/\/zojopackaging.com\/it\/wp-json\/wp\/v2\/media?parent=2978"}],"wp:term":[{"taxonomy":"product_brand","embeddable":true,"href":"https:\/\/zojopackaging.com\/it\/wp-json\/wp\/v2\/product_brand?post=2978"},{"taxonomy":"product_cat","embeddable":true,"href":"https:\/\/zojopackaging.com\/it\/wp-json\/wp\/v2\/product_cat?post=2978"},{"taxonomy":"product_tag","embeddable":true,"href":"https:\/\/zojopackaging.com\/it\/wp-json\/wp\/v2\/product_tag?post=2978"}],"curies":[{"name":"wp","href":"https:\/\/api.w.org\/{rel}","templated":true}]}}