{"id":2998,"date":"2024-03-14T11:21:56","date_gmt":"2024-03-14T03:21:56","guid":{"rendered":"https:\/\/zojopackaging.com\/?post_type=product&#038;p=2998"},"modified":"2025-03-29T18:02:58","modified_gmt":"2025-03-29T10:02:58","slug":"folding-card-paper-perfume-boxes","status":"publish","type":"product","link":"https:\/\/zojopackaging.com\/it\/product\/folding-card-paper-perfume-boxes\/","title":{"rendered":"Scatole di cartone pieghevoli personalizzate Scatole di profumo all'ingrosso"},"content":{"rendered":"<h1>Scatole di cartone pieghevoli personalizzate Scatole di profumo all'ingrosso<\/h1>\n<ul>\n<li>Zojoprint Packagings \u00e8 in grado di costruire QUALSIASI cosa per il vostro imballaggio! Campione in bianco gratuito!<\/li>\n<li>100% materiale di carta riciclata per la confezione regalo di carta di lusso<\/li>\n<li>Zojoprint Packaging ha 7000 metri quadrati di factory.Production Capacit\u00e0: 25000 pezzi per una settimana.<\/li>\n<li>Consegna rapida.<\/li>\n<li>Design gratuito, campione gratuito.<\/li>\n<li>Grande e forte capacit\u00e0 di progettazione dell'imballaggio per risparmiare sui costi.<\/li>\n<\/ul>\n<h1><strong>Descrizione dei prodotti:<\/strong><\/h1>\n<table border=\"1\" cellspacing=\"1\" cellpadding=\"1\">\n<tbody>\n<tr>\n<td>Opzioni del materiale<\/td>\n<td>Cartone grigio di 1,5-3mm, carta patinata 128gsm-157gsm, carta bianca della carta 210gsm-400gsm O su misura come vostra richiesta<\/td>\n<\/tr>\n<tr>\n<td>Campione<\/td>\n<td>S\u00ec<\/td>\n<\/tr>\n<tr>\n<td>Opzioni di accessori<\/td>\n<td>Finestra in PVC\/PET, nastro, magnete O come da vostro ordine<\/td>\n<\/tr>\n<tr>\n<td>Colore<\/td>\n<td>Oro\/rosso\/nero\/rosa....\/personalizzato<\/td>\n<\/tr>\n<tr>\n<td>OEM E ODM<\/td>\n<td>Disponibile<\/td>\n<\/tr>\n<tr>\n<td>Logo e finitura della superficie<\/td>\n<td>Serigrafia, stampa a caldo, pittura a colori, pittura a pennello, laminazione opaca\/lucida ecc.<\/td>\n<\/tr>\n<tr>\n<td>Utilizzo<\/td>\n<td>profumo, cura della pelle, sanit\u00e0 personale, imballaggio del regalo ecc.<\/td>\n<\/tr>\n<tr>\n<td>Stampa<\/td>\n<td>Stampa offset a colori CMYK, qualsiasi colore PMS<\/td>\n<\/tr>\n<tr>\n<td>Prezzo approssimativo<\/td>\n<td>Negoziazione<\/td>\n<\/tr>\n<tr>\n<td><strong>MOQ<\/strong><\/td>\n<td>1000 pezzi<\/td>\n<\/tr>\n<tr>\n<td>Termine di pagamento<\/td>\n<td>30%deposit by T\/T Before Production,70% Balance Before Shipment<\/td>\n<\/tr>\n<tr>\n<td>Spedizione<\/td>\n<td>via mare o via aerea come DHL, UPS, Aramex, TNT, FedEx...<\/td>\n<\/tr>\n<tr>\n<td>Tempo di campionamento<\/td>\n<td>7 giorni lavorativi se volete personalizzare il vostro logo, 3 giorni lavorativi per i nostri campioni esistenti per riferimento<\/td>\n<\/tr>\n<tr>\n<td>Tempo di produzione<\/td>\n<td>20 giorni lavorativi<\/td>\n<\/tr>\n<tr>\n<td>\u00a0Imballaggio<\/td>\n<td>Cartone standard per l'esportazione o come cliente consigliare<\/td>\n<\/tr>\n<\/tbody>\n<\/table>\n<h2>Personalizzazione scatole d'imballaggio per profumi Passi<\/h2>\n<p>Noi di Zojoprint siamo specializzati in scatole personalizzate per il confezionamento di profumi. Forniamo assistenza nella progettazione, nella selezione dei modelli di scatole, nella scelta dei materiali, nella lavorazione e nella creazione di campioni. Inoltre, aiutiamo a gestire il processo di produzione fino alla spedizione.<\/p>\n<h3><\/h3>\n<h3>Fase 1: scegliere il tipo di scatola pi\u00f9 adatto alle proprie esigenze<\/h3>\n<p>La scelta del giusto stile di scatola \u00e8 fondamentale per garantire che il packaging soddisfi le vostre esigenze specifiche e metta in mostra i vostri prodotti in modo efficace. Noi di Zojoprint offriamo una vasta gamma di stili di scatole, dal design elegante e moderno alle opzioni classiche ed eleganti. Che preferiate un look semplice e minimalista o uno stile pi\u00f9 intricato e decorativo, abbiamo lo stile di scatola perfetto per completare il vostro marchio e migliorare la presentazione dei vostri prodotti. Il nostro team si impegna ad aiutarvi a trovare lo stile di scatola ideale che non solo rifletta l'identit\u00e0 del vostro marchio, ma fornisca anche una funzionalit\u00e0 pratica per le vostre esigenze di imballaggio.<\/p>\n<p><img fetchpriority=\"high\" decoding=\"async\" class=\"alignnone wp-image-3830 lazyloaded\" src=\"https:\/\/packsolo.com\/wp-content\/uploads\/2024\/04\/boxes-styles.jpg\" alt=\"stili di scatole personalizzate\" width=\"1000\" height=\"1527\" data-src=\"https:\/\/packsolo.com\/wp-content\/uploads\/2024\/04\/boxes-styles.jpg\" data- title=\"\"><\/p>\n<h3><\/h3>\n<h3>Fase 2: Scegliere l'artigianato preferito per personalizzare l'imballaggio<\/h3>\n<p>La scelta dell'artigianato preferito \u00e8 un passo importante per personalizzare il packaging in modo che sia in linea con l'identit\u00e0 del marchio e si rivolga al pubblico di riferimento. Noi di Zojoprint offriamo una variet\u00e0 di opzioni di lavorazione per aggiungere elementi unici e accattivanti al vostro packaging. Che siate interessati a goffratura, sventagliatura, spot UV o altre tecniche specializzate, abbiamo l'esperienza e le capacit\u00e0 per dare vita alla vostra visione. Il nostro team lavorer\u00e0 a stretto contatto con voi per comprendere le vostre esigenze e consigliarvi le migliori opzioni di lavorazione per ottenere l'aspetto e la sensazione desiderati per il vostro packaging. Dall'aggiunta di un tocco di lusso con la stampa su lamina alla creazione di texture e profondit\u00e0 con la goffratura, le nostre lavorazioni migliorano l'estetica complessiva e il fascino del vostro packaging personalizzato.<\/p>\n<p><img decoding=\"async\" class=\"alignnone wp-image-3827 lazyloaded\" src=\"https:\/\/packsolo.com\/wp-content\/uploads\/2024\/04\/logo-effect.jpg\" alt=\"scatole personalizzate artigianali\" width=\"1000\" height=\"529\" data-src=\"https:\/\/packsolo.com\/wp-content\/uploads\/2024\/04\/logo-effect.jpg\" data- title=\"\"><\/p>\n<h3><\/h3>\n<h3>Fase 3: scegliere il materiale cartaceo giusto per l'imballaggio personalizzato<\/h3>\n<p>La scelta del giusto materiale cartaceo \u00e8 essenziale per creare imballaggi personalizzati che non solo siano belli da vedere, ma che offrano anche durata e funzionalit\u00e0. Noi di Zojoprint offriamo un'ampia gamma di materiali cartacei per soddisfare le vostre esigenze e preferenze specifiche. Che siate alla ricerca di opzioni ecologiche come la carta riciclata o di finiture lussuose con carte speciali, abbiamo tutto ci\u00f2 che fa per voi. I nostri esperti possono guidarvi nella scelta del materiale cartaceo ideale che sia in linea con l'immagine del vostro marchio, che migliori la presentazione dei vostri prodotti e che soddisfi le vostre esigenze di budget. Grazie al nostro impegno per la qualit\u00e0 e la sostenibilit\u00e0, potete fidarvi di noi per ottenere soluzioni di imballaggio che lascino un'impressione duratura, riducendo al minimo l'impatto ambientale.<\/p>\n<p><img decoding=\"async\" class=\"alignnone wp-image-3828 lazyloaded\" src=\"https:\/\/packsolo.com\/wp-content\/uploads\/2024\/04\/paper-material.jpg\" alt=\"materiale per scatole personalizzate\" width=\"1000\" height=\"654\" data-src=\"https:\/\/packsolo.com\/wp-content\/uploads\/2024\/04\/paper-material.jpg\" data- title=\"\"><\/p>\n<h3><\/h3>\n<h3>Fase 4: progettazione e produzione dell'imballaggio personalizzato<\/h3>\n<p>Nella fase di progettazione e produzione del vostro viaggio nel packaging personalizzato con Zojoprint, il nostro team collabora strettamente con voi per dare vita alla vostra visione. Iniziamo traducendo le vostre idee e i vostri requisiti in progetti innovativi che catturano l'essenza del vostro marchio e del vostro prodotto. I nostri designer sfruttano la loro esperienza per creare soluzioni di packaging visivamente accattivanti e funzionali, su misura per le vostre specifiche.<\/p>\n<p>Una volta finalizzato il progetto, il nostro team di produzione entra in azione, utilizzando tecnologie all'avanguardia e materiali di alta qualit\u00e0 per produrre il vostro packaging personalizzato con precisione e attenzione ai dettagli. Sia che abbiate bisogno di stampe complesse, goffrature o finiture speciali, ci assicuriamo che ogni aspetto della vostra confezione rifletta la qualit\u00e0 e la professionalit\u00e0 del vostro marchio.<\/p>\n<p>Durante l'intero processo di progettazione e produzione, il nostro obiettivo \u00e8 quello di superare le vostre aspettative e di fornire un packaging che non solo metta in mostra i vostri prodotti in modo eccellente, ma che migliori anche l'immagine del vostro marchio e l'esperienza dei clienti.<\/p>\n<p><img loading=\"lazy\" decoding=\"async\" class=\"alignnone wp-image-3829 lazyloaded\" src=\"https:\/\/packsolo.com\/wp-content\/uploads\/2024\/04\/design-production.jpg\" alt=\"processo delle scatole personalizzate\" width=\"1000\" height=\"659\" data-src=\"https:\/\/packsolo.com\/wp-content\/uploads\/2024\/04\/design-production.jpg\" data- title=\"\"><\/p>\n<p>&nbsp;<\/p>\n<h2>Perch\u00e9 scegliere Zojoprint<\/h2>\n<p>Scegliere Zojoprint per le vostre esigenze di packaging personalizzato offre numerosi vantaggi.<\/p>\n<p><img loading=\"lazy\" decoding=\"async\" class=\"alignnone wp-image-3837 lazyloaded\" src=\"https:\/\/packsolo.com\/wp-content\/uploads\/2024\/04\/packsolo-factory-1500x800-2.jpg\" alt=\"Fabbrica PackSolo\" width=\"1000\" height=\"533\" data-src=\"https:\/\/packsolo.com\/wp-content\/uploads\/2024\/04\/packsolo-factory-1500x800-2.jpg\" data- title=\"\"><\/p>\n<p><img loading=\"lazy\" decoding=\"async\" class=\"alignnone wp-image-3854 lazyloaded\" src=\"https:\/\/packsolo.com\/wp-content\/uploads\/2024\/04\/why-packsolo01.jpg\" alt=\"Perch\u00e9 scegliere PackSolo\" width=\"1000\" height=\"333\" data-src=\"https:\/\/packsolo.com\/wp-content\/uploads\/2024\/04\/why-packsolo01.jpg\" data- title=\"\"><\/p>\n<h3><\/h3>\n<h3>Capacit\u00e0 produttiva della fabbrica<\/h3>\n<p>Il nostro stabilimento vanta capacit\u00e0 produttive eccezionali, dotate di tecnologie all'avanguardia e di personale qualificato per produrre in modo efficiente soluzioni di imballaggio personalizzate di alta qualit\u00e0 che soddisfano le vostre specifiche e superano gli standard del settore.<\/p>\n<p><img loading=\"lazy\" decoding=\"async\" class=\"alignnone wp-image-3844 lazyloaded\" src=\"https:\/\/packsolo.com\/wp-content\/uploads\/2024\/04\/factory-product-ability.jpg\" alt=\"capacit\u00e0 di produzione della fabbrica\" width=\"1000\" height=\"763\" data-src=\"https:\/\/packsolo.com\/wp-content\/uploads\/2024\/04\/factory-product-ability.jpg\" data- title=\"\"><\/p>\n<h3>Le nostre certificazioni<\/h3>\n<p>Zojoprint \u00e8 orgogliosa delle sue certificazioni, che garantiscono che le nostre soluzioni di packaging soddisfino i pi\u00f9 alti standard di qualit\u00e0, sostenibilit\u00e0 e sicurezza. Siamo certificati ISO 9001 per la gestione della qualit\u00e0, FSC per l'approvvigionamento sostenibile, ecc. Queste certificazioni riflettono il nostro impegno verso l'eccellenza e garantiscono ai nostri clienti di ricevere soluzioni di imballaggio di qualit\u00e0 superiore, responsabili dal punto di vista ambientale e conformi alle migliori pratiche del settore.<\/p>\n<p><img loading=\"lazy\" decoding=\"async\" class=\"alignnone wp-image-7289\" src=\"https:\/\/zojopackaging.com\/wp-content\/uploads\/2024\/07\/Zojoprint-Packaging-Box.jpg\" alt=\"Scatola d&#039;imballaggio Zojoprint\" width=\"1057\" height=\"408\" title=\"\" srcset=\"https:\/\/zojopackaging.com\/wp-content\/uploads\/2024\/07\/Zojoprint-Packaging-Box.jpg 1500w, https:\/\/zojopackaging.com\/wp-content\/uploads\/2024\/07\/Zojoprint-Packaging-Box-300x116.jpg 300w, https:\/\/zojopackaging.com\/wp-content\/uploads\/2024\/07\/Zojoprint-Packaging-Box-1030x398.jpg 1030w, https:\/\/zojopackaging.com\/wp-content\/uploads\/2024\/07\/Zojoprint-Packaging-Box-768x296.jpg 768w, https:\/\/zojopackaging.com\/wp-content\/uploads\/2024\/07\/Zojoprint-Packaging-Box-600x232.jpg 600w\" sizes=\"(max-width: 1057px) 100vw, 1057px\" \/><\/p>\n<p>&nbsp;<\/p>\n<h3>Il nostro partner<\/h3>\n<p>Zojoprint \u00e8 orgogliosa di collaborare con marchi leader come Lidl, Walmart e Disneyland. Queste collaborazioni dimostrano la nostra capacit\u00e0 di fornire soluzioni di packaging di altissimo livello, di cui si fidano aziende rinomate nei settori della vendita al dettaglio e dell'intrattenimento. La collaborazione con questi stimati partner riflette il nostro impegno a fornire imballaggi di alta qualit\u00e0, innovativi e personalizzati che soddisfino le diverse esigenze delle aziende in vari settori.<\/p>\n<p><img loading=\"lazy\" decoding=\"async\" class=\"alignnone wp-image-3846 lazyloaded\" src=\"https:\/\/packsolo.com\/wp-content\/uploads\/2024\/04\/cooperate-brand.jpg\" alt=\"Partner\" width=\"1000\" height=\"333\" data-src=\"https:\/\/packsolo.com\/wp-content\/uploads\/2024\/04\/cooperate-brand.jpg\" data- title=\"\"><\/p>\n<h3><\/h3>\n<h3>Spedire in tutto il mondo<\/h3>\n<p>Zojoprint spedisce in tutto il mondo, assicurando una consegna rapida e affidabile dei vostri ordini di packaging personalizzato per qualsiasi destinazione.<\/p>\n<p><img loading=\"lazy\" decoding=\"async\" class=\"alignnone wp-image-3838 lazyloaded\" src=\"https:\/\/packsolo.com\/wp-content\/uploads\/2024\/04\/ship-to-world.jpg\" alt=\"Spedizione in tutto il mondo\" width=\"1000\" height=\"740\" data-src=\"https:\/\/packsolo.com\/wp-content\/uploads\/2024\/04\/ship-to-world.jpg\" data- title=\"\"><\/p>\n<h3>Processo d'ordine<\/h3>\n<p>Consultateci per i dettagli dell'imballaggio, ricevete un'offerta entro 24 ore, confermate con un deposito, approvate il campione e procedete alla produzione e alla consegna.<\/p>\n<p><img loading=\"lazy\" decoding=\"async\" class=\"alignnone wp-image-3847 lazyloaded\" src=\"https:\/\/packsolo.com\/wp-content\/uploads\/2024\/04\/order-process.jpg\" alt=\"processo d&#039;ordine\" width=\"1000\" height=\"512\" data-src=\"https:\/\/packsolo.com\/wp-content\/uploads\/2024\/04\/order-process.jpg\" data- title=\"\"><\/p>\n<p><a href=\"https:\/\/packsolo.com\/contact-us\/\" target=\"_blank\" rel=\"noopener\"><img loading=\"lazy\" decoding=\"async\" class=\"aligncenter wp-image-3836 size-full ls-is-cached lazyloaded\" src=\"https:\/\/packsolo.com\/wp-content\/uploads\/2024\/04\/click.jpg\" alt=\"\" width=\"750\" height=\"100\" data-src=\"https:\/\/packsolo.com\/wp-content\/uploads\/2024\/04\/click.jpg\" data- title=\"\"><\/a><\/p>\n<p>&nbsp;<\/p>\n<p>FAQ:<\/p>\n<p>1. D: Siete un'azienda manifatturiera o commerciale?<br \/>\nA: Siamo una manifattura dell'imballaggio di stampa di 10+ anni a Shenzhen, porcellana<\/p>\n<p>2. D: Come posso ottenere i campioni?<br \/>\nR: Se avete bisogno di alcuni campioni da testare, dovrete pagare il trasporto dei campioni e il nostro costo del campione, mentre il costo del campione pu\u00f2 essere rimborsato dopo aver effettuato l'ordine. Inoltre, pu\u00f2 essere gratuito se \u00e8 facile da produrre.<\/p>\n<p>3. D: Entro quanto tempo posso aspettarmi di ricevere il campione di confezione cosmetica?<br \/>\nR: I campioni saranno pronti per la consegna in 3-7 giorni. I campioni saranno inviati tramite corriere espresso e arriveranno in 3-5 giorni.<\/p>\n<p>4. D: Possiamo far stampare il nostro logo o il nome della nostra azienda sui vostri prodotti o sulle vostre confezioni?<br \/>\nR: Certo. Il vostro logo pu\u00f2 essere applicato ai vostri prodotti mediante stampa a caldo, stampa, goffratura, rivestimento UV, serigrafia o adesivo.<\/p>\n<p>5. D: Come ordinare?<\/p>\n<p>R: Inviateci l'ordine d'acquisto via e-mail o chiedeteci di inviarvi una fattura Performa per il vostro ordine. Abbiamo bisogno di conoscere le seguenti informazioni per il vostro ordine.<\/p>\n<p>1) Informazioni sul prodotto, specifiche (dimensioni, materiali, requisiti tecnologici e di imballaggio, ecc.)<br \/>\n2) Tempi di consegna richiesti<br \/>\n3) Informazioni sulla spedizione: nome dell'azienda, indirizzo, numero di telefono e fax, porto di destinazione.<br \/>\n4) I dati di contatto dello spedizioniere, se presente in Cina.<\/p>\n<div class=\"widget block block-static-block\">\n<div class=\"landing-page-section option-bottom\">\n<div class=\"custom-materials-tabs-content container container-adjustment\">\n<div class=\"custom-materials-tab-content active\">\n<div class=\"widget block block-static-block\">\n<p><!---end of option item--><\/p>\n<\/div>\n<\/div>\n<\/div>\n<\/div>\n<\/div>","protected":false},"excerpt":{"rendered":"<p>Siamo specializzati in scatole personalizzate per il confezionamento di profumi. Forniamo assistenza per la progettazione, la selezione di stili di scatole, la scelta dei materiali, la lavorazione e la creazione di campioni.<\/p>\n<p>Personalizzazione: Pu\u00f2 personalizzare dimensioni\/stampa\/materiale\/finitura\/forma ecc.<br \/>\nTipo di materiale: Eco-compatibile, con certificazione FSC\/ISO\/BSCI<br \/>\nTempo di produzione: Campione 1-3 giorni; rinfusa 7-9 giorni<br \/>\nTempi di spedizione: Espresso 3-7 giorni; Aria 12-16 giorni; Barca 25-30 giorni (i paesi hanno tempi diversi).<\/p>\n<p>Prezzo: Contattateci per inviare una richiesta!<\/p>","protected":false},"featured_media":3004,"template":"","meta":[],"product_brand":[],"product_cat":[30,417,430,31],"product_tag":[817,915,916],"class_list":{"0":"post-2998","1":"product","2":"type-product","3":"status-publish","4":"has-post-thumbnail","6":"product_cat-by-industry","7":"product_cat-custom-perfume-boxes-by-industry","8":"product_cat-folding-cartons","9":"product_cat-paper-box-style","10":"product_tag-custom-box","11":"product_tag-folding-carton-wholesale","12":"product_tag-perfume-box-whosale","14":"first","15":"instock","16":"shipping-taxable","17":"product-type-grouped"},"_links":{"self":[{"href":"https:\/\/zojopackaging.com\/it\/wp-json\/wp\/v2\/product\/2998","targetHints":{"allow":["GET"]}}],"collection":[{"href":"https:\/\/zojopackaging.com\/it\/wp-json\/wp\/v2\/product"}],"about":[{"href":"https:\/\/zojopackaging.com\/it\/wp-json\/wp\/v2\/types\/product"}],"version-history":[{"count":2,"href":"https:\/\/zojopackaging.com\/it\/wp-json\/wp\/v2\/product\/2998\/revisions"}],"predecessor-version":[{"id":8645,"href":"https:\/\/zojopackaging.com\/it\/wp-json\/wp\/v2\/product\/2998\/revisions\/8645"}],"wp:featuredmedia":[{"embeddable":true,"href":"https:\/\/zojopackaging.com\/it\/wp-json\/wp\/v2\/media\/3004"}],"wp:attachment":[{"href":"https:\/\/zojopackaging.com\/it\/wp-json\/wp\/v2\/media?parent=2998"}],"wp:term":[{"taxonomy":"product_brand","embeddable":true,"href":"https:\/\/zojopackaging.com\/it\/wp-json\/wp\/v2\/product_brand?post=2998"},{"taxonomy":"product_cat","embeddable":true,"href":"https:\/\/zojopackaging.com\/it\/wp-json\/wp\/v2\/product_cat?post=2998"},{"taxonomy":"product_tag","embeddable":true,"href":"https:\/\/zojopackaging.com\/it\/wp-json\/wp\/v2\/product_tag?post=2998"}],"curies":[{"name":"wp","href":"https:\/\/api.w.org\/{rel}","templated":true}]}}