{"id":3045,"date":"2024-03-14T13:37:02","date_gmt":"2024-03-14T05:37:02","guid":{"rendered":"https:\/\/zojopackaging.com\/?post_type=product&#038;p=3045"},"modified":"2025-03-29T18:57:50","modified_gmt":"2025-03-29T10:57:50","slug":"custom-eco-friendly-cosmetics-box","status":"publish","type":"product","link":"https:\/\/zojopackaging.com\/it\/product\/custom-eco-friendly-cosmetics-box\/","title":{"rendered":"Fornitore lucido del cartone pieghevole di logo della scatola UV del punto su ordinazione"},"content":{"rendered":"<h1>Fornitore lucido del cartone pieghevole di logo della scatola UV del punto su ordinazione<\/h1>\n<p>Uno dei settori emergenti al giorno d'oggi \u00e8 quello dei cosmetici, grazie alle migliaia di marchi che si sono affacciati su questo settore. Poich\u00e9 esistono molte offerte di prodotti simili, il modo giusto per differenziare i vostri prodotti \u00e8 il packaging cosmetico personalizzato. Un packaging attraente e di qualit\u00e0 mette in risalto il vostro marchio sul mercato e conferisce un'identit\u00e0 unica ai vostri prodotti. In Instant Custom Boxes, siamo i migliori fornitori di scatole cosmetiche personalizzate all'ingrosso con design accattivanti per catturare l'attenzione dei vostri clienti. Cercate una personalizzazione entusiasmante per le vostre confezioni di cosmetici? Contattateci subito per avere un packaging accattivante in tutte le dimensioni, forme e colori!<\/p>\n<h1>Una straordinaria variet\u00e0 di scatole cosmetiche personalizzate con personalizzazione creativa<\/h1>\n<p>Nella nostra selezione troverete un'incredibile variet\u00e0 di scatole per il confezionamento di cosmetici!<\/p>\n<ul>\n<li>scatole di olio per la barba<\/li>\n<li><strong>scatole di ombretti<\/strong><\/li>\n<li>confezione dell'eyeliner<\/li>\n<li><strong>scatole di lucidalabbra<\/strong><\/li>\n<li>scatole di lip liner<\/li>\n<li><strong>confezione dello smalto per unghie<\/strong><\/li>\n<li>scatole di spray per capelli<\/li>\n<li><strong>scatole per ciglia<\/strong><\/li>\n<li>scatole di mascara<\/li>\n<li><strong>scatole per lozioni<\/strong><\/li>\n<li>scatole di fondazione<\/li>\n<li><strong>scatole di detergenti<\/strong><\/li>\n<\/ul>\n<p>Quando si tratta di personalizzazione, vi permettiamo di creare il vostro packaging cosmetico su misura. Possiamo realizzare perfettamente le scatole che avete immaginato e soddisfare le vostre esigenze. Realizziamo\u00a0<strong>scatole per cosmetici stampate su misura<\/strong>\u00a0secondo le specifiche del vostro prodotto. Inoltre, vi forniamo le giuste idee di imballaggio. Poich\u00e9 siamo professionisti esperti, sappiamo cosa si adatta meglio ai vostri prodotti! Volete entrare in contatto con noi? Chiamateci o inviateci un'e-mail per parlare con il nostro personale esperto!<\/p>\n<h2>Scatole per cosmetici stampate su misura - Aggiungete fascino ai vostri cosmetici e aumentate le vendite<\/h2>\n<p>In Instant Custom Boxes, tendiamo a utilizzare scatole cosmetiche personalizzate di qualit\u00e0 eccezionale con un'adorabile esposizione dei vostri prodotti. L'idea \u00e8 quella di evidenziare l'identit\u00e0 del vostro marchio e di rendere le vostre offerte memorabili tra i vostri clienti target. Utilizziamo effetti di finitura specializzati e stampa ad alta tecnologia per progettare le vostre scatole cosmetiche.\u00a0<strong>scatole per cosmetici all'ingrosso<\/strong>. Per migliorare la bellezza e l'attrattiva dell'imballaggio, utilizziamo la goffratura, la goffratura, la stampa spot UV e la stampa su lamina. Contattateci subito per avere delle affascinanti scatole per il trucco, scatole per cosmetici, scatole per la bellezza e scatole per il trucco.\u00a0<a href=\"https:\/\/zojopackaging.com\/it\/categoria-prodotto\/custom-jewelry-boxes\/\" rel=\"noopener\"><strong>scatole per gioielli personalizzate<\/strong><\/a>!<\/p>\n<p>Uno degli obiettivi principali delle nostre confezioni cosmetiche personalizzate \u00e8 quello di migliorare la notoriet\u00e0 del vostro marchio e, in ultima analisi, di aumentare le vendite. Le nostre scatole uniche, innovative e accattivanti catturano l'attenzione dei vostri clienti target e portano a un massiccio aumento delle vendite. Forniamo una progettazione grafica gratuita e garantiamo una stampa ad alta tecnologia sulle scatole da imballaggio stampate. Di conseguenza, vedrete un aumento massiccio del riconoscimento del vostro marchio e delle vendite!<\/p>\n<h2>Dimensioni delle scatole cosmetiche personalizzate<\/h2>\n<table>\n<tbody>\n<tr>\n<td><b>Tipo di scatola<\/b><\/td>\n<td><b>Lunghezza (pollici)<\/b><\/td>\n<td><b>Larghezza (pollici)<\/b><\/td>\n<td><b>Altezza (pollici)<\/b><\/td>\n<\/tr>\n<tr>\n<td>Set di pennelli in scatola<\/td>\n<td>8.0<\/td>\n<td>3.0<\/td>\n<td>2.0<\/td>\n<\/tr>\n<tr>\n<td>Scatola per vasetti di crema<\/td>\n<td>3.5<\/td>\n<td>3.5<\/td>\n<td>2.5<\/td>\n<\/tr>\n<tr>\n<td>Scatola compatta<\/td>\n<td>3.0<\/td>\n<td>3.0<\/td>\n<td>1.0<\/td>\n<\/tr>\n<tr>\n<td>Scatola per eyeliner<\/td>\n<td>6.0<\/td>\n<td>1.0<\/td>\n<td>1.0<\/td>\n<\/tr>\n<tr>\n<td>Scatola della Fondazione<\/td>\n<td>4.5<\/td>\n<td>1.5<\/td>\n<td>1.5<\/td>\n<\/tr>\n<tr>\n<td>Scatola di rossetti<\/td>\n<td>3.5<\/td>\n<td>0.8<\/td>\n<td>0.8<\/td>\n<\/tr>\n<tr>\n<td>Scatola di mascara<\/td>\n<td>5.5<\/td>\n<td>1.0<\/td>\n<td>1.0<\/td>\n<\/tr>\n<tr>\n<td>Scatola per palette<\/td>\n<td>6.5<\/td>\n<td>4.0<\/td>\n<td>0.5<\/td>\n<\/tr>\n<tr>\n<td>Scatola di profumi<\/td>\n<td>5.0<\/td>\n<td>2.0<\/td>\n<td>2.0<\/td>\n<\/tr>\n<\/tbody>\n<\/table>\n<p>La tabella delle dimensioni dei diversi prodotti cosmetici illustra le dimensioni standard delle scatole per garantire soluzioni di imballaggio ottimali. Inoltre, potete contattarci per personalizzare le forme e le dimensioni delle scatole per cosmetici.<\/p>\n<h2><b>Uso di materiali pregiati per le scatole dei cosmetici<\/b><\/h2>\n<p>In Instant Custom Boxes elaboriamo sempre strategie efficaci per agevolare le diverse attivit\u00e0 commerciali. Il nostro team di professionisti predilige materiali pregiati e durevoli come il cartoncino, il cartone ondulato e il cartone rigido per creare\u00a0<strong>packaging cosmetico sostenibile<\/strong>. Questo materiale garantisce una lunga durata dei prodotti sugli scaffali dei negozi e li protegge dai danni. Il team di professionisti dell'imballaggio utilizza anche materiali ecologici e riciclabili come la carta kraft e il cartone SBS per produrre queste scatole.<\/p>\n<h2>Proteggete i vostri prodotti da eventuali danni con le nostre scatole per cosmetici personalizzate di alta qualit\u00e0<\/h2>\n<p>In Instant Custom Boxes, il nostro obiettivo \u00e8 quello di fornirvi la migliore esperienza di imballaggio. Ci sforziamo di soddisfare le vostre esigenze di imballaggio ed \u00e8 per questo che la nostra struttura di personalizzazione \u00e8 degna di nota. Potete determinare la vostra confezione cosmetica personalizzata e lasciare che la trasformiamo in una cosa reale! Realizziamo confezioni precise\u00a0<strong>scatole per cosmetici con logo<\/strong>\u00a0della vostra azienda e di ogni informazione che volete far stampare sulla vostra\u00a0<a href=\"https:\/\/zojopackaging.com\/it\/custom-packaging-boxes\/\"><strong>scatole stampate personalizzate<\/strong><\/a>! La sicurezza dei vostri cosmetici \u00e8 la prima cosa su cui dovete concentrarvi. Per questo motivo, assembliamo le vostre confezioni cosmetiche personalizzate con materiali di alta qualit\u00e0 che garantiscono la massima sicurezza dei vostri cosmetici.<\/p>\n<p>Un altro obiettivo primario delle scatole personalizzate istantanee \u00e8 quello di proteggere i prodotti da eventuali danni. I prodotti cosmetici sono spesso troppo delicati e un piccolo danno pu\u00f2 rovinare la reputazione del vostro marchio. Creiamo scatole per cosmetici di alta qualit\u00e0 ed ecologiche per migliorare l'impressione del vostro marchio sul mercato. Le nostre scatole di cartone e le scatole kraft personalizzate garantiscono un'immensa durata e proteggono i vostri cosmetici da potenziali danni. L'interno e l'esterno sono realizzati con materiali di prima qualit\u00e0. Perch\u00e9 le scatole personalizzate istantanee? Ecco i motivi, senza dimenticare l'economicit\u00e0 delle nostre scatole!<\/p>\n<h2>all'ingrosso Scatole cosmetiche personalizzate a 50% Sconto<\/h2>\n<p>Cercate scatole per cosmetici personalizzate all'ingrosso? Effettuate subito l'ordine e ottenete le scatole per cosmetici all'ingrosso pi\u00f9 convenienti. Siamo il fornitore pi\u00f9 conveniente di scatole di bellezza personalizzate,\u00a0<a href=\"https:\/\/zojopackaging.com\/it\/categoria-prodotto\/custom-perfume-boxes\/\" target=\"_blank\" rel=\"noopener\"><strong>scatole di profumo personalizzate<\/strong><\/a>, scatole della salute e\u00a0<a href=\"https:\/\/zojopackaging.com\/it\/categoria-prodotto\/custom-e-cigarette-box\/\" target=\"_blank\" rel=\"noopener\"><strong>Scatola per sigarette elettroniche personalizzata <\/strong><\/a>. Visitate la nostra selezione di scatole da imballaggio e trovate lo stile di imballaggio che desiderate. Effettuate l'ordine e lasciate che lo spediamo a casa vostra! Nonostante la disponibilit\u00e0 di imballaggi a basso prezzo, vedrete la migliore qualit\u00e0 nelle scatole. \u00c8 cos\u00ec che agevoliamo i nostri amati clienti con la nostra offerta di imballaggi supremi e convenienti.<\/p>\n<h2>Una soluzione di imballaggio per tutti i cosmetici<\/h2>\n<p>Cos\u00ec, le nostre scatole per cosmetici personalizzate diventano un'unica soluzione di imballaggio per tutti i vostri cosmetici. Come avete visto sopra, abbiamo diverse offerte per voi, ma questo non \u00e8 l'elenco definitivo. Piuttosto, potete contattarci per preparare scatole di alta qualit\u00e0 che soddisfino perfettamente le esigenze dei vostri articoli di marca. Possiamo stampare il vostro logo, la vostra descrizione e molte altre specifiche che possono aiutarvi ad attirare i vostri clienti. Questa strategia permette di aumentare le vendite e migliorare le conversioni senza spendere soldi in pubblicit\u00e0.<\/p>\n<h2>Come progettare le scatole per il confezionamento di cosmetici?<b><\/b><\/h2>\n<ul>\n<li><b>Selezionare la tavolozza dei colori<\/b><\/li>\n<\/ul>\n<p>\u00c8 necessario scegliere una tavolozza di colori che si allinei con i sentimenti dei potenziali consumatori.<b><\/b><\/p>\n<ul>\n<li><b>Scegliere la dimensione del carattere<\/b><\/li>\n<\/ul>\n<p>\u00c8 importante scegliere la dimensione ideale dei caratteri per la tipografia sulla superficie dell'imballaggio.<b><\/b><\/p>\n<ul>\n<li><b>Modelli di utilizzo<\/b><\/li>\n<\/ul>\n<p>Dovete scegliere modelli che migliorino l'aspetto visivo della vostra confezione.<b><\/b><\/p>\n<ul>\n<li><b>Utilizzare il metallo<\/b><\/li>\n<\/ul>\n<p>\u00c8 bene utilizzare una lamina d'argento o d'oro per garantire un aspetto lussuoso.<b><\/b><\/p>\n<ul>\n<li><b>Gioco di texture<\/b><\/li>\n<\/ul>\n<p>\u00c8 possibile utilizzare finiture lucide, opache o in rilievo per aggiungere profondit\u00e0 al design del packaging.<\/p>\n<h2><b>Perch\u00e9 \u00e8 importante la funzionalit\u00e0 della confezione del trucco?<\/b><\/h2>\n<p>La funzionalit\u00e0 delle confezioni per il trucco \u00e8 essenziale per diversi motivi:<\/p>\n<ul>\n<li>Protezione<\/li>\n<\/ul>\n<ul>\n<li>Facile da usare<\/li>\n<\/ul>\n<ul>\n<li>Portabilit\u00e0<\/li>\n<\/ul>\n<ul>\n<li>Personalizzazione<\/li>\n<\/ul>\n<ul>\n<li>Sostenibilit\u00e0<\/li>\n<\/ul>\n<h2>Perch\u00e9 scegliere le scatole personalizzate istantanee per le scatole cosmetiche personalizzate?<\/h2>\n<ul>\n<li>Competenza ed esperienza nel confezionamento di cosmetici<\/li>\n<\/ul>\n<ul>\n<li>Un'ampia gamma di scatole per cosmetici<\/li>\n<\/ul>\n<ul>\n<li>Opzioni di stampa personalizzate<\/li>\n<\/ul>\n<ul>\n<li>Opzioni di finitura premium<\/li>\n<\/ul>\n<ul>\n<li>Opzioni di imballaggio durevoli per i marchi cosmetici<\/li>\n<\/ul>\n<h2>Ottenere la spedizione gratuita a un ritmo rapido<\/h2>\n<p>A Instant Custom Boxes, forniamo la spedizione gratuita ai nostri clienti in tutto il mondo. Se effettuate l'ordine ora, lo spediremo subito senza ritardi. Cosa state aspettando? Effettuate subito l'ordine e ottenete il vostro\u00a0<strong>scatole cosmetiche personalizzate all'ingrosso<\/strong>\u00a0spediti gratuitamente a casa vostra. Potete chiamarci o inviarci un'e-mail per mettervi in contatto con i nostri esperti di imballaggio professionale!<\/p>\n<p>Se state cercando queste scatole di alta qualit\u00e0, non c'\u00e8 motivo di rimandare l'ordine! Chiamateci e usufruite del supporto progettuale gratuito e dei pareri dei nostri professionisti. Parlate con i nostri esperti professionisti, chiamateci al numero +86 <a href=\"tel:+86%200755%2027398291\"><span class=\"elementor-icon-list-text\">15017910372<\/span><\/a>oppure inviateci un'e-mail all'indirizzo <a href=\"mailto:info@zojoprint.com\"><span class=\"elementor-icon-list-text\">info@zojoprint.com<\/span><\/a><\/p>\n<p>&nbsp;<\/p>\n<div class=\"widget block block-static-block\">\n<div class=\"landing-page-section option-bottom\">\n<div class=\"custom-materials-tabs-content container container-adjustment\">\n<div class=\"custom-materials-tab-content active\">\n<div class=\"widget block block-static-block\">\n<div class=\"options-items\">\n<div class=\"flex-grid-row-option\">\n<div class=\"flex-grid-item-option\">\n<div class=\"material-box\">\n<p>&nbsp;<\/p>\n<\/div>\n<\/div>\n<\/div>\n<\/div>\n<p><!---end of option item--><\/p>\n<\/div>\n<\/div>\n<\/div>\n<\/div>\n<\/div>","protected":false},"excerpt":{"rendered":"<p>Create splendide confezioni personalizzate Spot UV con una finitura lucida che mette in risalto loghi e design, conferendo al vostro marchio un fascino sofisticato e di alto livello.<\/p>\n<p>Personalizzazione: Pu\u00f2 personalizzare dimensioni\/stampa\/materiale\/finitura\/forma ecc.<br \/>\nTipo di materiale: Eco-compatibile, con certificazione FSC\/ISO\/BSCI<br \/>\nTempo di produzione: Campione 1-3 giorni; rinfusa 7-9 giorni<br \/>\nTempi di spedizione: Espresso 3-7 giorni; Aria 12-16 giorni; Barca 25-30 giorni (i paesi hanno tempi diversi).<\/p>\n<p>Prezzo: Contattateci per inviare una richiesta!<\/p>","protected":false},"featured_media":3050,"template":"","meta":[],"product_brand":[],"product_cat":[30,417,430,31],"product_tag":[935,937,936],"class_list":{"0":"post-3045","1":"product","2":"type-product","3":"status-publish","4":"has-post-thumbnail","6":"product_cat-by-industry","7":"product_cat-custom-perfume-boxes-by-industry","8":"product_cat-folding-cartons","9":"product_cat-paper-box-style","10":"product_tag-custom-logo-box","11":"product_tag-folding-carton-supplier","12":"product_tag-glossy-logo-box","14":"first","15":"instock","16":"shipping-taxable","17":"product-type-grouped"},"_links":{"self":[{"href":"https:\/\/zojopackaging.com\/it\/wp-json\/wp\/v2\/product\/3045","targetHints":{"allow":["GET"]}}],"collection":[{"href":"https:\/\/zojopackaging.com\/it\/wp-json\/wp\/v2\/product"}],"about":[{"href":"https:\/\/zojopackaging.com\/it\/wp-json\/wp\/v2\/types\/product"}],"version-history":[{"count":2,"href":"https:\/\/zojopackaging.com\/it\/wp-json\/wp\/v2\/product\/3045\/revisions"}],"predecessor-version":[{"id":8670,"href":"https:\/\/zojopackaging.com\/it\/wp-json\/wp\/v2\/product\/3045\/revisions\/8670"}],"wp:featuredmedia":[{"embeddable":true,"href":"https:\/\/zojopackaging.com\/it\/wp-json\/wp\/v2\/media\/3050"}],"wp:attachment":[{"href":"https:\/\/zojopackaging.com\/it\/wp-json\/wp\/v2\/media?parent=3045"}],"wp:term":[{"taxonomy":"product_brand","embeddable":true,"href":"https:\/\/zojopackaging.com\/it\/wp-json\/wp\/v2\/product_brand?post=3045"},{"taxonomy":"product_cat","embeddable":true,"href":"https:\/\/zojopackaging.com\/it\/wp-json\/wp\/v2\/product_cat?post=3045"},{"taxonomy":"product_tag","embeddable":true,"href":"https:\/\/zojopackaging.com\/it\/wp-json\/wp\/v2\/product_tag?post=3045"}],"curies":[{"name":"wp","href":"https:\/\/api.w.org\/{rel}","templated":true}]}}