{"id":3091,"date":"2024-03-14T14:05:05","date_gmt":"2024-03-14T06:05:05","guid":{"rendered":"https:\/\/zojopackaging.com\/?post_type=product&#038;p=3091"},"modified":"2025-03-29T00:06:38","modified_gmt":"2025-03-28T16:06:38","slug":"custom-silver-perfume-boxes","status":"publish","type":"product","link":"https:\/\/zojopackaging.com\/it\/product\/custom-silver-perfume-boxes\/","title":{"rendered":"Personalizzato lusso argento profumo carta regalo scatole fabbriche"},"content":{"rendered":"<h1>Personalizzato lusso argento profumo carta regalo scatole fabbriche<\/h1>\n<p>Le scatole per profumi personalizzate in lamina d'oro\/argento presentano il vostro profumo o la vostra colonia. Queste scatole daranno al vostro profumo un aspetto pi\u00f9 elegante e lussuoso. La lamina protegger\u00e0 inoltre il vostro profumo da eventuali danni durante la spedizione.<\/p>\n<p>Prepariamo queste scatole con carta pesante con finitura satinata. Hanno una finestra sulla parte anteriore della scatola. In questo modo \u00e8 possibile vedere cosa contiene senza aprirla. Sulla parte superiore della scatola c'\u00e8 anche una linguetta con calamita. Quando la si apre, rimane chiusa quando non viene utilizzata.<\/p>\n<h1><strong>Specifiche<\/strong><\/h1>\n<div class=\"widget block block-static-block\">\n<div class=\"landing-page-section option-bottom\">\n<div class=\"custom-materials-tabs-content container container-adjustment\">\n<div class=\"custom-materials-tab-content active\">\n<div class=\"widget block block-static-block\">\n<div class=\"options-items\">\n<div class=\"flex-grid-row-option\">\n<div class=\"flex-grid-item-option\">\n<div class=\"material-box\">\n<div class=\"material-des\">\n<table width=\"1070\">\n<tbody>\n<tr>\n<td width=\"373\">Dimensioni<\/td>\n<td width=\"373\">Tutte le dimensioni e le forme personalizzate<\/td>\n<\/tr>\n<tr>\n<td width=\"373\">MOQ<\/td>\n<td width=\"373\">500 pezzi<\/td>\n<\/tr>\n<tr>\n<td width=\"373\">Tempo di campionamento<\/td>\n<td width=\"373\">3-5 giorni<\/td>\n<\/tr>\n<tr>\n<td width=\"373\">Processo predefinito<\/td>\n<td width=\"373\">Fustellatura, incollaggio, incisione, perforazione<\/td>\n<\/tr>\n<tr>\n<td width=\"373\">Stampa<\/td>\n<td width=\"373\">Cmyk, pms, nessuna stampa<\/td>\n<\/tr>\n<tr>\n<td width=\"373\">Opzione materiale<\/td>\n<td width=\"373\">Carta di cartone bianca, carta patinata, carta patinata, carta kraft, cartone avorio, cartone duplex, carta speciale, ecc.<\/td>\n<\/tr>\n<tr>\n<td width=\"373\">Finitura delle superfici<\/td>\n<td width=\"373\">Laminazione opaca\/lucida, goffratura UV Spot, goffratura, stampaggio a lamina ecc.<\/td>\n<\/tr>\n<tr>\n<td width=\"373\">Uso industriale<\/td>\n<td width=\"373\">cosmetici, profumi, indumenti, gioielli, tabacco, alimenti, prodotti di consumo quotidiano,<\/td>\n<\/tr>\n<tr>\n<td width=\"373\">Controllo qualit\u00e0<\/td>\n<td width=\"373\">L'attrezzatura avanzata e il team esperto del controllo di qualit\u00e0 controlleranno il materiale, i semilavorati e i prodotti finiti rigorosamente in ogni fase prima di<\/td>\n<\/tr>\n<tr>\n<td width=\"373\">Prezzo<\/td>\n<td width=\"373\">Il prezzo finale sar\u00e0 personalizzato in base al prodotto e alla quantit\u00e0 richiesta.<\/td>\n<\/tr>\n<tr>\n<td width=\"373\">Tempo di rotazione<\/td>\n<td width=\"373\">7-14 giorni lavorativi, urgente<\/td>\n<\/tr>\n<tr>\n<td width=\"373\">Carta da giornale<\/td>\n<td width=\"373\">Da 10pt a 28pt (da 60lb a 400lb) Kraft ecologico, ondulato e-flute, bux board, cartoncino<\/td>\n<\/tr>\n<tr>\n<td width=\"373\">Formato dell'opera d'arte<\/td>\n<td width=\"373\">JPG, PDF, AI, CDR, EPS, GIF....<\/td>\n<\/tr>\n<tr>\n<td width=\"373\">Accessori<\/td>\n<td width=\"373\">Magnete, nastro, forma EVA, vassoio di plastica, spugna, finestra in PVC\/PET\/PP,...<\/td>\n<\/tr>\n<tr>\n<td width=\"373\">Termine di pagamento<\/td>\n<td width=\"373\">T\/T, Western Union, Paypal, 30% deposito e 70% equilibrio prima della spedizione.<\/td>\n<\/tr>\n<\/tbody>\n<\/table>\n<\/div>\n<\/div>\n<\/div>\n<\/div>\n<\/div>\n<\/div>\n<\/div>\n<\/div>\n<\/div>\n<\/div>\n<h1><span style=\"font-size: 16px;\">Scatole per profumi personalizzate in lamina d'oro e d'argento<\/span><\/h1>\n<p>Sappiamo quanto sia importante per la vostra azienda di profumi distinguersi dalla concorrenza. Per questo offriamo scatole per profumi in lamina d'oro o d'argento personalizzate con il vostro logo, il vostro nome o qualsiasi altro elemento di design desideriate. Lavoreremo con voi per creare qualcosa di unico che aiuti il vostro marchio a brillare in un settore pieno di prodotti simili!<\/p>\n<p>Le nostre scatole per profumi personalizzate in lamina d'oro e d'argento presentano il vostro marchio in modo elegante e lussuoso.<\/p>\n<p>Abbiamo contornato l'intimit\u00e0 della scatola con un tessuto morbido. In questo modo i profumi conservati all'interno sono al sicuro da eventuali danni. Oltre a proteggere i profumi, queste scatole consentono ai consumatori di identificarli facilmente come prodotti di lusso.<\/p>\n<p>La lamina d'oro e d'argento di queste scatole di profumo fa sembrare che valgano di pi\u00f9. Perch\u00e9 lo sono! Queste bellissime opzioni di packaging vi aiuteranno a impressionare i consumatori che vogliono qualcosa di pi\u00f9 di una semplice bottiglia di plastica quando acquistano i loro profumi preferiti.<\/p>\n<h1>Uso del foglio nelle scatole per l'imballaggio dei profumi<\/h1>\n<p>L'uso del foil nell'industria della stampa non \u00e8 un concetto nuovo. Lo scopo principale dell'uso del foglio d'oro e d'argento \u00e8 quello di aumentare l'attrattiva visiva del prodotto e di renderlo pi\u00f9 attraente. Ci\u00f2 \u00e8 particolarmente vero quando si utilizzano le scatole per profumi per il design del packaging dei prodotti.<\/p>\n<p>Quando si progettano scatole di profumo personalizzate, bisogna ricordare che la confezione deve attirare i clienti e farli sentire bene nell'acquisto del prodotto. Il foglio di alluminio \u00e8 un modo per raggiungere questo obiettivo.<\/p>\n<p>Queste scatole per profumi personalizzate in lamina d'oro e d'argento possono essere utilizzate per vari scopi, come ad esempio per regalare, conservare i vostri prodotti o anche come confezione regalo.<\/p>\n<p>L'acquisto di scatole per profumi all'ingrosso offre molte opzioni, come la possibilit\u00e0 di scegliere dimensioni, forme, spessori diversi, ecc.<\/p>\n<h1>Ottenere scatole di profumo smerigliate su misura a prezzi all'ingrosso<\/h1>\n<p>Offriamo spedizione gratuita, supporto alla progettazione, tempi rapidi, sconto 50% e nessun costo per le lastre. Con il nostro servizio, otterrete le scatole per profumi con lamina d'oro e d'argento di alta qualit\u00e0 di cui avete bisogno a un prezzo accessibile. Ecco perch\u00e9 abbiamo scatole per profumi che potete progettare voi stessi, con supporto gratuito alla progettazione e tempi rapidi di consegna.<\/p>\n<div class=\"widget block block-static-block\">\n<div class=\"landing-page-section option-bottom\">\n<div class=\"custom-materials-tabs-content container container-adjustment\">\n<div class=\"custom-materials-tab-content active\">\n<div class=\"widget block block-static-block\">\n<div class=\"options-items\">\n<div class=\"flex-grid-row-option\">\n<div class=\"flex-grid-item-option\">\n<div class=\"material-box\">\n<p>&nbsp;<\/p>\n<\/div>\n<\/div>\n<\/div>\n<\/div>\n<p><!---end of option item--><\/p>\n<\/div>\n<\/div>\n<\/div>\n<\/div>\n<\/div>","protected":false},"excerpt":{"rendered":"<p>Scatole di carta per la spedizione di profumi di lusso personalizzati di alta qualit\u00e0. Una fabbrica di scatole per profumi a basso prezzo che fornisce servizi personalizzati one-stop dalla progettazione alla produzione.<\/p>\n<ul>\n<li>MOQ: 500 pezzi<\/li>\n<li>Termine di consegna: 7-14 giorni lavorativi, Rush<\/li>\n<li>Dimensioni su misura (diametro x altezza)<\/li>\n<li>Stampa personalizzata<\/li>\n<li>Ecologico, riciclabile e senza plastica<\/li>\n<li>Prezzo: Il prezzo finale sar\u00e0 adattato al prodotto e alla quantit\u00e0 richiesta.<\/li>\n<\/ul>","protected":false},"featured_media":3096,"template":"","meta":[],"product_brand":[],"product_cat":[30,417,430,31],"product_tag":[869,870,868],"class_list":{"0":"post-3091","1":"product","2":"type-product","3":"status-publish","4":"has-post-thumbnail","6":"product_cat-by-industry","7":"product_cat-custom-perfume-boxes-by-industry","8":"product_cat-folding-cartons","9":"product_cat-paper-box-style","10":"product_tag-luxury-gift-boxes","11":"product_tag-paper-gift-boxes-factories","12":"product_tag-perfume-paper-gift-boxes","14":"first","15":"instock","16":"shipping-taxable","17":"product-type-grouped"},"_links":{"self":[{"href":"https:\/\/zojopackaging.com\/it\/wp-json\/wp\/v2\/product\/3091","targetHints":{"allow":["GET"]}}],"collection":[{"href":"https:\/\/zojopackaging.com\/it\/wp-json\/wp\/v2\/product"}],"about":[{"href":"https:\/\/zojopackaging.com\/it\/wp-json\/wp\/v2\/types\/product"}],"version-history":[{"count":2,"href":"https:\/\/zojopackaging.com\/it\/wp-json\/wp\/v2\/product\/3091\/revisions"}],"predecessor-version":[{"id":8522,"href":"https:\/\/zojopackaging.com\/it\/wp-json\/wp\/v2\/product\/3091\/revisions\/8522"}],"wp:featuredmedia":[{"embeddable":true,"href":"https:\/\/zojopackaging.com\/it\/wp-json\/wp\/v2\/media\/3096"}],"wp:attachment":[{"href":"https:\/\/zojopackaging.com\/it\/wp-json\/wp\/v2\/media?parent=3091"}],"wp:term":[{"taxonomy":"product_brand","embeddable":true,"href":"https:\/\/zojopackaging.com\/it\/wp-json\/wp\/v2\/product_brand?post=3091"},{"taxonomy":"product_cat","embeddable":true,"href":"https:\/\/zojopackaging.com\/it\/wp-json\/wp\/v2\/product_cat?post=3091"},{"taxonomy":"product_tag","embeddable":true,"href":"https:\/\/zojopackaging.com\/it\/wp-json\/wp\/v2\/product_tag?post=3091"}],"curies":[{"name":"wp","href":"https:\/\/api.w.org\/{rel}","templated":true}]}}