{"id":3199,"date":"2024-03-14T15:12:34","date_gmt":"2024-03-14T07:12:34","guid":{"rendered":"https:\/\/zojopackaging.com\/?post_type=product&#038;p=3199"},"modified":"2025-03-27T21:37:33","modified_gmt":"2025-03-27T13:37:33","slug":"wholesale-oem-odm-luxury-perfume-box","status":"publish","type":"product","link":"https:\/\/zojopackaging.com\/it\/product\/wholesale-oem-odm-luxury-perfume-box\/","title":{"rendered":"all'ingrosso OEM ODM Luxury Perfume Box"},"content":{"rendered":"<h1>all'ingrosso OEM ODM Luxury Perfume Box<\/h1>\n<p>Il set di confezioni per profumi di lusso comprende una scatola ad anelli angolare e un flacone di profumo classico, con la possibilit\u00e0 di personalizzare ogni parte con i vostri requisiti speciali (dimensioni, colori, stampe, ecc.).<\/p>\n<h2>Copriamo diverse esigenze<\/h2>\n<ul>\n<li>Avete qualche idea?<\/li>\n<li>Avete gi\u00e0 in mente le specifiche delle scatole di profumi?<\/li>\n<li>I flaconi di profumo hanno bisogno di una confezione personalizzata?<\/li>\n<\/ul>\n<p>\u00c8 possibile trovare scatole per profumi di alta qualit\u00e0 che proteggono la bottiglia di profumo e il suo contenuto dal calore, dall'umidit\u00e0 e dai danni causati dal trasporto. Contattate il nostro team oggi stesso per parlare del vostro progetto di imballaggio di scatole per profumi.<\/p>\n<h2>Utilizziamo materiali riciclabili e biodegradabili<\/h2>\n<p>La scelta di materiali rispettosi dell'ambiente migliora l'identit\u00e0 del vostro marchio come azienda ecologica, attirando pi\u00f9 clienti verso il vostro marchio.<\/p>\n<p>Tenendo conto della sostenibilit\u00e0 e della tutela dell'ambiente, utilizziamo materiali biodegradabili in legno, cartone e poliuretano per le scatole di profumo personalizzate.<\/p>\n<h1><strong>Specifiche<\/strong><\/h1>\n<div class=\"widget block block-static-block\">\n<div class=\"landing-page-section option-bottom\">\n<div class=\"custom-materials-tabs-content container container-adjustment\">\n<div class=\"custom-materials-tab-content active\">\n<div class=\"widget block block-static-block\">\n<div class=\"options-items\">\n<div class=\"flex-grid-row-option\">\n<div class=\"flex-grid-item-option\">\n<div class=\"material-box\">\n<div class=\"material-des\">\n<table width=\"1070\">\n<tbody>\n<tr>\n<td width=\"373\">Dimensioni<\/td>\n<td width=\"373\">Tutte le dimensioni e le forme personalizzate<\/td>\n<\/tr>\n<tr>\n<td width=\"373\">MOQ<\/td>\n<td width=\"373\">500 pezzi<\/td>\n<\/tr>\n<tr>\n<td width=\"373\">Tempo di campionamento<\/td>\n<td width=\"373\">3-5 giorni<\/td>\n<\/tr>\n<tr>\n<td width=\"373\">Processo predefinito<\/td>\n<td width=\"373\">Fustellatura, incollaggio, incisione, perforazione<\/td>\n<\/tr>\n<tr>\n<td width=\"373\">Stampa<\/td>\n<td width=\"373\">Cmyk, pms, nessuna stampa<\/td>\n<\/tr>\n<tr>\n<td width=\"373\">Opzione materiale<\/td>\n<td width=\"373\">Carta di cartone bianca, carta patinata, carta patinata, carta kraft, cartone avorio, cartone duplex, carta speciale, ecc.<\/td>\n<\/tr>\n<tr>\n<td width=\"373\">Finitura delle superfici<\/td>\n<td width=\"373\">Laminazione opaca\/lucida, goffratura UV Spot, goffratura, stampaggio a lamina ecc.<\/td>\n<\/tr>\n<tr>\n<td width=\"373\">Uso industriale<\/td>\n<td width=\"373\">cosmetici, profumi, indumenti, gioielli, tabacco, alimenti, prodotti di consumo quotidiano,<\/td>\n<\/tr>\n<tr>\n<td width=\"373\">Controllo qualit\u00e0<\/td>\n<td width=\"373\">L'attrezzatura avanzata e il team esperto del controllo di qualit\u00e0 controlleranno il materiale, i semilavorati e i prodotti finiti rigorosamente in ogni fase prima di<\/td>\n<\/tr>\n<tr>\n<td width=\"373\">Prezzo<\/td>\n<td width=\"373\">Il prezzo finale sar\u00e0 personalizzato in base al prodotto e alla quantit\u00e0 richiesta.<\/td>\n<\/tr>\n<tr>\n<td width=\"373\">Tempo di rotazione<\/td>\n<td width=\"373\">7-14 giorni lavorativi, urgente<\/td>\n<\/tr>\n<tr>\n<td width=\"373\">Carta da giornale<\/td>\n<td width=\"373\">Da 10pt a 28pt (da 60lb a 400lb) Kraft ecologico, ondulato e-flute, bux board, cartoncino<\/td>\n<\/tr>\n<tr>\n<td width=\"373\">Formato dell'opera d'arte<\/td>\n<td width=\"373\">JPG, PDF, AI, CDR, EPS, GIF....<\/td>\n<\/tr>\n<tr>\n<td width=\"373\">Accessori<\/td>\n<td width=\"373\">Magnete, nastro, forma EVA, vassoio di plastica, spugna, finestra in PVC\/PET\/PP,...<\/td>\n<\/tr>\n<tr>\n<td width=\"373\">Termine di pagamento<\/td>\n<td width=\"373\">T\/T, Western Union, Paypal, 30% deposito e 70% equilibrio prima della spedizione.<\/td>\n<\/tr>\n<\/tbody>\n<\/table>\n<\/div>\n<\/div>\n<\/div>\n<\/div>\n<\/div>\n<\/div>\n<\/div>\n<\/div>\n<\/div>\n<\/div>\n<div class=\"widget block block-static-block\">\n<div class=\"landing-page-section option-bottom\">\n<div class=\"custom-materials-tabs-content container container-adjustment\">\n<div class=\"custom-materials-tab-content active\">\n<div class=\"widget block block-static-block\">\n<div class=\"options-items\">\n<div class=\"flex-grid-row-option\">\n<div class=\"flex-grid-item-option\">\n<div class=\"material-box\">\n<p>&nbsp;<\/p>\n<\/div>\n<\/div>\n<\/div>\n<\/div>\n<p><!---end of option item--><\/p>\n<\/div>\n<\/div>\n<\/div>\n<\/div>\n<\/div>","protected":false},"excerpt":{"rendered":"<ul>\n<li>MOQ: 500 pezzi<\/li>\n<li>Termine di consegna: 7-14 giorni lavorativi, Rush<\/li>\n<li>Dimensioni su misura (diametro x altezza)<\/li>\n<li>Stampa personalizzata<\/li>\n<li>Ecologico, riciclabile e senza plastica<\/li>\n<li>Prezzo: Il prezzo finale sar\u00e0 adattato al prodotto e alla quantit\u00e0 richiesta.<\/li>\n<\/ul>","protected":false},"featured_media":3203,"template":"","meta":[],"product_brand":[],"product_cat":[30,417,425,31],"product_tag":[333,249,726],"class_list":{"0":"post-3199","1":"product","2":"type-product","3":"status-publish","4":"has-post-thumbnail","6":"product_cat-by-industry","7":"product_cat-custom-perfume-boxes-by-industry","8":"product_cat-lid-and-base-gift-box","9":"product_cat-paper-box-style","10":"product_tag-luxury-perfume-box","11":"product_tag-paper-perfume-boxes","12":"product_tag-perfume-box-wholesale","14":"first","15":"instock","16":"shipping-taxable","17":"product-type-grouped"},"_links":{"self":[{"href":"https:\/\/zojopackaging.com\/it\/wp-json\/wp\/v2\/product\/3199","targetHints":{"allow":["GET"]}}],"collection":[{"href":"https:\/\/zojopackaging.com\/it\/wp-json\/wp\/v2\/product"}],"about":[{"href":"https:\/\/zojopackaging.com\/it\/wp-json\/wp\/v2\/types\/product"}],"version-history":[{"count":2,"href":"https:\/\/zojopackaging.com\/it\/wp-json\/wp\/v2\/product\/3199\/revisions"}],"predecessor-version":[{"id":8428,"href":"https:\/\/zojopackaging.com\/it\/wp-json\/wp\/v2\/product\/3199\/revisions\/8428"}],"wp:featuredmedia":[{"embeddable":true,"href":"https:\/\/zojopackaging.com\/it\/wp-json\/wp\/v2\/media\/3203"}],"wp:attachment":[{"href":"https:\/\/zojopackaging.com\/it\/wp-json\/wp\/v2\/media?parent=3199"}],"wp:term":[{"taxonomy":"product_brand","embeddable":true,"href":"https:\/\/zojopackaging.com\/it\/wp-json\/wp\/v2\/product_brand?post=3199"},{"taxonomy":"product_cat","embeddable":true,"href":"https:\/\/zojopackaging.com\/it\/wp-json\/wp\/v2\/product_cat?post=3199"},{"taxonomy":"product_tag","embeddable":true,"href":"https:\/\/zojopackaging.com\/it\/wp-json\/wp\/v2\/product_tag?post=3199"}],"curies":[{"name":"wp","href":"https:\/\/api.w.org\/{rel}","templated":true}]}}