{"id":3214,"date":"2024-03-14T15:25:11","date_gmt":"2024-03-14T07:25:11","guid":{"rendered":"https:\/\/zojopackaging.com\/?post_type=product&#038;p=3214"},"modified":"2025-03-27T19:59:22","modified_gmt":"2025-03-27T11:59:22","slug":"custom-perfume-rigid-packaging-box","status":"publish","type":"product","link":"https:\/\/zojopackaging.com\/it\/product\/custom-perfume-rigid-packaging-box\/","title":{"rendered":"Personalizzato vuoto 50 ml profumo regalo imballaggio scatole fornitore"},"content":{"rendered":"<h1>Personalizzato vuoto 50 ml profumo regalo imballaggio scatole fornitore<\/h1>\n<p>Il fornitore di scatole vuote personalizzate da 50 ml per confezioni regalo di profumi \u00e8 l'epitome del lusso e della raffinatezza, progettato per fornire una presentazione elegante e di qualit\u00e0 ai vostri prodotti di profumeria. Realizzata con materiali rigidi di alta qualit\u00e0, come il robusto cartone o il truciolato, questa scatola offre un involucro durevole e protettivo per i vostri profumi, trasmettendo al contempo un senso di esclusivit\u00e0 e opulenza.<\/p>\n<p>Con un'attenzione particolare alla personalizzazione, questa scatola rigida pu\u00f2 essere adattata per riflettere l'identit\u00e0 del vostro marchio attraverso colori, finiture, goffratura, debossing e altri elementi di design personalizzati. L'attenzione ai dettagli nella costruzione e nella finitura della scatola assicura un aspetto impeccabile e raffinato che migliora la presentazione complessiva dei vostri profumi.<\/p>\n<p>Ideale per esposizioni al dettaglio di alto livello, set di regali o promozioni speciali, la scatola rigida personalizzata per profumi aggiunge un tocco di raffinatezza e lusso a ogni esperienza di unboxing. La sua struttura robusta non solo protegge i flaconi di profumo, ma crea anche un'impressione duratura sul destinatario, rendendola una soluzione di packaging memorabile e d'impatto per il vostro marchio.<\/p>\n<p>Scegliete la scatola rigida personalizzata per profumi per elevare il packaging dei vostri prodotti di profumeria, mostrando il vostro impegno per la qualit\u00e0 e il lusso e creando un'esperienza distinta e memorabile per i vostri clienti.<\/p>\n<h1><strong>Specifiche<\/strong><\/h1>\n<table style=\"border-collapse: collapse; width: 759.02pt;\" border=\"0\" width=\"1012\" cellspacing=\"0\" cellpadding=\"0\">\n<tbody>\n<tr style=\"height: 16.50pt;\">\n<td class=\"et3\" style=\"height: 16.50pt; width: 379.50pt;\" width=\"506\" height=\"22\">Dimensioni<\/td>\n<td class=\"et3\" style=\"width: 379.50pt;\" width=\"506\">Tutte le dimensioni e le forme personalizzate<\/td>\n<\/tr>\n<tr style=\"height: 16.50pt;\">\n<td class=\"et3\" style=\"height: 16.50pt;\" height=\"22\">Quantit\u00e0 minima<\/td>\n<td class=\"et3\">50 scatole (opzione campione rigido disponibile)<\/td>\n<\/tr>\n<tr style=\"height: 16.50pt;\">\n<td class=\"et3\" style=\"height: 16.50pt;\" height=\"22\">Processo predefinito<\/td>\n<td class=\"et3\">Fustellatura, incollaggio, incisione, perforazione<\/td>\n<\/tr>\n<tr style=\"height: 16.50pt;\">\n<td class=\"et3\" style=\"height: 16.50pt;\" height=\"22\">Stampa<\/td>\n<td class=\"et3\">Cmyk, pms, nessuna stampa<\/td>\n<\/tr>\n<tr style=\"height: 16.50pt;\">\n<td class=\"et3\" style=\"height: 16.50pt;\" height=\"22\">Opzione materiale<\/td>\n<td class=\"et3\">Carta di cartone bianca, carta patinata, carta patinata, carta kraft, cartone avorio, cartone duplex, carta speciale, ecc.<\/td>\n<\/tr>\n<tr style=\"height: 17.25pt;\">\n<td class=\"et3\" style=\"height: 17.25pt;\" height=\"23\">Finitura delle superfici<\/td>\n<td class=\"et4\" style=\"width: 379.50pt;\" width=\"506\">Laminazione opaca\/lucida, goffratura UV Spot, goffratura, stampaggio a lamina ecc.<\/td>\n<\/tr>\n<tr style=\"height: 17.25pt;\">\n<td class=\"et4\" style=\"height: 17.25pt; width: 379.50pt;\" width=\"506\" height=\"23\">Uso industriale<\/td>\n<td class=\"et4\" style=\"width: 379.50pt;\" width=\"506\">cosmetici, profumi, indumenti, gioielli, tabacco, alimenti, prodotti di consumo quotidiano,<\/td>\n<\/tr>\n<tr style=\"height: 34.50pt;\">\n<td class=\"et4\" style=\"height: 34.50pt; width: 379.50pt;\" width=\"506\" height=\"46\">Controllo qualit\u00e0<\/td>\n<td class=\"et4\" style=\"width: 379.50pt;\" width=\"506\">L'attrezzatura avanzata e il team esperto del controllo di qualit\u00e0 controlleranno il materiale, i semilavorati e i prodotti finiti rigorosamente in ogni fase prima di<\/td>\n<\/tr>\n<tr style=\"height: 34.50pt;\">\n<td class=\"et4\" style=\"height: 34.50pt; width: 379.50pt;\" width=\"506\" height=\"46\">Prezzo<\/td>\n<td class=\"et4\" style=\"width: 379.50pt;\" width=\"506\">Il prezzo finale sar\u00e0 personalizzato in base al prodotto e alla quantit\u00e0 richiesta.<\/td>\n<\/tr>\n<tr style=\"height: 16.50pt;\">\n<td class=\"et3\" style=\"height: 16.50pt;\" height=\"22\">Tempo di rotazione<\/td>\n<td class=\"et3\">10-12 giorni lavorativi, urgente<\/td>\n<\/tr>\n<tr style=\"height: 16.50pt;\">\n<td class=\"et3\" style=\"height: 16.50pt;\" height=\"22\">Carta da giornale<\/td>\n<td class=\"et3\">Da 10pt a 28pt (da 60lb a 400lb) Kraft ecologico, ondulato e-flute, bux board, cartoncino<\/td>\n<\/tr>\n<tr style=\"height: 16.50pt;\">\n<td class=\"et3\" style=\"height: 16.50pt;\" height=\"22\">Prova<\/td>\n<td class=\"et3\">Vista piana, mock-up 3d, campionatura fisica (su richiesta)<\/td>\n<\/tr>\n<\/tbody>\n<\/table>\n<div class=\"widget block block-static-block\">\n<div class=\"landing-page-section option-bottom\">\n<div class=\"custom-materials-tabs-content container container-adjustment\">\n<div class=\"custom-materials-tab-content active\">\n<div class=\"widget block block-static-block\">\n<div class=\"options-items\">\n<div class=\"flex-grid-row-option\">\n<div class=\"flex-grid-item-option\">\n<div class=\"material-box\">\n<div class=\"material-des\">\n<p>&nbsp;<\/p>\n<\/div>\n<p>&nbsp;<\/p>\n<\/div>\n<\/div>\n<\/div>\n<\/div>\n<p><!---end of option item--><\/p>\n<\/div>\n<\/div>\n<\/div>\n<\/div>\n<\/div>","protected":false},"excerpt":{"rendered":"<p>1. Realizzato in carta speciale, il design della superficie della scatola \u00e8 semplice ma non privo di lusso.<br \/>\n2. La scatola ha un coperchio e una base facili da prendere e salva le abitudini dei consumatori.<br \/>\n3. 157 g di carta patinata C2S + 1200 g di cartoncino rigido Materiale ecologico e a sviluppo sostenibile<\/p>","protected":false},"featured_media":3216,"template":"","meta":[],"product_brand":[],"product_cat":[30,417,425,31],"product_tag":[703,704,694],"class_list":{"0":"post-3214","1":"product","2":"type-product","3":"status-publish","4":"has-post-thumbnail","6":"product_cat-by-industry","7":"product_cat-custom-perfume-boxes-by-industry","8":"product_cat-lid-and-base-gift-box","9":"product_cat-paper-box-style","10":"product_tag-50ml-perfume-gift-boxes","11":"product_tag-perfume-boxes-supplier","12":"product_tag-perfume-gift-packaging","14":"first","15":"instock","16":"shipping-taxable","17":"product-type-grouped"},"_links":{"self":[{"href":"https:\/\/zojopackaging.com\/it\/wp-json\/wp\/v2\/product\/3214","targetHints":{"allow":["GET"]}}],"collection":[{"href":"https:\/\/zojopackaging.com\/it\/wp-json\/wp\/v2\/product"}],"about":[{"href":"https:\/\/zojopackaging.com\/it\/wp-json\/wp\/v2\/types\/product"}],"version-history":[{"count":2,"href":"https:\/\/zojopackaging.com\/it\/wp-json\/wp\/v2\/product\/3214\/revisions"}],"predecessor-version":[{"id":8419,"href":"https:\/\/zojopackaging.com\/it\/wp-json\/wp\/v2\/product\/3214\/revisions\/8419"}],"wp:featuredmedia":[{"embeddable":true,"href":"https:\/\/zojopackaging.com\/it\/wp-json\/wp\/v2\/media\/3216"}],"wp:attachment":[{"href":"https:\/\/zojopackaging.com\/it\/wp-json\/wp\/v2\/media?parent=3214"}],"wp:term":[{"taxonomy":"product_brand","embeddable":true,"href":"https:\/\/zojopackaging.com\/it\/wp-json\/wp\/v2\/product_brand?post=3214"},{"taxonomy":"product_cat","embeddable":true,"href":"https:\/\/zojopackaging.com\/it\/wp-json\/wp\/v2\/product_cat?post=3214"},{"taxonomy":"product_tag","embeddable":true,"href":"https:\/\/zojopackaging.com\/it\/wp-json\/wp\/v2\/product_tag?post=3214"}],"curies":[{"name":"wp","href":"https:\/\/api.w.org\/{rel}","templated":true}]}}