{"id":3260,"date":"2024-03-14T17:16:12","date_gmt":"2024-03-14T09:16:12","guid":{"rendered":"https:\/\/zojopackaging.com\/?post_type=product&#038;p=3260"},"modified":"2025-03-27T17:53:03","modified_gmt":"2025-03-27T09:53:03","slug":"luxury-paper-perfume-box","status":"publish","type":"product","link":"https:\/\/zojopackaging.com\/it\/product\/luxury-paper-perfume-box\/","title":{"rendered":"Creativo fragranza personalizzata rigida profumo scatola Fornitore"},"content":{"rendered":"<h1>Creativo fragranza personalizzata rigida profumo scatola Fornitore<\/h1>\n<p>Produttore creativo di scatole rigide per profumi su misura, la soluzione definitiva per le vostre esigenze di imballaggio dei prodotti di profumeria. Realizzata con materiali di alta qualit\u00e0, questa scatola \u00e8 resistente e robusta e protegge il vostro profumo da eventuali danni durante la spedizione e la movimentazione. La nostra confezione per profumi \u00e8 perfetta per coloro che vogliono che il loro prodotto trasudi lusso e raffinatezza, ed \u00e8 ideale anche per i regali. Non accontentatevi di un imballaggio mediocre: passate oggi stesso alla confezione per profumi e sperimentate la differenza in termini di qualit\u00e0 e presentazione. Ordinate ora e date al vostro profumo la confezione che merita!<\/p>\n<h1>Caratteristiche<\/h1>\n<ul>\n<li><strong>Materiali pregiati<\/strong>: La scatola \u00e8 realizzata con carta di alta qualit\u00e0 che offre una consistenza liscia e lussuosa. La carta \u00e8 spessa e resistente e garantisce la protezione del flacone di profumo al suo interno.<\/li>\n<li><strong>Design elegante<\/strong>: Il nostro team di progettazione ha creato una scatola di grande impatto visivo che unisce l'estetica moderna all'eleganza classica.<\/li>\n<li><strong>Opzioni personalizzabili<\/strong>: Siamo consapevoli che ogni marchio ha un'identit\u00e0 unica. Ecco perch\u00e9 offriamo ampie possibilit\u00e0 di personalizzazione per la Scatola dei profumi di carta di lusso.<\/li>\n<\/ul>\n<div class=\"widget block block-static-block\">\n<div class=\"landing-page-section option-bottom\">\n<div class=\"custom-materials-tabs-content container container-adjustment\">\n<div class=\"custom-materials-tab-content active\">\n<div class=\"widget block block-static-block\">\n<div class=\"options-items\">\n<div class=\"flex-grid-row-option\">\n<div class=\"flex-grid-item-option\">\n<div class=\"material-box\">\n<div class=\"material-des\">\n<div class=\"widget block block-static-block\">\n<div class=\"landing-page-section option-bottom\">\n<div class=\"custom-materials-tabs-content container container-adjustment\">\n<div class=\"custom-materials-tab-content active\">\n<div class=\"widget block block-static-block\">\n<div class=\"options-items\">\n<div class=\"flex-grid-row-option\">\n<div class=\"flex-grid-item-option\">\n<div class=\"material-box\">\n<h1><strong>Specifiche<\/strong><\/h1>\n<div class=\"widget block block-static-block\">\n<div class=\"landing-page-section option-bottom\">\n<div class=\"custom-materials-tabs-content container container-adjustment\">\n<div class=\"custom-materials-tab-content active\">\n<div class=\"widget block block-static-block\">\n<div class=\"options-items\">\n<div class=\"flex-grid-row-option\">\n<div class=\"flex-grid-item-option\">\n<div class=\"material-box\">\n<div class=\"material-des\">\n<table width=\"1070\">\n<tbody>\n<tr>\n<td width=\"373\">Dimensioni<\/td>\n<td width=\"373\">Tutte le dimensioni e le forme personalizzate<\/td>\n<\/tr>\n<tr>\n<td width=\"373\">MOQ<\/td>\n<td width=\"373\">500 pezzi<\/td>\n<\/tr>\n<tr>\n<td width=\"373\">Tempo di campionamento<\/td>\n<td width=\"373\">3-5 giorni<\/td>\n<\/tr>\n<tr>\n<td width=\"373\">Processo predefinito<\/td>\n<td width=\"373\">Fustellatura, incollaggio, incisione, perforazione<\/td>\n<\/tr>\n<tr>\n<td width=\"373\">Stampa<\/td>\n<td width=\"373\">Cmyk, pms, nessuna stampa<\/td>\n<\/tr>\n<tr>\n<td width=\"373\">Opzione materiale<\/td>\n<td width=\"373\">Carta di cartone bianca, carta patinata, carta patinata, carta kraft, cartone avorio, cartone duplex, carta speciale, ecc.<\/td>\n<\/tr>\n<tr>\n<td width=\"373\">Finitura delle superfici<\/td>\n<td width=\"373\">Laminazione opaca\/lucida, goffratura UV Spot, goffratura, stampaggio a lamina ecc.<\/td>\n<\/tr>\n<tr>\n<td width=\"373\">Uso industriale<\/td>\n<td width=\"373\">cosmetici, profumi, indumenti, gioielli, tabacco, alimenti, prodotti di consumo quotidiano,<\/td>\n<\/tr>\n<tr>\n<td width=\"373\">Controllo qualit\u00e0<\/td>\n<td width=\"373\">L'attrezzatura avanzata e il team esperto del controllo di qualit\u00e0 controlleranno il materiale, i semilavorati e i prodotti finiti rigorosamente in ogni fase prima di<\/td>\n<\/tr>\n<tr>\n<td width=\"373\">Prezzo<\/td>\n<td width=\"373\">Il prezzo finale sar\u00e0 personalizzato in base al prodotto e alla quantit\u00e0 richiesta.<\/td>\n<\/tr>\n<tr>\n<td width=\"373\">Tempo di rotazione<\/td>\n<td width=\"373\">7-14 giorni lavorativi, urgente<\/td>\n<\/tr>\n<tr>\n<td width=\"373\">Carta da giornale<\/td>\n<td width=\"373\">Da 10pt a 28pt (da 60lb a 400lb) Kraft ecologico, ondulato e-flute, bux board, cartoncino<\/td>\n<\/tr>\n<tr>\n<td width=\"373\">Formato dell'opera d'arte<\/td>\n<td width=\"373\">JPG, PDF, AI, CDR, EPS, GIF....<\/td>\n<\/tr>\n<tr>\n<td width=\"373\">Accessori<\/td>\n<td width=\"373\">Magnete, nastro, forma EVA, vassoio di plastica, spugna, finestra in PVC\/PET\/PP,...<\/td>\n<\/tr>\n<tr>\n<td width=\"373\">Termine di pagamento<\/td>\n<td width=\"373\">T\/T, Western Union, Paypal, 30% deposito e 70% equilibrio prima della spedizione.<\/td>\n<\/tr>\n<\/tbody>\n<\/table>\n<\/div>\n<\/div>\n<\/div>\n<\/div>\n<\/div>\n<\/div>\n<\/div>\n<\/div>\n<\/div>\n<\/div>\n<\/div>\n<\/div>\n<\/div>\n<\/div>\n<\/div>\n<\/div>\n<\/div>\n<\/div>\n<\/div>\n<\/div>\n<p>&nbsp;<\/p>\n<\/div>\n<\/div>\n<\/div>\n<\/div>\n<p><!---end of option item--><\/p>\n<\/div>\n<\/div>\n<\/div>\n<\/div>\n<\/div>","protected":false},"excerpt":{"rendered":"<p>1. Speciale scatola con chiusura magnetica, design con magnete incorporato per evitare l'usura esterna e rendere la scatola di imballaggio di alto livello.<br \/>\n2. Il materiale cartaceo speciale \u00e8 semplice ma elegante, molto adatto ai prodotti di fascia alta.<br \/>\n3. Il processo di stampa a caldo, che presenta perfettamente i piccoli dettagli, conferisce alla confezione un senso di lusso e una presentazione visiva di alta qualit\u00e0.<\/p>","protected":false},"featured_media":6876,"template":"","meta":[],"product_brand":[],"product_cat":[30,417,424,31],"product_tag":[329,690,691],"class_list":{"0":"post-3260","1":"product","2":"type-product","3":"status-publish","4":"has-post-thumbnail","6":"product_cat-by-industry","7":"product_cat-custom-perfume-boxes-by-industry","8":"product_cat-magnetic-closure-boxes","9":"product_cat-paper-box-style","10":"product_tag-custom-perfume-box","11":"product_tag-fragrance-box-manufacturer","12":"product_tag-fragrance-rigid-perfume-box","14":"first","15":"instock","16":"shipping-taxable","17":"product-type-grouped"},"_links":{"self":[{"href":"https:\/\/zojopackaging.com\/it\/wp-json\/wp\/v2\/product\/3260","targetHints":{"allow":["GET"]}}],"collection":[{"href":"https:\/\/zojopackaging.com\/it\/wp-json\/wp\/v2\/product"}],"about":[{"href":"https:\/\/zojopackaging.com\/it\/wp-json\/wp\/v2\/types\/product"}],"version-history":[{"count":2,"href":"https:\/\/zojopackaging.com\/it\/wp-json\/wp\/v2\/product\/3260\/revisions"}],"predecessor-version":[{"id":8411,"href":"https:\/\/zojopackaging.com\/it\/wp-json\/wp\/v2\/product\/3260\/revisions\/8411"}],"wp:featuredmedia":[{"embeddable":true,"href":"https:\/\/zojopackaging.com\/it\/wp-json\/wp\/v2\/media\/6876"}],"wp:attachment":[{"href":"https:\/\/zojopackaging.com\/it\/wp-json\/wp\/v2\/media?parent=3260"}],"wp:term":[{"taxonomy":"product_brand","embeddable":true,"href":"https:\/\/zojopackaging.com\/it\/wp-json\/wp\/v2\/product_brand?post=3260"},{"taxonomy":"product_cat","embeddable":true,"href":"https:\/\/zojopackaging.com\/it\/wp-json\/wp\/v2\/product_cat?post=3260"},{"taxonomy":"product_tag","embeddable":true,"href":"https:\/\/zojopackaging.com\/it\/wp-json\/wp\/v2\/product_tag?post=3260"}],"curies":[{"name":"wp","href":"https:\/\/api.w.org\/{rel}","templated":true}]}}