{"id":3876,"date":"2024-03-20T14:03:39","date_gmt":"2024-03-20T06:03:39","guid":{"rendered":"https:\/\/zojopackaging.com\/?post_type=product&#038;p=3876"},"modified":"2025-03-28T23:29:19","modified_gmt":"2025-03-28T15:29:19","slug":"golife-sports-bracelet-packaging-box","status":"publish","type":"product","link":"https:\/\/zojopackaging.com\/it\/product\/golife-sports-bracelet-packaging-box\/","title":{"rendered":"Personalizzato lusso cura Smart Fitness Band tracce scatola di carta Fornitore"},"content":{"rendered":"<h1>Personalizzato lusso cura Smart Fitness Band tracce scatola di carta Fornitore<\/h1>\n<p>La scatola di carta per le tracce delle smart fitness band di Zojoprint Packaging Manufacturer Service \u00e8 una soluzione di imballaggio squisita ed elegante.<\/p>\n<p>L'esterno della scatola di imballaggio pu\u00f2 presentare finiture di pregio, come una texture liscia o una superficie lucida, che le conferiscono un aspetto accattivante. Pu\u00f2 presentare dettagli come la goffratura o la sbavatura per aggiungere un tocco di raffinatezza.<\/p>\n<p>L'esperienza di Zojoprint nel campo del packaging \u00e8 evidente in ogni aspetto di questa scatola. \u00c8 stata progettata per creare un'esperienza memorabile di unboxing, facendo sentire speciale chi la riceve. La scatola pu\u00f2 essere personalizzata per adattarsi allo stile unico e al marchio del braccialetto, aggiungendo cos\u00ec un tocco personale. Che si tratti di una collezione di gioielli di alta gamma o di un regalo speciale, la scatola per bracciali di Zojoprint Packaging Manufacturer Service \u00e8 la scelta ideale per esporre e proteggere questi splendidi accessori.<\/p>\n<h1><strong>Specifiche<\/strong><\/h1>\n<table style=\"height: 666px;\" width=\"1070\">\n<tbody>\n<tr>\n<td width=\"373\">Dimensioni<\/td>\n<td width=\"373\">Tutte le dimensioni e le forme personalizzate<\/td>\n<\/tr>\n<tr>\n<td width=\"373\">MOQ<\/td>\n<td width=\"373\">500 pezzi<\/td>\n<\/tr>\n<tr>\n<td width=\"373\">Tempo di campionamento<\/td>\n<td width=\"373\">3-5 giorni<\/td>\n<\/tr>\n<tr>\n<td width=\"373\">Processo predefinito<\/td>\n<td width=\"373\">Fustellatura, incollaggio, incisione, perforazione<\/td>\n<\/tr>\n<tr>\n<td width=\"373\">Stampa<\/td>\n<td width=\"373\">Cmyk, pms, nessuna stampa<\/td>\n<\/tr>\n<tr>\n<td width=\"373\">Opzione materiale<\/td>\n<td width=\"373\">Carta di cartone bianca, carta patinata, carta patinata, carta kraft, cartone avorio, cartone duplex, carta speciale, ecc.<\/td>\n<\/tr>\n<tr>\n<td width=\"373\">Finitura delle superfici<\/td>\n<td width=\"373\">Laminazione opaca\/lucida, goffratura UV Spot, goffratura, stampaggio a lamina ecc.<\/td>\n<\/tr>\n<tr>\n<td width=\"373\">Uso industriale<\/td>\n<td width=\"373\">cosmetici, profumi, indumenti, gioielli, tabacco, alimenti, prodotti di consumo quotidiano,<\/td>\n<\/tr>\n<tr>\n<td width=\"373\">Controllo qualit\u00e0<\/td>\n<td width=\"373\">L'attrezzatura avanzata e il team esperto del controllo di qualit\u00e0 controlleranno il materiale, i semilavorati e i prodotti finiti rigorosamente in ogni fase prima di<\/td>\n<\/tr>\n<tr>\n<td width=\"373\">Prezzo<\/td>\n<td width=\"373\">Il prezzo finale sar\u00e0 personalizzato in base al prodotto e alla quantit\u00e0 richiesta.<\/td>\n<\/tr>\n<tr>\n<td width=\"373\">Tempo di rotazione<\/td>\n<td width=\"373\">7-14 giorni lavorativi, urgente<\/td>\n<\/tr>\n<tr>\n<td width=\"373\">Carta da giornale<\/td>\n<td width=\"373\">Da 10pt a 28pt (da 60lb a 400lb) Kraft ecologico, ondulato e-flute, bux board, cartoncino<\/td>\n<\/tr>\n<tr>\n<td width=\"373\">Formato dell'opera d'arte<\/td>\n<td width=\"373\">JPG, PDF, AI, CDR, EPS, GIF....<\/td>\n<\/tr>\n<tr>\n<td width=\"373\">Accessori<\/td>\n<td width=\"373\">Magnete, nastro, forma EVA, vassoio di plastica, spugna, finestra in PVC\/PET\/PP,...<\/td>\n<\/tr>\n<tr>\n<td width=\"373\">Termine di pagamento<\/td>\n<td width=\"373\">T\/T, Western Union, Paypal, 30% deposito e 70% equilibrio prima della spedizione.<\/td>\n<\/tr>\n<\/tbody>\n<\/table>\n<div><\/div>\n<div class=\"widget block block-static-block\">\n<div class=\"landing-page-section option-bottom\">\n<div class=\"custom-materials-tabs-content container container-adjustment\">\n<div class=\"custom-materials-tab-content active\">\n<div class=\"widget block block-static-block\">\n<div class=\"options-items\">\n<div class=\"flex-grid-row-option\">\n<div class=\"flex-grid-item-option\">\n<div class=\"material-box\">\n<div class=\"material-des\">\n<h1><strong>FAQ<\/strong><\/h1>\n<p><strong>Che siate una fabbrica?<\/strong><\/p>\n<p>S\u00ec, siamo fabbrica, siamo un produttore professionale per la scatola di carta e il sacchetto di carta.<\/p>\n<p><strong>Se pu\u00f2 essere spedito con il piatto?<\/strong><\/p>\n<p>No, \u00e8 fatto da artpaper + cardbard, quindi \u00e8 scatola di carta rigida<\/p>\n<p><strong>Si pu\u00f2 fare una personalizzazione?<\/strong><\/p>\n<p>S\u00ec, potremmo fare personalizzare la scatola di carta per voi, in modo da poter scegliere la dimensione della scatola, il colore della scatola e il logo.<\/p>\n<p><strong>Potreste fare un campione per me?<\/strong><\/p>\n<p>S\u00ec. potremmo fare il campione per voi e la tassa del campione dipende dal processo.<\/p>\n<p><strong>Come ordinare?<\/strong><\/p>\n<ol>\n<li>Fornisci i tuoi dati<\/li>\n<li>Vi forniamo un preventivo<\/li>\n<li>realizzare un campione<\/li>\n<li>Versare il deposito<\/li>\n<li>Produzione di massa<\/li>\n<li>Pagare la balacne<\/li>\n<li>Prodotto di spedizione<\/li>\n<\/ol>\n<p><strong>Che ne dite del file di progettazione?<\/strong><\/p>\n<p>PDF, AI vanno bene.<\/p>\n<p><strong>In quanti modi si pu\u00f2 spedire, qual \u00e8 il migliore?<\/strong><\/p>\n<p>Via mare, per espresso, per via aerea, in base a quando volete ricevere la vostra produzione e in base alla quantit\u00e0 che ordinate.<\/p>\n<\/div>\n<\/div>\n<\/div>\n<\/div>\n<\/div>\n<\/div>\n<\/div>\n<\/div>\n<\/div>\n<\/div>\n<div class=\"widget block block-static-block\">\n<div class=\"landing-page-section option-bottom\">\n<div class=\"custom-materials-tabs-content container container-adjustment\">\n<div class=\"custom-materials-tab-content active\">\n<div class=\"widget block block-static-block\">\n<div class=\"options-items\">\n<div class=\"flex-grid-row-option\">\n<div class=\"flex-grid-item-option\">\n<div class=\"material-box\">\n<p>&nbsp;<\/p>\n<\/div>\n<\/div>\n<\/div>\n<\/div>\n<p><!---end of option item--><\/p>\n<\/div>\n<\/div>\n<\/div>\n<\/div>\n<\/div>","protected":false},"excerpt":{"rendered":"<p>Custom Boxes offre i pi\u00f9 recenti servizi di stampa di scatole e imballaggi personalizzati. Offriamo scatole su misura, scatole per la vendita al dettaglio, scatole rigide di lusso.<\/p>\n<ul>\n<li>MOQ: 500 pezzi<\/li>\n<li>Termine di consegna: 7-14 giorni lavorativi, Rush<\/li>\n<li>Dimensioni su misura (diametro x altezza)<\/li>\n<li>Stampa personalizzata<\/li>\n<li>Ecologico, riciclabile e senza plastica<\/li>\n<li>Prezzo: Il prezzo finale sar\u00e0 adattato al prodotto e alla quantit\u00e0 richiesta.<\/li>\n<\/ul>","protected":false},"featured_media":3880,"template":"","meta":[],"product_brand":[],"product_cat":[30,413,425,31],"product_tag":[860,862,861],"class_list":{"0":"post-3876","1":"product","2":"type-product","3":"status-publish","4":"has-post-thumbnail","6":"product_cat-by-industry","7":"product_cat-consumer-electronics-boxes","8":"product_cat-lid-and-base-gift-box","9":"product_cat-paper-box-style","10":"product_tag-custom-paper-box","11":"product_tag-luxury-paper-box","12":"product_tag-smart-fitness-band-tracks-paper-box","14":"first","15":"instock","16":"shipping-taxable","17":"product-type-grouped"},"_links":{"self":[{"href":"https:\/\/zojopackaging.com\/it\/wp-json\/wp\/v2\/product\/3876","targetHints":{"allow":["GET"]}}],"collection":[{"href":"https:\/\/zojopackaging.com\/it\/wp-json\/wp\/v2\/product"}],"about":[{"href":"https:\/\/zojopackaging.com\/it\/wp-json\/wp\/v2\/types\/product"}],"version-history":[{"count":2,"href":"https:\/\/zojopackaging.com\/it\/wp-json\/wp\/v2\/product\/3876\/revisions"}],"predecessor-version":[{"id":7243,"href":"https:\/\/zojopackaging.com\/it\/wp-json\/wp\/v2\/product\/3876\/revisions\/7243"}],"wp:featuredmedia":[{"embeddable":true,"href":"https:\/\/zojopackaging.com\/it\/wp-json\/wp\/v2\/media\/3880"}],"wp:attachment":[{"href":"https:\/\/zojopackaging.com\/it\/wp-json\/wp\/v2\/media?parent=3876"}],"wp:term":[{"taxonomy":"product_brand","embeddable":true,"href":"https:\/\/zojopackaging.com\/it\/wp-json\/wp\/v2\/product_brand?post=3876"},{"taxonomy":"product_cat","embeddable":true,"href":"https:\/\/zojopackaging.com\/it\/wp-json\/wp\/v2\/product_cat?post=3876"},{"taxonomy":"product_tag","embeddable":true,"href":"https:\/\/zojopackaging.com\/it\/wp-json\/wp\/v2\/product_tag?post=3876"}],"curies":[{"name":"wp","href":"https:\/\/api.w.org\/{rel}","templated":true}]}}