{"id":3930,"date":"2024-03-20T14:59:24","date_gmt":"2024-03-20T06:59:24","guid":{"rendered":"https:\/\/zojopackaging.com\/?post_type=product&#038;p=3930"},"modified":"2025-03-28T16:01:30","modified_gmt":"2025-03-28T08:01:30","slug":"double-opening-calendar-boxes","status":"publish","type":"product","link":"https:\/\/zojopackaging.com\/it\/product\/double-opening-calendar-boxes\/","title":{"rendered":"Scatola a doppia anta personalizzata Scatole Calender Produttore"},"content":{"rendered":"<h1>Scatola a doppia anta personalizzata Scatole Calender Produttore<\/h1>\n<p>Le scatole per calendari a doppia apertura sono una soluzione di imballaggio unica e innovativa che offre una doppia funzionalit\u00e0 al prodotto calendario. Queste scatole sono progettate con due aperture separate, che offrono versatilit\u00e0 e comodit\u00e0 di accesso al contenuto del calendario da diversi lati.<\/p>\n<p>L'esterno della scatola pu\u00f2 essere personalizzato per adattarsi al vostro marchio e alle vostre preferenze di design, creando una confezione coesa e visivamente accattivante. Le doppie aperture consentono un facile accesso al calendario, permettendo agli utenti di sfogliare le pagine o di esporre il calendario in vari orientamenti.<\/p>\n<p>L'interno della scatola \u00e8 progettato per contenere e proteggere in modo sicuro il calendario, assicurando che rimanga in condizioni perfette durante la conservazione o il trasporto. Le scatole per calendari a doppia apertura non sono solo una pratica soluzione di conservazione, ma anche un modo unico e accattivante per presentare il vostro prodotto calendario.<\/p>\n<p>Perfette per l'esposizione al dettaglio, gli eventi promozionali o gli omaggi, le scatole calendario a doppia apertura offrono un'opzione di packaging moderna e funzionale che migliora l'esperienza complessiva dell'utente.<\/p>\n<h1><strong>Specifiche<\/strong><\/h1>\n<table style=\"height: 666px;\" width=\"1070\">\n<tbody>\n<tr>\n<td width=\"373\">Dimensioni<\/td>\n<td width=\"373\">Tutte le dimensioni e le forme personalizzate<\/td>\n<\/tr>\n<tr>\n<td width=\"373\">MOQ<\/td>\n<td width=\"373\">500 pezzi<\/td>\n<\/tr>\n<tr>\n<td width=\"373\">Tempo di campionamento<\/td>\n<td width=\"373\">3-5 giorni<\/td>\n<\/tr>\n<tr>\n<td width=\"373\">Processo predefinito<\/td>\n<td width=\"373\">Fustellatura, incollaggio, incisione, perforazione<\/td>\n<\/tr>\n<tr>\n<td width=\"373\">Stampa<\/td>\n<td width=\"373\">Cmyk, pms, nessuna stampa<\/td>\n<\/tr>\n<tr>\n<td width=\"373\">Opzione materiale<\/td>\n<td width=\"373\">Carta di cartone bianca, carta patinata, carta patinata, carta kraft, cartone avorio, cartone duplex, carta speciale, ecc.<\/td>\n<\/tr>\n<tr>\n<td width=\"373\">Finitura delle superfici<\/td>\n<td width=\"373\">Laminazione opaca\/lucida, goffratura UV Spot, goffratura, stampaggio a lamina ecc.<\/td>\n<\/tr>\n<tr>\n<td width=\"373\">Uso industriale<\/td>\n<td width=\"373\">cosmetici, profumi, indumenti, gioielli, tabacco, alimenti, prodotti di consumo quotidiano,<\/td>\n<\/tr>\n<tr>\n<td width=\"373\">Controllo qualit\u00e0<\/td>\n<td width=\"373\">L'attrezzatura avanzata e il team esperto del controllo di qualit\u00e0 controlleranno il materiale, i semilavorati e i prodotti finiti rigorosamente in ogni fase prima di<\/td>\n<\/tr>\n<tr>\n<td width=\"373\">Prezzo<\/td>\n<td width=\"373\">Il prezzo finale sar\u00e0 personalizzato in base al prodotto e alla quantit\u00e0 richiesta.<\/td>\n<\/tr>\n<tr>\n<td width=\"373\">Tempo di rotazione<\/td>\n<td width=\"373\">7-14 giorni lavorativi, urgente<\/td>\n<\/tr>\n<tr>\n<td width=\"373\">Carta da giornale<\/td>\n<td width=\"373\">Da 10pt a 28pt (da 60lb a 400lb) Kraft ecologico, ondulato e-flute, bux board, cartoncino<\/td>\n<\/tr>\n<tr>\n<td width=\"373\">Formato dell'opera d'arte<\/td>\n<td width=\"373\">JPG, PDF, AI, CDR, EPS, GIF....<\/td>\n<\/tr>\n<tr>\n<td width=\"373\">Accessori<\/td>\n<td width=\"373\">Magnete, nastro, forma EVA, vassoio di plastica, spugna, finestra in PVC\/PET\/PP,...<\/td>\n<\/tr>\n<tr>\n<td width=\"373\">Termine di pagamento<\/td>\n<td width=\"373\">T\/T, Western Union, Paypal, 30% deposito e 70% equilibrio prima della spedizione.<\/td>\n<\/tr>\n<\/tbody>\n<\/table>\n<div class=\"widget block block-static-block\">\n<div class=\"landing-page-section option-bottom\">\n<div class=\"custom-materials-tabs-content container container-adjustment\">\n<div class=\"custom-materials-tab-content active\">\n<div class=\"widget block block-static-block\">\n<div class=\"options-items\">\n<div class=\"flex-grid-row-option\">\n<div class=\"flex-grid-item-option\">\n<div class=\"material-box\">\n<p>&nbsp;<\/p>\n<\/div>\n<\/div>\n<\/div>\n<\/div>\n<p><!---end of option item--><\/p>\n<\/div>\n<\/div>\n<\/div>\n<\/div>\n<\/div>","protected":false},"excerpt":{"rendered":"<p>Le scatole calendario a doppia apertura sono una soluzione di imballaggio unica e innovativa.<\/p>\n<p>Le scatole rigide personalizzate del calendario dell'avvento, con chiusura a doppia anta e splendidi interni, sono un modo sofisticato per esporre i regali di Natale.<\/p>\n<p>Tipo di materiale: Eco-compatibile, con certificazione FSC\/ISO\/BSCI<br \/>\nTempo di produzione: Campione 1-3 giorni; rinfusa 7-9 giorni<br \/>\nTempi di spedizione: Espresso 3-7 giorni; Aria 12-16 giorni; Barca 25-30 giorni (i paesi hanno tempi diversi).<\/p>\n<p>Prezzo: Contattateci per inviare una richiesta!<\/p>","protected":false},"featured_media":3934,"template":"","meta":[],"product_brand":[],"product_cat":[30,423,428,31],"product_tag":[816,817,815],"class_list":{"0":"post-3930","1":"product","2":"type-product","3":"status-publish","4":"has-post-thumbnail","6":"product_cat-by-industry","7":"product_cat-custom-presentation-boxes-by-industry","8":"product_cat-irregular-shaped-gift-boxes","9":"product_cat-paper-box-style","10":"product_tag-calender-boxes-manufacturer","11":"product_tag-custom-box","12":"product_tag-double-doors-box","14":"first","15":"instock","16":"shipping-taxable","17":"product-type-grouped"},"_links":{"self":[{"href":"https:\/\/zojopackaging.com\/it\/wp-json\/wp\/v2\/product\/3930","targetHints":{"allow":["GET"]}}],"collection":[{"href":"https:\/\/zojopackaging.com\/it\/wp-json\/wp\/v2\/product"}],"about":[{"href":"https:\/\/zojopackaging.com\/it\/wp-json\/wp\/v2\/types\/product"}],"version-history":[{"count":2,"href":"https:\/\/zojopackaging.com\/it\/wp-json\/wp\/v2\/product\/3930\/revisions"}],"predecessor-version":[{"id":8468,"href":"https:\/\/zojopackaging.com\/it\/wp-json\/wp\/v2\/product\/3930\/revisions\/8468"}],"wp:featuredmedia":[{"embeddable":true,"href":"https:\/\/zojopackaging.com\/it\/wp-json\/wp\/v2\/media\/3934"}],"wp:attachment":[{"href":"https:\/\/zojopackaging.com\/it\/wp-json\/wp\/v2\/media?parent=3930"}],"wp:term":[{"taxonomy":"product_brand","embeddable":true,"href":"https:\/\/zojopackaging.com\/it\/wp-json\/wp\/v2\/product_brand?post=3930"},{"taxonomy":"product_cat","embeddable":true,"href":"https:\/\/zojopackaging.com\/it\/wp-json\/wp\/v2\/product_cat?post=3930"},{"taxonomy":"product_tag","embeddable":true,"href":"https:\/\/zojopackaging.com\/it\/wp-json\/wp\/v2\/product_tag?post=3930"}],"curies":[{"name":"wp","href":"https:\/\/api.w.org\/{rel}","templated":true}]}}