{"id":4125,"date":"2024-03-21T10:00:52","date_gmt":"2024-03-21T02:00:52","guid":{"rendered":"https:\/\/zojopackaging.com\/?post_type=product&#038;p=4125"},"modified":"2025-03-28T11:23:03","modified_gmt":"2025-03-28T03:23:03","slug":"two-way-drawer-packaging-box","status":"publish","type":"product","link":"https:\/\/zojopackaging.com\/it\/product\/two-way-drawer-packaging-box\/","title":{"rendered":"Personalizzato stampato lusso Vape Cartuccia Packaging Box all'ingrosso"},"content":{"rendered":"<h1>Personalizzato stampato lusso Vape Cartuccia Packaging Box all'ingrosso<\/h1>\n<p>La scatola da imballaggio a due cassetti \u00e8 una soluzione di imballaggio versatile e funzionale che offre un meccanismo di apertura unico per un facile accesso al contenuto all'interno. Questo design innovativo \u00e8 caratterizzato da cassetti che possono essere aperti da entrambe le estremit\u00e0, offrendo ai clienti comodit\u00e0 e flessibilit\u00e0 durante l'operazione di unboxing.<\/p>\n<p>Realizzata con materiali di alta qualit\u00e0, come il cartone o il cartoncino, la scatola a due cassetti offre protezione e sicurezza ai prodotti confezionati. La doppia apertura aggiunge un tocco di interattivit\u00e0 e coinvolgimento, rendendola una scelta vincente per i marchi che desiderano creare un'esperienza di unboxing memorabile.<\/p>\n<p>La finitura elegante della scatola da imballaggio con cassetto a due vie le conferisce un aspetto moderno e sofisticato, valorizzando la presentazione complessiva dei prodotti all'interno. Sono disponibili opzioni di personalizzazione per aggiungere elementi di branding, loghi e disegni all'esterno della scatola, consentendo alle aziende di creare una soluzione di packaging personalizzata e d'impatto.<\/p>\n<h1><strong>Specifiche<\/strong><\/h1>\n<table style=\"height: 666px;\" width=\"1070\">\n<tbody>\n<tr>\n<td width=\"373\">Dimensioni<\/td>\n<td width=\"373\">Tutte le dimensioni e le forme personalizzate<\/td>\n<\/tr>\n<tr>\n<td width=\"373\">MOQ<\/td>\n<td width=\"373\">500 pezzi<\/td>\n<\/tr>\n<tr>\n<td width=\"373\">Tempo di campionamento<\/td>\n<td width=\"373\">3-5 giorni<\/td>\n<\/tr>\n<tr>\n<td width=\"373\">Processo predefinito<\/td>\n<td width=\"373\">Fustellatura, incollaggio, incisione, perforazione<\/td>\n<\/tr>\n<tr>\n<td width=\"373\">Stampa<\/td>\n<td width=\"373\">Cmyk, pms, nessuna stampa<\/td>\n<\/tr>\n<tr>\n<td width=\"373\">Opzione materiale<\/td>\n<td width=\"373\">Carta di cartone bianca, carta patinata, carta patinata, carta kraft, cartone avorio, cartone duplex, carta speciale, ecc.<\/td>\n<\/tr>\n<tr>\n<td width=\"373\">Finitura delle superfici<\/td>\n<td width=\"373\">Laminazione opaca\/lucida, goffratura UV Spot, goffratura, stampaggio a lamina ecc.<\/td>\n<\/tr>\n<tr>\n<td width=\"373\">Uso industriale<\/td>\n<td width=\"373\">cosmetici, profumi, indumenti, gioielli, tabacco, alimenti, prodotti di consumo quotidiano,<\/td>\n<\/tr>\n<tr>\n<td width=\"373\">Controllo qualit\u00e0<\/td>\n<td width=\"373\">L'attrezzatura avanzata e il team esperto del controllo di qualit\u00e0 controlleranno il materiale, i semilavorati e i prodotti finiti rigorosamente in ogni fase prima di<\/td>\n<\/tr>\n<tr>\n<td width=\"373\">Prezzo<\/td>\n<td width=\"373\">Il prezzo finale sar\u00e0 personalizzato in base al prodotto e alla quantit\u00e0 richiesta.<\/td>\n<\/tr>\n<tr>\n<td width=\"373\">Tempo di rotazione<\/td>\n<td width=\"373\">7-14 giorni lavorativi, urgente<\/td>\n<\/tr>\n<tr>\n<td width=\"373\">Carta da giornale<\/td>\n<td width=\"373\">Da 10pt a 28pt (da 60lb a 400lb) Kraft ecologico, ondulato e-flute, bux board, cartoncino<\/td>\n<\/tr>\n<tr>\n<td width=\"373\">Formato dell'opera d'arte<\/td>\n<td width=\"373\">JPG, PDF, AI, CDR, EPS, GIF....<\/td>\n<\/tr>\n<tr>\n<td width=\"373\">Accessori<\/td>\n<td width=\"373\">Magnete, nastro, forma EVA, vassoio di plastica, spugna, finestra in PVC\/PET\/PP,...<\/td>\n<\/tr>\n<tr>\n<td width=\"373\">Termine di pagamento<\/td>\n<td width=\"373\">T\/T, Western Union, Paypal, 30% deposito e 70% equilibrio prima della spedizione.<\/td>\n<\/tr>\n<\/tbody>\n<\/table>\n<div class=\"widget block block-static-block\">\n<div class=\"landing-page-section option-bottom\">\n<div class=\"custom-materials-tabs-content container container-adjustment\">\n<div class=\"custom-materials-tab-content active\">\n<div class=\"widget block block-static-block\">\n<div class=\"options-items\">\n<div class=\"flex-grid-row-option\">\n<div class=\"flex-grid-item-option\">\n<div class=\"material-box\">\n<p>&nbsp;<\/p>\n<\/div>\n<\/div>\n<\/div>\n<\/div>\n<p><!---end of option item--><\/p>\n<\/div>\n<\/div>\n<\/div>\n<\/div>\n<\/div>","protected":false},"excerpt":{"rendered":"<p>1. Il design della cassettiera e l'apertura scorrevole facilitano l'apertura e la chiusura, migliorando l'esperienza dell'unboxing.<br \/>\n2. Varie dimensioni possono essere personalizzate in base ai vostri prodotti, adatte all'imballaggio di vari vapes di cannabis.<br \/>\n3. La stampa sulla superficie della scatola \u00e8 chiara e non presenta differenze di colore.<\/p>","protected":false},"featured_media":4130,"template":"","meta":[],"product_brand":[],"product_cat":[30,420,31,426],"product_tag":[594,756,593],"class_list":{"0":"post-4125","1":"product","2":"type-product","3":"status-publish","4":"has-post-thumbnail","6":"product_cat-by-industry","7":"product_cat-custom-cannabis-boxes","8":"product_cat-paper-box-style","9":"product_cat-paper-drawer-boxes","10":"product_tag-custom-vape-packaging","11":"product_tag-vape-box-wholesale","12":"product_tag-vape-cartridge-packaging","14":"first","15":"instock","16":"shipping-taxable","17":"product-type-grouped"},"_links":{"self":[{"href":"https:\/\/zojopackaging.com\/it\/wp-json\/wp\/v2\/product\/4125","targetHints":{"allow":["GET"]}}],"collection":[{"href":"https:\/\/zojopackaging.com\/it\/wp-json\/wp\/v2\/product"}],"about":[{"href":"https:\/\/zojopackaging.com\/it\/wp-json\/wp\/v2\/types\/product"}],"version-history":[{"count":2,"href":"https:\/\/zojopackaging.com\/it\/wp-json\/wp\/v2\/product\/4125\/revisions"}],"predecessor-version":[{"id":8440,"href":"https:\/\/zojopackaging.com\/it\/wp-json\/wp\/v2\/product\/4125\/revisions\/8440"}],"wp:featuredmedia":[{"embeddable":true,"href":"https:\/\/zojopackaging.com\/it\/wp-json\/wp\/v2\/media\/4130"}],"wp:attachment":[{"href":"https:\/\/zojopackaging.com\/it\/wp-json\/wp\/v2\/media?parent=4125"}],"wp:term":[{"taxonomy":"product_brand","embeddable":true,"href":"https:\/\/zojopackaging.com\/it\/wp-json\/wp\/v2\/product_brand?post=4125"},{"taxonomy":"product_cat","embeddable":true,"href":"https:\/\/zojopackaging.com\/it\/wp-json\/wp\/v2\/product_cat?post=4125"},{"taxonomy":"product_tag","embeddable":true,"href":"https:\/\/zojopackaging.com\/it\/wp-json\/wp\/v2\/product_tag?post=4125"}],"curies":[{"name":"wp","href":"https:\/\/api.w.org\/{rel}","templated":true}]}}