{"id":4270,"date":"2024-03-21T15:38:04","date_gmt":"2024-03-21T07:38:04","guid":{"rendered":"https:\/\/zojopackaging.com\/?post_type=product&#038;p=4270"},"modified":"2025-04-03T17:06:28","modified_gmt":"2025-04-03T09:06:28","slug":"custom-luxury-lid-and-base-box","status":"publish","type":"product","link":"https:\/\/zojopackaging.com\/it\/product\/custom-luxury-lid-and-base-box\/","title":{"rendered":"Scatola di lusso personalizzata con coperchio e base"},"content":{"rendered":"<h1>Scatola di lusso personalizzata con coperchio e base<\/h1>\n<p>La scatola con coperchio e base \u00e8 un modello telescopico in cui il coperchio si inserisce sulla base, dove la base \u00e8 la parte pi\u00f9 stretta. Il coperchio pu\u00f2 essere grande quanto necessario per\u00a0<strong>si staccano facilmente o per incastrare saldamente la base<\/strong>. Se il coperchio \u00e8 a tenuta stagna, detto anche \"a vuoto\", l'apertura della scatola avviene con due mani. Se il coperchio non \u00e8 a tenuta, si pu\u00f2 aprire la scatola con una sola mano, il fondo rimane in posizione e il coperchio si solleva.<\/p>\n<p>Il coperchio e la base si incastrano perfettamente, garantendo una chiusura sicura e proteggendo il contenuto. L'interno pu\u00f2 essere rivestito con materiali morbidi per aggiungere un ulteriore livello di lusso e proteggere i prodotti da graffi e danni.<\/p>\n<p>Se state confezionando cosmetici di alta gamma, gioielli o altri articoli di lusso, la nostra scatola di lusso personalizzata con coperchio e base \u00e8 la scelta perfetta. Non si tratta di una semplice scatola, ma di una dichiarazione di eleganza e qualit\u00e0 che valorizzer\u00e0 i vostri prodotti.<\/p>\n<h1><strong>Specifiche<\/strong><\/h1>\n<div class=\"widget block block-static-block\">\n<div class=\"landing-page-section option-bottom\">\n<div class=\"custom-materials-tabs-content container container-adjustment\">\n<div class=\"custom-materials-tab-content active\">\n<div class=\"widget block block-static-block\">\n<div class=\"options-items\">\n<div class=\"flex-grid-row-option\">\n<div class=\"flex-grid-item-option\">\n<div class=\"material-box\">\n<div class=\"material-des\">\n<table width=\"1070\">\n<tbody>\n<tr>\n<td width=\"373\">Dimensioni<\/td>\n<td width=\"373\">Tutte le dimensioni e le forme personalizzate<\/td>\n<\/tr>\n<tr>\n<td width=\"373\">MOQ<\/td>\n<td width=\"373\">500 pezzi<\/td>\n<\/tr>\n<tr>\n<td width=\"373\">Tempo di campionamento<\/td>\n<td width=\"373\">\u00a03-5 giorni<\/td>\n<\/tr>\n<tr>\n<td width=\"373\">Processo predefinito<\/td>\n<td width=\"373\">Fustellatura, incollaggio, incisione, perforazione<\/td>\n<\/tr>\n<tr>\n<td width=\"373\">Stampa<\/td>\n<td width=\"373\">Cmyk, pms, nessuna stampa<\/td>\n<\/tr>\n<tr>\n<td width=\"373\">Opzione materiale<\/td>\n<td width=\"373\">Carta di cartone bianca, carta patinata, carta patinata, carta kraft, cartone avorio, cartone duplex, carta speciale, ecc.<\/td>\n<\/tr>\n<tr>\n<td width=\"373\">Finitura delle superfici<\/td>\n<td width=\"373\">Laminazione opaca\/lucida, goffratura UV Spot, goffratura, stampaggio a lamina ecc.<\/td>\n<\/tr>\n<tr>\n<td width=\"373\">Uso industriale<\/td>\n<td width=\"373\">cosmetici, profumi, indumenti, gioielli, tabacco, alimenti, prodotti di consumo quotidiano,<\/td>\n<\/tr>\n<tr>\n<td width=\"373\">Controllo qualit\u00e0<\/td>\n<td width=\"373\">L'attrezzatura avanzata e il team esperto del controllo di qualit\u00e0 controlleranno il materiale, i semilavorati e i prodotti finiti rigorosamente in ogni fase prima di<\/td>\n<\/tr>\n<tr>\n<td width=\"373\">Prezzo<\/td>\n<td width=\"373\">Il prezzo finale sar\u00e0 personalizzato in base al prodotto e alla quantit\u00e0 richiesta.<\/td>\n<\/tr>\n<tr>\n<td width=\"373\">Tempo di rotazione<\/td>\n<td width=\"373\">7-14 giorni lavorativi, urgente<\/td>\n<\/tr>\n<tr>\n<td width=\"373\">Carta da giornale<\/td>\n<td width=\"373\">Da 10pt a 28pt (da 60lb a 400lb) Kraft ecologico, ondulato e-flute, bux board, cartoncino<\/td>\n<\/tr>\n<tr>\n<td width=\"373\">Formato dell'opera d'arte<\/td>\n<td width=\"373\">JPG, PDF, AI, CDR, EPS, GIF....<\/td>\n<\/tr>\n<tr>\n<td width=\"373\">Accessori<\/td>\n<td width=\"373\">Magnete, nastro, forma EVA, vassoio di plastica, spugna, finestra in PVC\/PET\/PP,...<\/td>\n<\/tr>\n<tr>\n<td width=\"373\">Termine di pagamento<\/td>\n<td width=\"373\">T\/T, Western Union, Paypal, 30% deposito e 70% equilibrio prima della spedizione.<\/td>\n<\/tr>\n<\/tbody>\n<\/table>\n<\/div>\n<\/div>\n<\/div>\n<\/div>\n<\/div>\n<\/div>\n<\/div>\n<\/div>\n<\/div>\n<\/div>\n<div class=\"widget block block-static-block\">\n<div class=\"landing-page-section option-bottom\">\n<div class=\"custom-materials-tabs-content container container-adjustment\">\n<div class=\"custom-materials-tab-content active\">\n<div class=\"widget block block-static-block\">\n<div class=\"options-items\">\n<div class=\"flex-grid-row-option\">\n<div class=\"flex-grid-item-option\">\n<div class=\"material-box\">\n<p>&nbsp;<\/p>\n<\/div>\n<\/div>\n<\/div>\n<\/div>\n<p><!---end of option item--><\/p>\n<\/div>\n<\/div>\n<\/div>\n<\/div>\n<\/div>","protected":false},"excerpt":{"rendered":"<p>1. Scatola di imballaggio per cancelleria con apertura a doppia porta, metodo di apertura unico, che migliora l'esperienza di unboxing dell'utente.<br \/>\n2. Le varie dimensioni possono essere personalizzate in base ai vostri prodotti, adatti a tutti i tipi di imballaggio di cancelleria.<br \/>\n3. Carta patinata C2S da 157 g + cartoncino rigido da 1200 g, materiale ecologico e a sviluppo sostenibile.<\/p>","protected":false},"featured_media":4275,"template":"","meta":[],"product_brand":[],"product_cat":[30,413,425,31],"product_tag":[242,284,243,230],"class_list":{"0":"post-4270","1":"product","2":"type-product","3":"status-publish","4":"has-post-thumbnail","6":"product_cat-by-industry","7":"product_cat-consumer-electronics-boxes","8":"product_cat-lid-and-base-gift-box","9":"product_cat-paper-box-style","10":"product_tag-custom-gift-box","11":"product_tag-lid-and-base-box","12":"product_tag-paper-box-manufacturer","13":"product_tag-wholesale-packaging-box","15":"first","16":"instock","17":"shipping-taxable","18":"product-type-grouped"},"_links":{"self":[{"href":"https:\/\/zojopackaging.com\/it\/wp-json\/wp\/v2\/product\/4270","targetHints":{"allow":["GET"]}}],"collection":[{"href":"https:\/\/zojopackaging.com\/it\/wp-json\/wp\/v2\/product"}],"about":[{"href":"https:\/\/zojopackaging.com\/it\/wp-json\/wp\/v2\/types\/product"}],"version-history":[{"count":2,"href":"https:\/\/zojopackaging.com\/it\/wp-json\/wp\/v2\/product\/4270\/revisions"}],"predecessor-version":[{"id":8454,"href":"https:\/\/zojopackaging.com\/it\/wp-json\/wp\/v2\/product\/4270\/revisions\/8454"}],"wp:featuredmedia":[{"embeddable":true,"href":"https:\/\/zojopackaging.com\/it\/wp-json\/wp\/v2\/media\/4275"}],"wp:attachment":[{"href":"https:\/\/zojopackaging.com\/it\/wp-json\/wp\/v2\/media?parent=4270"}],"wp:term":[{"taxonomy":"product_brand","embeddable":true,"href":"https:\/\/zojopackaging.com\/it\/wp-json\/wp\/v2\/product_brand?post=4270"},{"taxonomy":"product_cat","embeddable":true,"href":"https:\/\/zojopackaging.com\/it\/wp-json\/wp\/v2\/product_cat?post=4270"},{"taxonomy":"product_tag","embeddable":true,"href":"https:\/\/zojopackaging.com\/it\/wp-json\/wp\/v2\/product_tag?post=4270"}],"curies":[{"name":"wp","href":"https:\/\/api.w.org\/{rel}","templated":true}]}}