{"id":4330,"date":"2024-03-21T16:43:04","date_gmt":"2024-03-21T08:43:04","guid":{"rendered":"https:\/\/zojopackaging.com\/?post_type=product&#038;p=4330"},"modified":"2025-03-28T13:40:43","modified_gmt":"2025-03-28T05:40:43","slug":"hair-curler-packaging-box","status":"publish","type":"product","link":"https:\/\/zojopackaging.com\/it\/product\/hair-curler-packaging-box\/","title":{"rendered":"Scatole d'imballaggio del rasoio elettrico su ordinazione del rasoio di rasatura dei capelli"},"content":{"rendered":"<h1 class=\"self-content-pre-ca33f6\">Scatole d'imballaggio del rasoio elettrico su ordinazione del rasoio di rasatura dei capelli<\/h1>\n<p>Il<\/p>\n<p>Le scatole di imballaggio personalizzate per rasoi elettrici e tagliacapelli sono progettate per proteggere e mettere in mostra il vostro elegante arricciacapelli. La scatola \u00e8 generalmente realizzata con materiali robusti per garantire la sicurezza dell'arricciacapelli durante il trasporto e lo stoccaggio.<\/p>\n<p>La confezione pu\u00f2 essere caratterizzata da un design accattivante, magari con immagini di bei riccioli o con il logo del marchio, per attirare l'attenzione dell'acquirente. Pu\u00f2 anche includere informazioni sulle caratteristiche e i vantaggi dell'arricciacapelli, come le diverse impostazioni di calore, i tipi di ricci e la facilit\u00e0 d'uso.<\/p>\n<p>La scatola pu\u00f2 avere una finestra o una sezione trasparente, che permette al cliente di vedere il bigodino stesso. In questo modo si pu\u00f2 dare un'occhiata in anteprima a ci\u00f2 che si pu\u00f2 ottenere con il prodotto.<\/p>\n<p>Sul retro o sui lati della confezione possono essere riportate le istruzioni per l'uso dell'arricciacapelli e le precauzioni di sicurezza. Questo aiuta gli utenti a capire come ottenere i migliori risultati utilizzando l'arricciacapelli in modo sicuro.<\/p>\n<h1><strong>Specifiche<\/strong><\/h1>\n<table style=\"border-collapse: collapse; width: 759.02pt;\" border=\"0\" width=\"1012\" cellspacing=\"0\" cellpadding=\"0\">\n<tbody>\n<tr style=\"height: 16.50pt;\">\n<td class=\"et3\" style=\"height: 16.50pt; width: 379.50pt;\" width=\"506\" height=\"22\">Dimensioni<\/td>\n<td class=\"et3\" style=\"width: 379.50pt;\" width=\"506\">Tutte le dimensioni e le forme personalizzate<\/td>\n<\/tr>\n<tr style=\"height: 16.50pt;\">\n<td class=\"et3\" style=\"height: 16.50pt;\" height=\"22\">Quantit\u00e0 minima<\/td>\n<td class=\"et3\">500 pezzi<\/td>\n<\/tr>\n<tr style=\"height: 16.50pt;\">\n<td class=\"et3\" style=\"height: 16.50pt;\" height=\"22\">Processo predefinito<\/td>\n<td class=\"et3\">Fustellatura, incollaggio, incisione, perforazione<\/td>\n<\/tr>\n<tr style=\"height: 16.50pt;\">\n<td class=\"et3\" style=\"height: 16.50pt;\" height=\"22\">Stampa<\/td>\n<td class=\"et3\">Cmyk, pms, nessuna stampa<\/td>\n<\/tr>\n<tr style=\"height: 16.50pt;\">\n<td class=\"et3\" style=\"height: 16.50pt;\" height=\"22\">Opzione materiale<\/td>\n<td class=\"et3\">Carta di cartone bianca, carta patinata, carta patinata, carta kraft, cartone avorio, cartone duplex, carta speciale, ecc.<\/td>\n<\/tr>\n<tr style=\"height: 17.25pt;\">\n<td class=\"et3\" style=\"height: 17.25pt;\" height=\"23\">Finitura delle superfici<\/td>\n<td class=\"et4\" style=\"width: 379.50pt;\" width=\"506\">Laminazione opaca\/lucida, goffratura UV Spot, goffratura, stampaggio a lamina ecc.<\/td>\n<\/tr>\n<tr style=\"height: 17.25pt;\">\n<td class=\"et4\" style=\"height: 17.25pt; width: 379.50pt;\" width=\"506\" height=\"23\">Uso industriale<\/td>\n<td class=\"et4\" style=\"width: 379.50pt;\" width=\"506\">cosmetici, profumi, indumenti, gioielli, tabacco, alimenti, prodotti di consumo quotidiano,<\/td>\n<\/tr>\n<tr style=\"height: 34.50pt;\">\n<td class=\"et4\" style=\"height: 34.50pt; width: 379.50pt;\" width=\"506\" height=\"46\">Controllo qualit\u00e0<\/td>\n<td class=\"et4\" style=\"width: 379.50pt;\" width=\"506\">L'attrezzatura avanzata e il team esperto del controllo di qualit\u00e0 controlleranno il materiale, i semilavorati e i prodotti finiti rigorosamente in ogni fase prima di<\/td>\n<\/tr>\n<tr style=\"height: 34.50pt;\">\n<td class=\"et4\" style=\"height: 34.50pt; width: 379.50pt;\" width=\"506\" height=\"46\">Prezzo<\/td>\n<td class=\"et4\" style=\"width: 379.50pt;\" width=\"506\">Il prezzo finale sar\u00e0 personalizzato in base al prodotto e alla quantit\u00e0 richiesta.<\/td>\n<\/tr>\n<tr style=\"height: 16.50pt;\">\n<td class=\"et3\" style=\"height: 16.50pt;\" height=\"22\">Tempo di rotazione<\/td>\n<td class=\"et3\">7-14 giorni lavorativi, urgente<\/td>\n<\/tr>\n<tr style=\"height: 16.50pt;\">\n<td class=\"et3\" style=\"height: 16.50pt;\" height=\"22\">Carta da giornale<\/td>\n<td class=\"et3\">Da 10pt a 28pt (da 60lb a 400lb) Kraft ecologico, ondulato e-flute, bux board, cartoncino<\/td>\n<\/tr>\n<tr style=\"height: 16.50pt;\">\n<td class=\"et3\" style=\"height: 16.50pt;\" height=\"22\">Prova<\/td>\n<td class=\"et3\">Vista piana, mock-up 3d, campionatura fisica (su richiesta)<\/td>\n<\/tr>\n<\/tbody>\n<\/table>\n<div class=\"widget block block-static-block\">\n<div class=\"landing-page-section option-bottom\">\n<div class=\"custom-materials-tabs-content container container-adjustment\">\n<div class=\"custom-materials-tab-content active\">\n<div class=\"widget block block-static-block\">\n<div class=\"options-items\">\n<div class=\"flex-grid-row-option\">\n<div class=\"flex-grid-item-option\">\n<div class=\"material-box\">\n<p>&nbsp;<\/p>\n<\/div>\n<\/div>\n<\/div>\n<\/div>\n<p><!---end of option item--><\/p>\n<\/div>\n<\/div>\n<\/div>\n<\/div>\n<\/div>","protected":false},"excerpt":{"rendered":"<p>1. Il tipo di scatola con coperchio e base \u00e8 facile da prendere e salva le abitudini dei consumatori.<br \/>\n2. 157 g di carta patinata C2S + 1200 g di cartoncino rigido Materiale ecologico e a sviluppo sostenibile<br \/>\n3. Varie dimensioni possono essere personalizzate in base al prodotto Adatto per vari rasoi elettrici, tagliacapelli, imballaggi di elettronica di consumo<\/p>","protected":false},"featured_media":4335,"template":"","meta":[],"product_brand":[],"product_cat":[30,413,425,31],"product_tag":[780,778,779],"class_list":{"0":"post-4330","1":"product","2":"type-product","3":"status-publish","4":"has-post-thumbnail","6":"product_cat-by-industry","7":"product_cat-consumer-electronics-boxes","8":"product_cat-lid-and-base-gift-box","9":"product_cat-paper-box-style","10":"product_tag-custom-razor-packaging","11":"product_tag-electric-shaver-packaging","12":"product_tag-hair-trimmer-packaging-boxes","14":"first","15":"instock","16":"shipping-taxable","17":"product-type-grouped"},"_links":{"self":[{"href":"https:\/\/zojopackaging.com\/it\/wp-json\/wp\/v2\/product\/4330","targetHints":{"allow":["GET"]}}],"collection":[{"href":"https:\/\/zojopackaging.com\/it\/wp-json\/wp\/v2\/product"}],"about":[{"href":"https:\/\/zojopackaging.com\/it\/wp-json\/wp\/v2\/types\/product"}],"version-history":[{"count":2,"href":"https:\/\/zojopackaging.com\/it\/wp-json\/wp\/v2\/product\/4330\/revisions"}],"predecessor-version":[{"id":8452,"href":"https:\/\/zojopackaging.com\/it\/wp-json\/wp\/v2\/product\/4330\/revisions\/8452"}],"wp:featuredmedia":[{"embeddable":true,"href":"https:\/\/zojopackaging.com\/it\/wp-json\/wp\/v2\/media\/4335"}],"wp:attachment":[{"href":"https:\/\/zojopackaging.com\/it\/wp-json\/wp\/v2\/media?parent=4330"}],"wp:term":[{"taxonomy":"product_brand","embeddable":true,"href":"https:\/\/zojopackaging.com\/it\/wp-json\/wp\/v2\/product_brand?post=4330"},{"taxonomy":"product_cat","embeddable":true,"href":"https:\/\/zojopackaging.com\/it\/wp-json\/wp\/v2\/product_cat?post=4330"},{"taxonomy":"product_tag","embeddable":true,"href":"https:\/\/zojopackaging.com\/it\/wp-json\/wp\/v2\/product_tag?post=4330"}],"curies":[{"name":"wp","href":"https:\/\/api.w.org\/{rel}","templated":true}]}}