{"id":4351,"date":"2024-03-21T17:03:29","date_gmt":"2024-03-21T09:03:29","guid":{"rendered":"https:\/\/zojopackaging.com\/?post_type=product&#038;p=4351"},"modified":"2025-03-27T21:32:26","modified_gmt":"2025-03-27T13:32:26","slug":"beauty-bra-packaging-box","status":"publish","type":"product","link":"https:\/\/zojopackaging.com\/it\/product\/beauty-bra-packaging-box\/","title":{"rendered":"Sciarpa personalizzata Cintura Abbigliamento Bandana Lingerie Box Factory"},"content":{"rendered":"<h1 class=\"self-content-pre-ca33f6\">Sciarpa personalizzata Cintura Abbigliamento Bandana Lingerie Box Factory<\/h1>\n<p>La Beauty Bra Packaging Box \u00e8 un contenitore elegante e funzionale che mette in mostra l'eleganza e la qualit\u00e0 del reggiseno di bellezza al suo interno. Progettata con precisione, questa scatola non solo protegge il reggiseno, ma aggiunge anche un tocco di raffinatezza alla presentazione complessiva.<\/p>\n<p>La scatola pu\u00f2 avere un design accattivante, con colori e motivi che completano l'estetica del reggiseno di bellezza. Pu\u00f2 avere un aspetto elegante e moderno, oppure uno stile pi\u00f9 femminile e delicato, a seconda dell'identit\u00e0 del marchio.<\/p>\n<p>La confezione pu\u00f2 contenere informazioni importanti come la taglia del reggiseno, la misura della coppa e la composizione del tessuto, per consentire al cliente di fare una scelta consapevole. Pu\u00f2 anche evidenziare caratteristiche chiave come il sostegno, il comfort e le capacit\u00e0 modellanti.<\/p>\n<p>Per migliorare l'esperienza del cliente, la scatola potrebbe avere una chiusura magnetica o un nastro per un'apertura facile ed elegante. All'interno, il reggiseno \u00e8 sistemato in modo ordinato, eventualmente avvolto in carta velina o protetto da un inserto rimovibile.<\/p>\n<h1><strong>Specifiche<\/strong><\/h1>\n<table style=\"border-collapse: collapse; width: 759.02pt;\" border=\"0\" width=\"1012\" cellspacing=\"0\" cellpadding=\"0\">\n<tbody>\n<tr style=\"height: 16.50pt;\">\n<td class=\"et3\" style=\"height: 16.50pt; width: 379.50pt;\" width=\"506\" height=\"22\">Dimensioni<\/td>\n<td class=\"et3\" style=\"width: 379.50pt;\" width=\"506\">Tutte le dimensioni e le forme personalizzate<\/td>\n<\/tr>\n<tr style=\"height: 16.50pt;\">\n<td class=\"et3\" style=\"height: 16.50pt;\" height=\"22\">Quantit\u00e0 minima<\/td>\n<td class=\"et3\">500 pezzi<\/td>\n<\/tr>\n<tr style=\"height: 16.50pt;\">\n<td class=\"et3\" style=\"height: 16.50pt;\" height=\"22\">Processo predefinito<\/td>\n<td class=\"et3\">Fustellatura, incollaggio, incisione, perforazione<\/td>\n<\/tr>\n<tr style=\"height: 16.50pt;\">\n<td class=\"et3\" style=\"height: 16.50pt;\" height=\"22\">Stampa<\/td>\n<td class=\"et3\">Cmyk, pms, nessuna stampa<\/td>\n<\/tr>\n<tr style=\"height: 16.50pt;\">\n<td class=\"et3\" style=\"height: 16.50pt;\" height=\"22\">Opzione materiale<\/td>\n<td class=\"et3\">Carta di cartone bianca, carta patinata, carta patinata, carta kraft, cartone avorio, cartone duplex, carta speciale, ecc.<\/td>\n<\/tr>\n<tr style=\"height: 17.25pt;\">\n<td class=\"et3\" style=\"height: 17.25pt;\" height=\"23\">Finitura delle superfici<\/td>\n<td class=\"et4\" style=\"width: 379.50pt;\" width=\"506\">Laminazione opaca\/lucida, goffratura UV Spot, goffratura, stampaggio a lamina ecc.<\/td>\n<\/tr>\n<tr style=\"height: 17.25pt;\">\n<td class=\"et4\" style=\"height: 17.25pt; width: 379.50pt;\" width=\"506\" height=\"23\">Uso industriale<\/td>\n<td class=\"et4\" style=\"width: 379.50pt;\" width=\"506\">cosmetici, profumi, indumenti, gioielli, tabacco, alimenti, prodotti di consumo quotidiano,<\/td>\n<\/tr>\n<tr style=\"height: 34.50pt;\">\n<td class=\"et4\" style=\"height: 34.50pt; width: 379.50pt;\" width=\"506\" height=\"46\">Controllo qualit\u00e0<\/td>\n<td class=\"et4\" style=\"width: 379.50pt;\" width=\"506\">L'attrezzatura avanzata e il team esperto del controllo di qualit\u00e0 controlleranno il materiale, i semilavorati e i prodotti finiti rigorosamente in ogni fase prima di<\/td>\n<\/tr>\n<tr style=\"height: 34.50pt;\">\n<td class=\"et4\" style=\"height: 34.50pt; width: 379.50pt;\" width=\"506\" height=\"46\">Prezzo<\/td>\n<td class=\"et4\" style=\"width: 379.50pt;\" width=\"506\">Il prezzo finale sar\u00e0 personalizzato in base al prodotto e alla quantit\u00e0 richiesta.<\/td>\n<\/tr>\n<tr style=\"height: 16.50pt;\">\n<td class=\"et3\" style=\"height: 16.50pt;\" height=\"22\">Tempo di rotazione<\/td>\n<td class=\"et3\">7-14 giorni lavorativi, urgente<\/td>\n<\/tr>\n<tr style=\"height: 16.50pt;\">\n<td class=\"et3\" style=\"height: 16.50pt;\" height=\"22\">Carta da giornale<\/td>\n<td class=\"et3\">Da 10pt a 28pt (da 60lb a 400lb) Kraft ecologico, ondulato e-flute, bux board, cartoncino<\/td>\n<\/tr>\n<tr style=\"height: 16.50pt;\">\n<td class=\"et3\" style=\"height: 16.50pt;\" height=\"22\">Prova<\/td>\n<td class=\"et3\">Vista piana, mock-up 3d, campionatura fisica (su richiesta)<\/td>\n<\/tr>\n<\/tbody>\n<\/table>\n<div class=\"widget block block-static-block\">\n<div class=\"landing-page-section option-bottom\">\n<div class=\"custom-materials-tabs-content container container-adjustment\">\n<div class=\"custom-materials-tab-content active\">\n<div class=\"widget block block-static-block\">\n<div class=\"options-items\">\n<div class=\"flex-grid-row-option\">\n<div class=\"flex-grid-item-option\">\n<div class=\"material-box\">\n<p>&nbsp;<\/p>\n<\/div>\n<\/div>\n<\/div>\n<\/div>\n<p><!---end of option item--><\/p>\n<\/div>\n<\/div>\n<\/div>\n<\/div>\n<\/div>","protected":false},"excerpt":{"rendered":"<ul>\n<li>MOQ: 500 pezzi<\/li>\n<li>Termine di consegna: 7-14 giorni lavorativi, Rush<\/li>\n<li>Dimensioni su misura (diametro x altezza)<\/li>\n<li>Stampa personalizzata<\/li>\n<li>Ecologico, riciclabile e senza plastica<\/li>\n<li>Prezzo: Il prezzo finale sar\u00e0 adattato al prodotto e alla quantit\u00e0 richiesta.<\/li>\n<\/ul>","protected":false},"featured_media":4352,"template":"","meta":[],"product_brand":[],"product_cat":[30,414,425,31],"product_tag":[724,725,723],"class_list":{"0":"post-4351","1":"product","2":"type-product","3":"status-publish","4":"has-post-thumbnail","6":"product_cat-by-industry","7":"product_cat-custom-apparel-boxes","8":"product_cat-lid-and-base-gift-box","9":"product_cat-paper-box-style","10":"product_tag-clothing-box-factory","11":"product_tag-custom-lingerie-box","12":"product_tag-custom-scarf-box","14":"first","15":"instock","16":"shipping-taxable","17":"product-type-grouped"},"_links":{"self":[{"href":"https:\/\/zojopackaging.com\/it\/wp-json\/wp\/v2\/product\/4351","targetHints":{"allow":["GET"]}}],"collection":[{"href":"https:\/\/zojopackaging.com\/it\/wp-json\/wp\/v2\/product"}],"about":[{"href":"https:\/\/zojopackaging.com\/it\/wp-json\/wp\/v2\/types\/product"}],"version-history":[{"count":2,"href":"https:\/\/zojopackaging.com\/it\/wp-json\/wp\/v2\/product\/4351\/revisions"}],"predecessor-version":[{"id":8427,"href":"https:\/\/zojopackaging.com\/it\/wp-json\/wp\/v2\/product\/4351\/revisions\/8427"}],"wp:featuredmedia":[{"embeddable":true,"href":"https:\/\/zojopackaging.com\/it\/wp-json\/wp\/v2\/media\/4352"}],"wp:attachment":[{"href":"https:\/\/zojopackaging.com\/it\/wp-json\/wp\/v2\/media?parent=4351"}],"wp:term":[{"taxonomy":"product_brand","embeddable":true,"href":"https:\/\/zojopackaging.com\/it\/wp-json\/wp\/v2\/product_brand?post=4351"},{"taxonomy":"product_cat","embeddable":true,"href":"https:\/\/zojopackaging.com\/it\/wp-json\/wp\/v2\/product_cat?post=4351"},{"taxonomy":"product_tag","embeddable":true,"href":"https:\/\/zojopackaging.com\/it\/wp-json\/wp\/v2\/product_tag?post=4351"}],"curies":[{"name":"wp","href":"https:\/\/api.w.org\/{rel}","templated":true}]}}