{"id":4358,"date":"2024-03-21T17:12:19","date_gmt":"2024-03-21T09:12:19","guid":{"rendered":"https:\/\/zojopackaging.com\/?post_type=product&#038;p=4358"},"modified":"2025-03-28T12:01:32","modified_gmt":"2025-03-28T04:01:32","slug":"puzzle-toy-packaging-box","status":"publish","type":"product","link":"https:\/\/zojopackaging.com\/it\/product\/puzzle-toy-packaging-box\/","title":{"rendered":"Personalizzazione Puzzle Toy Rigid Packaging Box Produttori"},"content":{"rendered":"<div class=\"ast-row single-product-specifications\">\n<div class=\"ast-container\">\n<div class=\"ast-col-xs-12\">\n<div class=\"single-product-specification-wrapper\">\n<h1><strong>Specifiche<\/strong><\/h1>\n<table style=\"border-collapse: collapse; width: 759.02pt;\" border=\"0\" width=\"1012\" cellspacing=\"0\" cellpadding=\"0\">\n<tbody>\n<tr style=\"height: 16.50pt;\">\n<td class=\"et3\" style=\"height: 16.50pt; width: 379.50pt;\" width=\"506\" height=\"22\">Dimensioni<\/td>\n<td class=\"et3\" style=\"width: 379.50pt;\" width=\"506\">Tutte le dimensioni e le forme personalizzate<\/td>\n<\/tr>\n<tr style=\"height: 16.50pt;\">\n<td class=\"et3\" style=\"height: 16.50pt;\" height=\"22\">Quantit\u00e0 minima<\/td>\n<td class=\"et3\">500 pezzi<\/td>\n<\/tr>\n<tr style=\"height: 16.50pt;\">\n<td class=\"et3\" style=\"height: 16.50pt;\" height=\"22\">Processo predefinito<\/td>\n<td class=\"et3\">Fustellatura, incollaggio, incisione, perforazione<\/td>\n<\/tr>\n<tr style=\"height: 16.50pt;\">\n<td class=\"et3\" style=\"height: 16.50pt;\" height=\"22\">Stampa<\/td>\n<td class=\"et3\">Cmyk, pms, nessuna stampa<\/td>\n<\/tr>\n<tr style=\"height: 16.50pt;\">\n<td class=\"et3\" style=\"height: 16.50pt;\" height=\"22\">Opzione materiale<\/td>\n<td class=\"et3\">Carta di cartone bianca, carta patinata, carta patinata, carta kraft, cartone avorio, cartone duplex, carta speciale, ecc.<\/td>\n<\/tr>\n<tr style=\"height: 17.25pt;\">\n<td class=\"et3\" style=\"height: 17.25pt;\" height=\"23\">Finitura delle superfici<\/td>\n<td class=\"et4\" style=\"width: 379.50pt;\" width=\"506\">Laminazione opaca\/lucida, goffratura UV Spot, goffratura, stampaggio a lamina ecc.<\/td>\n<\/tr>\n<tr style=\"height: 17.25pt;\">\n<td class=\"et4\" style=\"height: 17.25pt; width: 379.50pt;\" width=\"506\" height=\"23\">Uso industriale<\/td>\n<td class=\"et4\" style=\"width: 379.50pt;\" width=\"506\">cosmetici, profumi, indumenti, gioielli, tabacco, alimenti, prodotti di consumo quotidiano,<\/td>\n<\/tr>\n<tr style=\"height: 34.50pt;\">\n<td class=\"et4\" style=\"height: 34.50pt; width: 379.50pt;\" width=\"506\" height=\"46\">Controllo qualit\u00e0<\/td>\n<td class=\"et4\" style=\"width: 379.50pt;\" width=\"506\">L'attrezzatura avanzata e il team esperto del controllo di qualit\u00e0 controlleranno il materiale, i semilavorati e i prodotti finiti rigorosamente in ogni fase prima di<\/td>\n<\/tr>\n<tr style=\"height: 34.50pt;\">\n<td class=\"et4\" style=\"height: 34.50pt; width: 379.50pt;\" width=\"506\" height=\"46\">Prezzo<\/td>\n<td class=\"et4\" style=\"width: 379.50pt;\" width=\"506\">Il prezzo finale sar\u00e0 personalizzato in base al prodotto e alla quantit\u00e0 richiesta.<\/td>\n<\/tr>\n<tr style=\"height: 16.50pt;\">\n<td class=\"et3\" style=\"height: 16.50pt;\" height=\"22\">Tempo di rotazione<\/td>\n<td class=\"et3\">7-14 giorni lavorativi, urgente<\/td>\n<\/tr>\n<tr style=\"height: 16.50pt;\">\n<td class=\"et3\" style=\"height: 16.50pt;\" height=\"22\">Carta da giornale<\/td>\n<td class=\"et3\">Da 250GSM a 350GSM - da 10pt a 28pt (da 60lb a 400lb), Silk Card\/Carta d'arte, cartone, ondulato e\/c\/b flute, Kraft Card, Bux Board e PVC\/Plastica e smerigliato da 300 a 760 micron.<\/td>\n<\/tr>\n<tr style=\"height: 16.50pt;\">\n<td class=\"et3\" style=\"height: 16.50pt;\" height=\"22\">Prova<\/td>\n<td class=\"et3\">Vista piana, mock-up 3d, campionatura fisica (su richiesta)<\/td>\n<\/tr>\n<\/tbody>\n<\/table>\n<\/div>\n<\/div>\n<\/div>\n<\/div>\n<div class=\"ast-row single-product-description\">\n<div class=\"ast-container\">\n<div class=\"ast-col-xs-12\">\n<h2>Celebrare la dolcezza: Con le scatole da imballaggio per giocattoli puzzle personalizzati Magia:<\/h2>\n<p>Nel delizioso mondo della pasticceria, dove la dolcezza \u00e8 al centro della scena,\u00a0<strong>Scatola d'imballaggio Zojoprint<\/strong>\u00a0introduciamo scatole per l'imballaggio di giocattoli a puzzle progettate per preservare, presentare ed esaltare il fascino di queste deliziose creazioni. realizziamo incredibili scatole per torte che hanno un aspetto sorprendente e mantengono le vostre torte al sicuro. La realizzazione delle scatole per torte \u00e8 la nostra prima preoccupazione, in modo che i clienti siano invogliati a morderle e ad assaporarne la bont\u00e0. Non fa differenza quanto sia grande o piccola la vostra attivit\u00e0: lavoriamo con entrambi i tipi di aziende. Dappertutto\u00a0<strong>Regno Unito e Europa<\/strong>, \"Zojoprint Packaging Box\" \u00e8 una fonte affidabile per la creazione di scatole per dolci di marca. In particolare, per le piccole imprese, crediamo nella produzione di scatole di qualit\u00e0 superiore a prezzi ragionevoli. I nostri designer di talento producono scatole per torte che completano perfettamente l'aspetto generale del vostro marchio. Indipendentemente dalla quantit\u00e0 richiesta, possiamo creare scatole in qualsiasi quantit\u00e0. Abbiamo quattro continenti con i nostri sofisticati macchinari. Se non avete gi\u00e0 un design per la vostra scatola, questa \u00e8 l'opzione migliore che abbiamo. Il nostro staff di progettisti \u00e8 a vostra disposizione per assistervi, senza alcun costo aggiuntivo. Qui a<\/p>\n<h3>Scatole per l'imballaggio di giocattoli puzzle personalizzate con requisiti su misura disponibili a <strong>Scatola d'imballaggio Zojoprint<\/strong><\/h3>\n<p>\"Zojoprint Packaging Box\" pu\u00f2 aiutarvi a trasformare le vostre scatole per dolci in scatole davvero belle.  Per le vostre scatole uniche, vi offriamo la migliore fonte nel Regno Unito. Oltre a garantire che le vostre scatole siano resistenti, ci assicuriamo anche che abbiano un aspetto fantastico. Abbiamo a cuore l'ambiente e utilizziamo materiali come il cartone, il kraft\/artigianale, l'ondulato e il cartoncino di seta. Questi materiali migliorano la salute del pianeta. Vi offriamo un'ampia selezione di splendidi colori tra cui scegliere per la progettazione delle vostre scatole. Per rendere uniche le vostre scatole per torte, aggiungete elementi extra come stampa texture, spot UV, lamine d'oro e d'argento, goffratura e debossing. La cosa migliore \u00e8 che la plastificazione lucida o opaca \u00e8 inclusa senza costi aggiuntivi, il che migliorer\u00e0 l'aspetto delle vostre scatole. Il nostro team vi assister\u00e0 con un lavoro di progettazione gratuito se non avete ancora pronto il vostro design. Se spendete pi\u00f9 di 200 sterline, le consegneremo gratuitamente in qualsiasi localit\u00e0 del Regno Unito. Il vostro marchio briller\u00e0 ancora di pi\u00f9 di quanto possiate immaginare grazie alle nostre confezioni ultra-cool. Sceglieteci per fornire al vostro marchio il packaging pi\u00f9 unico e semplice che si distingue dalla concorrenza.<\/p>\n<h4>Fornitore all'ingrosso di scatole di imballaggio per giocattoli puzzle di marca nel Regno Unito e in Europa<\/h4>\n<p>Zojoprint Packaging Box si \u00e8 affermata come fornitore all'ingrosso pi\u00f9 affidabile di scatole di imballaggio per giocattoli puzzle su misura. Abbiamo fornito centinaia e migliaia di scatole per giocattoli puzzle di marca a migliaia di clienti nel Regno Unito e in Europa. Se avete bisogno di scatole per giocattoli puzzle con il vostro logo e messaggio personalizzato, contattateci oggi stesso e vi offriremo un prezzo imbattibile. Condividete con noi le vostre esigenze di scatole e ottenete un preventivo gratuito e senza impegno.<\/p>\n<\/div>\n<\/div>\n<\/div>\n<div class=\"widget block block-static-block\">\n<div class=\"landing-page-section option-bottom\">\n<div class=\"custom-materials-tabs-content container container-adjustment\">\n<div class=\"custom-materials-tab-content active\">\n<div class=\"widget block block-static-block\">\n<p><!---end of option item--><\/p>\n<\/div>\n<\/div>\n<\/div>\n<\/div>\n<\/div>","protected":false},"excerpt":{"rendered":"<p>Esplora la scatola dei puzzle su ZOJO Print.  16 anni di esperienza affidabile produttore cinese. Contattateci per maggiori dettagli!<\/p>\n<p>Personalizzazione: Pu\u00f2 personalizzare dimensioni\/stampa\/materiale\/finitura\/forma ecc.<br \/>\nTipo di materiale: Eco-compatibile, con certificazione FSC\/ISO\/BSCI<br \/>\nTempo di produzione: Campione 1-3 giorni; rinfusa 7-9 giorni<\/p>","protected":false},"featured_media":4363,"template":"","meta":[],"product_brand":[],"product_cat":[30,423,425,31],"product_tag":[768,769,770],"class_list":{"0":"post-4358","1":"product","2":"type-product","3":"status-publish","4":"has-post-thumbnail","6":"product_cat-by-industry","7":"product_cat-custom-presentation-boxes-by-industry","8":"product_cat-lid-and-base-gift-box","9":"product_cat-paper-box-style","10":"product_tag-customization-rigid-box","11":"product_tag-packaging-box-manufacturers","12":"product_tag-puzzle-toy-box","14":"first","15":"instock","16":"shipping-taxable","17":"product-type-grouped"},"_links":{"self":[{"href":"https:\/\/zojopackaging.com\/it\/wp-json\/wp\/v2\/product\/4358","targetHints":{"allow":["GET"]}}],"collection":[{"href":"https:\/\/zojopackaging.com\/it\/wp-json\/wp\/v2\/product"}],"about":[{"href":"https:\/\/zojopackaging.com\/it\/wp-json\/wp\/v2\/types\/product"}],"version-history":[{"count":2,"href":"https:\/\/zojopackaging.com\/it\/wp-json\/wp\/v2\/product\/4358\/revisions"}],"predecessor-version":[{"id":8448,"href":"https:\/\/zojopackaging.com\/it\/wp-json\/wp\/v2\/product\/4358\/revisions\/8448"}],"wp:featuredmedia":[{"embeddable":true,"href":"https:\/\/zojopackaging.com\/it\/wp-json\/wp\/v2\/media\/4363"}],"wp:attachment":[{"href":"https:\/\/zojopackaging.com\/it\/wp-json\/wp\/v2\/media?parent=4358"}],"wp:term":[{"taxonomy":"product_brand","embeddable":true,"href":"https:\/\/zojopackaging.com\/it\/wp-json\/wp\/v2\/product_brand?post=4358"},{"taxonomy":"product_cat","embeddable":true,"href":"https:\/\/zojopackaging.com\/it\/wp-json\/wp\/v2\/product_cat?post=4358"},{"taxonomy":"product_tag","embeddable":true,"href":"https:\/\/zojopackaging.com\/it\/wp-json\/wp\/v2\/product_tag?post=4358"}],"curies":[{"name":"wp","href":"https:\/\/api.w.org\/{rel}","templated":true}]}}