{"id":4422,"date":"2024-03-22T14:26:55","date_gmt":"2024-03-22T06:26:55","guid":{"rendered":"https:\/\/zojopackaging.com\/?post_type=product&#038;p=4422"},"modified":"2025-03-28T11:37:33","modified_gmt":"2025-03-28T03:37:33","slug":"customized-water-cup-lid-box","status":"publish","type":"product","link":"https:\/\/zojopackaging.com\/it\/product\/customized-water-cup-lid-box\/","title":{"rendered":"Personalizzato stampato tazza di caff\u00e8 imballaggio scatole regalo Set all'ingrosso"},"content":{"rendered":"<h1 class=\"self-content-pre-ca33f6\">Personalizzato stampato tazza di caff\u00e8 imballaggio scatole regalo Set all'ingrosso<\/h1>\n<p>La tazza di caff\u00e8 stampata su misura che confeziona scatole regalo all'ingrosso<\/p>\n<ul>\n<li>Opzioni di personalizzazione: Questa scatola offre la flessibilit\u00e0 di personalizzarla in base alle vostre specifiche esigenze. \u00c8 possibile aggiungere il logo del proprio marchio, disegni personalizzati o qualsiasi altro elemento desiderato, per ottenere un aspetto unico e personalizzato.<\/li>\n<li>Costruzione durevole: Realizzata con materiali di alta qualit\u00e0, la scatola garantisce la durata e la protezione dei coperchi dei bicchieri d'acqua. \u00c8 in grado di resistere alla manipolazione e allo stoccaggio, mantenendo i coperchi al sicuro da eventuali danni.<\/li>\n<li>Adattamento preciso: La scatola personalizzata per coperchi di bicchieri d'acqua \u00e8 progettata per adattarsi perfettamente ai coperchi, garantendo un posizionamento aderente e sicuro. In questo modo si evita che i coperchi si spostino o si graffino durante il trasporto.<\/li>\n<li>Protezione e organizzazione: La scatola aiuta a mantenere i coperchi dei bicchieri d'acqua organizzati e protetti. Previene polvere, sporcizia e graffi, assicurando che i coperchi rimangano in condizioni perfette.<\/li>\n<li>Comodit\u00e0: La scatola \u00e8 progettata per essere utilizzata facilmente. Pu\u00f2 essere dotata di un coperchio incernierato o rimovibile per un rapido accesso ai coperchi interni. Inoltre, pu\u00f2 essere impilabile per una conservazione efficiente.<\/li>\n<li>Presentazione pronta per il regalo: Grazie alla sua natura personalizzabile, la scatola aggiunge un tocco in pi\u00f9 di eleganza e di attenzione, rendendola adatta ad essere regalata o a migliorare l'esperienza complessiva del cliente.Che siate un'azienda che desidera confezionare in modo professionale i propri coperchi per bicchieri d'acqua o un privato alla ricerca di una soluzione di archiviazione personalizzata, la scatola personalizzata per coperchi per bicchieri d'acqua offre stile, protezione e convenienza. Vi permette di mettere in mostra il vostro marchio o il vostro stile personale, mantenendo i vostri coperchi al sicuro e organizzati.<\/li>\n<\/ul>\n<h1><strong>Specifiche<\/strong><\/h1>\n<table style=\"height: 666px;\" width=\"1070\">\n<tbody>\n<tr>\n<td width=\"373\">Dimensioni<\/td>\n<td width=\"373\">Tutte le dimensioni e le forme personalizzate<\/td>\n<\/tr>\n<tr>\n<td width=\"373\">MOQ<\/td>\n<td width=\"373\">500 pezzi<\/td>\n<\/tr>\n<tr>\n<td width=\"373\">Tempo di campionamento<\/td>\n<td width=\"373\">3-5 giorni<\/td>\n<\/tr>\n<tr>\n<td width=\"373\">Processo predefinito<\/td>\n<td width=\"373\">Fustellatura, incollaggio, incisione, perforazione<\/td>\n<\/tr>\n<tr>\n<td width=\"373\">Stampa<\/td>\n<td width=\"373\">Cmyk, pms, nessuna stampa<\/td>\n<\/tr>\n<tr>\n<td width=\"373\">Opzione materiale<\/td>\n<td width=\"373\">Carta di cartone bianca, carta patinata, carta patinata, carta kraft, cartone avorio, cartone duplex, carta speciale, ecc.<\/td>\n<\/tr>\n<tr>\n<td width=\"373\">Finitura delle superfici<\/td>\n<td width=\"373\">Laminazione opaca\/lucida, goffratura UV Spot, goffratura, stampaggio a lamina ecc.<\/td>\n<\/tr>\n<tr>\n<td width=\"373\">Uso industriale<\/td>\n<td width=\"373\">cosmetici, profumi, indumenti, gioielli, tabacco, alimenti, prodotti di consumo quotidiano,<\/td>\n<\/tr>\n<tr>\n<td width=\"373\">Controllo qualit\u00e0<\/td>\n<td width=\"373\">L'attrezzatura avanzata e il team esperto del controllo di qualit\u00e0 controlleranno il materiale, i semilavorati e i prodotti finiti rigorosamente in ogni fase prima di<\/td>\n<\/tr>\n<tr>\n<td width=\"373\">Prezzo<\/td>\n<td width=\"373\">Il prezzo finale sar\u00e0 personalizzato in base al prodotto e alla quantit\u00e0 richiesta.<\/td>\n<\/tr>\n<tr>\n<td width=\"373\">Tempo di rotazione<\/td>\n<td width=\"373\">7-14 giorni lavorativi, urgente<\/td>\n<\/tr>\n<tr>\n<td width=\"373\">Carta da giornale<\/td>\n<td width=\"373\">Da 10pt a 28pt (da 60lb a 400lb) Kraft ecologico, ondulato e-flute, bux board, cartoncino<\/td>\n<\/tr>\n<tr>\n<td width=\"373\">Formato dell'opera d'arte<\/td>\n<td width=\"373\">JPG, PDF, AI, CDR, EPS, GIF....<\/td>\n<\/tr>\n<tr>\n<td width=\"373\">Accessori<\/td>\n<td width=\"373\">Magnete, nastro, forma EVA, vassoio di plastica, spugna, finestra in PVC\/PET\/PP,...<\/td>\n<\/tr>\n<tr>\n<td width=\"373\">Termine di pagamento<\/td>\n<td width=\"373\">T\/T, Western Union, Paypal, 30% deposito e 70% equilibrio prima della spedizione.<\/td>\n<\/tr>\n<\/tbody>\n<\/table>\n<div><\/div>\n<div class=\"widget block block-static-block\">\n<div class=\"landing-page-section option-bottom\">\n<div class=\"custom-materials-tabs-content container container-adjustment\">\n<div class=\"custom-materials-tab-content active\">\n<div class=\"widget block block-static-block\">\n<div class=\"options-items\">\n<div class=\"flex-grid-row-option\">\n<div class=\"flex-grid-item-option\">\n<div class=\"material-box\">\n<div class=\"material-des\">\n<h1><strong>FAQ<\/strong><\/h1>\n<p><strong>Che siate una fabbrica?<\/strong><\/p>\n<p>S\u00ec, siamo fabbrica, siamo un produttore professionale per la scatola di carta e il sacchetto di carta.<\/p>\n<p><strong>Se pu\u00f2 essere spedito con il piatto?<\/strong><\/p>\n<p>No, \u00e8 fatto da artpaper + cardbard, quindi \u00e8 scatola di carta rigida<\/p>\n<p><strong>Si pu\u00f2 fare una personalizzazione?<\/strong><\/p>\n<p>S\u00ec, potremmo fare personalizzare la scatola di carta per voi, in modo da poter scegliere la dimensione della scatola, il colore della scatola e il logo.<\/p>\n<p><strong>Potreste fare un campione per me?<\/strong><\/p>\n<p>S\u00ec. potremmo fare il campione per voi e la tassa del campione dipende dal processo.<\/p>\n<p><strong>Come ordinare?<\/strong><\/p>\n<ol>\n<li>Fornisci i tuoi dati<\/li>\n<li>Vi forniamo un preventivo<\/li>\n<li>realizzare un campione<\/li>\n<li>Versare il deposito<\/li>\n<li>Produzione di massa<\/li>\n<li>Pagare la balacne<\/li>\n<li>Prodotto di spedizione<\/li>\n<\/ol>\n<p><strong>Che ne dite del file di progettazione?<\/strong><\/p>\n<p>PDF, AI vanno bene.<\/p>\n<p><strong>In quanti modi si pu\u00f2 spedire, qual \u00e8 il migliore?<\/strong><\/p>\n<p>Via mare, per espresso, per via aerea, in base a quando volete ricevere la vostra produzione e in base alla quantit\u00e0 che ordinate.<\/p>\n<\/div>\n<\/div>\n<\/div>\n<\/div>\n<\/div>\n<\/div>\n<\/div>\n<\/div>\n<\/div>\n<\/div>\n<div class=\"widget block block-static-block\">\n<div class=\"landing-page-section option-bottom\">\n<div class=\"custom-materials-tabs-content container container-adjustment\">\n<div class=\"custom-materials-tab-content active\">\n<div class=\"widget block block-static-block\">\n<div class=\"options-items\">\n<div class=\"flex-grid-row-option\">\n<div class=\"flex-grid-item-option\">\n<div class=\"material-box\">\n<p>&nbsp;<\/p>\n<\/div>\n<\/div>\n<\/div>\n<\/div>\n<p><!---end of option item--><\/p>\n<\/div>\n<\/div>\n<\/div>\n<\/div>\n<\/div>","protected":false},"excerpt":{"rendered":"<p>1. Il tipo di scatola con coperchio e base adotta la struttura del coperchio superiore e inferiore, che \u00e8 comoda da prendere e salva le abitudini dei consumatori.<br \/>\n2. La stampa a caldo conferisce all'imballaggio un senso di lusso e una presentazione visiva di alta qualit\u00e0.<br \/>\n3. Il materiale cartaceo speciale \u00e8 semplice ma non privo di lusso.<\/p>","protected":false},"featured_media":4426,"template":"","meta":[],"product_brand":[],"product_cat":[30,423,425,31],"product_tag":[760,762,761],"class_list":{"0":"post-4422","1":"product","2":"type-product","3":"status-publish","4":"has-post-thumbnail","6":"product_cat-by-industry","7":"product_cat-custom-presentation-boxes-by-industry","8":"product_cat-lid-and-base-gift-box","9":"product_cat-paper-box-style","10":"product_tag-custom-coffee-mug-packaging","11":"product_tag-mug-boxes-set-wholesale","12":"product_tag-mug-packaging-gift-boxes","14":"first","15":"instock","16":"shipping-taxable","17":"product-type-grouped"},"_links":{"self":[{"href":"https:\/\/zojopackaging.com\/it\/wp-json\/wp\/v2\/product\/4422","targetHints":{"allow":["GET"]}}],"collection":[{"href":"https:\/\/zojopackaging.com\/it\/wp-json\/wp\/v2\/product"}],"about":[{"href":"https:\/\/zojopackaging.com\/it\/wp-json\/wp\/v2\/types\/product"}],"version-history":[{"count":1,"href":"https:\/\/zojopackaging.com\/it\/wp-json\/wp\/v2\/product\/4422\/revisions"}],"predecessor-version":[{"id":8445,"href":"https:\/\/zojopackaging.com\/it\/wp-json\/wp\/v2\/product\/4422\/revisions\/8445"}],"wp:featuredmedia":[{"embeddable":true,"href":"https:\/\/zojopackaging.com\/it\/wp-json\/wp\/v2\/media\/4426"}],"wp:attachment":[{"href":"https:\/\/zojopackaging.com\/it\/wp-json\/wp\/v2\/media?parent=4422"}],"wp:term":[{"taxonomy":"product_brand","embeddable":true,"href":"https:\/\/zojopackaging.com\/it\/wp-json\/wp\/v2\/product_brand?post=4422"},{"taxonomy":"product_cat","embeddable":true,"href":"https:\/\/zojopackaging.com\/it\/wp-json\/wp\/v2\/product_cat?post=4422"},{"taxonomy":"product_tag","embeddable":true,"href":"https:\/\/zojopackaging.com\/it\/wp-json\/wp\/v2\/product_tag?post=4422"}],"curies":[{"name":"wp","href":"https:\/\/api.w.org\/{rel}","templated":true}]}}