{"id":4701,"date":"2024-03-25T14:30:02","date_gmt":"2024-03-25T06:30:02","guid":{"rendered":"https:\/\/zojopackaging.com\/?post_type=product&#038;p=4701"},"modified":"2025-03-27T20:01:54","modified_gmt":"2025-03-27T12:01:54","slug":"cleaner-airplane-packaging-box","status":"publish","type":"product","link":"https:\/\/zojopackaging.com\/it\/product\/cleaner-airplane-packaging-box\/","title":{"rendered":"Prodotto elettronico personalizzato che imballa la scatola Set Factory"},"content":{"rendered":"<h1 class=\"self-content-pre-ca33f6\">Prodotto elettronico personalizzato che imballa la scatola Set Factory<\/h1>\n<p>La scatola Cleaner Airplane Packaging \u00e8 stata progettata all'insegna della sostenibilit\u00e0. Realizzata con materiali ecologici, \u00e8 riciclabile e biodegradabile, riducendo l'impatto ambientale. Le sue dimensioni compatte la rendono facile da riporre e da maneggiare, adattandosi perfettamente allo spazio limitato di un aereo. La scatola \u00e8 robusta e durevole, per garantire la protezione del contenuto durante il trasporto. L'imballaggio \u00e8 stato progettato per essere leggero, riducendo il peso complessivo della spedizione e minimizzando il consumo di carburante. Con il suo design elegante e moderno, la scatola Cleaner Airplane Packaging Box non solo ha uno scopo funzionale, ma aggiunge anche un tocco di stile all'esperienza di viaggio.<\/p>\n<p><strong>Caratteristiche principali:<\/strong><\/p>\n<ul>\n<li>Materiale leggero e resistente per una facile manipolazione e una conservazione sicura<\/li>\n<li>Design ecologico per ridurre l'impronta di carbonio<\/li>\n<li>Dimensioni compatte per massimizzare lo spazio di stoccaggio e ridurre al minimo gli sprechi<\/li>\n<li>Facile da assemblare e smontare per un rapido imballaggio e disimballaggio<\/li>\n<\/ul>\n<h1><strong>Specifiche<\/strong><\/h1>\n<table style=\"border-collapse: collapse; width: 759.02pt;\" border=\"0\" width=\"1012\" cellspacing=\"0\" cellpadding=\"0\">\n<tbody>\n<tr style=\"height: 16.50pt;\">\n<td class=\"et3\" style=\"height: 16.50pt; width: 379.50pt;\" width=\"506\" height=\"22\">Dimensioni<\/td>\n<td class=\"et3\" style=\"width: 379.50pt;\" width=\"506\">Tutte le dimensioni e le forme personalizzate<\/td>\n<\/tr>\n<tr style=\"height: 16.50pt;\">\n<td class=\"et3\" style=\"height: 16.50pt;\" height=\"22\">Quantit\u00e0 minima<\/td>\n<td class=\"et3\">500 pezzi<\/td>\n<\/tr>\n<tr style=\"height: 16.50pt;\">\n<td class=\"et3\" style=\"height: 16.50pt;\" height=\"22\">Processo predefinito<\/td>\n<td class=\"et3\">Fustellatura, incollaggio, incisione, perforazione<\/td>\n<\/tr>\n<tr style=\"height: 16.50pt;\">\n<td class=\"et3\" style=\"height: 16.50pt;\" height=\"22\">Stampa<\/td>\n<td class=\"et3\">Cmyk, pms, nessuna stampa<\/td>\n<\/tr>\n<tr style=\"height: 16.50pt;\">\n<td class=\"et3\" style=\"height: 16.50pt;\" height=\"22\">Opzione materiale<\/td>\n<td class=\"et3\">Carta di cartone bianca, carta patinata, carta patinata, carta kraft, cartone avorio, cartone duplex, carta speciale, ecc.<\/td>\n<\/tr>\n<tr style=\"height: 17.25pt;\">\n<td class=\"et3\" style=\"height: 17.25pt;\" height=\"23\">Finitura delle superfici<\/td>\n<td class=\"et4\" style=\"width: 379.50pt;\" width=\"506\">Laminazione opaca\/lucida, goffratura UV Spot, goffratura, stampaggio a lamina ecc.<\/td>\n<\/tr>\n<tr style=\"height: 17.25pt;\">\n<td class=\"et4\" style=\"height: 17.25pt; width: 379.50pt;\" width=\"506\" height=\"23\">Uso industriale<\/td>\n<td class=\"et4\" style=\"width: 379.50pt;\" width=\"506\">cosmetici, profumi, indumenti, gioielli, tabacco, alimenti, prodotti di consumo quotidiano,<\/td>\n<\/tr>\n<tr style=\"height: 34.50pt;\">\n<td class=\"et4\" style=\"height: 34.50pt; width: 379.50pt;\" width=\"506\" height=\"46\">Controllo qualit\u00e0<\/td>\n<td class=\"et4\" style=\"width: 379.50pt;\" width=\"506\">L'attrezzatura avanzata e il team esperto del controllo di qualit\u00e0 controlleranno il materiale, i semilavorati e i prodotti finiti rigorosamente in ogni fase prima di<\/td>\n<\/tr>\n<tr style=\"height: 34.50pt;\">\n<td class=\"et4\" style=\"height: 34.50pt; width: 379.50pt;\" width=\"506\" height=\"46\">Prezzo<\/td>\n<td class=\"et4\" style=\"width: 379.50pt;\" width=\"506\">Il prezzo finale sar\u00e0 personalizzato in base al prodotto e alla quantit\u00e0 richiesta.<\/td>\n<\/tr>\n<tr style=\"height: 16.50pt;\">\n<td class=\"et3\" style=\"height: 16.50pt;\" height=\"22\">Tempo di rotazione<\/td>\n<td class=\"et3\">7-14 giorni lavorativi, urgente<\/td>\n<\/tr>\n<tr style=\"height: 16.50pt;\">\n<td class=\"et3\" style=\"height: 16.50pt;\" height=\"22\">Carta da giornale<\/td>\n<td class=\"et3\">Da 10pt a 28pt (da 60lb a 400lb) Kraft ecologico, ondulato e-flute, bux board, cartoncino<\/td>\n<\/tr>\n<tr style=\"height: 16.50pt;\">\n<td class=\"et3\" style=\"height: 16.50pt;\" height=\"22\">Prova<\/td>\n<td class=\"et3\">Vista piana, mock-up 3d, campionatura fisica (su richiesta)<\/td>\n<\/tr>\n<\/tbody>\n<\/table>\n<div class=\"widget block block-static-block\">\n<div class=\"landing-page-section option-bottom\">\n<div class=\"custom-materials-tabs-content container container-adjustment\">\n<div class=\"custom-materials-tab-content active\">\n<div class=\"widget block block-static-block\">\n<div class=\"options-items\">\n<div class=\"flex-grid-row-option\">\n<div class=\"flex-grid-item-option\">\n<div class=\"material-box\">\n<div class=\"material-des\">\n<p>&nbsp;<\/p>\n<\/div>\n<p>&nbsp;<\/p>\n<\/div>\n<\/div>\n<\/div>\n<\/div>\n<p><!---end of option item--><\/p>\n<\/div>\n<\/div>\n<\/div>\n<\/div>\n<\/div>","protected":false},"excerpt":{"rendered":"<p>-Il vostro cofanetto sar\u00e0: Misura adatta, stampa chiara, impermeabile, spedizione piatta per risparmiare le spese di spedizione.<br \/>\n-Tipo di materiale: Eco-friendly, hanno la certificazione di FSC, ISO, BSCI<br \/>\n-Personalizzazione: Pu\u00f2 personalizzare dimensioni\/stampa\/materiale\/finitura\/forma ecc.<br \/>\n-Tempo di produzione: Campione 1-3 giorni; Ingombro 7-9 giorni Tempi di spedizione: Espresso 3-7 giorni; Aria 12-16 giorni; Barca 25-30 giorni (i paesi hanno tempi diversi).<br \/>\n-Prezzo: Contattateci per inviare la richiesta<\/p>","protected":false},"featured_media":4707,"template":"","meta":[],"product_brand":[],"product_cat":[30,413,31,433],"product_tag":[259,222,90],"class_list":{"0":"post-4701","1":"product","2":"type-product","3":"status-publish","4":"has-post-thumbnail","6":"product_cat-by-industry","7":"product_cat-consumer-electronics-boxes","8":"product_cat-paper-box-style","9":"product_cat-shipping-mailer-boxes","10":"product_tag-custom-electronics-boxes","11":"product_tag-custom-packaging-box","12":"product_tag-paper-box-factory","14":"first","15":"instock","16":"shipping-taxable","17":"product-type-grouped"},"_links":{"self":[{"href":"https:\/\/zojopackaging.com\/it\/wp-json\/wp\/v2\/product\/4701","targetHints":{"allow":["GET"]}}],"collection":[{"href":"https:\/\/zojopackaging.com\/it\/wp-json\/wp\/v2\/product"}],"about":[{"href":"https:\/\/zojopackaging.com\/it\/wp-json\/wp\/v2\/types\/product"}],"version-history":[{"count":2,"href":"https:\/\/zojopackaging.com\/it\/wp-json\/wp\/v2\/product\/4701\/revisions"}],"predecessor-version":[{"id":8206,"href":"https:\/\/zojopackaging.com\/it\/wp-json\/wp\/v2\/product\/4701\/revisions\/8206"}],"wp:featuredmedia":[{"embeddable":true,"href":"https:\/\/zojopackaging.com\/it\/wp-json\/wp\/v2\/media\/4707"}],"wp:attachment":[{"href":"https:\/\/zojopackaging.com\/it\/wp-json\/wp\/v2\/media?parent=4701"}],"wp:term":[{"taxonomy":"product_brand","embeddable":true,"href":"https:\/\/zojopackaging.com\/it\/wp-json\/wp\/v2\/product_brand?post=4701"},{"taxonomy":"product_cat","embeddable":true,"href":"https:\/\/zojopackaging.com\/it\/wp-json\/wp\/v2\/product_cat?post=4701"},{"taxonomy":"product_tag","embeddable":true,"href":"https:\/\/zojopackaging.com\/it\/wp-json\/wp\/v2\/product_tag?post=4701"}],"curies":[{"name":"wp","href":"https:\/\/api.w.org\/{rel}","templated":true}]}}