{"id":5697,"date":"2024-05-10T11:01:37","date_gmt":"2024-05-10T03:01:37","guid":{"rendered":"https:\/\/zojopackaging.com\/?post_type=product&#038;p=5697"},"modified":"2025-03-24T11:53:28","modified_gmt":"2025-03-24T03:53:28","slug":"custom-pizza-packaging-box","status":"publish","type":"product","link":"https:\/\/zojopackaging.com\/it\/product\/custom-pizza-packaging-box\/","title":{"rendered":"Cina Premium Custom stampato Kraft Pizza scatole all'ingrosso"},"content":{"rendered":"<h1>Cina Premium Custom stampato Kraft Pizza scatole all'ingrosso<\/h1>\n<p><strong>Imballaggi alimentari personalizzati ecocompatibili<\/strong><\/p>\n<div class=\"auto-hide-last-sibling-br paragraph-ae1685 br-paragraph-space\" data-sider-select-id=\"3048e002-9888-4134-9a86-1328e88ae0c7\">\n<p>Scoprite la nostra eccezionale gamma di scatole personalizzate per il confezionamento di alimenti, progettate appositamente per soddisfare le diverse esigenze della vostra azienda. Le nostre scatole personalizzate sono un mix perfetto di funzionalit\u00e0 e creativit\u00e0.<br \/>\nQueste scatole da imballaggio sono realizzate con un'attenzione meticolosa ai dettagli, per garantire una qualit\u00e0 e una durata superiori. Realizzate su misura in base alle vostre esatte specifiche, offrono una vestibilit\u00e0 perfetta per i vostri prodotti alimentari, garantendo una protezione e una presentazione ottimali.<\/p>\n<p>Con una serie di opzioni personalizzabili, potete personalizzare il design, il colore, le dimensioni e la stampa delle scatole per allinearle alla vostra identit\u00e0 di marca. Se avete bisogno di un packaging elegante, moderno o unico, abbiamo le soluzioni che fanno per voi.<\/p>\n<p>ZOJO Print offre un'ampia gamma di opzioni di packaging alimentare personalizzato che soddisfano le esigenze di diverse aziende. I nostri prodotti sono realizzati con materiali di alta qualit\u00e0 e possono essere personalizzati in base alle vostre esigenze. Quindi, che abbiate bisogno di imballaggi per il vostro ristorante, food truck o attivit\u00e0 di catering, noi vi copriamo le spalle.<\/p>\n<p><strong>Gamma di imballaggi alimentari personalizzati<\/strong><br \/>\nZOJO Print offre una serie di diverse opzioni di confezioni alimentari personalizzate per i vostri prodotti. Sono tutti realizzati in cartoncino Delipac\u00a9 sicuro per gli alimenti (tranne i Doypack) e possono essere personalizzati con la vostra grafica. Ecco un breve riassunto, ma potete trovare informazioni complete nelle pagine separate.<\/p>\n<ul>\n<li>Contenitori per alimenti: disponibili in quattro formati, sono ideali per alimenti come popcorn e patatine grazie alla loro forma e sono resistenti all'olio e al grasso.<\/li>\n<li>Scatole per alimenti con coperchio a ribalta: se avete bisogno di proteggere i vostri prodotti, il coperchio facile da usare di queste scatole le rende ideali per tutti i tipi di articoli, in particolare per lo street food e i take away.<\/li>\n<li>Scatole per alimenti Deluxe: offrono un look sofisticato grazie alla loro forma interessante e alle chiusure accattivanti. Scegliete tra la chiusura con nastro o con maniglia e tra le varie dimensioni.<\/li>\n<li>Scatole per panini: queste scatole sono progettate per contenere panini, croissant e altri prodotti da forno, proteggendoli e mantenendo caldi gli alimenti. La loro forma allungata impedisce che il cibo venga schiacciato.<\/li>\n<li>Doypacks: buste stand-up in quattro materiali a scelta per proteggere e conservare i prodotti alimentari. Laminazione, cerniera e foro per appendere opzionali.<\/li>\n<\/ul>\n<p><strong>Imballaggi alimentari personalizzati in cartone<\/strong><br \/>\nLe nostre confezioni alimentari personalizzate sono realizzate in uno speciale cartoncino chiamato Delipac\u00a9, con una serie di caratteristiche che lo distinguono da altri materiali:<\/p>\n<ul>\n<li>Ha un rivestimento a base d'acqua che lo rende estremamente resistente agli oli e ai grassi.<\/li>\n<li>Pu\u00f2 essere messo nel congelatore o nel microonde senza alcun problema.<\/li>\n<li>Fornisce al cibo un buon isolamento termico<\/li>\n<li>\u00c8 resistente alla migrazione dell'inchiostro<\/li>\n<\/ul>\n<p>Inoltre, nelle nostre stampanti utilizziamo inchiostri a bassa migrazione per la personalizzazione degli imballaggi alimentari stampati, per evitare qualsiasi possibilit\u00e0 di contaminazione degli alimenti. Anche questi componenti sono stati testati in laboratorio per garantirne la sicurezza.<\/p>\n<p><strong>Imballaggi alimentari personalizzati ecocompatibili<\/strong><\/p>\n<p>Il nostro packaging alimentare personalizzato \u00e8 una soluzione ecologica per la vostra attivit\u00e0 alimentare. Al giorno d'oggi, la sostenibilit\u00e0 e le scelte eco-compatibili sono sempre pi\u00f9 importanti, e i clienti le cercano quando decidono da quali aziende acquistare. Pertanto, il nostro imballaggio alimentare ecologico pu\u00f2 aggiungere valore alla vostra attivit\u00e0. Ha le seguenti propriet\u00e0:<\/p>\n<ul>\n<li>Biodegradabile<\/li>\n<li>Compostabile<\/li>\n<li>Riciclabile<\/li>\n<\/ul>\n<p><strong>Ordinazione di imballaggi alimentari personalizzati<\/strong><\/p>\n<p>\u00c8 facile ordinare imballaggi alimentari personalizzati da ZOJO Print. \u00c8 sufficiente scegliere lo stile di prodotto pi\u00f9 adatto a voi e andare alla pagina corrispondente. Troverete un modulo d'ordine che vi guider\u00e0 passo dopo passo. Selezionate le opzioni di personalizzazione che preferite, come le dimensioni, il materiale, ecc. e verr\u00e0 visualizzato automaticamente un preventivo gratuito.<\/p>\n<p>Scegliete tra una gamma di prezzi e opzioni di consegna che si adattano alle vostre esigenze e poi inviateci la vostra opera d'arte. Per qualsiasi problema o domanda, non esitate a contattarci.<\/p>\n<\/div>\n<h1><strong>Specifiche<\/strong><\/h1>\n<div class=\"widget block block-static-block\">\n<div class=\"landing-page-section option-bottom\">\n<div class=\"custom-materials-tabs-content container container-adjustment\">\n<div class=\"custom-materials-tab-content active\">\n<div class=\"widget block block-static-block\">\n<div class=\"options-items\">\n<div class=\"flex-grid-row-option\">\n<div class=\"flex-grid-item-option\">\n<div class=\"material-box\">\n<div class=\"material-des\">\n<table style=\"height: 666px;\" width=\"1070\">\n<tbody>\n<tr>\n<td width=\"373\">Dimensioni<\/td>\n<td width=\"373\">Tutte le dimensioni e le forme personalizzate<\/td>\n<\/tr>\n<tr>\n<td width=\"373\">MOQ<\/td>\n<td width=\"373\">500 pezzi<\/td>\n<\/tr>\n<tr>\n<td width=\"373\">Tempo di campionamento<\/td>\n<td width=\"373\">3-5 giorni<\/td>\n<\/tr>\n<tr>\n<td width=\"373\">Processo predefinito<\/td>\n<td width=\"373\">Fustellatura, incollaggio, incisione, perforazione<\/td>\n<\/tr>\n<tr>\n<td width=\"373\">Stampa<\/td>\n<td width=\"373\">Cmyk, pms, nessuna stampa<\/td>\n<\/tr>\n<tr>\n<td width=\"373\">Opzione materiale<\/td>\n<td width=\"373\">Carta di cartone bianca, carta patinata, carta patinata, carta kraft, cartone avorio, cartone duplex, carta speciale, ecc.<\/td>\n<\/tr>\n<tr>\n<td width=\"373\">Finitura delle superfici<\/td>\n<td width=\"373\">Laminazione opaca\/lucida, goffratura UV Spot, goffratura, stampaggio a lamina ecc.<\/td>\n<\/tr>\n<tr>\n<td width=\"373\">Uso industriale<\/td>\n<td width=\"373\">cosmetici, profumi, indumenti, gioielli, tabacco, alimenti, prodotti di consumo quotidiano,<\/td>\n<\/tr>\n<tr>\n<td width=\"373\">Controllo qualit\u00e0<\/td>\n<td width=\"373\">L'attrezzatura avanzata e il team esperto del controllo di qualit\u00e0 controlleranno il materiale, i semilavorati e i prodotti finiti rigorosamente in ogni fase prima di<\/td>\n<\/tr>\n<tr>\n<td width=\"373\">Prezzo<\/td>\n<td width=\"373\">Il prezzo finale sar\u00e0 personalizzato in base al prodotto e alla quantit\u00e0 richiesta.<\/td>\n<\/tr>\n<tr>\n<td width=\"373\">Tempo di rotazione<\/td>\n<td width=\"373\">7-14 giorni lavorativi, urgente<\/td>\n<\/tr>\n<tr>\n<td width=\"373\">Carta da giornale<\/td>\n<td width=\"373\">Da 10pt a 28pt (da 60lb a 400lb) Kraft ecologico, ondulato e-flute, bux board, cartoncino<\/td>\n<\/tr>\n<tr>\n<td width=\"373\">Formato dell'opera d'arte<\/td>\n<td width=\"373\">JPG, PDF, AI, CDR, EPS, GIF....<\/td>\n<\/tr>\n<tr>\n<td width=\"373\">Accessori<\/td>\n<td width=\"373\">Magnete, nastro, forma EVA, vassoio di plastica, spugna, finestra in PVC\/PET\/PP,...<\/td>\n<\/tr>\n<tr>\n<td width=\"373\">Termine di pagamento<\/td>\n<td width=\"373\">T\/T, Western Union, Paypal, 30% deposito e 70% equilibrio prima della spedizione.<\/td>\n<\/tr>\n<\/tbody>\n<\/table>\n<\/div>\n<p>&nbsp;<\/p>\n<\/div>\n<\/div>\n<\/div>\n<\/div>\n<p><!---end of option item--><\/p>\n<\/div>\n<\/div>\n<\/div>\n<\/div>\n<\/div>","protected":false},"excerpt":{"rendered":"<p>Scatole per pizza pieghevoli in carta kraft fornite direttamente da fabbriche cinesi, supportano una personalizzazione illimitata delle dimensioni, un design di imballaggio di livello alimentare, un comodo trasporto e un risparmio di spazio.<\/p>","protected":false},"featured_media":6705,"template":"","meta":[],"product_brand":[],"product_cat":[30,422,31,433],"product_tag":[532,533,531],"class_list":{"0":"post-5697","1":"product","2":"type-product","3":"status-publish","4":"has-post-thumbnail","6":"product_cat-by-industry","7":"product_cat-custom-gourmet-boxes-by-industry","8":"product_cat-paper-box-style","9":"product_cat-shipping-mailer-boxes","10":"product_tag-kraft-pizza-boxes","11":"product_tag-pizza-boxes-wholesale","12":"product_tag-premium-pizza-boxes","14":"first","15":"instock","16":"shipping-taxable","17":"product-type-grouped"},"_links":{"self":[{"href":"https:\/\/zojopackaging.com\/it\/wp-json\/wp\/v2\/product\/5697","targetHints":{"allow":["GET"]}}],"collection":[{"href":"https:\/\/zojopackaging.com\/it\/wp-json\/wp\/v2\/product"}],"about":[{"href":"https:\/\/zojopackaging.com\/it\/wp-json\/wp\/v2\/types\/product"}],"version-history":[{"count":3,"href":"https:\/\/zojopackaging.com\/it\/wp-json\/wp\/v2\/product\/5697\/revisions"}],"predecessor-version":[{"id":8093,"href":"https:\/\/zojopackaging.com\/it\/wp-json\/wp\/v2\/product\/5697\/revisions\/8093"}],"wp:featuredmedia":[{"embeddable":true,"href":"https:\/\/zojopackaging.com\/it\/wp-json\/wp\/v2\/media\/6705"}],"wp:attachment":[{"href":"https:\/\/zojopackaging.com\/it\/wp-json\/wp\/v2\/media?parent=5697"}],"wp:term":[{"taxonomy":"product_brand","embeddable":true,"href":"https:\/\/zojopackaging.com\/it\/wp-json\/wp\/v2\/product_brand?post=5697"},{"taxonomy":"product_cat","embeddable":true,"href":"https:\/\/zojopackaging.com\/it\/wp-json\/wp\/v2\/product_cat?post=5697"},{"taxonomy":"product_tag","embeddable":true,"href":"https:\/\/zojopackaging.com\/it\/wp-json\/wp\/v2\/product_tag?post=5697"}],"curies":[{"name":"wp","href":"https:\/\/api.w.org\/{rel}","templated":true}]}}