{"id":5971,"date":"2024-06-18T09:26:16","date_gmt":"2024-06-18T01:26:16","guid":{"rendered":"https:\/\/zojopackaging.com\/?post_type=product&#038;p=5971"},"modified":"2025-03-24T12:09:12","modified_gmt":"2025-03-24T04:09:12","slug":"custom-cylinder-cr-vape-cartridge-box","status":"publish","type":"product","link":"https:\/\/zojopackaging.com\/it\/product\/custom-cylinder-cr-vape-cartridge-box\/","title":{"rendered":"Fabbrica della metropolitana di carta della scatola della cartuccia di Vape resistente ai bambini su ordinazione"},"content":{"rendered":"<h1>Fabbrica della metropolitana di carta della scatola della cartuccia di Vape resistente ai bambini su ordinazione<\/h1>\n<p>Custom Packaging offre ai propri clienti una soluzione perfetta per il confezionamento delle sigarette elettroniche al prezzo pi\u00f9 ragionevole in assoluto.<\/p>\n<p><strong>MATERIALE DI IMBALLAGGIO PI\u00d9 PREGIATO<\/strong><br \/>\nI consumatori di sigarette elettroniche desiderano avere sigarette elettroniche della migliore qualit\u00e0 e ci\u00f2 che notano per primo quando acquistano le sigarette elettroniche \u00e8 sicuramente la presentazione. La confezione della sigaretta elettronica \u00e8 in realt\u00e0 la sua presentazione, che renda il prodotto attraente o che lo renda impercettibile. Tutto dipende da un marchio o da un'azienda, da come riesce a rendere la presentazione del prodotto piacevole per i consumatori e gli acquirenti. Ci\u00f2 significa che la qualit\u00e0 della sigaretta elettronica e la qualit\u00e0 della sua confezione sono entrambe importanti per il cliente e, in quanto rivenditori, dovreste concentrarvi su di esse. A questo proposito, la nostra azienda fornisce servizi affidabili a tutti i produttori e venditori di e-cig. Per la produzione di scatole per sigarette elettroniche utilizziamo i migliori materiali di imballaggio.<\/p>\n<p><strong>DESIGN SU MISURA<\/strong><br \/>\nA rendere pi\u00f9 gradevole e accattivante la confezione di un prodotto sono il design e le stampe. E qui vi verr\u00e0 offerta una serie di design e di scelte di stampa. La nostra azienda dispone di esperti in grado di realizzare per voi un design di packaging straordinario, chiedete la nostra assistenza gratuita o comunicateci le vostre idee. Creeremo il miglior packaging su misura che abbiate mai immaginato. Vi aiutiamo a far risaltare le vostre sigarette elettroniche sul mercato. Fate delle scatole per sigarette elettroniche personalizzate un marchio di fabbrica e guadagnate di pi\u00f9. Offriamo sia tecniche di stampa CMYK che PMS, scegliete quello che volete. Potete ottenere queste scatole di qualsiasi dimensione o forma con le stampe che desiderate. Avrete a disposizione un assortimento di disegni su misura, scegliete quello che desiderate o diteci la vostra immaginazione.<\/p>\n<p><strong>OPZIONI AGGIUNTIVE ACCATTIVANTI<\/strong><br \/>\nL'imballaggio personalizzato \u00e8 uno dei suoi tipi in citt\u00e0. \u00c8 grazie ai nostri servizi premium che siamo legati a molti clienti da molti anni. Poich\u00e9 offriamo un pacchetto di scelte personalizzate ai nostri amati clienti, questi preferiscono prendere i nostri servizi ancora e ancora. Se siete alla ricerca di imballaggi per sigarette elettroniche, questo \u00e8 il posto giusto in cui siete capitati. Oltre a fornire design e stampe personalizzate, la nostra azienda offre ai suoi clienti anche opzioni aggiuntive uniche e accattivanti. Abbiamo laminazione lucida o opaca, lamina d'argento o d'oro, verniciatura UV o acquosa per rendere le vostre scatole per e-cig pi\u00f9 accattivanti. La fustellatura o la finestratura conferiscono alle scatole per sigarette elettroniche personalizzate un aspetto sicuramente accattivante. \u00c8 possibile far scrivere il nome del proprio marchio di sigarette elettroniche in modo unico sulle scatole, per aumentare il fascino delle sigarette elettroniche.<\/p>\n<p>Contattateci ora via e-mail\u00a0<span style=\"color: #ff0000;\"><strong>info@zojoprint.com<\/strong><\/span>\u00a0o\u00a0<span style=\"color: #ff0000;\"><strong>vickio@zojopackaging.com<\/strong>\u00a0<\/span>oppure potete chiamarci al nostro numero di telefono in qualsiasi momento, il nostro servizio clienti \u00e8 disponibile 24 ore al giorno. Potete anche ottenere una risposta istantanea alle vostre domande attraverso la nostra chat dal vivo.<\/p>\n<h1><strong>Specifiche<\/strong><\/h1>\n<table width=\"1153\">\n<tbody>\n<tr>\n<td width=\"373\">Dimensioni<\/td>\n<td width=\"373\">Tutte le dimensioni e le forme personalizzate<\/td>\n<\/tr>\n<tr>\n<td width=\"373\">Stampa<\/td>\n<td width=\"373\">CMYK, PMS, Senza stampa<\/td>\n<\/tr>\n<tr>\n<td width=\"373\">Carta da giornale<\/td>\n<td width=\"373\">Da 10pt a 28pt (da 60lb a 400lb) Kraft ecologico, ondulato E-flute, Bux Board, cartoncino<\/td>\n<\/tr>\n<tr>\n<td width=\"373\">Quantit\u00e0<\/td>\n<td width=\"373\">500- 500,000<\/td>\n<\/tr>\n<tr>\n<td width=\"373\">Rivestimento<\/td>\n<td width=\"373\">Lucido, opaco, spot UV<\/td>\n<\/tr>\n<tr>\n<td width=\"373\">Processo predefinito<\/td>\n<td width=\"373\">Fustellatura, incollaggio, incisione, perforazione<\/td>\n<\/tr>\n<tr>\n<td width=\"373\">Opzioni<\/td>\n<td width=\"373\">Ritaglio di finestra personalizzato, smerigliatura oro\/argento, goffratura, inchiostro a rilievo, foglio in PVC.<\/td>\n<\/tr>\n<tr>\n<td width=\"373\">Prova<\/td>\n<td width=\"373\">Vista piana, Mock-up 3D, Campionatura fisica (su richiesta)<\/td>\n<\/tr>\n<tr>\n<td width=\"373\">Tempo di risposta<\/td>\n<td width=\"373\">7-14 giorni lavorativi, Rush<\/td>\n<\/tr>\n<tr>\n<td width=\"373\">MOQ<\/td>\n<td width=\"373\">500<\/td>\n<\/tr>\n<tr>\n<td width=\"373\">Tempo di campionamento<\/td>\n<td width=\"373\">3-5 giorni<\/td>\n<\/tr>\n<tr>\n<td width=\"373\">Termine di pagamento<\/td>\n<td width=\"373\">T\/T, Western Union, Paypal, 30% deposito e 70% equilibrio prima della spedizione.<\/td>\n<\/tr>\n<\/tbody>\n<\/table>\n<p><img fetchpriority=\"high\" decoding=\"async\" class=\"alignnone wp-image-5947\" src=\"https:\/\/zojopackaging.com\/wp-content\/uploads\/2024\/06\/\u5706\u7b52\u8be6\u60c5\u9875_01-300x123.jpg\" alt=\"\" width=\"1362\" height=\"558\" title=\"\" srcset=\"https:\/\/zojopackaging.com\/wp-content\/uploads\/2024\/06\/\u5706\u7b52\u8be6\u60c5\u9875_01-300x123.jpg 300w, https:\/\/zojopackaging.com\/wp-content\/uploads\/2024\/06\/\u5706\u7b52\u8be6\u60c5\u9875_01-600x246.jpg 600w, https:\/\/zojopackaging.com\/wp-content\/uploads\/2024\/06\/\u5706\u7b52\u8be6\u60c5\u9875_01.jpg 750w\" sizes=\"(max-width: 1362px) 100vw, 1362px\" \/> \u00a0<img decoding=\"async\" class=\"alignnone wp-image-5949\" src=\"https:\/\/zojopackaging.com\/wp-content\/uploads\/2024\/06\/\u5706\u7b52\u8be6\u60c5\u9875_03-298x300.jpg\" alt=\"\" width=\"1367\" height=\"1377\" title=\"\" srcset=\"https:\/\/zojopackaging.com\/wp-content\/uploads\/2024\/06\/\u5706\u7b52\u8be6\u60c5\u9875_03-298x300.jpg 298w, https:\/\/zojopackaging.com\/wp-content\/uploads\/2024\/06\/\u5706\u7b52\u8be6\u60c5\u9875_03-80x80.jpg 80w, https:\/\/zojopackaging.com\/wp-content\/uploads\/2024\/06\/\u5706\u7b52\u8be6\u60c5\u9875_03-600x604.jpg 600w, https:\/\/zojopackaging.com\/wp-content\/uploads\/2024\/06\/\u5706\u7b52\u8be6\u60c5\u9875_03-100x100.jpg 100w, https:\/\/zojopackaging.com\/wp-content\/uploads\/2024\/06\/\u5706\u7b52\u8be6\u60c5\u9875_03.jpg 750w\" sizes=\"(max-width: 1367px) 100vw, 1367px\" \/> \u00a0<img decoding=\"async\" class=\"alignnone wp-image-5951\" src=\"https:\/\/zojopackaging.com\/wp-content\/uploads\/2024\/06\/\u5706\u7b52\u8be6\u60c5\u9875_05-218x300.jpg\" alt=\"\" width=\"1351\" height=\"1859\" title=\"\" srcset=\"https:\/\/zojopackaging.com\/wp-content\/uploads\/2024\/06\/\u5706\u7b52\u8be6\u60c5\u9875_05-218x300.jpg 218w, https:\/\/zojopackaging.com\/wp-content\/uploads\/2024\/06\/\u5706\u7b52\u8be6\u60c5\u9875_05-600x827.jpg 600w\" sizes=\"(max-width: 1351px) 100vw, 1351px\" \/> <img loading=\"lazy\" decoding=\"async\" class=\"alignnone wp-image-5952\" src=\"https:\/\/zojopackaging.com\/wp-content\/uploads\/2024\/06\/\u5706\u7b52\u8be6\u60c5\u9875_06-207x300.jpg\" alt=\"\" width=\"1356\" height=\"1965\" title=\"\" srcset=\"https:\/\/zojopackaging.com\/wp-content\/uploads\/2024\/06\/\u5706\u7b52\u8be6\u60c5\u9875_06-207x300.jpg 207w, https:\/\/zojopackaging.com\/wp-content\/uploads\/2024\/06\/\u5706\u7b52\u8be6\u60c5\u9875_06-600x868.jpg 600w\" sizes=\"(max-width: 1356px) 100vw, 1356px\" \/> <img loading=\"lazy\" decoding=\"async\" class=\"alignnone wp-image-5953\" src=\"https:\/\/zojopackaging.com\/wp-content\/uploads\/2024\/06\/\u5706\u7b52\u8be6\u60c5\u9875_07-151x300.jpg\" alt=\"\" width=\"1361\" height=\"2703\" title=\"\" srcset=\"https:\/\/zojopackaging.com\/wp-content\/uploads\/2024\/06\/\u5706\u7b52\u8be6\u60c5\u9875_07-151x300.jpg 151w, https:\/\/zojopackaging.com\/wp-content\/uploads\/2024\/06\/\u5706\u7b52\u8be6\u60c5\u9875_07-518x1030.jpg 518w, https:\/\/zojopackaging.com\/wp-content\/uploads\/2024\/06\/\u5706\u7b52\u8be6\u60c5\u9875_07-600x1193.jpg 600w, https:\/\/zojopackaging.com\/wp-content\/uploads\/2024\/06\/\u5706\u7b52\u8be6\u60c5\u9875_07.jpg 750w\" sizes=\"(max-width: 1361px) 100vw, 1361px\" \/> <img loading=\"lazy\" decoding=\"async\" class=\"alignnone wp-image-5954\" src=\"https:\/\/zojopackaging.com\/wp-content\/uploads\/2024\/06\/\u5706\u7b52\u8be6\u60c5\u9875_08-182x300.jpg\" alt=\"\" width=\"1358\" height=\"2238\" title=\"\" srcset=\"https:\/\/zojopackaging.com\/wp-content\/uploads\/2024\/06\/\u5706\u7b52\u8be6\u60c5\u9875_08-182x300.jpg 182w, https:\/\/zojopackaging.com\/wp-content\/uploads\/2024\/06\/\u5706\u7b52\u8be6\u60c5\u9875_08-625x1030.jpg 625w, https:\/\/zojopackaging.com\/wp-content\/uploads\/2024\/06\/\u5706\u7b52\u8be6\u60c5\u9875_08-600x989.jpg 600w, https:\/\/zojopackaging.com\/wp-content\/uploads\/2024\/06\/\u5706\u7b52\u8be6\u60c5\u9875_08.jpg 750w\" sizes=\"(max-width: 1358px) 100vw, 1358px\" \/> \u00a0<img loading=\"lazy\" decoding=\"async\" class=\"alignnone wp-image-5956\" src=\"https:\/\/zojopackaging.com\/wp-content\/uploads\/2024\/06\/\u5706\u7b52\u8be6\u60c5\u9875_10-300x284.jpg\" alt=\"\" width=\"1429\" height=\"1353\" title=\"\" srcset=\"https:\/\/zojopackaging.com\/wp-content\/uploads\/2024\/06\/\u5706\u7b52\u8be6\u60c5\u9875_10-300x284.jpg 300w, https:\/\/zojopackaging.com\/wp-content\/uploads\/2024\/06\/\u5706\u7b52\u8be6\u60c5\u9875_10-600x567.jpg 600w, https:\/\/zojopackaging.com\/wp-content\/uploads\/2024\/06\/\u5706\u7b52\u8be6\u60c5\u9875_10.jpg 750w\" sizes=\"(max-width: 1429px) 100vw, 1429px\" \/> <img loading=\"lazy\" decoding=\"async\" class=\"alignnone wp-image-5957\" src=\"https:\/\/zojopackaging.com\/wp-content\/uploads\/2024\/06\/\u5706\u7b52\u8be6\u60c5\u9875_11-133x300.jpg\" alt=\"\" width=\"1359\" height=\"3065\" title=\"\" srcset=\"https:\/\/zojopackaging.com\/wp-content\/uploads\/2024\/06\/\u5706\u7b52\u8be6\u60c5\u9875_11-133x300.jpg 133w, https:\/\/zojopackaging.com\/wp-content\/uploads\/2024\/06\/\u5706\u7b52\u8be6\u60c5\u9875_11-457x1030.jpg 457w\" sizes=\"(max-width: 1359px) 100vw, 1359px\" \/><\/p>","protected":false},"excerpt":{"rendered":"<p>La scatola del tubo di carta del cilindro della cartuccia di vape supporta una personalizzazione illimitata delle dimensioni ed \u00e8 flessibile da adattare. Utilizza carta rigida da 1200GSM + carta artistica da 157GSM, robusta e resistente alla pressione. Prodotto direttamente nella fabbrica di origine in Cina, ha un design integrato a prova di bambino, che tiene conto della sicurezza e delle prestazioni ad alto costo.<\/p>","protected":false},"featured_media":5980,"template":"","meta":[],"product_brand":[],"product_cat":[30,431,420,31],"product_tag":[535,534,536],"class_list":{"0":"post-5971","1":"product","2":"type-product","3":"status-publish","4":"has-post-thumbnail","6":"product_cat-by-industry","7":"product_cat-child-resistant-packaging","8":"product_cat-custom-cannabis-boxes","9":"product_cat-paper-box-style","10":"product_tag-child-resistant-vape-cartridge-box","11":"product_tag-vape-cartridge-box","12":"product_tag-vape-cartridge-box-factory","14":"first","15":"instock","16":"shipping-taxable","17":"product-type-simple"},"_links":{"self":[{"href":"https:\/\/zojopackaging.com\/it\/wp-json\/wp\/v2\/product\/5971","targetHints":{"allow":["GET"]}}],"collection":[{"href":"https:\/\/zojopackaging.com\/it\/wp-json\/wp\/v2\/product"}],"about":[{"href":"https:\/\/zojopackaging.com\/it\/wp-json\/wp\/v2\/types\/product"}],"version-history":[{"count":2,"href":"https:\/\/zojopackaging.com\/it\/wp-json\/wp\/v2\/product\/5971\/revisions"}],"predecessor-version":[{"id":8094,"href":"https:\/\/zojopackaging.com\/it\/wp-json\/wp\/v2\/product\/5971\/revisions\/8094"}],"wp:featuredmedia":[{"embeddable":true,"href":"https:\/\/zojopackaging.com\/it\/wp-json\/wp\/v2\/media\/5980"}],"wp:attachment":[{"href":"https:\/\/zojopackaging.com\/it\/wp-json\/wp\/v2\/media?parent=5971"}],"wp:term":[{"taxonomy":"product_brand","embeddable":true,"href":"https:\/\/zojopackaging.com\/it\/wp-json\/wp\/v2\/product_brand?post=5971"},{"taxonomy":"product_cat","embeddable":true,"href":"https:\/\/zojopackaging.com\/it\/wp-json\/wp\/v2\/product_cat?post=5971"},{"taxonomy":"product_tag","embeddable":true,"href":"https:\/\/zojopackaging.com\/it\/wp-json\/wp\/v2\/product_tag?post=5971"}],"curies":[{"name":"wp","href":"https:\/\/api.w.org\/{rel}","templated":true}]}}