{"id":6279,"date":"2024-06-27T15:38:52","date_gmt":"2024-06-27T07:38:52","guid":{"rendered":"https:\/\/zojopackaging.com\/?post_type=product&#038;p=6279"},"modified":"2025-03-27T20:55:02","modified_gmt":"2025-03-27T12:55:02","slug":"luxury-lid-and-base-box","status":"publish","type":"product","link":"https:\/\/zojopackaging.com\/it\/product\/luxury-lid-and-base-box\/","title":{"rendered":"Premium Smart Watch imballaggio scatola rigida dalla fabbrica di Cina"},"content":{"rendered":"<h1 id=\"customized-lid-and-base-box-an-excellent-packaging-tailored-for-your-products\" class=\"header-_3c730 auto-hide-last-sibling-br\">Premium Smart Watch imballaggio scatola rigida forma Cina Factory<\/h1>\n<div class=\"auto-hide-last-sibling-br paragraph-ae1685 br-paragraph-space\">In quest'epoca di ricerca della qualit\u00e0 e dell'individualit\u00e0, un imballaggio eccezionale pu\u00f2 far risaltare i vostri prodotti tra i numerosi concorrenti. Siamo orgogliosi di consigliarvi la scatola con coperchio e base personalizzati, un'eccellente soluzione di imballaggio che integra squisita maestria, design innovativo e personalizzazione.<\/div>\n<div>\n<h1><strong>Specifiche<\/strong><\/h1>\n<table style=\"height: 683px;\" width=\"999\">\n<tbody>\n<tr>\n<td width=\"373\">Dimensioni<\/td>\n<td width=\"373\">Tutte le dimensioni e le forme personalizzate<\/td>\n<\/tr>\n<tr>\n<td width=\"373\">MOQ<\/td>\n<td width=\"373\">500 pezzi<\/td>\n<\/tr>\n<tr>\n<td width=\"373\">Tempo di campionamento<\/td>\n<td width=\"373\">\u00a03-5 giorni<\/td>\n<\/tr>\n<tr>\n<td width=\"373\">Processo predefinito<\/td>\n<td width=\"373\">Fustellatura, incollaggio, incisione, perforazione<\/td>\n<\/tr>\n<tr>\n<td width=\"373\">Stampa<\/td>\n<td width=\"373\">Cmyk, pms, nessuna stampa<\/td>\n<\/tr>\n<tr>\n<td width=\"373\">Opzione materiale<\/td>\n<td width=\"373\">Carta di cartone bianca, carta patinata, carta patinata, carta kraft, cartone avorio, cartone duplex, carta speciale, ecc.<\/td>\n<\/tr>\n<tr>\n<td width=\"373\">Finitura delle superfici<\/td>\n<td width=\"373\">Laminazione opaca\/lucida, goffratura UV Spot, goffratura, stampaggio a lamina ecc.<\/td>\n<\/tr>\n<tr>\n<td width=\"373\">Uso industriale<\/td>\n<td width=\"373\">cosmetici, profumi, indumenti, gioielli, tabacco, alimenti, prodotti di consumo quotidiano,<\/td>\n<\/tr>\n<tr>\n<td width=\"373\">Controllo qualit\u00e0<\/td>\n<td width=\"373\">L'attrezzatura avanzata e il team esperto del controllo di qualit\u00e0 controlleranno il materiale, i semilavorati e i prodotti finiti rigorosamente in ogni fase prima di<\/td>\n<\/tr>\n<tr>\n<td width=\"373\">Prezzo<\/td>\n<td width=\"373\">Il prezzo finale sar\u00e0 personalizzato in base al prodotto e alla quantit\u00e0 richiesta.<\/td>\n<\/tr>\n<tr>\n<td width=\"373\">Tempo di rotazione<\/td>\n<td width=\"373\">7-14 giorni lavorativi, urgente<\/td>\n<\/tr>\n<tr>\n<td width=\"373\">Carta da giornale<\/td>\n<td width=\"373\">Da 10pt a 28pt (da 60lb a 400lb) Kraft ecologico, ondulato e-flute, bux board, cartoncino<\/td>\n<\/tr>\n<tr>\n<td width=\"373\">Formato dell'opera d'arte<\/td>\n<td width=\"373\">JPG, PDF, AI, CDR, EPS, GIF....<\/td>\n<\/tr>\n<tr>\n<td width=\"373\">Accessori<\/td>\n<td width=\"373\">Magnete, nastro, forma EVA, vassoio di plastica, spugna, finestra in PVC\/PET\/PP,...<\/td>\n<\/tr>\n<tr>\n<td width=\"373\">Termine di pagamento<\/td>\n<td width=\"373\">T\/T, Western Union, Paypal, 30% deposito e 70% equilibrio prima della spedizione.<\/td>\n<\/tr>\n<\/tbody>\n<\/table>\n<\/div>\n<h2 id=\"exquisite-craftsmanship\" class=\"header-_3c730 auto-hide-last-sibling-br\">Squisito artigianato<\/h2>\n<ol class=\"auto-hide-last-sibling-br\">\n<li>Selezioniamo materiali di alta qualit\u00e0, come cartoncini ad alta resistenza, carte ondulate ecologiche e carte artistiche di lusso, per garantire che la scatola abbia una durata e una consistenza eccellenti.<\/li>\n<li>Adottiamo tecniche di stampa avanzate. Che si tratti di una squisita stampa a colori, di una goffratura realistica o di una magnifica stampa in oro\/argento, tutti possono aggiungere un fascino unico alla vostra scatola.<\/li>\n<li>Le precise tecniche di fustellatura e piegatura rendono i bordi della scatola del coperchio e della base ordinati e lisci, e l'apertura e la chiusura fluide, mostrando una delicatezza senza pari.<\/li>\n<\/ol>\n<h2 id=\"innovative-design\" class=\"header-_3c730 auto-hide-last-sibling-br\">Design innovativo<\/h2>\n<ol class=\"auto-hide-last-sibling-br\">\n<li>Il nostro team di designer professionisti creer\u00e0 per voi un design unico per il coperchio e la base della scatola, in base alle caratteristiche del vostro prodotto e all'immagine del vostro marchio.<\/li>\n<li>Dalla forma e dalle dimensioni della scatola alla struttura interna, tutto viene pianificato con cura per garantire che possa ospitare perfettamente il vostro prodotto e fornire il miglior effetto espositivo.<\/li>\n<li>Gli innovativi metodi di apertura e chiusura e le strutture nascoste offrono agli utenti un'esperienza d'uso sorprendente e aumentano il valore aggiunto del prodotto.<\/li>\n<\/ol>\n<h2 id=\"personalized-customization\" class=\"header-_3c730 auto-hide-last-sibling-br\">Personalizzazione personalizzata<\/h2>\n<ol class=\"auto-hide-last-sibling-br\">\n<li>Potete scegliere liberamente elementi come il colore, il motivo e il testo della scatola, e integrarvi perfettamente il logo del vostro marchio, le informazioni sul prodotto o elementi personalizzati.<\/li>\n<li>Offriamo anche una variet\u00e0 di opzioni di materiali e trattamenti superficiali, come opaco, lucido e smerigliato, che consentono alla vostra scatola di mostrare uno stile distintivo.<\/li>\n<li>Che si tratti di un piccolo lotto di personalizzazione o di una richiesta di produzione di massa su larga scala, siamo in grado di soddisfare le vostre esigenze e di fornirvi servizi di personalizzazione flessibili.<\/li>\n<\/ol>\n<h2 id=\"wide-application\" class=\"header-_3c730 auto-hide-last-sibling-br\">Ampia applicazione<\/h2>\n<div class=\"auto-hide-last-sibling-br paragraph-ae1685 br-paragraph-space\">La scatola con coperchio e base personalizzati \u00e8 adatta a diversi settori e prodotti, come ad esempio:<\/div>\n<ol class=\"auto-hide-last-sibling-br\">\n<li>Gioielli: Fornire una confezione sicura e splendida per i gioielli preziosi, per metterne in risalto la nobile qualit\u00e0.<\/li>\n<li>Prodotti elettronici: Proteggere efficacemente i prodotti elettronici, mostrando al contempo un senso della tecnologia e della moda.<\/li>\n<li>Cosmetici: Migliorare la qualit\u00e0 dei cosmetici e attirare l'attenzione dei consumatori.<\/li>\n<li>Regali: Come una confezione regalo accuratamente preparata, trasmette il vostro profondo affetto.<\/li>\n<\/ol>\n<h2 id=\"quality-service\" class=\"header-_3c730 auto-hide-last-sibling-br\">Servizio di qualit\u00e0<\/h2>\n<ol class=\"auto-hide-last-sibling-br\">\n<li>Dalla consultazione, alla progettazione, alla produzione e alla consegna, vi forniamo un servizio unico per garantire che l'intero processo di personalizzazione avvenga senza problemi e senza preoccupazioni.<\/li>\n<li>Il nostro rigoroso sistema di controllo della qualit\u00e0 assicura che ogni coperchio e scatola di base risponda a standard di alta qualit\u00e0.<\/li>\n<li>Promettiamo consegne puntuali per garantire che i vostri prodotti possano essere lanciati sul mercato in tempo e cogliere le opportunit\u00e0 del mercato.<\/li>\n<\/ol>\n<div class=\"auto-hide-last-sibling-br paragraph-ae1685 br-paragraph-space\">Scegliere il nostro coperchio e la nostra scatola di base personalizzati \u00e8 come scegliere di vestire i vostri prodotti con una splendida pelliccia, attirando l'attenzione dei consumatori e aumentando il valore del marchio.<\/div>\n<div class=\"widget block block-static-block\">\n<div class=\"landing-page-section option-bottom\">\n<div class=\"custom-materials-tabs-content container container-adjustment\">\n<div class=\"custom-materials-tab-content active\">\n<div class=\"widget block block-static-block\">\n<p><!---end of option item--><\/p>\n<\/div>\n<\/div>\n<\/div>\n<\/div>\n<\/div>","protected":false},"excerpt":{"rendered":"<p>I coperchi e le scatole di base degli orologi intelligenti personalizzati supportano un design personalizzato a grandezza naturale e una struttura di rivestimento che corrisponde accuratamente alle caratteristiche del prodotto. Il processo di laminazione opaca della fabbrica cinese \u00e8 combinato con la tecnologia di stampa a cinque colori ad alta definizione per garantire una deviazione del colore pari a zero e creare soluzioni di imballaggio per prodotti elettronici di consumo di alto livello.<\/p>","protected":false},"featured_media":6282,"template":"","meta":[],"product_brand":[],"product_cat":[30,413,425,31],"product_tag":[543,545,544],"class_list":{"0":"post-6279","1":"product","2":"type-product","3":"status-publish","4":"has-post-thumbnail","6":"product_cat-by-industry","7":"product_cat-consumer-electronics-boxes","8":"product_cat-lid-and-base-gift-box","9":"product_cat-paper-box-style","10":"product_tag-premium-smart-watch-packaging","11":"product_tag-smart-watch-box-factory","12":"product_tag-smart-watch-packaging","14":"first","15":"instock","16":"shipping-taxable","17":"product-type-grouped"},"_links":{"self":[{"href":"https:\/\/zojopackaging.com\/it\/wp-json\/wp\/v2\/product\/6279","targetHints":{"allow":["GET"]}}],"collection":[{"href":"https:\/\/zojopackaging.com\/it\/wp-json\/wp\/v2\/product"}],"about":[{"href":"https:\/\/zojopackaging.com\/it\/wp-json\/wp\/v2\/types\/product"}],"version-history":[{"count":2,"href":"https:\/\/zojopackaging.com\/it\/wp-json\/wp\/v2\/product\/6279\/revisions"}],"predecessor-version":[{"id":8097,"href":"https:\/\/zojopackaging.com\/it\/wp-json\/wp\/v2\/product\/6279\/revisions\/8097"}],"wp:featuredmedia":[{"embeddable":true,"href":"https:\/\/zojopackaging.com\/it\/wp-json\/wp\/v2\/media\/6282"}],"wp:attachment":[{"href":"https:\/\/zojopackaging.com\/it\/wp-json\/wp\/v2\/media?parent=6279"}],"wp:term":[{"taxonomy":"product_brand","embeddable":true,"href":"https:\/\/zojopackaging.com\/it\/wp-json\/wp\/v2\/product_brand?post=6279"},{"taxonomy":"product_cat","embeddable":true,"href":"https:\/\/zojopackaging.com\/it\/wp-json\/wp\/v2\/product_cat?post=6279"},{"taxonomy":"product_tag","embeddable":true,"href":"https:\/\/zojopackaging.com\/it\/wp-json\/wp\/v2\/product_tag?post=6279"}],"curies":[{"name":"wp","href":"https:\/\/api.w.org\/{rel}","templated":true}]}}