{"id":6288,"date":"2024-06-27T18:18:08","date_gmt":"2024-06-27T10:18:08","guid":{"rendered":"https:\/\/zojopackaging.com\/?post_type=product&#038;p=6288"},"modified":"2025-03-24T12:21:28","modified_gmt":"2025-03-24T04:21:28","slug":"magnetic-flip-top-concentrate-box","status":"publish","type":"product","link":"https:\/\/zojopackaging.com\/it\/product\/magnetic-flip-top-concentrate-box\/","title":{"rendered":"Ingrosso Contenitori per concentrati personalizzati Scatole d'imballaggio"},"content":{"rendered":"<h1>Ingrosso Contenitori per concentrati personalizzati Scatole d'imballaggio<\/h1>\n<p>Per coloro che desiderano confezionare le sigarette in una bella scatola, Zojoprint Packaging offre confezioni flip-top stampate su misura. Lo stile della scatola flip top \u00e8 ampiamente utilizzato come confezione di sigarette. Questo stile unico di confezione attirer\u00e0 sicuramente l'attenzione dei clienti.<\/p>\n<p>Siamo consapevoli dell'importanza della personalizzazione per soddisfare le esigenze del vostro marchio. Grazie alle nostre tecniche avanzate di stampa e finitura, potete personalizzare la scatola con il logo, i colori e la grafica del vostro marchio, creando un packaging distintivo che riflette la vostra identit\u00e0 di marca e differenzia i vostri prodotti dalla concorrenza.<\/p>\n<p>Che siate un produttore o un distributore di crema di sigarette, la nostra scatola di crema di sigarette personalizzata con apertura a ribalta \u00e8 la scelta ideale per elevare l'immagine del vostro prodotto e migliorare la soddisfazione dei clienti.<\/p>\n<p>Sia che siate un'azienda esistente o che abbiate appena iniziato, il nostro servizio clienti vi aiuter\u00e0 in ogni fase del vostro ordine. Le nostre soluzioni di imballaggio di qualit\u00e0, i prezzi competitivi e i tempi di consegna rapidi vi permettono di trovare facilmente la scatola perfetta per le vostre esigenze. Credeteci, questa \u00e8 un'ottima soluzione se volete cambiare l'immagine della vostra confezione, personalizzarla con diverse specifiche o addirittura creare il vostro design unico. Siamo pronti a servirvi con il meglio dei nostri prodotti, ai prezzi pi\u00f9 convenienti. Potete iniziare con un minimo di sole 500 scatole o con una quantit\u00e0 massima di 50000 scatole. <a href=\"https:\/\/zojopackaging.com\/it\/contact-us\/\"><strong>Ordina ora.<\/strong><\/a><\/p>\n<h1><strong>Specifiche<\/strong><\/h1>\n<table width=\"1153\">\n<tbody>\n<tr>\n<td width=\"373\">Dimensioni<\/td>\n<td width=\"373\">Tutte le dimensioni e le forme personalizzate<\/td>\n<\/tr>\n<tr>\n<td width=\"373\">Stampa<\/td>\n<td width=\"373\">CMYK, PMS, Senza stampa<\/td>\n<\/tr>\n<tr>\n<td width=\"373\">Carta da giornale<\/td>\n<td width=\"373\">Da 10pt a 28pt (da 60lb a 400lb) Kraft ecologico, ondulato E-flute, Bux Board, cartoncino<\/td>\n<\/tr>\n<tr>\n<td width=\"373\">Quantit\u00e0<\/td>\n<td width=\"373\">500- 500,000<\/td>\n<\/tr>\n<tr>\n<td width=\"373\">Rivestimento<\/td>\n<td width=\"373\">Lucido, opaco, spot UV<\/td>\n<\/tr>\n<tr>\n<td width=\"373\">Processo predefinito<\/td>\n<td width=\"373\">Fustellatura, incollaggio, incisione, perforazione<\/td>\n<\/tr>\n<tr>\n<td width=\"373\">Opzioni<\/td>\n<td width=\"373\">Ritaglio di finestra personalizzato, smerigliatura oro\/argento, goffratura, inchiostro a rilievo, foglio in PVC.<\/td>\n<\/tr>\n<tr>\n<td width=\"373\">Prova<\/td>\n<td width=\"373\">Vista piana, Mock-up 3D, Campionatura fisica (su richiesta)<\/td>\n<\/tr>\n<tr>\n<td width=\"373\">Tempo di risposta<\/td>\n<td width=\"373\">7-14 giorni lavorativi, Rush<\/td>\n<\/tr>\n<tr>\n<td width=\"373\">MOQ<\/td>\n<td width=\"373\">500<\/td>\n<\/tr>\n<tr>\n<td width=\"373\">Tempo di campionamento<\/td>\n<td width=\"373\">\u00a03-5 giorni<\/td>\n<\/tr>\n<tr>\n<td width=\"373\">Termine di pagamento<\/td>\n<td width=\"373\">T\/T, Western Union, Paypal, 30% deposito e 70% equilibrio prima della spedizione.<\/td>\n<\/tr>\n<\/tbody>\n<\/table>\n<p><img fetchpriority=\"high\" decoding=\"async\" class=\"alignnone wp-image-5947\" src=\"https:\/\/zojopackaging.com\/wp-content\/uploads\/2024\/06\/\u5706\u7b52\u8be6\u60c5\u9875_01-300x123.jpg\" alt=\"\" width=\"1362\" height=\"558\" title=\"\" srcset=\"https:\/\/zojopackaging.com\/wp-content\/uploads\/2024\/06\/\u5706\u7b52\u8be6\u60c5\u9875_01-300x123.jpg 300w, https:\/\/zojopackaging.com\/wp-content\/uploads\/2024\/06\/\u5706\u7b52\u8be6\u60c5\u9875_01-600x246.jpg 600w, https:\/\/zojopackaging.com\/wp-content\/uploads\/2024\/06\/\u5706\u7b52\u8be6\u60c5\u9875_01.jpg 750w\" sizes=\"(max-width: 1362px) 100vw, 1362px\" \/><\/p>\n<p><img decoding=\"async\" class=\"alignnone wp-image-6289\" src=\"https:\/\/zojopackaging.com\/wp-content\/uploads\/2024\/06\/\u8be6\u60c5\u9875_02-300x224.jpg\" alt=\"\u00a0Scatola di crema per sigarette con apertura a ribalta personalizzata\" width=\"1361\" height=\"1016\" title=\"\" srcset=\"https:\/\/zojopackaging.com\/wp-content\/uploads\/2024\/06\/\u8be6\u60c5\u9875_02-300x224.jpg 300w, https:\/\/zojopackaging.com\/wp-content\/uploads\/2024\/06\/\u8be6\u60c5\u9875_02-600x448.jpg 600w, https:\/\/zojopackaging.com\/wp-content\/uploads\/2024\/06\/\u8be6\u60c5\u9875_02.jpg 750w\" sizes=\"(max-width: 1361px) 100vw, 1361px\" \/><\/p>\n<p><img decoding=\"async\" class=\"alignnone wp-image-5951\" src=\"https:\/\/zojopackaging.com\/wp-content\/uploads\/2024\/06\/\u5706\u7b52\u8be6\u60c5\u9875_05-218x300.jpg\" alt=\"\" width=\"1351\" height=\"1859\" title=\"\" srcset=\"https:\/\/zojopackaging.com\/wp-content\/uploads\/2024\/06\/\u5706\u7b52\u8be6\u60c5\u9875_05-218x300.jpg 218w, https:\/\/zojopackaging.com\/wp-content\/uploads\/2024\/06\/\u5706\u7b52\u8be6\u60c5\u9875_05-600x827.jpg 600w\" sizes=\"(max-width: 1351px) 100vw, 1351px\" \/> <img loading=\"lazy\" decoding=\"async\" class=\"alignnone wp-image-5952\" src=\"https:\/\/zojopackaging.com\/wp-content\/uploads\/2024\/06\/\u5706\u7b52\u8be6\u60c5\u9875_06-207x300.jpg\" alt=\"\" width=\"1356\" height=\"1965\" title=\"\" srcset=\"https:\/\/zojopackaging.com\/wp-content\/uploads\/2024\/06\/\u5706\u7b52\u8be6\u60c5\u9875_06-207x300.jpg 207w, https:\/\/zojopackaging.com\/wp-content\/uploads\/2024\/06\/\u5706\u7b52\u8be6\u60c5\u9875_06-600x868.jpg 600w\" sizes=\"(max-width: 1356px) 100vw, 1356px\" \/> <img loading=\"lazy\" decoding=\"async\" class=\"alignnone wp-image-5953\" src=\"https:\/\/zojopackaging.com\/wp-content\/uploads\/2024\/06\/\u5706\u7b52\u8be6\u60c5\u9875_07-151x300.jpg\" alt=\"\" width=\"1361\" height=\"2703\" title=\"\" srcset=\"https:\/\/zojopackaging.com\/wp-content\/uploads\/2024\/06\/\u5706\u7b52\u8be6\u60c5\u9875_07-151x300.jpg 151w, https:\/\/zojopackaging.com\/wp-content\/uploads\/2024\/06\/\u5706\u7b52\u8be6\u60c5\u9875_07-518x1030.jpg 518w, https:\/\/zojopackaging.com\/wp-content\/uploads\/2024\/06\/\u5706\u7b52\u8be6\u60c5\u9875_07-600x1193.jpg 600w, https:\/\/zojopackaging.com\/wp-content\/uploads\/2024\/06\/\u5706\u7b52\u8be6\u60c5\u9875_07.jpg 750w\" sizes=\"(max-width: 1361px) 100vw, 1361px\" \/> <img loading=\"lazy\" decoding=\"async\" class=\"alignnone wp-image-5954\" src=\"https:\/\/zojopackaging.com\/wp-content\/uploads\/2024\/06\/\u5706\u7b52\u8be6\u60c5\u9875_08-182x300.jpg\" alt=\"\" width=\"1358\" height=\"2238\" title=\"\" srcset=\"https:\/\/zojopackaging.com\/wp-content\/uploads\/2024\/06\/\u5706\u7b52\u8be6\u60c5\u9875_08-182x300.jpg 182w, https:\/\/zojopackaging.com\/wp-content\/uploads\/2024\/06\/\u5706\u7b52\u8be6\u60c5\u9875_08-625x1030.jpg 625w, https:\/\/zojopackaging.com\/wp-content\/uploads\/2024\/06\/\u5706\u7b52\u8be6\u60c5\u9875_08-600x989.jpg 600w, https:\/\/zojopackaging.com\/wp-content\/uploads\/2024\/06\/\u5706\u7b52\u8be6\u60c5\u9875_08.jpg 750w\" sizes=\"(max-width: 1358px) 100vw, 1358px\" \/> \u00a0<img loading=\"lazy\" decoding=\"async\" class=\"alignnone wp-image-5956\" src=\"https:\/\/zojopackaging.com\/wp-content\/uploads\/2024\/06\/\u5706\u7b52\u8be6\u60c5\u9875_10-300x284.jpg\" alt=\"\" width=\"1429\" height=\"1353\" title=\"\" srcset=\"https:\/\/zojopackaging.com\/wp-content\/uploads\/2024\/06\/\u5706\u7b52\u8be6\u60c5\u9875_10-300x284.jpg 300w, https:\/\/zojopackaging.com\/wp-content\/uploads\/2024\/06\/\u5706\u7b52\u8be6\u60c5\u9875_10-600x567.jpg 600w, https:\/\/zojopackaging.com\/wp-content\/uploads\/2024\/06\/\u5706\u7b52\u8be6\u60c5\u9875_10.jpg 750w\" sizes=\"(max-width: 1429px) 100vw, 1429px\" \/> <img loading=\"lazy\" decoding=\"async\" class=\"alignnone wp-image-5957\" src=\"https:\/\/zojopackaging.com\/wp-content\/uploads\/2024\/06\/\u5706\u7b52\u8be6\u60c5\u9875_11-133x300.jpg\" alt=\"\" width=\"1359\" height=\"3065\" title=\"\" srcset=\"https:\/\/zojopackaging.com\/wp-content\/uploads\/2024\/06\/\u5706\u7b52\u8be6\u60c5\u9875_11-133x300.jpg 133w, https:\/\/zojopackaging.com\/wp-content\/uploads\/2024\/06\/\u5706\u7b52\u8be6\u60c5\u9875_11-457x1030.jpg 457w\" sizes=\"(max-width: 1359px) 100vw, 1359px\" \/><\/p>","protected":false},"excerpt":{"rendered":"<p>Scatola a chiusura magnetica concentrata, personalizzazione illimitata delle dimensioni, adatta a tutti i tipi di esigenze. Carta rigida 1200GSM + carta artistica 157GSM, il rivestimento pu\u00f2 essere progettato in base alle caratteristiche del prodotto. Stampaggio in oro + rivestimento con processo UV, texture eccezionale. Prodotto direttamente in Cina, tenendo conto della praticit\u00e0 e della qualit\u00e0 visiva, il costo della personalizzazione \u00e8 controllabile.<\/p>","protected":false},"featured_media":6290,"template":"","meta":[],"product_brand":[],"product_cat":[30,420,424,31],"product_tag":[539,537,538],"class_list":{"0":"post-6288","1":"product","2":"type-product","3":"status-publish","4":"has-post-thumbnail","6":"product_cat-by-industry","7":"product_cat-custom-cannabis-boxes","8":"product_cat-magnetic-closure-boxes","9":"product_cat-paper-box-style","10":"product_tag-concentrate-boxes-wholesale","11":"product_tag-concentrate-containers-packaging","12":"product_tag-custom-concentrate-packaging","14":"first","15":"instock","16":"shipping-taxable","17":"product-type-simple"},"_links":{"self":[{"href":"https:\/\/zojopackaging.com\/it\/wp-json\/wp\/v2\/product\/6288","targetHints":{"allow":["GET"]}}],"collection":[{"href":"https:\/\/zojopackaging.com\/it\/wp-json\/wp\/v2\/product"}],"about":[{"href":"https:\/\/zojopackaging.com\/it\/wp-json\/wp\/v2\/types\/product"}],"version-history":[{"count":2,"href":"https:\/\/zojopackaging.com\/it\/wp-json\/wp\/v2\/product\/6288\/revisions"}],"predecessor-version":[{"id":8095,"href":"https:\/\/zojopackaging.com\/it\/wp-json\/wp\/v2\/product\/6288\/revisions\/8095"}],"wp:featuredmedia":[{"embeddable":true,"href":"https:\/\/zojopackaging.com\/it\/wp-json\/wp\/v2\/media\/6290"}],"wp:attachment":[{"href":"https:\/\/zojopackaging.com\/it\/wp-json\/wp\/v2\/media?parent=6288"}],"wp:term":[{"taxonomy":"product_brand","embeddable":true,"href":"https:\/\/zojopackaging.com\/it\/wp-json\/wp\/v2\/product_brand?post=6288"},{"taxonomy":"product_cat","embeddable":true,"href":"https:\/\/zojopackaging.com\/it\/wp-json\/wp\/v2\/product_cat?post=6288"},{"taxonomy":"product_tag","embeddable":true,"href":"https:\/\/zojopackaging.com\/it\/wp-json\/wp\/v2\/product_tag?post=6288"}],"curies":[{"name":"wp","href":"https:\/\/api.w.org\/{rel}","templated":true}]}}