{"id":6735,"date":"2024-07-10T16:23:00","date_gmt":"2024-07-10T08:23:00","guid":{"rendered":"https:\/\/zojopackaging.com\/?post_type=product&#038;p=6735"},"modified":"2025-03-24T13:39:35","modified_gmt":"2025-03-24T05:39:35","slug":"custom-folding-card-paper-perfume-boxes","status":"publish","type":"product","link":"https:\/\/zojopackaging.com\/it\/product\/custom-folding-card-paper-perfume-boxes\/","title":{"rendered":"CMYK stampa pieghevole carta scatole di profumo all'ingrosso"},"content":{"rendered":"<h1>CMYK stampa pieghevole carta scatole di profumo all'ingrosso<\/h1>\n<div>\n<p>Cercate di migliorare la vostra attivit\u00e0 di profumeria? Non cercate oltre la nostra goffratura in oro rosa.\u00a0<a href=\"https:\/\/zojopackaging.com\/it\/custom-packaging-boxes\/\"><strong>Scatole di imballaggio per profumi<\/strong><\/a>. Queste scatole rappresentano un mezzo elegante e sofisticato per mettere in mostra le vostre fragranze, inviando ai vostri clienti un chiaro messaggio di attenzione alla qualit\u00e0 dei vostri prodotti. Grazie all'estetica impareggiabile e alla qualit\u00e0 di prim'ordine, queste scatole sono in grado di aumentare il fascino e le vendite delle vostre fragranze.<\/p>\n<h1><strong>Eco Friendly pieghevole scatola di profumo fornitori<\/strong><\/h1>\n<ul>\n<li>Zojoprint Packaging \u00e8 in grado di realizzare QUALSIASI cosa per il vostro packaging! Campione in bianco gratuito!<\/li>\n<li>100% materiale di carta riciclata per la confezione regalo di carta di lusso<\/li>\n<li>Zojoprint Packaging ha una capacit\u00e0 produttiva di 5000 metri quadrati di fabbrica: 25000 pezzi a settimana.<\/li>\n<li>Consegna rapida.<\/li>\n<li>Design gratuito, campione gratuito.<\/li>\n<li>Grande e forte capacit\u00e0 di progettazione dell'imballaggio per risparmiare sui costi.<\/li>\n<\/ul>\n<h1><strong>Descrizione dei prodotti:<\/strong><\/h1>\n<table border=\"1\" cellspacing=\"1\" cellpadding=\"1\">\n<tbody>\n<tr>\n<td>Opzioni del materiale<\/td>\n<td>Cartone grigio di 1,5-3mm, carta patinata 128gsm-157gsm, carta bianca della carta 210gsm-400gsm O su misura come vostra richiesta<\/td>\n<\/tr>\n<tr>\n<td>Campione<\/td>\n<td>S\u00ec<\/td>\n<\/tr>\n<tr>\n<td>Opzioni di accessori<\/td>\n<td>Finestra in PVC\/PET, nastro, magnete O come da vostro ordine<\/td>\n<\/tr>\n<tr>\n<td>Colore<\/td>\n<td>Oro\/rosso\/nero\/rosa....\/personalizzato<\/td>\n<\/tr>\n<tr>\n<td>OEM E ODM<\/td>\n<td>Disponibile<\/td>\n<\/tr>\n<tr>\n<td>Logo e finitura della superficie<\/td>\n<td>Serigrafia, stampa a caldo, pittura a colori, pittura a pennello, laminazione opaca\/lucida ecc.<\/td>\n<\/tr>\n<tr>\n<td>Utilizzo<\/td>\n<td>profumo, cura della pelle, sanit\u00e0 personale, imballaggio del regalo ecc.<\/td>\n<\/tr>\n<tr>\n<td>Stampa<\/td>\n<td>Stampa offset a colori CMYK, qualsiasi colore PMS<\/td>\n<\/tr>\n<tr>\n<td>Prezzo approssimativo<\/td>\n<td>Negoziazione<\/td>\n<\/tr>\n<tr>\n<td><strong>MOQ<\/strong><\/td>\n<td>500 pezzi<\/td>\n<\/tr>\n<tr>\n<td>Termine di pagamento<\/td>\n<td>30%deposit by T\/T Before Production,70% Balance Before Shipment<\/td>\n<\/tr>\n<tr>\n<td>Spedizione<\/td>\n<td>via mare o via aerea come DHL, UPS, Aramex, TNT, FedEx...<\/td>\n<\/tr>\n<tr>\n<td>Tempo di campionamento<\/td>\n<td>7 giorni lavorativi se volete personalizzare il vostro logo, 3 giorni lavorativi per i nostri campioni esistenti per riferimento<\/td>\n<\/tr>\n<tr>\n<td>Tempo di produzione<\/td>\n<td>7-14 giorni lavorativi<\/td>\n<\/tr>\n<tr>\n<td>\u00a0Imballaggio<\/td>\n<td>Cartone standard per l'esportazione o come cliente consigliare<\/td>\n<\/tr>\n<\/tbody>\n<\/table>\n<h1>Personalizzazione scatole d'imballaggio per profumi Passi<\/h1>\n<p>Noi di Zojoprint Packaging siamo specializzati in scatole di imballaggio per profumi personalizzate. Forniamo assistenza nella progettazione, nella selezione dei modelli di scatole, nella scelta dei materiali, nella lavorazione e nella creazione di campioni. Inoltre, aiutiamo a gestire il processo di produzione fino alla spedizione.<\/p>\n<h3>Fase 1: scegliere il tipo di scatola pi\u00f9 adatto alle proprie esigenze<\/h3>\n<p>La scelta del giusto stile di scatola \u00e8 fondamentale per garantire che l'imballaggio soddisfi le vostre esigenze specifiche e metta in mostra i vostri prodotti in modo efficace. Noi di Zojoprint Packaging offriamo una vasta gamma di stili di scatole, dal design elegante e moderno alle opzioni classiche ed eleganti. Che preferiate un look semplice e minimalista o uno stile pi\u00f9 intricato e decorativo, abbiamo lo stile di scatola perfetto per completare il vostro marchio e migliorare la presentazione dei vostri prodotti. Il nostro team si impegna ad aiutarvi a trovare lo stile di scatola ideale che non solo rifletta l'identit\u00e0 del vostro marchio, ma fornisca anche una funzionalit\u00e0 pratica per le vostre esigenze di imballaggio.<\/p>\n<p><img fetchpriority=\"high\" decoding=\"async\" class=\"alignnone wp-image-3830 lazyloaded\" src=\"https:\/\/packsolo.com\/wp-content\/uploads\/2024\/04\/boxes-styles.jpg\" alt=\"stili di scatole personalizzate\" width=\"1000\" height=\"1527\" data-src=\"https:\/\/packsolo.com\/wp-content\/uploads\/2024\/04\/boxes-styles.jpg\" data- title=\"\"><\/p>\n<h3><\/h3>\n<h3>Fase 2: Scegliere l'artigianato preferito per personalizzare l'imballaggio<\/h3>\n<p>La scelta dell'artigianato preferito \u00e8 un passo importante per personalizzare il packaging in modo che sia in linea con l'identit\u00e0 del marchio e si rivolga al pubblico di riferimento. Noi di Zojoprint Packaging offriamo una variet\u00e0 di opzioni di lavorazione per aggiungere elementi unici e accattivanti al vostro packaging. Che siate interessati a goffratura, sventagliatura, spot UV o altre tecniche specializzate, abbiamo l'esperienza e le capacit\u00e0 per dare vita alla vostra visione. Il nostro team lavorer\u00e0 a stretto contatto con voi per comprendere le vostre esigenze e consigliarvi le migliori opzioni di lavorazione per ottenere l'aspetto e la sensazione desiderati per il vostro packaging. Dall'aggiunta di un tocco di lusso con la stampa su lamina alla creazione di texture e profondit\u00e0 con la goffratura, le nostre lavorazioni migliorano l'estetica complessiva e il fascino del vostro packaging personalizzato.<\/p>\n<p><img decoding=\"async\" class=\"alignnone wp-image-3827 lazyloaded\" src=\"https:\/\/packsolo.com\/wp-content\/uploads\/2024\/04\/logo-effect.jpg\" alt=\"scatole personalizzate artigianali\" width=\"1000\" height=\"529\" data-src=\"https:\/\/packsolo.com\/wp-content\/uploads\/2024\/04\/logo-effect.jpg\" data- title=\"\"><\/p>\n<h3><\/h3>\n<h3>Fase 3: scegliere il materiale cartaceo giusto per l'imballaggio personalizzato<\/h3>\n<p>La scelta del giusto materiale cartaceo \u00e8 essenziale per creare imballaggi personalizzati che non solo abbiano un ottimo aspetto, ma che offrano anche durata e funzionalit\u00e0. Noi di Zojoprint Packaging offriamo un'ampia gamma di materiali cartacei per soddisfare le vostre esigenze e preferenze specifiche. Che siate alla ricerca di opzioni ecologiche come la carta riciclata o di finiture lussuose con carte speciali, abbiamo tutto ci\u00f2 che fa per voi. I nostri esperti possono guidarvi nella scelta del materiale cartaceo ideale che sia in linea con l'immagine del vostro marchio, che migliori la presentazione dei vostri prodotti e che soddisfi le vostre esigenze di budget. Grazie al nostro impegno per la qualit\u00e0 e la sostenibilit\u00e0, potete fidarvi di noi per ottenere soluzioni di imballaggio che lascino un'impressione duratura, riducendo al minimo l'impatto ambientale.<\/p>\n<p><img decoding=\"async\" class=\"alignnone wp-image-3828 lazyloaded\" src=\"https:\/\/packsolo.com\/wp-content\/uploads\/2024\/04\/paper-material.jpg\" alt=\"materiale per scatole personalizzate\" width=\"1000\" height=\"654\" data-src=\"https:\/\/packsolo.com\/wp-content\/uploads\/2024\/04\/paper-material.jpg\" data- title=\"\"><\/p>\n<h3><\/h3>\n<h3>Fase 4: progettazione e produzione dell'imballaggio personalizzato<\/h3>\n<p>Nella fase di progettazione e produzione del vostro packaging personalizzato con Zojoprint Packaging, il nostro team collabora strettamente con voi per dare vita alla vostra visione. Iniziamo traducendo le vostre idee e i vostri requisiti in progetti innovativi che catturano l'essenza del vostro marchio e del vostro prodotto. I nostri designer sfruttano la loro esperienza per creare soluzioni di packaging visivamente accattivanti e funzionali, su misura per le vostre specifiche.<\/p>\n<p>Una volta finalizzato il progetto, il nostro team di produzione entra in azione, utilizzando tecnologie all'avanguardia e materiali di alta qualit\u00e0 per produrre il vostro packaging personalizzato con precisione e attenzione ai dettagli. Sia che abbiate bisogno di stampe complesse, goffrature o finiture speciali, ci assicuriamo che ogni aspetto della vostra confezione rifletta la qualit\u00e0 e la professionalit\u00e0 del vostro marchio.<\/p>\n<p>Durante l'intero processo di progettazione e produzione, il nostro obiettivo \u00e8 quello di superare le vostre aspettative e di fornire un packaging che non solo metta in mostra i vostri prodotti in modo eccellente, ma che migliori anche l'immagine del vostro marchio e l'esperienza dei clienti.<\/p>\n<p><img loading=\"lazy\" decoding=\"async\" class=\"alignnone wp-image-3829 lazyloaded\" src=\"https:\/\/packsolo.com\/wp-content\/uploads\/2024\/04\/design-production.jpg\" alt=\"processo delle scatole personalizzate\" width=\"1000\" height=\"659\" data-src=\"https:\/\/packsolo.com\/wp-content\/uploads\/2024\/04\/design-production.jpg\" data- title=\"\"><\/p>\n<h1 style=\"text-align: left;\">Perch\u00e9 scegliere Zojoprint Packaging<\/h1>\n<p>Scegliere Zojoprint Packaging per le vostre esigenze di imballaggio personalizzato offre numerosi vantaggi.<\/p>\n<p><img loading=\"lazy\" decoding=\"async\" class=\"alignnone wp-image-3854 lazyloaded\" src=\"https:\/\/packsolo.com\/wp-content\/uploads\/2024\/04\/why-packsolo01.jpg\" alt=\"Perch\u00e9 scegliere PackSolo\" width=\"1000\" height=\"333\" data-src=\"https:\/\/packsolo.com\/wp-content\/uploads\/2024\/04\/why-packsolo01.jpg\" data- title=\"\"><\/p>\n<h3><\/h3>\n<h3>Capacit\u00e0 produttiva della fabbrica<\/h3>\n<p>Il nostro stabilimento vanta capacit\u00e0 produttive eccezionali, dotate di tecnologie all'avanguardia e di personale qualificato per produrre in modo efficiente soluzioni di imballaggio personalizzate di alta qualit\u00e0 che soddisfano le vostre specifiche e superano gli standard del settore.<\/p>\n<h3>Le nostre certificazioni<\/h3>\n<p>Zojoprint Packaging \u00e8 orgogliosa delle sue certificazioni, che garantiscono che le nostre soluzioni di imballaggio soddisfino i pi\u00f9 alti standard di qualit\u00e0, sostenibilit\u00e0 e sicurezza. Siamo certificati ISO 9001 per la gestione della qualit\u00e0, FSC per l'approvvigionamento sostenibile, ecc. Queste certificazioni riflettono il nostro impegno verso l'eccellenza e garantiscono ai nostri clienti di ricevere soluzioni di imballaggio di qualit\u00e0 superiore, responsabili dal punto di vista ambientale e conformi alle migliori pratiche del settore.<\/p>\n<p><img loading=\"lazy\" decoding=\"async\" class=\"alignnone wp-image-3845 lazyloaded\" src=\"https:\/\/packsolo.com\/wp-content\/uploads\/2024\/04\/certification.jpg\" alt=\"Certificazione PackSolo\" width=\"1000\" height=\"386\" data-src=\"https:\/\/packsolo.com\/wp-content\/uploads\/2024\/04\/certification.jpg\" data- title=\"\"><\/p>\n<p>&nbsp;<\/p>\n<h3>Il nostro partner<\/h3>\n<p>Zojoprint Packaging \u00e8 orgogliosa di collaborare con marchi leader come Lidl, Walmart e Disneyland. Queste collaborazioni dimostrano la nostra capacit\u00e0 di fornire soluzioni di imballaggio di altissimo livello, di cui si fidano aziende rinomate nei settori della vendita al dettaglio e dell'intrattenimento. La collaborazione con questi stimati partner riflette il nostro impegno a fornire imballaggi di alta qualit\u00e0, innovativi e personalizzati che soddisfino le diverse esigenze delle aziende in vari settori.<\/p>\n<p><img loading=\"lazy\" decoding=\"async\" class=\"alignnone wp-image-3846 lazyloaded\" src=\"https:\/\/packsolo.com\/wp-content\/uploads\/2024\/04\/cooperate-brand.jpg\" alt=\"Partner\" width=\"1000\" height=\"333\" data-src=\"https:\/\/packsolo.com\/wp-content\/uploads\/2024\/04\/cooperate-brand.jpg\" data- title=\"\"><\/p>\n<h3><\/h3>\n<h1>Spedire in tutto il mondo<\/h1>\n<p>Zojoprint Packaging spedisce in tutto il mondo, assicurando una consegna rapida e affidabile dei vostri ordini di imballaggio personalizzato per qualsiasi destinazione.<\/p>\n<h1>Processo d'ordine<\/h1>\n<p>Consultateci per i dettagli dell'imballaggio, ricevete un'offerta entro 24 ore, confermate con un deposito, approvate il campione e procedete alla produzione e alla consegna.<\/p>\n<p><img loading=\"lazy\" decoding=\"async\" class=\"alignnone wp-image-3847 lazyloaded\" src=\"https:\/\/packsolo.com\/wp-content\/uploads\/2024\/04\/order-process.jpg\" alt=\"processo d&#039;ordine\" width=\"1000\" height=\"512\" data-src=\"https:\/\/packsolo.com\/wp-content\/uploads\/2024\/04\/order-process.jpg\" data- title=\"\"><\/p>\n<\/div>\n<div>\n<h1 style=\"text-align: left;\">FAQ<\/h1>\n<p>1. D: Siete un'azienda manifatturiera o commerciale?<br \/>\nA: Siamo una manifattura dell'imballaggio di stampa di 13+ anni a Shenzhen, porcellana<\/p>\n<p>2. D: Come posso ottenere i campioni?<br \/>\nR: Se avete bisogno di alcuni campioni da testare, dovrete pagare il trasporto dei campioni e il nostro costo del campione, mentre il costo del campione pu\u00f2 essere rimborsato dopo aver effettuato l'ordine. Inoltre, pu\u00f2 essere gratuito se \u00e8 facile da produrre.<\/p>\n<p>3. D: Entro quanto tempo posso aspettarmi di ricevere il campione di confezione cosmetica?<br \/>\nR: I campioni saranno pronti per la consegna in 3-7 giorni. I campioni saranno inviati tramite corriere espresso e arriveranno in 3-5 giorni.<\/p>\n<p>4. D: Possiamo far stampare il nostro logo o il nome della nostra azienda sui vostri prodotti o sulle vostre confezioni?<br \/>\nR: Certo. Il vostro logo pu\u00f2 essere applicato ai vostri prodotti mediante stampa a caldo, stampa, goffratura, rivestimento UV, serigrafia o adesivo.<\/p>\n<p>5. D: Come ordinare?<\/p>\n<p>R: Inviateci l'ordine d'acquisto via e-mail o chiedeteci di inviarvi una fattura Performa per il vostro ordine. Abbiamo bisogno di conoscere le seguenti informazioni per il vostro ordine.<\/p>\n<p>1) Informazioni sul prodotto, specifiche (dimensioni, materiali, requisiti tecnologici e di imballaggio, ecc.)<br \/>\n2) Tempi di consegna richiesti<br \/>\n3) Informazioni sulla spedizione: nome dell'azienda, indirizzo, numero di telefono e fax, porto di destinazione.<br \/>\n4) I dati di contatto dello spedizioniere, se presente in Cina.<\/p>\n<\/div>\n<div class=\"widget block block-static-block\">\n<div class=\"landing-page-section option-bottom\">\n<div class=\"custom-materials-tabs-content container container-adjustment\">\n<div class=\"custom-materials-tab-content active\">\n<div class=\"widget block block-static-block\">\n<p><!---end of option item--><\/p>\n<\/div>\n<\/div>\n<\/div>\n<\/div>\n<\/div>","protected":false},"excerpt":{"rendered":"<p>Focus sulla personalizzazione della scatola di carta da imballaggio per profumi di alta qualit\u00e0, supporto per la regolazione illimitata delle dimensioni, rivestimento del design personalizzato in base alle caratteristiche del prodotto. Fornitura diretta dalla fabbrica cinese, processo di rivestimento del film opaco per migliorare la texture, abbinando il tono del marchio<\/p>","protected":false},"featured_media":6740,"template":"","meta":[],"product_brand":[],"product_cat":[30,417,430,31],"product_tag":[542,541,540],"class_list":{"0":"post-6735","1":"product","2":"type-product","3":"status-publish","4":"has-post-thumbnail","6":"product_cat-by-industry","7":"product_cat-custom-perfume-boxes-by-industry","8":"product_cat-folding-cartons","9":"product_cat-paper-box-style","10":"product_tag-card-paper-perfume-boxes","11":"product_tag-folding-perfume-boxes","12":"product_tag-perfume-boxes-wholesale","14":"first","15":"instock","16":"shipping-taxable","17":"product-type-grouped"},"_links":{"self":[{"href":"https:\/\/zojopackaging.com\/it\/wp-json\/wp\/v2\/product\/6735","targetHints":{"allow":["GET"]}}],"collection":[{"href":"https:\/\/zojopackaging.com\/it\/wp-json\/wp\/v2\/product"}],"about":[{"href":"https:\/\/zojopackaging.com\/it\/wp-json\/wp\/v2\/types\/product"}],"version-history":[{"count":2,"href":"https:\/\/zojopackaging.com\/it\/wp-json\/wp\/v2\/product\/6735\/revisions"}],"predecessor-version":[{"id":8096,"href":"https:\/\/zojopackaging.com\/it\/wp-json\/wp\/v2\/product\/6735\/revisions\/8096"}],"wp:featuredmedia":[{"embeddable":true,"href":"https:\/\/zojopackaging.com\/it\/wp-json\/wp\/v2\/media\/6740"}],"wp:attachment":[{"href":"https:\/\/zojopackaging.com\/it\/wp-json\/wp\/v2\/media?parent=6735"}],"wp:term":[{"taxonomy":"product_brand","embeddable":true,"href":"https:\/\/zojopackaging.com\/it\/wp-json\/wp\/v2\/product_brand?post=6735"},{"taxonomy":"product_cat","embeddable":true,"href":"https:\/\/zojopackaging.com\/it\/wp-json\/wp\/v2\/product_cat?post=6735"},{"taxonomy":"product_tag","embeddable":true,"href":"https:\/\/zojopackaging.com\/it\/wp-json\/wp\/v2\/product_tag?post=6735"}],"curies":[{"name":"wp","href":"https:\/\/api.w.org\/{rel}","templated":true}]}}