{"id":6768,"date":"2024-07-17T09:22:23","date_gmt":"2024-07-17T01:22:23","guid":{"rendered":"https:\/\/zojopackaging.com\/?post_type=product&#038;p=6768"},"modified":"2025-03-24T11:40:30","modified_gmt":"2025-03-24T03:40:30","slug":"custom-round-shaped-rigid-boxes","status":"publish","type":"product","link":"https:\/\/zojopackaging.com\/it\/product\/custom-round-shaped-rigid-boxes\/","title":{"rendered":"Tubi di carta per profumi eleganti rotondi su misura Forniture di carta per profumi"},"content":{"rendered":"<h1>Tubi di carta per profumi eleganti rotondi su misura Forniture di carta per profumi<\/h1>\n<h2><strong>Panoramica del prodotto<\/strong><\/h2>\n<p>Vi presentiamo le nostre eleganti e funzionali scatole rigide rotonde personalizzate, progettate per soddisfare le vostre diverse esigenze di imballaggio. Questa soluzione di imballaggio unica combina stile e durata per garantire che i vostri prodotti siano presentati e protetti nel miglior modo possibile.<\/p>\n<h2>Caratteristiche principali<\/h2>\n<p>Design accattivante: L'elegante colore nero e la forma rotonda conferiscono alla scatola un aspetto moderno e sofisticato, facendola risaltare sugli scaffali.<br \/>\nMateriali pregiati: Realizzati in cartone o cartoncino di alta qualit\u00e0, assicurano resistenza e robustezza per salvaguardare il contenuto.<br \/>\nDimensioni personalizzabili: Disponibile in una gamma di diametri e altezze per adattarsi alle varie dimensioni dei prodotti.<br \/>\nChiusura sicura: Coperchi aderenti o tappi a vite per evitare che il contenuto si rovesci o si danneggi.<br \/>\nSuperficie stampabile: Ideale per la stampa personalizzata del logo del marchio, delle informazioni sul prodotto o di qualsiasi altro disegno a scelta per la massima visibilit\u00e0 del marchio.<\/p>\n<h2>Applicazioni<\/h2>\n<p>Questa scatola rotonda nera \u00e8 perfetta per un'ampia gamma di prodotti come cosmetici, candele, piccoli regali, dolciumi e beni di consumo di alta qualit\u00e0.<br \/>\nVantaggi:<br \/>\nMigliorare l'immagine del marchio: Il design distintivo aiuta il vostro marchio a fare un'impressione duratura sui clienti.<br \/>\nProteggete i vostri prodotti: La struttura robusta offre un'eccellente protezione durante lo stoccaggio e il trasporto.<br \/>\nUso versatile: Adatto alle esigenze di confezionamento sia al dettaglio che all'ingrosso.<br \/>\nEconomico: Offre una soluzione di imballaggio economica senza compromettere la qualit\u00e0.<\/p>\n<h2>Informazioni per l'ordine<\/h2>\n<table style=\"border-collapse: collapse; width: 681.77pt;\" border=\"0\" width=\"909\" cellspacing=\"0\" cellpadding=\"0\">\n<tbody>\n<tr style=\"height: 15.75pt;\">\n<td class=\"et3\" style=\"height: 15.75pt; width: 306.75pt;\" width=\"409\" height=\"21\">MOQ<\/td>\n<td class=\"et3\" style=\"width: 375.00pt;\" width=\"500\">500 - 500.000 pezzi<\/td>\n<\/tr>\n<tr style=\"height: 31.50pt;\">\n<td class=\"et3\" style=\"height: 31.50pt; width: 306.75pt;\" width=\"409\" height=\"42\">Colori<\/td>\n<td class=\"et3\" style=\"width: 375.00pt;\" width=\"500\">Bianco normale\/ Brown Kraft, CMYK, PMS, colori speciali (argento metallizzato, oro metallizzato),<\/td>\n<\/tr>\n<tr style=\"height: 16.50pt;\">\n<td class=\"et4\" style=\"height: 16.50pt;\" height=\"22\">Stampa<\/td>\n<td class=\"et5\">Stampato in CMYK<\/td>\n<\/tr>\n<tr style=\"height: 16.50pt;\">\n<td class=\"et5\" style=\"height: 16.50pt;\" height=\"22\">Dimensione<\/td>\n<td class=\"et5\">L + L &lt;= 20 pollici; H &lt;= 26 pollici<\/td>\n<\/tr>\n<tr style=\"height: 16.50pt;\">\n<td class=\"et4\" style=\"height: 16.50pt;\" height=\"22\">Certificazione<\/td>\n<td class=\"et5\">SGS, IOS9001<\/td>\n<\/tr>\n<tr style=\"height: 16.50pt;\">\n<td class=\"et4\" style=\"height: 16.50pt;\" height=\"22\">Struttura<\/td>\n<td class=\"et5\">Tubo di carta per telescopio 3pcs<\/td>\n<\/tr>\n<tr style=\"height: 16.50pt;\">\n<td class=\"et4\" style=\"height: 16.50pt;\" height=\"22\">Servizio<\/td>\n<td class=\"et5\">OEM\/ODM<\/td>\n<\/tr>\n<tr style=\"height: 31.50pt;\">\n<td class=\"et3\" style=\"height: 31.50pt; width: 306.75pt;\" width=\"409\" height=\"42\">Carta da giornale<\/td>\n<td class=\"et3\" style=\"width: 375.00pt;\" width=\"500\">Cartoncino bianco da 12pt a 24pt, SBS da 18pt a 24pt, cartoncino Kraft da 18pt a 24pt, cartone ondulato.<\/td>\n<\/tr>\n<tr style=\"height: 15.75pt;\">\n<td class=\"et3\" style=\"height: 15.75pt; width: 306.75pt;\" width=\"409\" height=\"21\">Finitura<\/td>\n<td class=\"et3\" style=\"width: 375.00pt;\" width=\"500\">Gloss AQ (predefinito), Gloss UV, Matt UV<\/td>\n<\/tr>\n<tr style=\"height: 15.75pt;\">\n<td class=\"et3\" style=\"height: 15.75pt; width: 306.75pt;\" width=\"409\" height=\"21\">Prova<\/td>\n<td class=\"et3\" style=\"width: 375.00pt;\" width=\"500\">Prova digitale (file pronto per la stampa) confermata dal cliente.<\/td>\n<\/tr>\n<tr style=\"height: 31.50pt;\">\n<td class=\"et3\" style=\"height: 31.50pt; width: 306.75pt;\" width=\"409\" height=\"42\">Inversione di tendenza<\/td>\n<td class=\"et3\" style=\"width: 375.00pt;\" width=\"500\">7-14 giorni lavorativi per la stampa e la spedizione, dopo l'approvazione finale (spedizione gratuita)<\/td>\n<\/tr>\n<tr style=\"height: 31.50pt;\">\n<td class=\"et7\" style=\"height: 31.50pt; width: 306.75pt;\" width=\"409\" height=\"42\">Termine di pagamento<\/td>\n<td class=\"et7\" style=\"width: 375.00pt;\" width=\"500\">T\/T, Western Union, Paypal, 30% deposito e 70% equilibrio prima della spedizione.<\/td>\n<\/tr>\n<\/tbody>\n<\/table>","protected":false},"excerpt":{"rendered":"<p>Il fornitore della scatola d'imballaggio del profumo, personalizzazione illimitata per soddisfare la dimensione del prodotto, questa scatola \u00e8 fatta del bordo grigio di 1200 GSM e della carta patinata 157 GSM, il processo di timbratura a caldo pu\u00f2 migliorare l'impatto visivo, il materiale di carta speciale ha una sensibilit\u00e0 visiva e tattile unica e migliora il grado del prodotto<\/p>","protected":false},"featured_media":6773,"template":"","meta":[],"product_brand":[],"product_cat":[417,429],"product_tag":[530,528,529],"class_list":{"0":"post-6768","1":"product","2":"type-product","3":"status-publish","4":"has-post-thumbnail","6":"product_cat-custom-perfume-boxes-by-industry","7":"product_cat-paper-tube-boxes","8":"product_tag-custom-paper-tubes","9":"product_tag-cylinder-perfume-paper-tubes","10":"product_tag-perfume-paper-tubes-supplies","12":"first","13":"instock","14":"shipping-taxable","15":"product-type-simple"},"_links":{"self":[{"href":"https:\/\/zojopackaging.com\/it\/wp-json\/wp\/v2\/product\/6768","targetHints":{"allow":["GET"]}}],"collection":[{"href":"https:\/\/zojopackaging.com\/it\/wp-json\/wp\/v2\/product"}],"about":[{"href":"https:\/\/zojopackaging.com\/it\/wp-json\/wp\/v2\/types\/product"}],"version-history":[{"count":2,"href":"https:\/\/zojopackaging.com\/it\/wp-json\/wp\/v2\/product\/6768\/revisions"}],"predecessor-version":[{"id":8091,"href":"https:\/\/zojopackaging.com\/it\/wp-json\/wp\/v2\/product\/6768\/revisions\/8091"}],"wp:featuredmedia":[{"embeddable":true,"href":"https:\/\/zojopackaging.com\/it\/wp-json\/wp\/v2\/media\/6773"}],"wp:attachment":[{"href":"https:\/\/zojopackaging.com\/it\/wp-json\/wp\/v2\/media?parent=6768"}],"wp:term":[{"taxonomy":"product_brand","embeddable":true,"href":"https:\/\/zojopackaging.com\/it\/wp-json\/wp\/v2\/product_brand?post=6768"},{"taxonomy":"product_cat","embeddable":true,"href":"https:\/\/zojopackaging.com\/it\/wp-json\/wp\/v2\/product_cat?post=6768"},{"taxonomy":"product_tag","embeddable":true,"href":"https:\/\/zojopackaging.com\/it\/wp-json\/wp\/v2\/product_tag?post=6768"}],"curies":[{"name":"wp","href":"https:\/\/api.w.org\/{rel}","templated":true}]}}