{"id":6780,"date":"2024-07-17T10:03:51","date_gmt":"2024-07-17T02:03:51","guid":{"rendered":"https:\/\/zojopackaging.com\/?post_type=product&#038;p=6780"},"modified":"2025-03-24T11:23:21","modified_gmt":"2025-03-24T03:23:21","slug":"custom-round-wine-cardboard-box","status":"publish","type":"product","link":"https:\/\/zojopackaging.com\/it\/product\/custom-round-wine-cardboard-box\/","title":{"rendered":"Personalizzato Premium vino alcolici tubo imballaggio scatole fabbrica"},"content":{"rendered":"<h1>Personalizzato Premium vino alcolici tubo imballaggio scatole fabbrica<\/h1>\n<div class=\"auto-hide-last-sibling-br paragraph-u1TS5p paragraph-element br-paragraph-space\">Le nostre scatole di cartone rotonde personalizzate per il vino sono una soluzione di imballaggio su misura, progettata per soddisfare gli esigenti standard dell'industria vinicola. Realizzate con precisione e attenzione ai dettagli, queste scatole sono la scelta perfetta per presentare e proteggere i vostri vini pregiati.<\/div>\n<div>\n<h2 class=\"yikes-custom-woo-tab-title yikes-custom-woo-tab-title-specifications\">Specifiche tecniche<\/h2>\n<\/div>\n<div>\n<table style=\"border-collapse: collapse; width: 681.77pt;\" border=\"0\" width=\"909\" cellspacing=\"0\" cellpadding=\"0\">\n<tbody>\n<tr style=\"height: 15.75pt;\">\n<td class=\"et3\" style=\"height: 15.75pt; width: 306.75pt;\" width=\"409\" height=\"21\">MOQ<\/td>\n<td class=\"et3\" style=\"width: 375.00pt;\" width=\"500\">500 - 500.000 pezzi<\/td>\n<\/tr>\n<tr style=\"height: 31.50pt;\">\n<td class=\"et3\" style=\"height: 31.50pt; width: 306.75pt;\" width=\"409\" height=\"42\">Colori<\/td>\n<td class=\"et3\" style=\"width: 375.00pt;\" width=\"500\">Bianco normale\/ Brown Kraft, CMYK, PMS, colori speciali (argento metallizzato, oro metallizzato),<\/td>\n<\/tr>\n<tr style=\"height: 16.50pt;\">\n<td class=\"et4\" style=\"height: 16.50pt;\" height=\"22\">Stampa<\/td>\n<td class=\"et5\">Stampato in CMYK<\/td>\n<\/tr>\n<tr style=\"height: 16.50pt;\">\n<td class=\"et5\" style=\"height: 16.50pt;\" height=\"22\">Dimensione<\/td>\n<td class=\"et5\">L + L &lt;= 20 pollici; H &lt;= 26 pollici<\/td>\n<\/tr>\n<tr style=\"height: 16.50pt;\">\n<td class=\"et4\" style=\"height: 16.50pt;\" height=\"22\">Certificazione<\/td>\n<td class=\"et5\">SGS, IOS9001<\/td>\n<\/tr>\n<tr style=\"height: 16.50pt;\">\n<td class=\"et4\" style=\"height: 16.50pt;\" height=\"22\">Struttura<\/td>\n<td class=\"et5\">Tubo di carta per telescopio 3pcs<\/td>\n<\/tr>\n<tr style=\"height: 16.50pt;\">\n<td class=\"et4\" style=\"height: 16.50pt;\" height=\"22\">Servizio<\/td>\n<td class=\"et5\">OEM\/ODM<\/td>\n<\/tr>\n<tr style=\"height: 31.50pt;\">\n<td class=\"et3\" style=\"height: 31.50pt; width: 306.75pt;\" width=\"409\" height=\"42\">Carta da giornale<\/td>\n<td class=\"et3\" style=\"width: 375.00pt;\" width=\"500\">Cartoncino bianco da 12pt a 24pt, SBS da 18pt a 24pt, cartoncino Kraft da 18pt a 24pt, cartone ondulato.<\/td>\n<\/tr>\n<tr style=\"height: 15.75pt;\">\n<td class=\"et3\" style=\"height: 15.75pt; width: 306.75pt;\" width=\"409\" height=\"21\">Finitura<\/td>\n<td class=\"et3\" style=\"width: 375.00pt;\" width=\"500\">Gloss AQ (predefinito), Gloss UV, Matt UV<\/td>\n<\/tr>\n<tr style=\"height: 15.75pt;\">\n<td class=\"et3\" style=\"height: 15.75pt; width: 306.75pt;\" width=\"409\" height=\"21\">Prova<\/td>\n<td class=\"et3\" style=\"width: 375.00pt;\" width=\"500\">Prova digitale (file pronto per la stampa) confermata dal cliente.<\/td>\n<\/tr>\n<tr style=\"height: 31.50pt;\">\n<td class=\"et3\" style=\"height: 31.50pt; width: 306.75pt;\" width=\"409\" height=\"42\">Inversione di tendenza<\/td>\n<td class=\"et3\" style=\"width: 375.00pt;\" width=\"500\">7-14 giorni lavorativi per la stampa e la spedizione, dopo l'approvazione finale (spedizione gratuita)<\/td>\n<\/tr>\n<tr style=\"height: 31.50pt;\">\n<td class=\"et7\" style=\"height: 31.50pt; width: 306.75pt;\" width=\"409\" height=\"42\">Termine di pagamento<\/td>\n<td class=\"et7\" style=\"width: 375.00pt;\" width=\"500\">T\/T, Western Union, Paypal, 30% deposito e 70% equilibrio prima della spedizione.<\/td>\n<\/tr>\n<\/tbody>\n<\/table>\n<\/div>\n<h2 class=\"auto-hide-last-sibling-br paragraph-u1TS5p paragraph-element br-paragraph-space\">Caratteristiche principali<\/h2>\n<ol class=\"auto-hide-last-sibling-br\">\n<li>Design circolare: La forma rotonda offre un'estetica unica ed elegante, distinguendo il vostro vino sullo scaffale.<\/li>\n<li>Dimensioni personalizzabili: Le dimensioni della scatola possono essere adattate a varie forme e dimensioni di bottiglie, garantendo una vestibilit\u00e0 comoda e sicura.<\/li>\n<li>Cartone di alta qualit\u00e0: Realizzato in cartone robusto e durevole che offre un'eccellente protezione contro gli urti e le pressioni esterne.<\/li>\n<li>Opzioni di stampa e branding: Imprimete il logo del vostro marchio, i dettagli del vino o qualsiasi disegno personalizzato con una stampa ad alta risoluzione per la massima visibilit\u00e0 del marchio e l'attrattiva del prodotto.<\/li>\n<li>Imbottitura interna: La morbida imbottitura interna protegge la bottiglia da graffi e danni durante il trasporto.<\/li>\n<li>Resistenza all'umidit\u00e0: \u00c8 possibile aggiungere rivestimenti o laminazioni speciali per offrire resistenza all'umidit\u00e0, garantendo l'integrit\u00e0 della scatola e del vino.<\/li>\n<\/ol>\n<h2 class=\"auto-hide-last-sibling-br paragraph-u1TS5p paragraph-element br-paragraph-space\">Processo di produzione<\/h2>\n<div class=\"auto-hide-last-sibling-br paragraph-u1TS5p paragraph-element br-paragraph-space\">I nostri impianti di produzione all'avanguardia ci consentono di gestire ordini di grandi dimensioni mantenendo un rigoroso controllo di qualit\u00e0. Dall'ideazione del progetto alla produzione finale, il nostro team lavora a stretto contatto con voi per garantire che ogni aspetto della scatola di cartone per vino rotonda personalizzata soddisfi le vostre aspettative.<\/div>\n<h2 class=\"auto-hide-last-sibling-br paragraph-u1TS5p paragraph-element br-paragraph-space\">Ordini e consegne<\/h2>\n<div class=\"auto-hide-last-sibling-br paragraph-u1TS5p paragraph-element br-paragraph-space\">Si applicano quantit\u00e0 minime d'ordine per garantire la convenienza economica. Offriamo tempi di consegna flessibili e servizi di consegna affidabili per farvi arrivare le scatole in tempi brevi.<\/div>\n<div class=\"auto-hide-last-sibling-br paragraph-u1TS5p paragraph-element br-paragraph-space\">Investite nella nostra scatola di cartone per vini rotonda personalizzata per esporre i vostri vini con stile e salvaguardarne la qualit\u00e0. Contattateci oggi stesso per discutere le vostre esigenze specifiche e fare il primo passo verso l'eccellenza del packaging.<\/div>","protected":false},"excerpt":{"rendered":"<p>Questa scatola da imballaggio in tubo di carta per liquori rossi adotta una struttura composita bifacciale di cartone grigio da 1200GSM + carta patinata da 157GSM, e il materiale di base ha superato la certificazione ambientale FSC.<\/p>","protected":false},"featured_media":6786,"template":"","meta":[],"product_brand":[],"product_cat":[419,429],"product_tag":[526,527,525],"class_list":{"0":"post-6780","1":"product","2":"type-product","3":"status-publish","4":"has-post-thumbnail","6":"product_cat-custom-wines-spirits-boxes","7":"product_cat-paper-tube-boxes","8":"product_tag-custom-tube-packaging-boxes","9":"product_tag-tube-packaging-factory","10":"product_tag-wine-spirits-tube-packaging","12":"first","13":"instock","14":"shipping-taxable","15":"product-type-simple"},"_links":{"self":[{"href":"https:\/\/zojopackaging.com\/it\/wp-json\/wp\/v2\/product\/6780","targetHints":{"allow":["GET"]}}],"collection":[{"href":"https:\/\/zojopackaging.com\/it\/wp-json\/wp\/v2\/product"}],"about":[{"href":"https:\/\/zojopackaging.com\/it\/wp-json\/wp\/v2\/types\/product"}],"version-history":[{"count":2,"href":"https:\/\/zojopackaging.com\/it\/wp-json\/wp\/v2\/product\/6780\/revisions"}],"predecessor-version":[{"id":8089,"href":"https:\/\/zojopackaging.com\/it\/wp-json\/wp\/v2\/product\/6780\/revisions\/8089"}],"wp:featuredmedia":[{"embeddable":true,"href":"https:\/\/zojopackaging.com\/it\/wp-json\/wp\/v2\/media\/6786"}],"wp:attachment":[{"href":"https:\/\/zojopackaging.com\/it\/wp-json\/wp\/v2\/media?parent=6780"}],"wp:term":[{"taxonomy":"product_brand","embeddable":true,"href":"https:\/\/zojopackaging.com\/it\/wp-json\/wp\/v2\/product_brand?post=6780"},{"taxonomy":"product_cat","embeddable":true,"href":"https:\/\/zojopackaging.com\/it\/wp-json\/wp\/v2\/product_cat?post=6780"},{"taxonomy":"product_tag","embeddable":true,"href":"https:\/\/zojopackaging.com\/it\/wp-json\/wp\/v2\/product_tag?post=6780"}],"curies":[{"name":"wp","href":"https:\/\/api.w.org\/{rel}","templated":true}]}}