{"id":6793,"date":"2024-07-17T10:24:49","date_gmt":"2024-07-17T02:24:49","guid":{"rendered":"https:\/\/zojopackaging.com\/?post_type=product&#038;p=6793"},"modified":"2025-03-24T10:18:40","modified_gmt":"2025-03-24T02:18:40","slug":"custom-chocolate-packaging-gift-box","status":"publish","type":"product","link":"https:\/\/zojopackaging.com\/it\/product\/custom-chocolate-packaging-gift-box\/","title":{"rendered":"Imballaggio di carta di cioccolato riciclabile personalizzato all'ingrosso"},"content":{"rendered":"<h1>Imballaggio di carta di cioccolato riciclabile personalizzato all'ingrosso<\/h1>\n<div class=\"auto-hide-last-sibling-br paragraph-u1TS5p paragraph-element br-paragraph-space\">Le nostre confezioni regalo personalizzate per il cioccolato sono realizzate con precisione e attenzione ai dettagli per offrire una soluzione elegante e funzionale alle vostre esigenze dolciarie.<\/div>\n<div>\n<table style=\"border-collapse: collapse; width: 681.77pt;\" border=\"0\" width=\"909\" cellspacing=\"0\" cellpadding=\"0\">\n<tbody>\n<tr style=\"height: 15.75pt;\">\n<td class=\"et3\" style=\"height: 15.75pt; width: 306.75pt;\" width=\"409\" height=\"21\">MOQ<\/td>\n<td class=\"et3\" style=\"width: 375.00pt;\" width=\"500\">500 - 500.000 pezzi<\/td>\n<\/tr>\n<tr style=\"height: 31.50pt;\">\n<td class=\"et3\" style=\"height: 31.50pt; width: 306.75pt;\" width=\"409\" height=\"42\">Colori<\/td>\n<td class=\"et3\" style=\"width: 375.00pt;\" width=\"500\">Bianco normale\/ Brown Kraft, CMYK, PMS, colori speciali (argento metallizzato, oro metallizzato),<\/td>\n<\/tr>\n<tr style=\"height: 16.50pt;\">\n<td class=\"et4\" style=\"height: 16.50pt;\" height=\"22\">Stampa<\/td>\n<td class=\"et5\">Stampato in CMYK<\/td>\n<\/tr>\n<tr style=\"height: 16.50pt;\">\n<td class=\"et5\" style=\"height: 16.50pt;\" height=\"22\">Dimensione<\/td>\n<td class=\"et5\">L + L &lt;= 20 pollici; H &lt;= 26 pollici<\/td>\n<\/tr>\n<tr style=\"height: 16.50pt;\">\n<td class=\"et4\" style=\"height: 16.50pt;\" height=\"22\">Certificazione<\/td>\n<td class=\"et5\">SGS, IOS9001<\/td>\n<\/tr>\n<tr style=\"height: 16.50pt;\">\n<td class=\"et4\" style=\"height: 16.50pt;\" height=\"22\">Struttura<\/td>\n<td class=\"et5\">Tubo di carta per telescopio 3pcs<\/td>\n<\/tr>\n<tr style=\"height: 16.50pt;\">\n<td class=\"et4\" style=\"height: 16.50pt;\" height=\"22\">Servizio<\/td>\n<td class=\"et5\">OEM\/ODM<\/td>\n<\/tr>\n<tr style=\"height: 31.50pt;\">\n<td class=\"et3\" style=\"height: 31.50pt; width: 306.75pt;\" width=\"409\" height=\"42\">Carta da giornale<\/td>\n<td class=\"et3\" style=\"width: 375.00pt;\" width=\"500\">Cartoncino bianco da 12pt a 24pt, SBS da 18pt a 24pt, cartoncino Kraft da 18pt a 24pt, cartone ondulato.<\/td>\n<\/tr>\n<tr style=\"height: 15.75pt;\">\n<td class=\"et3\" style=\"height: 15.75pt; width: 306.75pt;\" width=\"409\" height=\"21\">Finitura<\/td>\n<td class=\"et3\" style=\"width: 375.00pt;\" width=\"500\">Gloss AQ (predefinito), Gloss UV, Matt UV<\/td>\n<\/tr>\n<tr style=\"height: 15.75pt;\">\n<td class=\"et3\" style=\"height: 15.75pt; width: 306.75pt;\" width=\"409\" height=\"21\">Prova<\/td>\n<td class=\"et3\" style=\"width: 375.00pt;\" width=\"500\">Prova digitale (file pronto per la stampa) confermata dal cliente.<\/td>\n<\/tr>\n<tr style=\"height: 31.50pt;\">\n<td class=\"et3\" style=\"height: 31.50pt; width: 306.75pt;\" width=\"409\" height=\"42\">Inversione di tendenza<\/td>\n<td class=\"et3\" style=\"width: 375.00pt;\" width=\"500\">7-14 giorni lavorativi per la stampa e la spedizione, dopo l'approvazione finale (spedizione gratuita)<\/td>\n<\/tr>\n<tr style=\"height: 31.50pt;\">\n<td class=\"et7\" style=\"height: 31.50pt; width: 306.75pt;\" width=\"409\" height=\"42\">Termine di pagamento<\/td>\n<td class=\"et7\" style=\"width: 375.00pt;\" width=\"500\">T\/T, Western Union, Paypal, 30% deposito e 70% equilibrio prima della spedizione.<\/td>\n<\/tr>\n<\/tbody>\n<\/table>\n<\/div>\n<h2 class=\"auto-hide-last-sibling-br paragraph-u1TS5p paragraph-element br-paragraph-space\">Caratteristiche principali<\/h2>\n<ol class=\"auto-hide-last-sibling-br\">\n<li>Design su misura: Lavorate a stretto contatto con il nostro team di progettazione per creare una scatola unica e accattivante che rifletta la personalit\u00e0 del vostro marchio e l'essenza delle vostre offerte di cioccolato. Potete scegliere tra un'ampia gamma di forme, dimensioni e stili per esporre perfettamente i vostri cioccolatini.<\/li>\n<li>Materiali di alta qualit\u00e0: Utilizziamo carta di qualit\u00e0 superiore che non solo \u00e8 robusta, ma offre anche una sensazione di lusso. Il materiale garantisce la protezione e la freschezza dei vostri cioccolatini, mantenendone la qualit\u00e0.<\/li>\n<li>Opzioni di stampa: Scegliete tra tecniche di stampa avanzate come la stampa offset, la stampa digitale o la goffratura per aggiungere dettagli intricati, colori vivaci e una finitura tattile al vostro packaging.<\/li>\n<li>Miglioramenti interni: Personalizzate l'interno della scatola con inserti, divisori o rivestimento in lamina per mantenere i cioccolatini al loro posto e aggiungere un ulteriore tocco di raffinatezza.<\/li>\n<li>Ritagli di finestra: Possibilit\u00e0 di includere una finestra trasparente per dare ai clienti una sbirciatina ai deliziosi cioccolatini contenuti, invogliandoli all'acquisto.<\/li>\n<li>Opportunit\u00e0 di branding: Mostrate in modo evidente il logo del vostro marchio, lo slogan e le informazioni sui prodotti per aumentare la consapevolezza e il riconoscimento del marchio.<\/li>\n<\/ol>\n<h2 class=\"auto-hide-last-sibling-br paragraph-u1TS5p paragraph-element br-paragraph-space\">Vantaggi per la vostra azienda<\/h2>\n<ol class=\"auto-hide-last-sibling-br\">\n<li>Differenziazione del marchio: Distinguersi dalla concorrenza con un packaging distintivo che attiri l'attenzione del consumatore e lasci un'impressione duratura.<\/li>\n<li>Maggiore attrattiva per i clienti: Una confezione attraente aumenta il valore percepito dei vostri cioccolatini, rendendoli pi\u00f9 attraenti per i clienti e aumentando le vendite.<\/li>\n<li>Protezione e conservazione: Il materiale e il design di alta qualit\u00e0 garantiscono che i cioccolatini rimangano in perfette condizioni, mantenendo il loro gusto e la loro consistenza.<\/li>\n<li>Strumento di marketing: La confezione funge da potente strumento di marketing, comunicando il messaggio e i valori del marchio ai potenziali clienti.<\/li>\n<\/ol>\n<h2 class=\"auto-hide-last-sibling-br paragraph-u1TS5p paragraph-element br-paragraph-space\">Processo di ordinazione<\/h2>\n<div class=\"auto-hide-last-sibling-br paragraph-u1TS5p paragraph-element br-paragraph-space\">Il nostro team dedicato \u00e8 a vostra disposizione per guidarvi in un processo di ordinazione facile e senza interruzioni. Dall'idea iniziale alla produzione finale, collaboriamo con voi in ogni fase per garantire che la confezione soddisfi le vostre aspettative.<\/div>\n<h2 class=\"auto-hide-last-sibling-br paragraph-u1TS5p paragraph-element br-paragraph-space\">Consegna e tempi di consegna<\/h2>\n<div class=\"auto-hide-last-sibling-br paragraph-u1TS5p paragraph-element br-paragraph-space\">Siamo consapevoli dell'importanza di una consegna puntuale. I nostri efficienti sistemi di produzione e logistica assicurano che le vostre scatole di carta per l'imballaggio del cioccolato personalizzate vengano consegnate in tempo, consentendovi di rispettare le scadenze aziendali.<br \/>\n<a href=\"https:\/\/zojopackaging.com\/it\/contact-us\/\"><strong>Contattateci<\/strong><\/a> per iniziare a creare la confezione perfetta per i vostri dolci.<\/div>","protected":false},"excerpt":{"rendered":"<p>Questa scatola per l'imballaggio di biscotti al cioccolato di grado alimentare utilizza un cartone grigio di grado alimentare da 1200GSM + carta patinata da 157GSM, ed \u00e8 un substrato ecologico certificato FSC per garantire la sicurezza alimentare. Il tipo di scatola supporta una personalizzazione illimitata della deformazione delle dimensioni e vengono forniti campioni gratuiti per verificare la qualit\u00e0.<\/p>","protected":false},"featured_media":6794,"template":"","meta":[],"product_brand":[],"product_cat":[422,429],"product_tag":[522,523,524],"class_list":{"0":"post-6793","1":"product","2":"type-product","3":"status-publish","4":"has-post-thumbnail","6":"product_cat-custom-gourmet-boxes-by-industry","7":"product_cat-paper-tube-boxes","8":"product_tag-chocolate-paper-tube","9":"product_tag-custom-chocolate-paper-tube","10":"product_tag-paper-tube-wholesale","12":"first","13":"instock","14":"shipping-taxable","15":"product-type-simple"},"_links":{"self":[{"href":"https:\/\/zojopackaging.com\/it\/wp-json\/wp\/v2\/product\/6793","targetHints":{"allow":["GET"]}}],"collection":[{"href":"https:\/\/zojopackaging.com\/it\/wp-json\/wp\/v2\/product"}],"about":[{"href":"https:\/\/zojopackaging.com\/it\/wp-json\/wp\/v2\/types\/product"}],"version-history":[{"count":2,"href":"https:\/\/zojopackaging.com\/it\/wp-json\/wp\/v2\/product\/6793\/revisions"}],"predecessor-version":[{"id":8088,"href":"https:\/\/zojopackaging.com\/it\/wp-json\/wp\/v2\/product\/6793\/revisions\/8088"}],"wp:featuredmedia":[{"embeddable":true,"href":"https:\/\/zojopackaging.com\/it\/wp-json\/wp\/v2\/media\/6794"}],"wp:attachment":[{"href":"https:\/\/zojopackaging.com\/it\/wp-json\/wp\/v2\/media?parent=6793"}],"wp:term":[{"taxonomy":"product_brand","embeddable":true,"href":"https:\/\/zojopackaging.com\/it\/wp-json\/wp\/v2\/product_brand?post=6793"},{"taxonomy":"product_cat","embeddable":true,"href":"https:\/\/zojopackaging.com\/it\/wp-json\/wp\/v2\/product_cat?post=6793"},{"taxonomy":"product_tag","embeddable":true,"href":"https:\/\/zojopackaging.com\/it\/wp-json\/wp\/v2\/product_tag?post=6793"}],"curies":[{"name":"wp","href":"https:\/\/api.w.org\/{rel}","templated":true}]}}