{"id":6811,"date":"2024-07-17T13:41:36","date_gmt":"2024-07-17T05:41:36","guid":{"rendered":"https:\/\/zojopackaging.com\/?post_type=product&#038;p=6811"},"modified":"2025-03-24T09:49:41","modified_gmt":"2025-03-24T01:49:41","slug":"customized-printed-paper-gift-bags","status":"publish","type":"product","link":"https:\/\/zojopackaging.com\/it\/product\/customized-printed-paper-gift-bags\/","title":{"rendered":"Lusso sacchetti di carta pieghevoli personalizzati Fornitore"},"content":{"rendered":"<h1 class=\"auto-hide-last-sibling-br paragraph-u1TS5p paragraph-element br-paragraph-space\">Sacchetti regalo in carta stampata personalizzati<\/h1>\n<div class=\"auto-hide-last-sibling-br paragraph-u1TS5p paragraph-element br-paragraph-space\">I nostri sacchetti regalo in carta stampata personalizzati sono la scelta perfetta per aggiungere un tocco personalizzato e memorabile alla vostra esperienza di regalo.<\/div>\n<h2 class=\"auto-hide-last-sibling-br paragraph-u1TS5p paragraph-element br-paragraph-space\">Caratteristiche principali<\/h2>\n<ol class=\"auto-hide-last-sibling-br\">\n<li>Design su misura: Lavorate a stretto contatto con il nostro esperto team di progettazione per creare una borsa unica che sia in linea con il vostro marchio o il tema del vostro evento. Potete scegliere tra un'ampia gamma di colori, motivi e grafiche per rendere le vostre borse regalo davvero uniche.<\/li>\n<li>Materiali di alta qualit\u00e0: Utilizziamo carta di qualit\u00e0 superiore che non solo \u00e8 robusta ma d\u00e0 anche una sensazione di lusso. La carta viene selezionata per garantire la durata e una finitura liscia.<\/li>\n<li>Stampa di precisione: La nostra tecnologia di stampa avanzata consente di ottenere stampe nitide, vivaci e di lunga durata. Che si tratti di un logo dettagliato, di un disegno complesso o di un messaggio accorato, garantiamo la massima qualit\u00e0 di riproduzione.<\/li>\n<li>Opzioni di impugnatura: Scegliete tra vari stili di impugnatura, come il nastro di raso, la corda di carta attorcigliata o le impugnature di carta piatte per un maggiore comfort e stile.<\/li>\n<li>Personalizzazione delle dimensioni: Disponibile in una moltitudine di dimensioni per adattarsi a diversi articoli da regalo, da piccoli gingilli a regali pi\u00f9 grandi.<\/li>\n<li>Opzioni interne: Per migliorare la presentazione, aggiungere carta velina o una fodera speciale all'interno della borsa.<\/li>\n<\/ol>\n<h2 class=\"auto-hide-last-sibling-br paragraph-u1TS5p paragraph-element br-paragraph-space\">Processo di ordinazione<\/h2>\n<div class=\"auto-hide-last-sibling-br paragraph-u1TS5p paragraph-element br-paragraph-space\">Il nostro processo di ordinazione \u00e8 semplice e diretto. Basta condividere con noi le vostre idee e i vostri requisiti di design e vi forniremo un preventivo dettagliato e un modello. Una volta approvato, il nostro efficiente team di produzione garantir\u00e0 la consegna tempestiva dell'ordine.<\/div>\n<h2 class=\"auto-hide-last-sibling-br paragraph-u1TS5p paragraph-element br-paragraph-space\">Consegna e tempi di consegna<\/h2>\n<div class=\"auto-hide-last-sibling-br paragraph-u1TS5p paragraph-element br-paragraph-space\">Siamo consapevoli dell'importanza di rispettare le scadenze. Offriamo servizi di consegna affidabili e forniamo stime chiare dei tempi di consegna in base alle dimensioni e alla complessit\u00e0 dell'ordine.<\/div>\n<div class=\"auto-hide-last-sibling-br paragraph-u1TS5p paragraph-element br-paragraph-space\">Investite nei nostri sacchetti regalo in carta stampata personalizzati per far risaltare i vostri regali e lasciare un'impressione duratura. <strong><a href=\"https:\/\/zojopackaging.com\/it\/contact-us\/\">Contattateci oggi stesso<\/a><\/strong> per iniziare a creare la soluzione perfetta per le vostre esigenze aziendali.<\/div>\n<div>\n<h2 class=\"yikes-custom-woo-tab-title yikes-custom-woo-tab-title-specifications\">Specifiche tecniche<\/h2>\n<table class=\"table table-striped\">\n<tbody>\n<tr>\n<td>Stile scatola<\/td>\n<td>Estremit\u00e0 a ribalta<\/td>\n<\/tr>\n<tr>\n<td>Caratteristiche principali<\/td>\n<td>Chiusura superiore a frizione<\/td>\n<\/tr>\n<tr>\n<td>Dimensione<\/td>\n<td>L + L &lt;= 20 pollici; H &lt;= 26 pollici<\/td>\n<\/tr>\n<tr>\n<td>Quantit\u00e0<\/td>\n<td>500 &#8211; 500,000<\/td>\n<\/tr>\n<tr>\n<td>Carta da giornale<\/td>\n<td>Cartoncino bianco da 12pt a 24pt, SBS da 18pt a 24pt, cartoncino Kraft da 18pt a 24pt, cartone ondulato.<\/td>\n<\/tr>\n<tr>\n<td>Colori<\/td>\n<td>Bianco normale\/ Brown Kraft, CMYK, PMS, colori speciali (argento metallizzato, oro metallizzato),<\/td>\n<\/tr>\n<tr>\n<td>Finitura<\/td>\n<td>Gloss AQ (predefinito), Gloss UV, Matt UV<\/td>\n<\/tr>\n<tr>\n<td>Caricamento dei file<\/td>\n<td>Linea di stampaggio e progettazione in strati separati<\/p>\n<p>Campione PMS annotato se applicabile<\/td>\n<\/tr>\n<tr>\n<td>Prova<\/td>\n<td>Prova digitale (file pronto per la stampa) confermata dal cliente.<\/td>\n<\/tr>\n<tr>\n<td>Inversione di tendenza<\/td>\n<td>7-14 giorni lavorativi per la stampa e la spedizione, dopo l'approvazione finale (spedizione gratuita)<\/td>\n<\/tr>\n<tr>\n<td>Spedizione<\/td>\n<td>Confezione piatta<\/td>\n<\/tr>\n<\/tbody>\n<\/table>\n<\/div>","protected":false},"excerpt":{"rendered":"<p>Questo sacchetto di carta nero pieghevole utilizza un processo di laminazione opaca per creare una superficie di basso livello e resistente ai graffi, combinata con un processo di stampa a caldo in lamina d'oro per presentare il motivo esclusivo del marchio ed \u00e8 accoppiato con un nastro staccabile \/ corda per la maniglia, il design pieghevole pu\u00f2 risparmiare 50% di spazio di stoccaggio e di trasporto.<\/p>","protected":false},"featured_media":6817,"template":"","meta":[],"product_brand":[],"product_cat":[30,413,432,31],"product_tag":[518,516,517],"class_list":{"0":"post-6811","1":"product","2":"type-product","3":"status-publish","4":"has-post-thumbnail","6":"product_cat-by-industry","7":"product_cat-consumer-electronics-boxes","8":"product_cat-pape-gift-bags","9":"product_cat-paper-box-style","10":"product_tag-custom-paper-bags","11":"product_tag-foldable-paper-shopping-bags","12":"product_tag-paper-shopping-bags-manufacturer","14":"first","15":"instock","16":"shipping-taxable","17":"product-type-simple"},"_links":{"self":[{"href":"https:\/\/zojopackaging.com\/it\/wp-json\/wp\/v2\/product\/6811","targetHints":{"allow":["GET"]}}],"collection":[{"href":"https:\/\/zojopackaging.com\/it\/wp-json\/wp\/v2\/product"}],"about":[{"href":"https:\/\/zojopackaging.com\/it\/wp-json\/wp\/v2\/types\/product"}],"version-history":[{"count":2,"href":"https:\/\/zojopackaging.com\/it\/wp-json\/wp\/v2\/product\/6811\/revisions"}],"predecessor-version":[{"id":8086,"href":"https:\/\/zojopackaging.com\/it\/wp-json\/wp\/v2\/product\/6811\/revisions\/8086"}],"wp:featuredmedia":[{"embeddable":true,"href":"https:\/\/zojopackaging.com\/it\/wp-json\/wp\/v2\/media\/6817"}],"wp:attachment":[{"href":"https:\/\/zojopackaging.com\/it\/wp-json\/wp\/v2\/media?parent=6811"}],"wp:term":[{"taxonomy":"product_brand","embeddable":true,"href":"https:\/\/zojopackaging.com\/it\/wp-json\/wp\/v2\/product_brand?post=6811"},{"taxonomy":"product_cat","embeddable":true,"href":"https:\/\/zojopackaging.com\/it\/wp-json\/wp\/v2\/product_cat?post=6811"},{"taxonomy":"product_tag","embeddable":true,"href":"https:\/\/zojopackaging.com\/it\/wp-json\/wp\/v2\/product_tag?post=6811"}],"curies":[{"name":"wp","href":"https:\/\/api.w.org\/{rel}","templated":true}]}}