{"id":6823,"date":"2024-07-17T13:56:32","date_gmt":"2024-07-17T05:56:32","guid":{"rendered":"https:\/\/zojopackaging.com\/?post_type=product&#038;p=6823"},"modified":"2025-03-24T00:27:48","modified_gmt":"2025-03-23T16:27:48","slug":"custom-printed-paper-gift-bags","status":"publish","type":"product","link":"https:\/\/zojopackaging.com\/it\/product\/custom-printed-paper-gift-bags\/","title":{"rendered":"Fornitore Sacchetti regalo di carta per profumi di lusso personalizzati Produttori"},"content":{"rendered":"<h1 class=\"auto-hide-last-sibling-br paragraph-u1TS5p paragraph-element br-paragraph-space\">Sacchetti regalo in carta stampata personalizzati<\/h1>\n<div class=\"auto-hide-last-sibling-br paragraph-u1TS5p paragraph-element br-paragraph-space\">\n<div class=\"auto-hide-last-sibling-br paragraph-u1TS5p paragraph-element br-paragraph-space\">\n<p>Le nostre borse di carta stampate personalizzate offrono una soluzione di imballaggio su misura che combina stile, funzionalit\u00e0 e promozione del marchio.<\/p>\n<p>Avete bisogno di un prodotto di imballaggio personalizzato in uno stile o in un formato unico? Avete esigenze di grandi volumi? Abbiamo un intero reparto dedicato alla ricerca e allo sviluppo di prodotti unici che soddisfino esattamente i vostri requisiti di imballaggio pi\u00f9 esigenti.<\/p>\n<\/div>\n<h2 class=\"auto-hide-last-sibling-br paragraph-u1TS5p paragraph-element br-paragraph-space\">Processo di ordinazione<\/h2>\n<div class=\"auto-hide-last-sibling-br paragraph-u1TS5p paragraph-element br-paragraph-space\">Il nostro team di esperti vi guider\u00e0 attraverso un processo di ordinazione facile e senza intoppi. Iniziamo con il comprendere le vostre esigenze specifiche e le vostre preferenze di design. Potete fornire il vostro design o collaborare con i nostri esperti di design interni per creare un concetto che soddisfi la vostra visione. Una volta approvato il progetto, il nostro efficiente impianto di produzione assicurer\u00e0 la consegna tempestiva dell'ordine, con rigorose misure di controllo della qualit\u00e0 per garantire gli standard pi\u00f9 elevati.<\/div>\n<h2 class=\"yikes-custom-woo-tab-title yikes-custom-woo-tab-title-specifications\">Specifiche tecniche<\/h2>\n<table class=\"table table-striped\">\n<tbody>\n<tr>\n<td>Stile scatola<\/td>\n<td>Estremit\u00e0 a ribalta<\/td>\n<\/tr>\n<tr>\n<td>Caratteristiche principali<\/td>\n<td>Chiusura superiore a frizione<\/td>\n<\/tr>\n<tr>\n<td>Dimensione<\/td>\n<td>L + L &lt;= 20 pollici; H &lt;= 26 pollici<\/td>\n<\/tr>\n<tr>\n<td>Quantit\u00e0<\/td>\n<td>500 &#8211; 500,000<\/td>\n<\/tr>\n<tr>\n<td>Carta da giornale<\/td>\n<td>Cartoncino bianco da 12pt a 24pt, SBS da 18pt a 24pt, cartoncino Kraft da 18pt a 24pt, cartone ondulato.<\/td>\n<\/tr>\n<tr>\n<td>Colori<\/td>\n<td>Bianco normale\/ Brown Kraft, CMYK, PMS, colori speciali (argento metallizzato, oro metallizzato),<\/td>\n<\/tr>\n<tr>\n<td>Finitura<\/td>\n<td>Gloss AQ (predefinito), Gloss UV, Matt UV<\/td>\n<\/tr>\n<tr>\n<td>Caricamento dei file<\/td>\n<td>Linea di stampaggio e progettazione in strati separati<\/p>\n<p>Campione PMS annotato se applicabile<\/td>\n<\/tr>\n<tr>\n<td>Prova<\/td>\n<td>Prova digitale (file pronto per la stampa) confermata dal cliente.<\/td>\n<\/tr>\n<tr>\n<td>Inversione di tendenza<\/td>\n<td>7-14 giorni lavorativi per la stampa e la spedizione, dopo l'approvazione finale (spedizione gratuita)<\/td>\n<\/tr>\n<tr>\n<td>Spedizione<\/td>\n<td>Confezione piatta<\/td>\n<\/tr>\n<\/tbody>\n<\/table>\n<\/div>","protected":false},"excerpt":{"rendered":"<p>Questo sacchetto regalo in carta per profumi bianchi utilizza una laminazione opaca per creare una texture opaca ed \u00e8 sigillato con un nastro di seta\/satinato dello stesso colore, che mette in risalto il tono squisito del prodotto profumato con un'estetica minimalista.<\/p>","protected":false},"featured_media":6824,"template":"","meta":[],"product_brand":[],"product_cat":[30,417,432,31],"product_tag":[514,285,515],"class_list":{"0":"post-6823","1":"product","2":"type-product","3":"status-publish","4":"has-post-thumbnail","6":"product_cat-by-industry","7":"product_cat-custom-perfume-boxes-by-industry","8":"product_cat-pape-gift-bags","9":"product_cat-paper-box-style","10":"product_tag-custom-perfume-paper-gift-bags","11":"product_tag-paper-gift-bags","12":"product_tag-paper-gift-bags-manufacturers","14":"first","15":"instock","16":"shipping-taxable","17":"product-type-simple"},"_links":{"self":[{"href":"https:\/\/zojopackaging.com\/it\/wp-json\/wp\/v2\/product\/6823","targetHints":{"allow":["GET"]}}],"collection":[{"href":"https:\/\/zojopackaging.com\/it\/wp-json\/wp\/v2\/product"}],"about":[{"href":"https:\/\/zojopackaging.com\/it\/wp-json\/wp\/v2\/types\/product"}],"version-history":[{"count":2,"href":"https:\/\/zojopackaging.com\/it\/wp-json\/wp\/v2\/product\/6823\/revisions"}],"predecessor-version":[{"id":8084,"href":"https:\/\/zojopackaging.com\/it\/wp-json\/wp\/v2\/product\/6823\/revisions\/8084"}],"wp:featuredmedia":[{"embeddable":true,"href":"https:\/\/zojopackaging.com\/it\/wp-json\/wp\/v2\/media\/6824"}],"wp:attachment":[{"href":"https:\/\/zojopackaging.com\/it\/wp-json\/wp\/v2\/media?parent=6823"}],"wp:term":[{"taxonomy":"product_brand","embeddable":true,"href":"https:\/\/zojopackaging.com\/it\/wp-json\/wp\/v2\/product_brand?post=6823"},{"taxonomy":"product_cat","embeddable":true,"href":"https:\/\/zojopackaging.com\/it\/wp-json\/wp\/v2\/product_cat?post=6823"},{"taxonomy":"product_tag","embeddable":true,"href":"https:\/\/zojopackaging.com\/it\/wp-json\/wp\/v2\/product_tag?post=6823"}],"curies":[{"name":"wp","href":"https:\/\/api.w.org\/{rel}","templated":true}]}}