{"id":6831,"date":"2024-07-17T14:18:58","date_gmt":"2024-07-17T06:18:58","guid":{"rendered":"https:\/\/zojopackaging.com\/?post_type=product&#038;p=6831"},"modified":"2025-03-24T00:14:27","modified_gmt":"2025-03-23T16:14:27","slug":"custom-paper-bags","status":"publish","type":"product","link":"https:\/\/zojopackaging.com\/it\/product\/custom-paper-bags\/","title":{"rendered":"Fabbrica di sacchetti regalo di carta dell'abbigliamento del regalo di lusso personalizzato"},"content":{"rendered":"<h1 class=\"base Category_tile title\">Fabbrica di sacchetti regalo di carta dell'abbigliamento del regalo di lusso personalizzato<\/h1>\n<div class=\"auto-hide-last-sibling-br paragraph-u1TS5p paragraph-element br-paragraph-space\">\n<div class=\"auto-hide-last-sibling-br paragraph-u1TS5p paragraph-element br-paragraph-space\">\n<p>Sia che stiate pianificando un evento promozionale, sia che abbiate bisogno di soluzioni per l'uso lavorativo quotidiano, le borse di carta personalizzate possono essere utili in vari modi.<\/p>\n<h1>Perch\u00e9 acquistare sacchetti di carta personalizzati?<\/h1>\n<p>Le borse di carta personalizzate possono essere utilizzate in vari modi, a seconda delle esigenze aziendali.<\/p>\n<ul>\n<li>Fiere e altri eventi promozionali o di vendita<\/li>\n<li>Quando si regalano articoli promozionali<\/li>\n<li>Conferenze e seminari aziendali<\/li>\n<li>Per donare articoli direttamente fuori ufficio<\/li>\n<\/ul>\n<p>I sacchetti di carta sono articoli che la vostra azienda pu\u00f2 utilizzare in vari modi e sono ottimi per aumentare la consapevolezza del marchio. I destinatari si sentiranno anche pi\u00f9 fedeli al vostro marchio, perch\u00e9 crederanno che state facendo uno sforzo in pi\u00f9. Rivolgetevi al vostro pubblico nel modo giusto quando fate il passo pi\u00f9 lungo della gamba fornendo borse di carta personalizzate.<\/p>\n<h1>Diverse variet\u00e0 disponibili<\/h1>\n<p>Quando cercate il sacchetto di carta perfetto per rappresentare la vostra azienda, avete a disposizione diverse opzioni. Alcune opzioni per le quali potete optare sono:<\/p>\n<ul>\n<li>Sacchetti di carta kraft: Questi sacchetti sono realizzati con carta riciclata 100% e sono un'ottima alternativa ai sacchetti di carta tradizionali. Si possono trovare in una variet\u00e0 di colori e dimensioni. Sono ideali per una variet\u00e0 di scopi.<\/li>\n<li>Sacchetti di carta lucida: Questi sacchetti di carta hanno una finitura lucida. Possono essere ulteriormente riciclati, il che \u00e8 ottimo per chi cerca opzioni ecologiche. Questi sacchetti sono anche pi\u00f9 resistenti all'usura standard rispetto ai normali sacchetti di carta.<\/li>\n<li>Eurobag laminate: Queste varianti laminate sono ideali quando si vuole aggiungere un elemento di lusso alle tradizionali borse di carta. Sono disponibili in vari colori e possono incarnare esattamente l'immagine che la vostra azienda vuole mostrare.<\/li>\n<\/ul>\n<h2>Personalizzare ulteriormente<\/h2>\n<p>L'aspetto positivo di questi sacchetti di carta \u00e8 la possibilit\u00e0 di personalizzarli in base alle proprie esigenze aziendali. A seconda della variante di sacchetto di carta che si sceglie, sono disponibili diverse opzioni di personalizzazione:<\/p>\n<ul>\n<li>Serigrafia<\/li>\n<li>Timbro in lamina<\/li>\n<\/ul>\n<h2>Processo di ordinazione<\/h2>\n<p>Il nostro team dedicato lavorer\u00e0 a stretto contatto con voi durante l'intero processo di ordinazione. Iniziamo con il comprendere la visione e le esigenze del vostro marchio, fornendo suggerimenti di design e simulazioni. Una volta approvato il progetto, il nostro efficiente impianto di produzione realizzer\u00e0 rapidamente le borse e i nostri affidabili partner di spedizione garantiranno una consegna rapida.<\/p>\n<h2>Tempi di consegna<\/h2>\n<p>Siamo consapevoli dell'importanza di una consegna tempestiva per soddisfare le vostre esigenze aziendali. In base alla quantit\u00e0 dell'ordine e alla complessit\u00e0 della personalizzazione, vi forniremo una stima dei tempi di consegna e vi terremo aggiornati durante il processo di produzione e spedizione.<\/p>\n<p>Contattateci oggi stesso per iniziare a creare il packaging perfetto per la vostra azienda.<\/p>\n<\/div>\n<\/div>","protected":false},"excerpt":{"rendered":"<p>Questo sacchetto di carta per l'imballaggio di abbigliamento di alta gamma utilizza la tecnologia di stampa a caldo per presentare il logo o il motivo del marchio ed \u00e8 abbinato a una resistente maniglia in corda intrecciata, che incorpora dettagli di lusso leggero in un design semplice.<\/p>","protected":false},"featured_media":6832,"template":"","meta":[],"product_brand":[],"product_cat":[30,414,432,31],"product_tag":[511,512,513],"class_list":{"0":"post-6831","1":"product","2":"type-product","3":"status-publish","4":"has-post-thumbnail","6":"product_cat-by-industry","7":"product_cat-custom-apparel-boxes","8":"product_cat-pape-gift-bags","9":"product_cat-paper-box-style","10":"product_tag-apparel-paper-gift-bags","11":"product_tag-garment-paper-gift-bags","12":"product_tag-paper-gift-bags-factory","14":"first","15":"instock","16":"shipping-taxable","17":"product-type-simple"},"_links":{"self":[{"href":"https:\/\/zojopackaging.com\/it\/wp-json\/wp\/v2\/product\/6831","targetHints":{"allow":["GET"]}}],"collection":[{"href":"https:\/\/zojopackaging.com\/it\/wp-json\/wp\/v2\/product"}],"about":[{"href":"https:\/\/zojopackaging.com\/it\/wp-json\/wp\/v2\/types\/product"}],"version-history":[{"count":2,"href":"https:\/\/zojopackaging.com\/it\/wp-json\/wp\/v2\/product\/6831\/revisions"}],"predecessor-version":[{"id":8083,"href":"https:\/\/zojopackaging.com\/it\/wp-json\/wp\/v2\/product\/6831\/revisions\/8083"}],"wp:featuredmedia":[{"embeddable":true,"href":"https:\/\/zojopackaging.com\/it\/wp-json\/wp\/v2\/media\/6832"}],"wp:attachment":[{"href":"https:\/\/zojopackaging.com\/it\/wp-json\/wp\/v2\/media?parent=6831"}],"wp:term":[{"taxonomy":"product_brand","embeddable":true,"href":"https:\/\/zojopackaging.com\/it\/wp-json\/wp\/v2\/product_brand?post=6831"},{"taxonomy":"product_cat","embeddable":true,"href":"https:\/\/zojopackaging.com\/it\/wp-json\/wp\/v2\/product_cat?post=6831"},{"taxonomy":"product_tag","embeddable":true,"href":"https:\/\/zojopackaging.com\/it\/wp-json\/wp\/v2\/product_tag?post=6831"}],"curies":[{"name":"wp","href":"https:\/\/api.w.org\/{rel}","templated":true}]}}