{"id":6845,"date":"2024-07-17T14:51:40","date_gmt":"2024-07-17T06:51:40","guid":{"rendered":"https:\/\/zojopackaging.com\/?post_type=product&#038;p=6845"},"modified":"2025-03-23T23:44:03","modified_gmt":"2025-03-23T15:44:03","slug":"wholesale-customized-paper-bag","status":"publish","type":"product","link":"https:\/\/zojopackaging.com\/it\/product\/wholesale-customized-paper-bag\/","title":{"rendered":"Borse regalo cosmetici di carta di alta qualit\u00e0 promozionali all'ingrosso"},"content":{"rendered":"<h1>Borse regalo cosmetici di carta di alta qualit\u00e0 promozionali all'ingrosso<\/h1>\n<p>I nostri sacchetti regalo promozionali di carta cosmetica di alta qualit\u00e0 all'ingrosso sono la scelta ideale per le aziende che cercano soluzioni di imballaggio di alta qualit\u00e0, economiche e personalizzate all'ingrosso.<\/p>\n<p>Realizzati con carta di prima qualit\u00e0, sono abbastanza resistenti da contenere una variet\u00e0 di oggetti mantenendo la loro forma e integrit\u00e0.<\/p>\n<p>\u00c8 possibile scegliere tra un'ampia gamma di dimensioni, forme e stili per garantire un adattamento perfetto ai vostri prodotti.<\/p>\n<h2>Processo di ordinazione<\/h2>\n<p>Comprendiamo le esigenze uniche delle aziende e ci impegniamo a rendere il processo fluido ed efficiente. Comunicateci i dettagli della vostra personalizzazione, i requisiti di quantit\u00e0 e il programma di consegna preferito, e noi ci occuperemo del resto.<\/p>\n<h2>Tempi di consegna<\/h2>\n<p>Abbiamo stabilito partnership logistiche affidabili per garantire una consegna rapida e sicura dei vostri sacchetti di carta personalizzati all'ingrosso. A seconda delle dimensioni dell'ordine e della complessit\u00e0 della produzione, vi forniremo un tempo di consegna preciso e vi terremo aggiornati sull'avanzamento della spedizione.<\/p>\n<table width=\"1153\">\n<tbody>\n<tr>\n<td width=\"373\">Dimensioni<\/td>\n<td width=\"373\">Tutte le dimensioni e le forme personalizzate<\/td>\n<\/tr>\n<tr>\n<td width=\"373\">Stampa<\/td>\n<td width=\"373\">CMYK, PMS, Senza stampa<\/td>\n<\/tr>\n<tr>\n<td width=\"373\">Carta da giornale<\/td>\n<td width=\"373\">Da 10pt a 28pt (da 60lb a 400lb) Kraft ecologico, ondulato E-flute, Bux Board, cartoncino<\/td>\n<\/tr>\n<tr>\n<td width=\"373\">Quantit\u00e0<\/td>\n<td width=\"373\">500- 500,000<\/td>\n<\/tr>\n<tr>\n<td width=\"373\">Rivestimento<\/td>\n<td width=\"373\">Lucido, opaco, spot UV<\/td>\n<\/tr>\n<tr>\n<td width=\"373\">Processo predefinito<\/td>\n<td width=\"373\">Fustellatura, incollaggio, incisione, perforazione<\/td>\n<\/tr>\n<tr>\n<td width=\"373\">Opzioni<\/td>\n<td width=\"373\">Ritaglio di finestra personalizzato, smerigliatura oro\/argento, goffratura, inchiostro a rilievo, foglio in PVC.<\/td>\n<\/tr>\n<tr>\n<td width=\"373\">Prova<\/td>\n<td width=\"373\">Vista piana, Mock-up 3D, Campionatura fisica (su richiesta)<\/td>\n<\/tr>\n<tr>\n<td width=\"373\">Tempo di risposta<\/td>\n<td width=\"373\">7-14 giorni lavorativi, Rush<\/td>\n<\/tr>\n<tr>\n<td width=\"373\">MOQ<\/td>\n<td width=\"373\">500<\/td>\n<\/tr>\n<tr>\n<td width=\"373\">Tempo di campionamento<\/td>\n<td width=\"373\">3-5 giorni<\/td>\n<\/tr>\n<tr>\n<td width=\"373\">Termine di pagamento<\/td>\n<td width=\"373\">T\/T, Western Union, Paypal, 30% deposito e 70% equilibrio prima della spedizione.<\/td>\n<\/tr>\n<\/tbody>\n<\/table>\n<p>Scegliete i nostri sacchetti di carta personalizzati all'ingrosso per farvi notare sul mercato e ottimizzare le vostre esigenze di imballaggio. Contattateci oggi stesso per iniziare una collaborazione di successo.<\/p>\n<div class=\"auto-hide-last-sibling-br paragraph-u1TS5p paragraph-element br-paragraph-space\">\n<div class=\"auto-hide-last-sibling-br paragraph-u1TS5p paragraph-element br-paragraph-space\">\n<p>&nbsp;<\/p>\n<\/div>\n<\/div>","protected":false},"excerpt":{"rendered":"<p>Borse regalo di carta di lusso Shopping Bags all'ingrosso con manico di corda e oro Hot Foil stamping Logo<\/p>","protected":false},"featured_media":6858,"template":"","meta":[],"product_brand":[],"product_cat":[30,390,432,31],"product_tag":[505,506,507],"class_list":{"0":"post-6845","1":"product","2":"type-product","3":"status-publish","4":"has-post-thumbnail","6":"product_cat-by-industry","7":"product_cat-custom-cosmetics-boxes","8":"product_cat-pape-gift-bags","9":"product_cat-paper-box-style","10":"product_tag-cosmetics-gift-bags-wholesale","11":"product_tag-high-quality-gift-bags","12":"product_tag-promotional-gift-bags","14":"first","15":"instock","16":"shipping-taxable","17":"product-type-simple"},"_links":{"self":[{"href":"https:\/\/zojopackaging.com\/it\/wp-json\/wp\/v2\/product\/6845","targetHints":{"allow":["GET"]}}],"collection":[{"href":"https:\/\/zojopackaging.com\/it\/wp-json\/wp\/v2\/product"}],"about":[{"href":"https:\/\/zojopackaging.com\/it\/wp-json\/wp\/v2\/types\/product"}],"version-history":[{"count":2,"href":"https:\/\/zojopackaging.com\/it\/wp-json\/wp\/v2\/product\/6845\/revisions"}],"predecessor-version":[{"id":8080,"href":"https:\/\/zojopackaging.com\/it\/wp-json\/wp\/v2\/product\/6845\/revisions\/8080"}],"wp:featuredmedia":[{"embeddable":true,"href":"https:\/\/zojopackaging.com\/it\/wp-json\/wp\/v2\/media\/6858"}],"wp:attachment":[{"href":"https:\/\/zojopackaging.com\/it\/wp-json\/wp\/v2\/media?parent=6845"}],"wp:term":[{"taxonomy":"product_brand","embeddable":true,"href":"https:\/\/zojopackaging.com\/it\/wp-json\/wp\/v2\/product_brand?post=6845"},{"taxonomy":"product_cat","embeddable":true,"href":"https:\/\/zojopackaging.com\/it\/wp-json\/wp\/v2\/product_cat?post=6845"},{"taxonomy":"product_tag","embeddable":true,"href":"https:\/\/zojopackaging.com\/it\/wp-json\/wp\/v2\/product_tag?post=6845"}],"curies":[{"name":"wp","href":"https:\/\/api.w.org\/{rel}","templated":true}]}}