{"id":7864,"date":"2025-03-22T15:36:49","date_gmt":"2025-03-22T07:36:49","guid":{"rendered":"https:\/\/zojopackaging.com\/?post_type=product&#038;p=7864"},"modified":"2025-03-22T21:55:19","modified_gmt":"2025-03-22T13:55:19","slug":"premium-quality-custom-perfume-gift-box-from-china-factory","status":"publish","type":"product","link":"https:\/\/zojopackaging.com\/it\/product\/premium-quality-custom-perfume-gift-box-from-china-factory\/","title":{"rendered":"Qualit\u00e0 Premium Scatola regalo profumo personalizzato da Porcellana Fabbrica"},"content":{"rendered":"<p>Nel mondo della profumeria di lusso, la presentazione \u00e8 tutto. La prima impressione del profumo \u00e8 spesso data dalla sua confezione, che fa da sfondo all'esperienza sensoriale che verr\u00e0. Ecco perch\u00e9 ci siamo dedicati alla creazione di scatole per profumi personalizzate che sono squisite e memorabili come le fragranze che contengono. Direttamente dalla nostra fabbrica all'avanguardia in Cina, offriamo una soluzione di packaging progettata per elevare il vostro marchio e affascinare i vostri clienti.<\/p>\n<p>Immaginate una scatola realizzata in cartoncino pregiato e strutturato, la cui superficie \u00e8 una delizia per il tatto. Immaginate il vostro logo elegantemente impresso e i colori perfettamente abbinati all'identit\u00e0 del vostro marchio. All'interno, un inserto in schiuma EVA dalla forma precisa culla il vostro prezioso flacone di profumo, assicurando che arrivi in modo sicuro e sia presentato in modo splendido. Questa non \u00e8 una semplice scatola: \u00e8 un'estensione del vostro marchio, una rappresentazione tangibile del vostro impegno per la qualit\u00e0 e il lusso.<\/p>\n<p>Sappiamo che ogni fragranza \u00e8 unica e che anche la vostra confezione dovrebbe esserlo. Ecco perch\u00e9 offriamo una personalizzazione completa, consentendovi di controllare ogni dettaglio, dalle dimensioni e dai materiali alla stampa e alle rifiniture. Il nostro team di esperti lavorer\u00e0 a stretto contatto con voi, fornendovi una guida esperta e un supporto durante l'intero processo. Ci impegniamo a fornire non solo imballaggi eccezionali, ma anche una qualit\u00e0 affidabile e un servizio clienti senza pari. Dall'idea iniziale alla consegna finale, ci impegniamo a superare le vostre aspettative e a costruire una partnership duratura. Lasciate che vi aiutiamo a creare un'esperienza di packaging che rifletta veramente l'arte e l'eleganza dei vostri profumi.<\/p>","protected":false},"excerpt":{"rendered":"<p class=\"ng-star-inserted\"><span class=\"ng-star-inserted\">Elegante scatola per profumi! Chiusura magnetica, personalizzazione completa. Realizzato in cartoncino testurizzato, per una maggiore durata. L'inserto protettivo in schiuma EVA trattiene saldamente il profumo.<\/span><\/p>","protected":false},"featured_media":7853,"template":"","meta":[],"product_brand":[],"product_cat":[31,30,417,424],"product_tag":[329,436,342],"class_list":{"0":"post-7864","1":"product","2":"type-product","3":"status-publish","4":"has-post-thumbnail","6":"product_cat-paper-box-style","7":"product_cat-by-industry","8":"product_cat-custom-perfume-boxes-by-industry","9":"product_cat-magnetic-closure-boxes","10":"product_tag-custom-perfume-box","11":"product_tag-gift-box-factory","12":"product_tag-perfume-gift-box","14":"first","15":"instock","16":"shipping-taxable","17":"product-type-simple"},"_links":{"self":[{"href":"https:\/\/zojopackaging.com\/it\/wp-json\/wp\/v2\/product\/7864","targetHints":{"allow":["GET"]}}],"collection":[{"href":"https:\/\/zojopackaging.com\/it\/wp-json\/wp\/v2\/product"}],"about":[{"href":"https:\/\/zojopackaging.com\/it\/wp-json\/wp\/v2\/types\/product"}],"version-history":[{"count":2,"href":"https:\/\/zojopackaging.com\/it\/wp-json\/wp\/v2\/product\/7864\/revisions"}],"predecessor-version":[{"id":7979,"href":"https:\/\/zojopackaging.com\/it\/wp-json\/wp\/v2\/product\/7864\/revisions\/7979"}],"wp:featuredmedia":[{"embeddable":true,"href":"https:\/\/zojopackaging.com\/it\/wp-json\/wp\/v2\/media\/7853"}],"wp:attachment":[{"href":"https:\/\/zojopackaging.com\/it\/wp-json\/wp\/v2\/media?parent=7864"}],"wp:term":[{"taxonomy":"product_brand","embeddable":true,"href":"https:\/\/zojopackaging.com\/it\/wp-json\/wp\/v2\/product_brand?post=7864"},{"taxonomy":"product_cat","embeddable":true,"href":"https:\/\/zojopackaging.com\/it\/wp-json\/wp\/v2\/product_cat?post=7864"},{"taxonomy":"product_tag","embeddable":true,"href":"https:\/\/zojopackaging.com\/it\/wp-json\/wp\/v2\/product_tag?post=7864"}],"curies":[{"name":"wp","href":"https:\/\/api.w.org\/{rel}","templated":true}]}}