{"id":7887,"date":"2025-03-22T16:36:30","date_gmt":"2025-03-22T08:36:30","guid":{"rendered":"https:\/\/zojopackaging.com\/?post_type=product&#038;p=7887"},"modified":"2025-03-22T21:50:19","modified_gmt":"2025-03-22T13:50:19","slug":"luxury-10ml-perfume-set-gift-box-form-china-manufacaturer","status":"publish","type":"product","link":"https:\/\/zojopackaging.com\/it\/product\/luxury-10ml-perfume-set-gift-box-form-china-manufacaturer\/","title":{"rendered":"Lusso 10ml profumo Set confezione regalo forma Cina Manufacaturer"},"content":{"rendered":"<p>Personalizzazione illimitata, che mette in risalto la personalit\u00e0: Sappiamo bene che ogni marchio ha una personalit\u00e0 e una storia uniche. Per questo motivo, forniamo servizi di personalizzazione illimitati: dalle dimensioni, alla forma, al colore, al modello, all'artigianato, tutto pu\u00f2 essere personalizzato in base alle vostre esigenze, per garantire che l'imballaggio e l'immagine del vostro marchio si sposino perfettamente.<br \/>\nMateriale carta patinata C2S, colori brillanti: Utilizziamo carta patinata C2S di alta qualit\u00e0 con una superficie liscia e lucida e un eccellente effetto di stampa, in grado di presentare perfettamente il vostro concetto di design. Grazie alla tecnologia di stampa CMYK, la riproduzione dei colori \u00e8 elevata e l'immagine \u00e8 chiara e delicata, rendendo il vostro packaging di maggiore impatto visivo.<br \/>\nFodera in EVA, cura perfetta: Utilizziamo una fodera in EVA di alta qualit\u00e0, morbida ed elastica, in grado di proteggere efficacemente i campioni di profumo e di evitare collisioni e attriti durante il trasporto. La forma della fodera pu\u00f2 essere personalizzata in base alle dimensioni del prodotto, per garantire una vestibilit\u00e0 perfetta e un posizionamento stabile.<br \/>\nFabbrica cinese, garanzia di qualit\u00e0: Disponiamo di una fabbrica cinese di grande esperienza, dotata di attrezzature e tecnologie di produzione avanzate, e controlliamo rigorosamente ogni fase della produzione per garantire una qualit\u00e0 del prodotto stabile e affidabile. Dall'approvvigionamento delle materie prime all'ispezione del prodotto finito, puntiamo all'eccellenza e vi forniamo prodotti affidabili e di alta qualit\u00e0.<br \/>\nConsegna puntuale, cooperazione efficiente: Siamo consapevoli dell'importanza del tempo per il mercato. Pertanto, promettiamo di consegnare in tempo per garantire che i vostri prodotti possano essere lanciati come previsto e cogliere le opportunit\u00e0 del mercato. Il nostro efficiente processo di produzione e il nostro team logistico professionale vi offrono servizi di consegna sicuri e convenienti.<br \/>\nEffetto mockup 3D, ci\u00f2 che si vede \u00e8 ci\u00f2 che si ottiene: Forniamo un servizio di mockup 3D, in modo che possiate vedere chiaramente in anteprima l'effetto finale della scatola da imballaggio prima della produzione. \u00c8 possibile osservare con attenzione da tutte le angolazioni e regolare in base alle necessit\u00e0 per garantire che la scatola da imballaggio soddisfi perfettamente le vostre aspettative.<br \/>\nCertificazione FSC, una scelta ecologica: la carta che utilizziamo \u00e8 certificata FSC, il che significa che i nostri prodotti provengono da foreste gestite in modo sostenibile e rispettano gli standard ambientali. Scegliendo i nostri prodotti non solo migliorerete l'immagine del vostro marchio, ma contribuirete anche a proteggere la Terra.<\/p>\n<p>Dettagli del prodotto:<\/p>\n<p>Materiale: carta patinata C2S di alta qualit\u00e0<br \/>\nStampa: Stampa CMYK<br \/>\nFodera: Fodera in EVA personalizzata<br \/>\nProcesso: Stampa a caldo, spot UV, laminazione e altri processi di trattamento superficiale opzionali.<br \/>\nCertificazione: Certificato FSC<\/p>\n<p>Caratteristiche:<br \/>\nChiusura magnetica di apertura e chiusura, comoda e bella<br \/>\nStruttura stabile, forte protezione<br \/>\nDimensioni, forma, colore e modello personalizzabili<br \/>\nSupporto dell'effetto mockup 3D<\/p>\n<p>Scenari applicabili:<\/p>\n<p>Lancio di un nuovo prodotto di un marchio di profumi<br \/>\nSet regalo di profumi<br \/>\nPromozione del campione di profumo<br \/>\nConfezioni per la vendita al dettaglio di profumi di alta gamma<\/p>\n<p>Motivi per scegliere noi:<\/p>\n<p>Servizio di personalizzazione professionale: Disponiamo di un team di progettazione e di produzione professionale, in grado di fornire una gamma completa di servizi personalizzati, dalla progettazione alla produzione, senza preoccupazioni per tutto il processo.<br \/>\nGaranzia di qualit\u00e0 eccellente: Controlliamo rigorosamente tutti i collegamenti di produzione per garantire la qualit\u00e0 stabile e affidabile del prodotto, in modo da poterlo utilizzare con fiducia.<br \/>\nRispettosi dell'ambiente e sostenibili: Utilizziamo carta certificata FSC, sosteniamo la gestione sostenibile delle foreste e contribuiamo a proteggere la Terra.<br \/>\nConsegna efficiente e puntuale: Disponiamo di un processo produttivo efficiente e di un team logistico professionale per garantire la consegna puntuale del vostro ordine.<br \/>\nPrezzo competitivo: Disponiamo di un sistema completo di supply chain e di un sistema di controllo dei costi, in grado di fornirvi prezzi competitivi e di garantirvi prestazioni di costo pi\u00f9 elevate.<\/p>","protected":false},"excerpt":{"rendered":"<p>Scatola magnetica per campioni di profumo, stampa CMYK su carta patinata, personalizzazione illimitata, con fodera in EVA. Squisita e sicura, crea il tuo stile di fragranza personale<\/p>","protected":false},"featured_media":7888,"template":"","meta":[],"product_brand":[],"product_cat":[31,30,417,424],"product_tag":[438,333,439],"class_list":{"0":"post-7887","1":"product","2":"type-product","3":"status-publish","4":"has-post-thumbnail","6":"product_cat-paper-box-style","7":"product_cat-by-industry","8":"product_cat-custom-perfume-boxes-by-industry","9":"product_cat-magnetic-closure-boxes","10":"product_tag-10ml-perfume-set-gift-box","11":"product_tag-luxury-perfume-box","12":"product_tag-perfume-box-manufacaturer","14":"first","15":"instock","16":"shipping-taxable","17":"product-type-simple"},"_links":{"self":[{"href":"https:\/\/zojopackaging.com\/it\/wp-json\/wp\/v2\/product\/7887","targetHints":{"allow":["GET"]}}],"collection":[{"href":"https:\/\/zojopackaging.com\/it\/wp-json\/wp\/v2\/product"}],"about":[{"href":"https:\/\/zojopackaging.com\/it\/wp-json\/wp\/v2\/types\/product"}],"version-history":[{"count":2,"href":"https:\/\/zojopackaging.com\/it\/wp-json\/wp\/v2\/product\/7887\/revisions"}],"predecessor-version":[{"id":7977,"href":"https:\/\/zojopackaging.com\/it\/wp-json\/wp\/v2\/product\/7887\/revisions\/7977"}],"wp:featuredmedia":[{"embeddable":true,"href":"https:\/\/zojopackaging.com\/it\/wp-json\/wp\/v2\/media\/7888"}],"wp:attachment":[{"href":"https:\/\/zojopackaging.com\/it\/wp-json\/wp\/v2\/media?parent=7887"}],"wp:term":[{"taxonomy":"product_brand","embeddable":true,"href":"https:\/\/zojopackaging.com\/it\/wp-json\/wp\/v2\/product_brand?post=7887"},{"taxonomy":"product_cat","embeddable":true,"href":"https:\/\/zojopackaging.com\/it\/wp-json\/wp\/v2\/product_cat?post=7887"},{"taxonomy":"product_tag","embeddable":true,"href":"https:\/\/zojopackaging.com\/it\/wp-json\/wp\/v2\/product_tag?post=7887"}],"curies":[{"name":"wp","href":"https:\/\/api.w.org\/{rel}","templated":true}]}}