{"id":7895,"date":"2025-03-22T16:55:29","date_gmt":"2025-03-22T08:55:29","guid":{"rendered":"https:\/\/zojopackaging.com\/?post_type=product&#038;p=7895"},"modified":"2025-03-22T21:46:34","modified_gmt":"2025-03-22T13:46:34","slug":"custom-cosmetic-collapsible-rigid-gift-boxes-from-wholesale","status":"publish","type":"product","link":"https:\/\/zojopackaging.com\/it\/product\/custom-cosmetic-collapsible-rigid-gift-boxes-from-wholesale\/","title":{"rendered":"Scatole regalo rigide pieghevoli cosmetiche personalizzate all'ingrosso"},"content":{"rendered":"<p>Possibilit\u00e0 illimitate, personalizzate a piacere: Forniamo servizi di personalizzazione illimitati: dimensioni, forma, colore, modello, tutto pu\u00f2 essere personalizzato in base alle vostre esigenze. Che sia semplice e alla moda o lussuoso ed elegante, possiamo creare per voi una confezione unica che si adatti perfettamente all'immagine del vostro marchio.<br \/>\nMateriale carta patinata C2S, colori brillanti: Utilizziamo carta patinata C2S di alta qualit\u00e0, con una superficie liscia e delicata e un eccellente effetto di stampa. Grazie alla tecnologia di stampa CMYK, la riproduzione dei colori \u00e8 elevata e l'immagine \u00e8 chiara e vivida, rendendo il vostro packaging di maggiore impatto visivo e attirando efficacemente l'attenzione dei consumatori.<\/p>\n<p>Scatole regalo pieghevoli, per risparmiare spazio: Le scatole regalo pieghevoli sono progettate in modo intelligente, con un ampio spazio dopo il dispiegamento per ospitare vari cosmetici. Dopo essere stata ripiegata, \u00e8 di dimensioni ridotte, facile da trasportare e da riporre, e consente di risparmiare efficacemente sui costi.<br \/>\nCampioni gratuiti, esperienza sicura: Per consentirvi di comprendere in modo pi\u00f9 intuitivo la qualit\u00e0 e il servizio dei nostri prodotti, forniamo servizi di campionatura gratuita. Potrete sperimentare di persona i nostri materiali, l'artigianato e il design per assicurarvi che la scatola da imballaggio soddisfi perfettamente le vostre aspettative.<br \/>\nFornitori cinesi, vantaggi di costo: Siamo un fornitore cinese professionale con un sistema di produzione completo e un sistema di catena di fornitura, in grado di fornirvi prezzi competitivi, consentendovi di risparmiare sui costi e di godere di prodotti di alta qualit\u00e0.<br \/>\nControllo di qualit\u00e0 rigoroso, garanzia di qualit\u00e0: Abbiamo istituito un sistema completo di controllo della qualit\u00e0. Dall'approvvigionamento delle materie prime all'ispezione del prodotto finito, ogni passaggio \u00e8 rigorosamente controllato per garantire una qualit\u00e0 stabile e affidabile del prodotto, in modo che possiate utilizzarlo con fiducia.<br \/>\nConsegna puntuale, collaborazione efficiente: Siamo consapevoli dell'importanza del tempo. Pertanto, promettiamo di consegnare in tempo per garantire che il vostro ordine possa essere completato in tempo e non ritardi il vostro piano di vendita.<br \/>\nEffetto mockup 3D, anteprima del futuro: Forniamo un servizio di mockup 3D, in modo che possiate vedere chiaramente l'effetto finale della scatola da imballaggio prima della produzione. \u00c8 possibile osservare attentamente da tutte le angolazioni e apportare le modifiche necessarie per garantire che la scatola da imballaggio soddisfi perfettamente le vostre aspettative.<br \/>\nCertificazione FSC, scelta ecologica: la carta che utilizziamo \u00e8 certificata FSC, il che significa che i nostri prodotti provengono da foreste gestite in modo sostenibile e rispettano gli standard ambientali. Scegliendo i nostri prodotti non solo potrete migliorare l'immagine del vostro marchio, ma anche contribuire alla salvaguardia della Terra.<\/p>\n<p>Dettagli del prodotto:<\/p>\n<p>Materiale: Carta patinata C2S di alta qualit\u00e0<br \/>\nStampa: Stampa CMYK<br \/>\nStruttura: Scatole regalo pieghevoli<br \/>\nProcesso: Stampa a caldo, UV spot, laminazione e altri processi di finitura opzionali.<br \/>\nCertificazione: Certificazione FSC<\/p>\n<p>Caratteristiche:<br \/>\nPieghevole, salvaspazio<br \/>\nStruttura stabile, forte capacit\u00e0 di carico<br \/>\nDimensioni, forma, colore e modello personalizzabili<br \/>\nSupporto dell'effetto mockup 3D<\/p>\n<p>Scenari applicabili:<\/p>\n<p>Confezione regalo cosmetica<br \/>\nImballaggio del set cosmetico<br \/>\nImballaggi promozionali per cosmetici<br \/>\nImballaggi per la vendita al dettaglio di cosmetici<\/p>\n<p>Motivi per scegliere noi:<\/p>\n<p>Servizio di personalizzazione professionale: Disponiamo di un team di progettazione e di produzione professionale, in grado di fornire una gamma completa di servizi personalizzati, dalla progettazione alla produzione, senza preoccupazioni per tutto il processo.<br \/>\nGaranzia di qualit\u00e0 eccellente: Controlliamo rigorosamente tutti i collegamenti di produzione per garantire la qualit\u00e0 stabile e affidabile del prodotto, in modo che possiate utilizzarlo con fiducia.<br \/>\nRispettosi dell'ambiente e sostenibili: Utilizziamo carta certificata FSC, sosteniamo la gestione sostenibile delle foreste e contribuiamo a proteggere la Terra.<br \/>\nConsegna efficiente e puntuale: Disponiamo di un processo produttivo efficiente e di un team logistico professionale per garantire la consegna puntuale del vostro ordine.<br \/>\nPrezzi competitivi: Disponiamo di un sistema completo di catena di fornitura e di controllo dei costi, in grado di fornirvi prezzi competitivi e di garantirvi prestazioni di costo pi\u00f9 elevate.<\/p>","protected":false},"excerpt":{"rendered":"<p>Scatole pieghevoli cosmetiche personalizzate, stampa CMYK su carta patinata, colori brillanti, dimensioni e design personalizzati illimitati, create la vostra immagine di marca!<\/p>","protected":false},"featured_media":7896,"template":"","meta":[],"product_brand":[],"product_cat":[31,30,427,390],"product_tag":[440,441,278],"class_list":{"0":"post-7895","1":"product","2":"type-product","3":"status-publish","4":"has-post-thumbnail","6":"product_cat-paper-box-style","7":"product_cat-by-industry","8":"product_cat-collapsible-gift-boxes","9":"product_cat-custom-cosmetics-boxes","10":"product_tag-cosmetic-collapsible-rigid-gift-boxes","11":"product_tag-cosmetic-gift-boxes-wholesale","12":"product_tag-custom-cosmetic-boxes","14":"first","15":"instock","16":"shipping-taxable","17":"product-type-simple"},"_links":{"self":[{"href":"https:\/\/zojopackaging.com\/it\/wp-json\/wp\/v2\/product\/7895","targetHints":{"allow":["GET"]}}],"collection":[{"href":"https:\/\/zojopackaging.com\/it\/wp-json\/wp\/v2\/product"}],"about":[{"href":"https:\/\/zojopackaging.com\/it\/wp-json\/wp\/v2\/types\/product"}],"version-history":[{"count":2,"href":"https:\/\/zojopackaging.com\/it\/wp-json\/wp\/v2\/product\/7895\/revisions"}],"predecessor-version":[{"id":7976,"href":"https:\/\/zojopackaging.com\/it\/wp-json\/wp\/v2\/product\/7895\/revisions\/7976"}],"wp:featuredmedia":[{"embeddable":true,"href":"https:\/\/zojopackaging.com\/it\/wp-json\/wp\/v2\/media\/7896"}],"wp:attachment":[{"href":"https:\/\/zojopackaging.com\/it\/wp-json\/wp\/v2\/media?parent=7895"}],"wp:term":[{"taxonomy":"product_brand","embeddable":true,"href":"https:\/\/zojopackaging.com\/it\/wp-json\/wp\/v2\/product_brand?post=7895"},{"taxonomy":"product_cat","embeddable":true,"href":"https:\/\/zojopackaging.com\/it\/wp-json\/wp\/v2\/product_cat?post=7895"},{"taxonomy":"product_tag","embeddable":true,"href":"https:\/\/zojopackaging.com\/it\/wp-json\/wp\/v2\/product_tag?post=7895"}],"curies":[{"name":"wp","href":"https:\/\/api.w.org\/{rel}","templated":true}]}}