{"id":7903,"date":"2025-03-22T17:07:06","date_gmt":"2025-03-22T09:07:06","guid":{"rendered":"https:\/\/zojopackaging.com\/?post_type=product&#038;p=7903"},"modified":"2025-03-22T21:41:45","modified_gmt":"2025-03-22T13:41:45","slug":"custom-essential-oil-packaging-boxes-wholesale-in-china","status":"publish","type":"product","link":"https:\/\/zojopackaging.com\/it\/product\/custom-essential-oil-packaging-boxes-wholesale-in-china\/","title":{"rendered":"Scatole di imballaggio per oli essenziali personalizzati all'ingrosso in Cina"},"content":{"rendered":"<p>Personalizzate la vostra scatola come desiderate: Offriamo un'ampia gamma di opzioni di scatole personalizzate, tra cui scatole con coperchio e base, scatole a conchiglia, scatole di carta per cassetti, scatole con chiusura magnetica e cos\u00ec via, per soddisfare le vostre esigenze di stili e funzioni diversi. Se avete un'idea di design unica, possiamo anche personalizzarla per voi e creare un tipo di scatola unico.<br \/>\nProgettate specificamente per i cosmetici: Le nostre scatole da imballaggio sono progettate specificamente per i cosmetici, tenendo in piena considerazione le caratteristiche del prodotto e le abitudini di utilizzo dei consumatori. Che si tratti di rossetti, fondotinta, ombretti o prodotti per la cura della pelle, possiamo fornirvi soluzioni di imballaggio perfette per proteggere il prodotto e valorizzarlo.<br \/>\nPossibilit\u00e0 illimitate, personalizzazione illimitata: Forniamo servizi di personalizzazione davvero illimitati: dimensioni, colore, modello, materiale, tutto pu\u00f2 essere personalizzato in base alle vostre esigenze. Potete dare libero sfogo alla vostra creativit\u00e0 e creare un packaging di marca unico.<br \/>\nMateriale in cartone, colori brillanti: Utilizziamo cartoncini di alta qualit\u00e0 con una superficie liscia e delicata e un eccellente effetto di stampa. Grazie alla tecnologia di stampa CMYK, la riproduzione dei colori \u00e8 elevata e l'immagine \u00e8 chiara e vivida, rendendo il vostro imballaggio di maggiore impatto visivo e attirando efficacemente l'attenzione dei consumatori.<br \/>\nTecnologia di stampa a caldo in oro, abbellimento di lusso: Utilizziamo una squisita tecnologia di stampa a caldo dell'oro per imprimere la lamina metallica sulla superficie dell'imballaggio, mostrando una lucentezza e una consistenza abbaglianti. La lamina d'oro a caldo pu\u00f2 essere applicata a loghi, testi, motivi, ecc., migliorando immediatamente il livello e il lusso dell'imballaggio e rendendo il vostro prodotto pi\u00f9 attraente.<br \/>\nCampioni gratuiti, esperienza personale: Per consentirvi di comprendere in modo pi\u00f9 intuitivo la qualit\u00e0 e l'artigianalit\u00e0 dei nostri prodotti, forniamo servizi di campionatura gratuita. Potrete sperimentare di persona i nostri materiali, le finiture e il design per assicurarvi che la scatola da imballaggio soddisfi perfettamente le vostre aspettative.<br \/>\nFabbrica di origine cinese, vantaggio di prezzo: Siamo la fabbrica di origine in Cina, con un sistema di produzione completo e un sistema di catena di fornitura, in grado di fornire prezzi molto competitivi, consentendovi di risparmiare sui costi e di godere di prodotti di alta qualit\u00e0.<br \/>\nControllo di qualit\u00e0 rigoroso, eccellenza: Abbiamo istituito un rigoroso sistema di controllo della qualit\u00e0. Dall'approvvigionamento delle materie prime all'ispezione del prodotto finito, ogni passaggio \u00e8 rigorosamente controllato per garantire che la qualit\u00e0 del prodotto sia stabile e affidabile, in modo che possiate utilizzarlo con fiducia.<br \/>\nConsegna puntuale, efficiente e veloce: Siamo consapevoli dell'importanza del tempo. Pertanto, promettiamo di consegnare in tempo per garantire che il vostro ordine possa essere completato in tempo e non ritardi il vostro piano di vendita.<br \/>\nEffetto mockup 3D, anteprima del futuro: Forniamo un servizio di mockup 3D, in modo che possiate vedere chiaramente l'effetto finale della scatola da imballaggio prima della produzione. \u00c8 possibile osservare attentamente da tutte le angolazioni e apportare le modifiche necessarie per garantire che la scatola da imballaggio soddisfi perfettamente le vostre aspettative.<br \/>\nCertificazione FSC e ISO, impegno per la tutela ambientale e la qualit\u00e0: I nostri prodotti hanno superato la certificazione FSC e la certificazione ISO, che rappresentano il nostro impegno per la tutela dell'ambiente e la responsabilit\u00e0 sociale, nonch\u00e9 i requisiti rigorosi per la qualit\u00e0 del prodotto e il sistema di gestione.<br \/>\nProduzione completamente automatizzata, efficiente e stabile: Utilizziamo attrezzature di produzione completamente automatizzate per ottenere un processo di produzione efficiente e stabile, migliorare notevolmente l'efficienza produttiva e la qualit\u00e0 del prodotto e garantire che il vostro ordine possa essere completato rapidamente e con alta qualit\u00e0.<\/p>\n<p>Specifiche del prodotto:<\/p>\n<p>Materiale: cartone di alta qualit\u00e0<br \/>\nStampa: Stampa CMYK<br \/>\nProcesso: lamina d'oro a caldo opzionale, spot UV, laminazione, goffratura e altri processi di finitura.<br \/>\nCertificazione: Certificazione FSC, certificazione ISO<br \/>\nCaratteristiche:<br \/>\nSono disponibili vari tipi di scatole personalizzate<br \/>\nProgettato specificamente per i cosmetici<br \/>\nTecnologia di stampa a caldo in oro per migliorare la texture<br \/>\nProduzione completamente automatizzata, efficiente e stabile<br \/>\nSupporto dell'effetto mockup 3D<\/p>\n<p>Scenari applicabili:<\/p>\n<p>Confezione regalo per cosmetici di alta gamma<br \/>\nImballaggio del set cosmetico<br \/>\nLancio di nuovi prodotti cosmetici<br \/>\nImballaggi per la vendita al dettaglio di cosmetici<\/p>\n<p>Motivi per scegliere noi:<\/p>\n<p>Servizio di personalizzazione professionale: Disponiamo di un team di progettazione e di produzione professionale, in grado di fornire una gamma completa di servizi personalizzati, dalla progettazione alla produzione, senza preoccupazioni per tutto il processo.<br \/>\nGaranzia di qualit\u00e0 eccellente: Controlliamo rigorosamente tutti i collegamenti di produzione per garantire che la qualit\u00e0 del prodotto sia stabile e affidabile, in modo che possiate utilizzarlo con fiducia.<br \/>\nVantaggio evidente in termini di prezzo: Siamo la fabbrica di origine e possiamo fornirvi il prezzo pi\u00f9 competitivo, consentendovi di ottenere una performance di costo superiore.<br \/>\nConsegna efficiente e puntuale: Disponiamo di un processo produttivo efficiente e di un team logistico professionale per garantire la consegna puntuale del vostro ordine.<br \/>\nRispettoso dell'ambiente e sostenibile: Utilizziamo carta certificata FSC per sostenere la gestione sostenibile delle foreste e contribuire alla salvaguardia del pianeta.<\/p>\n<p>Contattateci subito per richiedere un campione gratuito e personalizzare il vostro esclusivo packaging cosmetico!<\/p>","protected":false},"excerpt":{"rendered":"<p>Personalizzazione delle scatole per cosmetici, design a piacere! Tecnologia di stampa a caldo su carta patinata, per mostrare il lusso. Sono disponibili diversi tipi di scatole per creare confezioni esclusive per il marchio.<\/p>","protected":false},"featured_media":7905,"template":"","meta":[],"product_brand":[],"product_cat":[31,30,390,424],"product_tag":[442,444,443],"class_list":{"0":"post-7903","1":"product","2":"type-product","3":"status-publish","4":"has-post-thumbnail","6":"product_cat-paper-box-style","7":"product_cat-by-industry","8":"product_cat-custom-cosmetics-boxes","9":"product_cat-magnetic-closure-boxes","10":"product_tag-custom-essential-oil-boxes","11":"product_tag-custom-essential-oil-boxes-wholesale","12":"product_tag-essential-oil-packaging-boxes","14":"first","15":"instock","16":"shipping-taxable","17":"product-type-simple"},"_links":{"self":[{"href":"https:\/\/zojopackaging.com\/it\/wp-json\/wp\/v2\/product\/7903","targetHints":{"allow":["GET"]}}],"collection":[{"href":"https:\/\/zojopackaging.com\/it\/wp-json\/wp\/v2\/product"}],"about":[{"href":"https:\/\/zojopackaging.com\/it\/wp-json\/wp\/v2\/types\/product"}],"version-history":[{"count":2,"href":"https:\/\/zojopackaging.com\/it\/wp-json\/wp\/v2\/product\/7903\/revisions"}],"predecessor-version":[{"id":7975,"href":"https:\/\/zojopackaging.com\/it\/wp-json\/wp\/v2\/product\/7903\/revisions\/7975"}],"wp:featuredmedia":[{"embeddable":true,"href":"https:\/\/zojopackaging.com\/it\/wp-json\/wp\/v2\/media\/7905"}],"wp:attachment":[{"href":"https:\/\/zojopackaging.com\/it\/wp-json\/wp\/v2\/media?parent=7903"}],"wp:term":[{"taxonomy":"product_brand","embeddable":true,"href":"https:\/\/zojopackaging.com\/it\/wp-json\/wp\/v2\/product_brand?post=7903"},{"taxonomy":"product_cat","embeddable":true,"href":"https:\/\/zojopackaging.com\/it\/wp-json\/wp\/v2\/product_cat?post=7903"},{"taxonomy":"product_tag","embeddable":true,"href":"https:\/\/zojopackaging.com\/it\/wp-json\/wp\/v2\/product_tag?post=7903"}],"curies":[{"name":"wp","href":"https:\/\/api.w.org\/{rel}","templated":true}]}}