{"id":7921,"date":"2025-03-22T17:35:04","date_gmt":"2025-03-22T09:35:04","guid":{"rendered":"https:\/\/zojopackaging.com\/?post_type=product&#038;p=7921"},"modified":"2025-03-22T21:35:43","modified_gmt":"2025-03-22T13:35:43","slug":"gourmet-premium-chocolate-gift-boxes-from-china-manufactur","status":"publish","type":"product","link":"https:\/\/zojopackaging.com\/it\/product\/gourmet-premium-chocolate-gift-boxes-from-china-manufactur\/","title":{"rendered":"Scatole regalo di cioccolato premium Gourmet da Porcellana Manufactur"},"content":{"rendered":"<p>Scatole classiche a chiusura magnetica, comode ed eleganti: La scatola con chiusura magnetica ha un design classico e d'atmosfera, ed \u00e8 facile da aprire e chiudere, aggiungendo un elegante senso di rituale ai vostri prodotti di cioccolato.<br \/>\nUna protezione dolce, esclusiva per il cioccolato: Le nostre scatole da imballaggio sono progettate specificamente per il cioccolato, tenendo pienamente conto della sensibilit\u00e0 del cioccolato alla temperatura, all'umidit\u00e0 e alla luce. La scelta dei materiali e il design strutturale sono studiati per fornire la migliore protezione al vostro cioccolato e garantirne il gusto delizioso.<br \/>\nMuovetevi come volete, personalizzazione illimitata: Forniamo servizi di personalizzazione davvero illimitati e tutto, dalle dimensioni alla forma, dal colore al motivo, pu\u00f2 essere personalizzato in base alle vostre esigenze. Potete dare libero sfogo alla vostra creativit\u00e0 e creare un packaging unico ed esclusivo per il vostro marchio.<br \/>\nSplendida presentazione, materiale di cartone: Utilizziamo cartoncini di alta qualit\u00e0 con una superficie liscia e delicata e un eccellente effetto di stampa. Grazie alla tecnologia di stampa CMYK, la riproduzione dei colori \u00e8 elevata e l'immagine \u00e8 chiara e vivida, rendendo il vostro packaging di maggiore impatto visivo e attirando efficacemente l'attenzione dei consumatori.<br \/>\nFodera in plastica sicura e igienica: Utilizziamo un rivestimento in plastica alimentare, sicuro e igienico, non tossico e inodore, in grado di entrare direttamente in contatto con il cioccolato, evitare la contaminazione e garantire la sicurezza alimentare. La forma del rivestimento pu\u00f2 essere personalizzata in base alla forma del cioccolato per garantire che il cioccolato sia posizionato saldamente e non venga facilmente danneggiato.<br \/>\nCampioni gratuiti, esperienza personale: Per consentirvi di comprendere in modo pi\u00f9 intuitivo la qualit\u00e0 e l'artigianalit\u00e0 dei nostri prodotti, forniamo servizi di campionatura gratuita. Potrete sperimentare di persona i nostri materiali, l'artigianato e il design per assicurarvi che la scatola da imballaggio soddisfi perfettamente le vostre aspettative.<br \/>\nFabbrica di origine in Cina, prezzo pi\u00f9 basso: Siamo la fabbrica di origine in Cina, con un sistema di produzione completo e un sistema di catena di fornitura, che pu\u00f2 fornirvi il prezzo pi\u00f9 basso, consentendovi di risparmiare sui costi godendo di prodotti di alta qualit\u00e0.<br \/>\nControllo di qualit\u00e0 rigoroso, eccellenza: Abbiamo istituito un rigoroso sistema di controllo della qualit\u00e0. Dall'approvvigionamento delle materie prime all'ispezione del prodotto finito, ogni passaggio \u00e8 rigorosamente controllato per garantire che la qualit\u00e0 del prodotto sia stabile e affidabile, in modo che possiate utilizzarlo con fiducia.<br \/>\nEffetto mockup 3D, anteprima del futuro: Forniamo un servizio di mockup 3D, in modo che possiate vedere chiaramente l'effetto finale della scatola da imballaggio prima della produzione. \u00c8 possibile osservare con attenzione da tutte le angolazioni e regolare in base alle necessit\u00e0 per garantire che la scatola da imballaggio soddisfi perfettamente le vostre aspettative.<br \/>\nCertificazione FSC e ISO, tutela dell'ambiente e impegno per la qualit\u00e0: I nostri prodotti hanno superato la certificazione FSC e la certificazione ISO, che rappresentano il nostro impegno per la tutela dell'ambiente e la responsabilit\u00e0 sociale, nonch\u00e9 i requisiti rigorosi per la qualit\u00e0 dei prodotti e il sistema di gestione.<br \/>\nProduzione completamente automatizzata, efficiente e stabile: Utilizziamo attrezzature di produzione completamente automatizzate per ottenere un processo di produzione efficiente e stabile, migliorando notevolmente l'efficienza produttiva e la qualit\u00e0 del prodotto, assicurando che il vostro ordine possa essere completato rapidamente e con alta qualit\u00e0.<br \/>\nConsegna rapida dei campioni in 3 giorni, risposta efficiente: Promettiamo di consegnare rapidamente i campioni in 3 giorni, consentendovi di confermare rapidamente il piano di progettazione, abbreviare il ciclo di produzione e cogliere le opportunit\u00e0 del mercato.<br \/>\nProgettazione gratuita, guida professionale: Forniamo servizi di progettazione gratuiti e progettisti professionisti che realizzeranno soluzioni di packaging su misura per voi. Potete proporre le vostre idee e le vostre esigenze e noi vi forniremo indicazioni e suggerimenti professionali per aiutarvi a creare un packaging di marca unico.<\/p>\n<p>Specifiche del prodotto:<\/p>\n<p>Materiale: cartoncino di alta qualit\u00e0<br \/>\nStampa: Stampa CMYK<br \/>\nTipo di scatola: scatola con chiusura magnetica<br \/>\nCertificazione: Certificazione FSC, certificazione ISO<br \/>\nCaratteristiche:<br \/>\nChiusura magnetica, comoda ed elegante<br \/>\nRivestimento in plastica alimentare, sicuro e igienico<br \/>\nPersonalizzazione del marchio, stile esclusivo<br \/>\nProduzione completamente automatizzata, efficiente e stabile<br \/>\nCampione rapido in 3 giorni, risposta efficiente<br \/>\nFornire un servizio di progettazione gratuito<br \/>\nSupporto della visualizzazione dell'effetto 3D<\/p>\n<p>Scenari applicabili:<\/p>\n<p>Confezione regalo di cioccolato di alta gamma<br \/>\nPromozione del marchio del cioccolato<br \/>\nConfezioni regalo di cioccolato per le feste<br \/>\nConfezioni per la vendita al dettaglio di cioccolato<\/p>\n<p>Motivi per scegliere noi:<\/p>\n<p>Servizio di personalizzazione professionale: Disponiamo di un team di progettazione e di produzione professionale, in grado di fornire una gamma completa di servizi personalizzati, dalla progettazione alla produzione, senza preoccupazioni per tutto il processo.<br \/>\nGaranzia di qualit\u00e0 eccellente: Controlliamo rigorosamente tutti i collegamenti di produzione per garantire la qualit\u00e0 stabile e affidabile del prodotto, in modo che possiate utilizzarlo con fiducia.<br \/>\nVantaggio di prezzo evidente: Siamo la fabbrica di origine e possiamo fornirvi il prezzo pi\u00f9 competitivo, in modo che possiate ottenere una prestazione di costo superiore.<br \/>\nConsegna efficiente e puntuale: Disponiamo di un processo produttivo efficiente e di un team logistico professionale per garantire la consegna puntuale del vostro ordine.<br \/>\nCampione rapido in 3 giorni: Promettiamo di produrre rapidamente campioni in 3 giorni, in modo che possiate confermare rapidamente il piano di progettazione.<br \/>\nServizio di progettazione gratuito: Forniamo servizi di progettazione gratuiti e soluzioni di imballaggio su misura per voi.<br \/>\nRispettosi dell'ambiente e sostenibili: Utilizziamo carta certificata FSC, sosteniamo la gestione sostenibile delle foreste e contribuiamo a proteggere la Terra.<\/p>","protected":false},"excerpt":{"rendered":"<p>Scatola magnetica per cioccolato personalizzata, stampata su carta patinata, rivestita con vassoio di plastica, sicura e igienica. Personalizzazione illimitata delle dimensioni e del logo del marchio per creare confezioni dolci esclusive.<\/p>","protected":false},"featured_media":7922,"template":"","meta":[],"product_brand":[],"product_cat":[31,30,422,424],"product_tag":[450,448,449],"class_list":{"0":"post-7921","1":"product","2":"type-product","3":"status-publish","4":"has-post-thumbnail","6":"product_cat-paper-box-style","7":"product_cat-by-industry","8":"product_cat-custom-gourmet-boxes-by-industry","9":"product_cat-magnetic-closure-boxes","10":"product_tag-chocolate-gift-boxes-manufactur","11":"product_tag-gourmet-chocolate-gift-boxes","12":"product_tag-premium-chocolate-gift-boxes","14":"first","15":"instock","16":"shipping-taxable","17":"product-type-simple"},"_links":{"self":[{"href":"https:\/\/zojopackaging.com\/it\/wp-json\/wp\/v2\/product\/7921","targetHints":{"allow":["GET"]}}],"collection":[{"href":"https:\/\/zojopackaging.com\/it\/wp-json\/wp\/v2\/product"}],"about":[{"href":"https:\/\/zojopackaging.com\/it\/wp-json\/wp\/v2\/types\/product"}],"version-history":[{"count":2,"href":"https:\/\/zojopackaging.com\/it\/wp-json\/wp\/v2\/product\/7921\/revisions"}],"predecessor-version":[{"id":7974,"href":"https:\/\/zojopackaging.com\/it\/wp-json\/wp\/v2\/product\/7921\/revisions\/7974"}],"wp:featuredmedia":[{"embeddable":true,"href":"https:\/\/zojopackaging.com\/it\/wp-json\/wp\/v2\/media\/7922"}],"wp:attachment":[{"href":"https:\/\/zojopackaging.com\/it\/wp-json\/wp\/v2\/media?parent=7921"}],"wp:term":[{"taxonomy":"product_brand","embeddable":true,"href":"https:\/\/zojopackaging.com\/it\/wp-json\/wp\/v2\/product_brand?post=7921"},{"taxonomy":"product_cat","embeddable":true,"href":"https:\/\/zojopackaging.com\/it\/wp-json\/wp\/v2\/product_cat?post=7921"},{"taxonomy":"product_tag","embeddable":true,"href":"https:\/\/zojopackaging.com\/it\/wp-json\/wp\/v2\/product_tag?post=7921"}],"curies":[{"name":"wp","href":"https:\/\/api.w.org\/{rel}","templated":true}]}}