{"id":7929,"date":"2025-03-22T17:53:26","date_gmt":"2025-03-22T09:53:26","guid":{"rendered":"https:\/\/zojopackaging.com\/?post_type=product&#038;p=7929"},"modified":"2025-03-22T21:30:37","modified_gmt":"2025-03-22T13:30:37","slug":"high-quality-custom-printed-essential-oil-boxes-distributors","status":"publish","type":"product","link":"https:\/\/zojopackaging.com\/it\/product\/high-quality-custom-printed-essential-oil-boxes-distributors\/","title":{"rendered":"Alta qualit\u00e0 Scatole di oli essenziali stampate su misura Distributori"},"content":{"rendered":"<p>Scelta classica, coperchio e base: Il coperchio e la base hanno una struttura stabile, sono facili da aprire e chiudere e sono classici ed eleganti. \u00c8 la scelta ideale per le confezioni di oli essenziali per la cura della pelle di fascia alta. Il senso di rituale che si prova all'apertura fa percepire ai consumatori l'estrema ricerca dei dettagli da parte del marchio.<\/p>\n<p>Esclusiva per gli oli essenziali, cura completa: Le nostre scatole di imballaggio sono progettate specificamente per gli oli essenziali per la cura della pelle, tenendo in piena considerazione la sensibilit\u00e0 degli oli essenziali alla luce, alla temperatura e all'aria. Sia la scelta dei materiali che la progettazione strutturale sono studiate per fornire la migliore protezione agli oli essenziali e garantire che i loro principi attivi non vengano intaccati.<br \/>\nPossibilit\u00e0 illimitate, personalizzazione illimitata: Forniamo servizi di personalizzazione davvero illimitati: dimensioni, forma, colore, modello, tutto pu\u00f2 essere personalizzato in base alle vostre esigenze. Potete dare libero sfogo alla vostra creativit\u00e0 e creare un packaging unico ed esclusivo per il vostro marchio.<br \/>\nTatto lussuoso, materiale cartaceo speciale: Utilizziamo una variet\u00e0 di materiali cartacei speciali, come la carta tattile, la carta perlata, la carta artistica, ecc., con texture ricche e delicate, che conferiscono alla scatola di imballaggio un'esperienza visiva e tattile unica, evidenziando il posizionamento di fascia alta del marchio.<br \/>\nColori vivaci, stampa CMYK: Utilizziamo una tecnologia di stampa CMYK avanzata, con un'elevata riproduzione dei colori e immagini chiare e vivaci, in grado di presentare perfettamente il vostro concetto di design e di rendere pi\u00f9 attraente il vostro imballaggio.<br \/>\nCampioni gratuiti, esperienza personale: Per consentirvi di comprendere in modo pi\u00f9 intuitivo la qualit\u00e0 e il servizio dei nostri prodotti, forniamo servizi di campionatura gratuita. Potrete sperimentare di persona i nostri materiali, l'artigianato e il design per assicurarvi che la scatola da imballaggio soddisfi perfettamente le vostre aspettative.<br \/>\nFornitore di origine cinese, prezzo pi\u00f9 basso: Siamo un fornitore di origine cinese con un sistema di produzione completo e un sistema di catena di fornitura, in grado di fornirvi il prezzo pi\u00f9 basso, consentendovi di godere di prodotti di alta qualit\u00e0 risparmiando sui costi.<br \/>\nControllo di qualit\u00e0 rigoroso, eccellenza: Abbiamo istituito un rigoroso sistema di controllo della qualit\u00e0. Dall'approvvigionamento delle materie prime all'ispezione del prodotto finito, ogni passaggio \u00e8 rigorosamente controllato per garantire una qualit\u00e0 stabile e affidabile del prodotto, in modo che possiate utilizzarlo con fiducia.<br \/>\nCertificazione FSC e ISO, tutela dell'ambiente e impegno per la qualit\u00e0: I nostri prodotti hanno superato la certificazione FSC e la certificazione ISO, che rappresentano il nostro impegno per la tutela dell'ambiente e la responsabilit\u00e0 sociale, nonch\u00e9 i requisiti rigorosi per la qualit\u00e0 dei prodotti e il sistema di gestione.<br \/>\nProgettazione gratuita, guida professionale: Forniamo servizi di progettazione gratuiti e progettisti professionisti che realizzeranno soluzioni di packaging su misura per voi. Potete proporre le vostre idee e le vostre esigenze e noi vi forniremo indicazioni e suggerimenti professionali per aiutarvi a creare un packaging di marca unico.<br \/>\nEsperti di soluzioni di imballaggio: non produciamo solo scatole di imballaggio, ma eccelliamo anche nei suggerimenti di soluzioni di imballaggio. Sulla base di una profonda conoscenza del settore della cura della pelle e dei prodotti a base di oli essenziali, siamo in grado di fornire ai vostri prodotti una gamma completa di soluzioni di confezionamento, dalla selezione dei materiali alla progettazione strutturale, fino all'abbinamento ai processi, per migliorare il valore complessivo del prodotto.<\/p>\n<p>Specifiche del prodotto:<\/p>\n<p>Materiale: \u00c8 disponibile una variet\u00e0 di carte speciali<br \/>\nStampa: Stampa in quadricromia CMYK<br \/>\nTipo di scatola: Scatola con coperchio superiore e inferiore<br \/>\nCertificazione: Certificazione FSC, certificazione ISO<br \/>\nCaratteristiche:<br \/>\nDesign del coperchio superiore e inferiore, atmosfera classica<br \/>\n\u00c8 disponibile una variet\u00e0 di carte speciali, dalla texture lussuosa<br \/>\nPersonalizzazione del marchio, stile esclusivo<br \/>\nServizio di progettazione gratuito<br \/>\nBuona capacit\u00e0 di confezionare proposte di soluzioni<\/p>\n<p>Scenari applicabili:<\/p>\n<p>Confezione regalo di olio essenziale per la cura della pelle di alta gamma<br \/>\nPromozione dell'immagine del marchio degli oli essenziali<br \/>\nConfezioni per oli essenziali da regalare per le feste<br \/>\nConfezioni per la vendita al dettaglio di oli essenziali<\/p>\n<p>Motivi per scegliere noi:<\/p>\n<p>Servizio di personalizzazione professionale: Disponiamo di un team di progettazione e di produzione professionale, in grado di fornire una gamma completa di servizi di personalizzazione, dalla progettazione alla produzione, senza preoccupazioni per tutto il processo.<br \/>\nGaranzia di qualit\u00e0 eccellente: Controlliamo rigorosamente tutti i collegamenti di produzione per garantire la qualit\u00e0 stabile e affidabile del prodotto, in modo da poterlo utilizzare con fiducia.<br \/>\nVantaggio di prezzo evidente: Siamo il fornitore di origine e possiamo fornirvi il prezzo pi\u00f9 competitivo, in modo che possiate ottenere una prestazione di costo superiore.<br \/>\nServizio di progettazione gratuito: Forniamo un servizio di progettazione gratuito e soluzioni di imballaggio su misura per voi.<br \/>\nEsperti di soluzioni di imballaggio: siamo bravi a proporre soluzioni di imballaggio e forniamo una gamma completa di soluzioni di imballaggio per i vostri prodotti.<br \/>\nRispettosi dell'ambiente e sostenibili: Utilizziamo carta certificata FSC, sosteniamo la gestione sostenibile delle foreste e contribuiamo a proteggere la Terra.<\/p>","protected":false},"excerpt":{"rendered":"<p>Scatola per oli essenziali per la cura della pelle con coperchio, stampa CMYK su carta speciale, texture delicata. Dimensioni e design personalizzati illimitati per creare confezioni esclusive di alto livello per il marchio.<\/p>","protected":false},"featured_media":7933,"template":"","meta":[],"product_brand":[],"product_cat":[31,30,390,425],"product_tag":[452,453,451],"class_list":{"0":"post-7929","1":"product","2":"type-product","3":"status-publish","4":"has-post-thumbnail","6":"product_cat-paper-box-style","7":"product_cat-by-industry","8":"product_cat-custom-cosmetics-boxes","9":"product_cat-lid-and-base-gift-box","10":"product_tag-custom-printed-essential-oil-boxes","11":"product_tag-essential-oil-boxes-distributors","12":"product_tag-high-quality-essential-oil-boxes","14":"first","15":"instock","16":"shipping-taxable","17":"product-type-simple"},"_links":{"self":[{"href":"https:\/\/zojopackaging.com\/it\/wp-json\/wp\/v2\/product\/7929","targetHints":{"allow":["GET"]}}],"collection":[{"href":"https:\/\/zojopackaging.com\/it\/wp-json\/wp\/v2\/product"}],"about":[{"href":"https:\/\/zojopackaging.com\/it\/wp-json\/wp\/v2\/types\/product"}],"version-history":[{"count":2,"href":"https:\/\/zojopackaging.com\/it\/wp-json\/wp\/v2\/product\/7929\/revisions"}],"predecessor-version":[{"id":7973,"href":"https:\/\/zojopackaging.com\/it\/wp-json\/wp\/v2\/product\/7929\/revisions\/7973"}],"wp:featuredmedia":[{"embeddable":true,"href":"https:\/\/zojopackaging.com\/it\/wp-json\/wp\/v2\/media\/7933"}],"wp:attachment":[{"href":"https:\/\/zojopackaging.com\/it\/wp-json\/wp\/v2\/media?parent=7929"}],"wp:term":[{"taxonomy":"product_brand","embeddable":true,"href":"https:\/\/zojopackaging.com\/it\/wp-json\/wp\/v2\/product_brand?post=7929"},{"taxonomy":"product_cat","embeddable":true,"href":"https:\/\/zojopackaging.com\/it\/wp-json\/wp\/v2\/product_cat?post=7929"},{"taxonomy":"product_tag","embeddable":true,"href":"https:\/\/zojopackaging.com\/it\/wp-json\/wp\/v2\/product_tag?post=7929"}],"curies":[{"name":"wp","href":"https:\/\/api.w.org\/{rel}","templated":true}]}}