{"id":7937,"date":"2025-03-22T18:06:03","date_gmt":"2025-03-22T10:06:03","guid":{"rendered":"https:\/\/zojopackaging.com\/?post_type=product&#038;p=7937"},"modified":"2025-03-22T21:27:23","modified_gmt":"2025-03-22T13:27:23","slug":"customized-logo-hair-straightener-packaging-boxes-wholesale","status":"publish","type":"product","link":"https:\/\/zojopackaging.com\/it\/product\/customized-logo-hair-straightener-packaging-boxes-wholesale\/","title":{"rendered":"Logo personalizzato piastre per capelli scatole d'imballaggio all'ingrosso"},"content":{"rendered":"<p>Classica chiusura magnetica di aspirazione, comoda ed elegante: La scatola di aspirazione a chiusura magnetica ha un design classico e d'atmosfera, ed \u00e8 facile da aprire e chiudere, aggiungendo un elegante senso di rituale ai prodotti della piastra per capelli e migliorando l'esperienza dell'utente.<\/p>\n<p>Personalizzazione esclusiva, cura totale: Le nostre scatole di imballaggio sono progettate specificamente per le piastre per capelli, tenendo in piena considerazione la forma, le dimensioni e le esigenze di protezione del prodotto. La struttura interna pu\u00f2 essere personalizzata in base al vostro prodotto per garantire che la piastra per capelli sia posizionata saldamente ed evitare collisioni e attriti durante il trasporto.<\/p>\n<p>Possibilit\u00e0 illimitate, personalizzazione illimitata: Forniamo servizi di personalizzazione davvero illimitati e tutto, dalle dimensioni alla forma, dal colore al motivo, pu\u00f2 essere personalizzato in base alle vostre esigenze. Potete dare libero sfogo alla vostra creativit\u00e0 e creare un packaging unico ed esclusivo per il vostro marchio.<\/p>\n<p>Splendida presentazione, materiale di cartone: Utilizziamo cartoncini di alta qualit\u00e0 con una superficie liscia e delicata e un eccellente effetto di stampa. Grazie alla tecnologia di stampa CMYK, la riproduzione dei colori \u00e8 elevata e l'immagine \u00e8 chiara e vivida, rendendo il vostro packaging di maggiore impatto visivo e attirando efficacemente l'attenzione dei consumatori.<\/p>\n<p>Campioni gratuiti, esperienza personale: Per consentirvi di avere una comprensione pi\u00f9 intuitiva della qualit\u00e0 dei nostri prodotti e del nostro servizio, forniamo servizi di campionatura gratuita. Potrete sperimentare di persona i nostri materiali, le finiture e il design per assicurarvi che la scatola di imballaggio soddisfi perfettamente le vostre aspettative.<\/p>\n<p>Fornitore di origine cinese, prezzo pi\u00f9 basso: Siamo fornitori di origine cinese, con un sistema di produzione completo e un sistema di catena di fornitura, in grado di fornirvi il prezzo pi\u00f9 basso, in modo che possiate risparmiare sui costi godendo di prodotti di alta qualit\u00e0.<\/p>\n<p>Controllo di qualit\u00e0 rigoroso, eccellenza: Abbiamo istituito un rigoroso sistema di controllo della qualit\u00e0: dall'approvvigionamento delle materie prime all'ispezione del prodotto finito, ogni passaggio \u00e8 rigorosamente controllato per garantire una qualit\u00e0 stabile e affidabile del prodotto, in modo che possiate utilizzarlo con fiducia.<\/p>\n<p>Certificazione FSC e ISO, tutela dell'ambiente e impegno per la qualit\u00e0: I nostri prodotti hanno superato la certificazione FSC e la certificazione ISO, che rappresentano il nostro impegno per la tutela dell'ambiente e la responsabilit\u00e0 sociale, nonch\u00e9 i requisiti rigorosi per la qualit\u00e0 dei prodotti e il sistema di gestione.<\/p>\n<p>Progettazione gratuita, guida professionale: Forniamo servizi di progettazione gratuiti e progettisti professionisti che realizzeranno soluzioni di packaging su misura per voi. Potete proporre le vostre idee e le vostre esigenze e noi vi forniremo indicazioni e suggerimenti professionali per aiutarvi a creare un packaging di marca unico.<\/p>\n<p>Preventivo gratuito entro 10 minuti: Promettiamo di fornire un'offerta gratuita entro 10 minuti dalla ricezione della vostra richiesta, in modo che possiate comprendere rapidamente il costo e prendere decisioni efficienti.<\/p>\n<p>Consegna rapida: Disponiamo di un processo di produzione efficiente e di un team logistico professionale, in grado di fornire la consegna pi\u00f9 rapida, assicurando che il vostro ordine possa essere completato in tempo senza ritardare il vostro piano di vendita.<br \/>\n24\/7 online: Forniamo un servizio clienti online 24\/7 per rispondere alle vostre domande in qualsiasi momento e fornirvi un'assistenza tempestiva e professionale.<\/p>\n<p>Specifiche del prodotto:<\/p>\n<p>Materiale: cartoncino di alta qualit\u00e0<br \/>\nStampa: Stampa CMYK<br \/>\nTipo di scatola: scatola con chiusura magnetica<br \/>\nCertificazione: Certificazione FSC, certificazione ISO<br \/>\nCaratteristiche:<br \/>\nChiusura magnetica, comoda ed elegante<br \/>\nProgettato specificamente per le piastre per capelli, protezione forte<br \/>\nPersonalizzazione del marchio, stile esclusivo<br \/>\nPreventivo gratuito entro 10 minuti, risposta rapida<br \/>\nServizio di progettazione gratuito<br \/>\nConsegna rapida per soddisfare le vostre esigenze urgenti<br \/>\nServizio online 7\/24 ore<\/p>\n<p>Scenari applicabili:<\/p>\n<p>Confezione regalo per piastra per capelli di alta gamma<br \/>\nPromozione dell'immagine del marchio delle piastre per capelli<br \/>\nConfezionamento al dettaglio di piastre per capelli<br \/>\nConfezioni promozionali di piastre per capelli<\/p>\n<p>Motivi per scegliere noi:<\/p>\n<p>Servizio di personalizzazione professionale: Disponiamo di un team di progettazione e di produzione professionale, in grado di fornire una gamma completa di servizi di personalizzazione, dalla progettazione alla produzione, senza preoccupazioni per tutto il processo.<br \/>\nGaranzia di qualit\u00e0 eccellente: Controlliamo rigorosamente tutti i collegamenti di produzione per garantire la qualit\u00e0 stabile e affidabile del prodotto, in modo che possiate utilizzarlo con fiducia.<br \/>\nVantaggio di prezzo evidente: Siamo il fornitore di origine e possiamo fornirvi il prezzo pi\u00f9 competitivo, in modo che possiate ottenere una prestazione di costo superiore.<br \/>\nConsegna efficiente e puntuale: Disponiamo di un processo produttivo efficiente e di un team logistico professionale per garantire la consegna puntuale del vostro ordine.<br \/>\nServizio di progettazione gratuito: Forniamo servizi di progettazione gratuiti per creare soluzioni di imballaggio su misura per voi.<br \/>\nRisposta rapida: Forniamo preventivi gratuiti entro 10 minuti e un servizio clienti online 24 ore su 24, 7 giorni su 7, in modo che possiate ricevere assistenza in qualsiasi momento e ovunque.<br \/>\nRispettosi dell'ambiente e sostenibili: Utilizziamo carta certificata FSC, sosteniamo la gestione sostenibile delle foreste e contribuiamo a proteggere la Terra.<\/p>","protected":false},"excerpt":{"rendered":"<p>Scatola magnetica per piastra per capelli personalizzata, stampa CMYK su carta patinata, colori brillanti. Personalizzazione illimitata di dimensioni e design, creazione di un packaging esclusivo per proteggere i vostri prodotti!<\/p>","protected":false},"featured_media":7942,"template":"","meta":[],"product_brand":[],"product_cat":[31,30,413,424],"product_tag":[454,456,455],"class_list":{"0":"post-7937","1":"product","2":"type-product","3":"status-publish","4":"has-post-thumbnail","6":"product_cat-paper-box-style","7":"product_cat-by-industry","8":"product_cat-consumer-electronics-boxes","9":"product_cat-magnetic-closure-boxes","10":"product_tag-customized-hair-straightener-packaging-boxes","11":"product_tag-hair-straightener-boxes","12":"product_tag-hair-straightener-packaging-boxes-wholesale","14":"first","15":"instock","16":"shipping-taxable","17":"product-type-simple"},"_links":{"self":[{"href":"https:\/\/zojopackaging.com\/it\/wp-json\/wp\/v2\/product\/7937","targetHints":{"allow":["GET"]}}],"collection":[{"href":"https:\/\/zojopackaging.com\/it\/wp-json\/wp\/v2\/product"}],"about":[{"href":"https:\/\/zojopackaging.com\/it\/wp-json\/wp\/v2\/types\/product"}],"version-history":[{"count":2,"href":"https:\/\/zojopackaging.com\/it\/wp-json\/wp\/v2\/product\/7937\/revisions"}],"predecessor-version":[{"id":7972,"href":"https:\/\/zojopackaging.com\/it\/wp-json\/wp\/v2\/product\/7937\/revisions\/7972"}],"wp:featuredmedia":[{"embeddable":true,"href":"https:\/\/zojopackaging.com\/it\/wp-json\/wp\/v2\/media\/7942"}],"wp:attachment":[{"href":"https:\/\/zojopackaging.com\/it\/wp-json\/wp\/v2\/media?parent=7937"}],"wp:term":[{"taxonomy":"product_brand","embeddable":true,"href":"https:\/\/zojopackaging.com\/it\/wp-json\/wp\/v2\/product_brand?post=7937"},{"taxonomy":"product_cat","embeddable":true,"href":"https:\/\/zojopackaging.com\/it\/wp-json\/wp\/v2\/product_cat?post=7937"},{"taxonomy":"product_tag","embeddable":true,"href":"https:\/\/zojopackaging.com\/it\/wp-json\/wp\/v2\/product_tag?post=7937"}],"curies":[{"name":"wp","href":"https:\/\/api.w.org\/{rel}","templated":true}]}}