{"id":7946,"date":"2025-03-22T18:19:55","date_gmt":"2025-03-22T10:19:55","guid":{"rendered":"https:\/\/zojopackaging.com\/?post_type=product&#038;p=7946"},"modified":"2025-03-22T21:21:54","modified_gmt":"2025-03-22T13:21:54","slug":"featured-custom-wine-spirits-packaging-gift-box-wholesale","status":"publish","type":"product","link":"https:\/\/zojopackaging.com\/it\/product\/featured-custom-wine-spirits-packaging-gift-box-wholesale\/","title":{"rendered":"In primo piano Vino Spiriti Personalizzati Imballaggio Scatola regalo all'ingrosso"},"content":{"rendered":"<p>Scatole con chiusura magnetica classica, esperienza nobile: La scatola con chiusura magnetica ha un design classico ed elegante ed \u00e8 facile da aprire e chiudere, aggiungendo un nobile senso di rituale ai vostri prodotti vinicoli e migliorando l'esperienza dell'utente. Il suono \"click\" della chiusura magnetica simboleggia l'inizio di un meraviglioso viaggio di degustazione.<\/p>\n<p>Esclusiva per vini pregiati, su misura: Le nostre scatole di imballaggio sono progettate per vari tipi di vino, come vino, liquori e vino rosso, tenendo in piena considerazione la forma, le dimensioni e le esigenze di protezione delle diverse bottiglie di vino. La struttura interna pu\u00f2 essere personalizzata in base al vostro prodotto per garantire che la bottiglia di vino sia posizionata saldamente per evitare collisioni e attriti durante il trasporto.<\/p>\n<p>Possibilit\u00e0 illimitate, personalizzazione illimitata: Forniamo servizi di personalizzazione davvero illimitati e tutto pu\u00f2 essere personalizzato in base alle vostre esigenze in termini di dimensioni, forma, colore e modello. Potete dare libero sfogo alla vostra creativit\u00e0 per creare un packaging unico ed esclusivo per il vostro marchio e mettere in risalto la vostra personalit\u00e0.<\/p>\n<p>Splendida presentazione, materiale carta patinata C2S: Utilizziamo carta patinata C2S di alta qualit\u00e0, con una superficie liscia e delicata e un eccellente effetto di stampa. Grazie alla tecnologia di stampa CMYK, la riproduzione dei colori \u00e8 elevata e l'immagine \u00e8 chiara e vivida, rendendo il vostro packaging di maggiore impatto visivo e attirando efficacemente l'attenzione dei consumatori.<\/p>\n<p>Abbellimento di lusso, tecnologia di stampa a caldo dell'argento: Utilizziamo una squisita tecnologia di stampa a caldo dell'argento per stampare a caldo la lamina metallica d'argento sulla superficie dell'imballaggio, mostrando una lucentezza e una consistenza abbaglianti. La lamina d'argento a caldo pu\u00f2 essere applicata ai loghi del marchio, ai nomi dei prodotti, ai motivi decorativi e cos\u00ec via, esaltando immediatamente la qualit\u00e0 e il lusso dell'imballaggio ed evidenziando la nobilt\u00e0 del marchio.<\/p>\n<p>Campioni gratuiti, esperienza personale: Per darvi una comprensione pi\u00f9 intuitiva della qualit\u00e0 dei nostri prodotti e dei nostri servizi, forniamo servizi di campionatura gratuita. Potrete sperimentare di persona i nostri materiali, le finiture e il design per assicurarvi che la scatola di imballaggio soddisfi perfettamente le vostre aspettative.<\/p>\n<p>Fornitore di fonti in Cina, prezzo pi\u00f9 basso: Siamo un fornitore di fonti in Cina con un sistema di produzione completo e un sistema di catena di fornitura, che pu\u00f2 fornirvi il prezzo pi\u00f9 basso, consentendovi di risparmiare sui costi e di godere di prodotti di alta qualit\u00e0.<\/p>\n<p>Controllo di qualit\u00e0 rigoroso, eccellenza: Abbiamo istituito un rigoroso sistema di controllo della qualit\u00e0. Dall'approvvigionamento delle materie prime all'ispezione del prodotto finito, ogni passaggio \u00e8 rigorosamente controllato per garantire che la qualit\u00e0 del prodotto sia stabile e affidabile, in modo che possiate utilizzarlo con fiducia.<\/p>\n<p>Certificazione FSC e ISO, tutela dell'ambiente e impegno per la qualit\u00e0: I nostri prodotti hanno superato la certificazione FSC e la certificazione ISO, che rappresentano il nostro impegno per la tutela dell'ambiente e la responsabilit\u00e0 sociale, nonch\u00e9 i requisiti rigorosi per la qualit\u00e0 dei prodotti e il sistema di gestione.<\/p>\n<p>Progettazione gratuita, guida professionale: Forniamo servizi di progettazione gratuiti e progettisti professionisti che realizzeranno soluzioni di packaging su misura per voi. Potete proporre le vostre idee e le vostre esigenze e noi vi forniremo indicazioni e suggerimenti professionali per aiutarvi a creare un packaging di marca unico.<\/p>\n<p>Preventivo gratuito entro 10 minuti: Promettiamo di fornire un'offerta gratuita entro 10 minuti dalla ricezione della vostra richiesta, in modo che possiate comprendere rapidamente il costo e prendere decisioni efficienti.<br \/>\nConsegna rapida: Disponiamo di un processo di produzione efficiente e di un team logistico professionale, in grado di fornire la consegna pi\u00f9 rapida, assicurando che il vostro ordine possa essere completato in tempo senza ritardare il vostro piano di vendita.<\/p>\n<p>Campionamento rapido in 2 giorni, per cogliere l'opportunit\u00e0 del mercato: Il campionamento accelerato richiede solo 2 giorni, consentendovi di ottenere rapidamente campioni fisici e di accelerare il ritmo del lancio del prodotto.<\/p>\n<p>Specifiche del prodotto:<\/p>\n<p>Materiale: cartoncino di alta qualit\u00e0<br \/>\nStampa: Stampa in quadricromia CMYK<br \/>\nTecnologia: lamina d'argento a caldo<br \/>\nTipo di scatola: scatola con chiusura magnetica<br \/>\nCertificazione: Certificazione FSC, certificazione ISO<br \/>\nCaratteristiche:<br \/>\nChiusura magnetica, nobile ed elegante<br \/>\nProgettato per il vino, protezione forte<br \/>\nTecnologia di stampa a caldo in argento, texture lussuosa<br \/>\nPersonalizzazione del marchio, stile esclusivo<br \/>\nPreventivo gratuito entro 10 minuti, risposta rapida<br \/>\nServizio di progettazione gratuito<br \/>\nConsegna rapida per soddisfare le vostre esigenze urgenti<br \/>\nCampione di 2 giorni di digiuno<\/p>\n<p>Scenari applicabili:<\/p>\n<p>Confezione regalo per vino di alta gamma<br \/>\nForte promozione dell'immagine del marchio del liquore<br \/>\nVino rosso, vino estero, vino bianco e altri prodotti alcolici confezionati al dettaglio<br \/>\nConfezioni regalo per il vino per le festivit\u00e0<\/p>\n<p>Motivi per scegliere noi:<\/p>\n<p>Servizio di personalizzazione professionale: Disponiamo di un team di progettazione e di produzione professionale, in grado di fornire una gamma completa di servizi personalizzati, dalla progettazione alla produzione, senza preoccupazioni per tutto il processo.<br \/>\nGaranzia di qualit\u00e0 eccellente: Controlliamo rigorosamente tutti i collegamenti di produzione per garantire la qualit\u00e0 stabile e affidabile del prodotto, in modo che possiate utilizzarlo con fiducia.<br \/>\nVantaggio di prezzo evidente: Siamo il fornitore di origine e possiamo fornirvi il prezzo pi\u00f9 competitivo, in modo che possiate ottenere una prestazione di costo superiore.<br \/>\nConsegna efficiente e puntuale: Disponiamo di un processo produttivo efficiente e di un team logistico professionale per garantire la consegna puntuale del vostro ordine.<br \/>\nServizio di progettazione gratuito: Forniamo servizi di progettazione gratuiti e soluzioni di imballaggio su misura per voi.<br \/>\nRisposta rapida: Forniamo preventivi gratuiti entro 10 minuti e campioni veloci entro 2 giorni, in modo che possiate sperimentare servizi efficienti e convenienti.<br \/>\nRispettosi dell'ambiente e sostenibili: Utilizziamo carta certificata FSC, sosteniamo la gestione sostenibile delle foreste e contribuiamo a proteggere la Terra.<\/p>","protected":false},"excerpt":{"rendered":"<p>Scatola regalo magnetica per vino personalizzata, carta patinata con tecnologia argento caldo, struttura lussuosa. Dimensioni e design personalizzati illimitati, adatti per vino, liquori, vino rosso, ecc., per creare un packaging esclusivo del marchio!<\/p>","protected":false},"featured_media":7950,"template":"","meta":[],"product_brand":[],"product_cat":[31,30,419,424],"product_tag":[459,457,458],"class_list":{"0":"post-7946","1":"product","2":"type-product","3":"status-publish","4":"has-post-thumbnail","6":"product_cat-paper-box-style","7":"product_cat-by-industry","8":"product_cat-custom-wines-spirits-boxes","9":"product_cat-magnetic-closure-boxes","10":"product_tag-custom-wine-spirits-box-wholesale","11":"product_tag-featured-custom-wine-spirits-box","12":"product_tag-wine-spirits-packaging-gift-box","14":"first","15":"instock","16":"shipping-taxable","17":"product-type-simple"},"_links":{"self":[{"href":"https:\/\/zojopackaging.com\/it\/wp-json\/wp\/v2\/product\/7946","targetHints":{"allow":["GET"]}}],"collection":[{"href":"https:\/\/zojopackaging.com\/it\/wp-json\/wp\/v2\/product"}],"about":[{"href":"https:\/\/zojopackaging.com\/it\/wp-json\/wp\/v2\/types\/product"}],"version-history":[{"count":3,"href":"https:\/\/zojopackaging.com\/it\/wp-json\/wp\/v2\/product\/7946\/revisions"}],"predecessor-version":[{"id":7971,"href":"https:\/\/zojopackaging.com\/it\/wp-json\/wp\/v2\/product\/7946\/revisions\/7971"}],"wp:featuredmedia":[{"embeddable":true,"href":"https:\/\/zojopackaging.com\/it\/wp-json\/wp\/v2\/media\/7950"}],"wp:attachment":[{"href":"https:\/\/zojopackaging.com\/it\/wp-json\/wp\/v2\/media?parent=7946"}],"wp:term":[{"taxonomy":"product_brand","embeddable":true,"href":"https:\/\/zojopackaging.com\/it\/wp-json\/wp\/v2\/product_brand?post=7946"},{"taxonomy":"product_cat","embeddable":true,"href":"https:\/\/zojopackaging.com\/it\/wp-json\/wp\/v2\/product_cat?post=7946"},{"taxonomy":"product_tag","embeddable":true,"href":"https:\/\/zojopackaging.com\/it\/wp-json\/wp\/v2\/product_tag?post=7946"}],"curies":[{"name":"wp","href":"https:\/\/api.w.org\/{rel}","templated":true}]}}